{"id":4627,"date":"2021-04-14T19:09:16","date_gmt":"2021-04-14T23:09:16","guid":{"rendered":"https:\/\/miamilawyers360.com\/miami\/workers-compensation-mmi\/"},"modified":"2026-03-12T13:34:25","modified_gmt":"2026-03-12T17:34:25","slug":"compensacion-mmm","status":"publish","type":"page","link":"https:\/\/miamilawyers360.com\/es\/miami\/compensacion-mmm\/","title":{"rendered":"Mejora m\u00e9dica m\u00e1xima de Miami"},"content":{"rendered":"<p><span style=\"font-weight: 400;\">\u00bfHa cumplido con los requisitos previos de Mejora M\u00e9dica M\u00e1xima de Miami? Los beneficios de Compensaci\u00f3n para Trabajadores para representantes en Florida son accesibles para aquellos que los necesitan. Pueden postularse a personas que resulten realmente da\u00f1adas o aniquiladas, y obtendr\u00e1n una compensaci\u00f3n de algunas maneras \u00fanicas.<\/span><\/p>\n<p><span style=\"font-weight: 400;\">Esto incorporar\u00e1 cuotas para medicamentos cl\u00ednicos, y tambi\u00e9n obtendr\u00e1n un segmento de su compensaci\u00f3n semana a semana. No obstante, existen l\u00edmites de tiempo para estas ventajas, al igual que las medidas espec\u00edficas que debe introducir para ajustarse a ellas.<\/span><\/p>\n<p><span style=\"font-weight: 400;\">En el momento en que presente una solicitud de compensaci\u00f3n para trabajadores, debe hacerlo de una manera que evidentemente presente que est\u00e1 mereciendo estas ventajas. Esto incorpora la comprensi\u00f3n de lo que realmente implica la parte de mayor mejora cl\u00ednica de la compensaci\u00f3n de trabajadores.<\/span><\/p>\n<p><span style=\"font-weight: 400;\">En caso de que no sepa c\u00f3mo hacer esto, debe comunicarse con nuestros abogados de <\/span><a href=\"https:\/\/miamilawyers360.com\/es\/miami\/compensacion-laboral\/\"><span style=\"font-weight: 400;\">compensaci\u00f3n<\/span><span style=\"font-weight: 400;\"> para <\/span><span style=\"font-weight: 400;\">trabajadores de Miami<\/span><\/a><span style=\"font-weight: 400;\"> para que podamos ayudarlo a trav\u00e9s de la interacci\u00f3n.<\/span><\/p>\n<p><span style=\"font-weight: 400;\">Ll\u00e1manos cualquier minuto de cada d\u00eda al <a href=\"tel:+17866862857\">(786) 686-2857<\/a>.<\/span><\/p>\n\n<h2><b>\u00bfQu\u00e9 es la Mejora M\u00e9dica M\u00e1xima (MMI)?<\/b><\/h2>\n<p><span style=\"font-weight: 400;\">En el caso de que est\u00e9 aceptando las ventajas de compensaci\u00f3n para trabajadores y se est\u00e9 recuperando de sus heridas o enfermedad, hay un punto en el que llegar\u00e1 al per\u00edodo de tiempo m\u00e1s extremo durante el cual le reembolsar\u00e1n su recuperaci\u00f3n. Esto se denomina M\u00e1xima Mejora M\u00e9dica.<\/span><\/p>\n<p><span style=\"font-weight: 400;\">En estos casos, se resolver\u00e1 que su dolencia est\u00e1 compensada, pero el trabajador no es normal, por el experto cl\u00ednico involucrado en su caso, para percibir m\u00e1s o continuar con el progreso de su estado de \u00e1nimo.<\/span><\/p>\n<p><span style=\"font-weight: 400;\">Esto puede no implicar que est\u00e9n deteriorados, pero alude a la forma en que son realmente tan buenos como pueden fundamentarse en lo que sucedi\u00f3.<\/span><\/p>\n<p><span style=\"font-weight: 400;\">Ahora, el trabajador puede obtener una calificaci\u00f3n de discapacidad parcial permanente dependiendo de la parte del cuerpo da\u00f1ada. El trabajador puede decidir reconocer esta calificaci\u00f3n, adem\u00e1s de que puede solicitar esta calificaci\u00f3n hasta por dos a\u00f1os si hay un ajuste en su condici\u00f3n.<\/span><\/p>\n<p><span style=\"font-weight: 400;\">Hacerlo como tal, en cualquier caso, puede ponerlos en peligro de perder sus beneficios para discapacitados. Asimismo, el trabajador puede imponer limitaciones a este trabajador como consecuencia de su condici\u00f3n. A la luz de estas limitaciones, tambi\u00e9n es posible que deban pensar en buscar un trabajo razonable.<\/span><\/p>\n<p><span style=\"font-weight: 400;\">En el momento en que las personas llegan al punto de Mejora M\u00e9dica M\u00e1xima de Miami, es posible que deban considerar resolver su caso de compensaci\u00f3n de trabajadores de <\/span><a href=\"https:\/\/www.miamigov.com\/Services\/Your-Government\" target=\"_blank\" rel=\"noopener\"><span style=\"font-weight: 400;\">Miami FL<\/span><\/a><span style=\"font-weight: 400;\"> , que puede necesitar apoyo leg\u00edtimo.<\/span><\/p>\n<p><a href=\"https:\/\/miamilawyers360.com\/wp-content\/uploads\/2021\/04\/workers-comp-graphicshutterstock_544292368-1.jpg\"><img fetchpriority=\"high\" decoding=\"async\" class=\"alignnone wp-image-1184 size-full\" src=\"https:\/\/miamilawyers360.com\/wp-content\/uploads\/2021\/04\/workers-comp-graphicshutterstock_544292368-1.jpg\" alt=\"This is an image of a workers compensation illustration expressing miami maximum medical improvement\" width=\"500\" height=\"500\" \/><\/a><\/p>\n<h2><b>\u00bfQui\u00e9n determina cu\u00e1ndo el empleado ha logrado la m\u00e1xima mejora m\u00e9dica en Miami?<\/b><\/h2>\n<p><span style=\"font-weight: 400;\">A la luz de la valoraci\u00f3n cl\u00ednica del m\u00e9dico relegado a su caso, esta garant\u00eda de Mejora M\u00e9dica M\u00e1xima de Miami es la valoraci\u00f3n del trabajador cl\u00ednico. Esto puede ser riesgoso para el trabajador, que pronto perder\u00e1 sus beneficios por discapacidad.<\/span><\/p>\n<p><span style=\"font-weight: 400;\">En cualquier caso, a la luz de que el m\u00e9dico ha asegurado con respecto a la capacidad de mejora del representante, esto no provoca naturalmente el final de los medicamentos que ha estado recibiendo.<\/span><\/p>\n<h2><b>\u00bfContin\u00faa el tratamiento m\u00e9dico despu\u00e9s de un diagn\u00f3stico de MMI?<\/b><\/h2>\n<p><span style=\"font-weight: 400;\">Si el m\u00e9dico descubre que un trabajador ha llegado a Miami Maximum Medical Improvement, esto no significa que las terapias cl\u00ednicas se detendr\u00e1n. Pueden seguir aceptando visitas anuales de los trabajadores y, adem\u00e1s, recibir ayuda de los ejecutivos.<\/span><\/p>\n<p><span style=\"font-weight: 400;\">La totalidad de esto ser\u00e1 pagado por la empresa siempre que sigan requiriendo este tratamiento progresivo. Tampoco implica que las ventajas de incapacidad de sustituci\u00f3n salarial del trabajador se detendr\u00e1n b\u00e1sicamente.<\/span><\/p>\n<p><span style=\"font-weight: 400;\">En el momento en que un representante se enfrenta a una circunstancia en la que la empresa ha expresado que puede perder sus ventajas, ha llegado el momento de hablar con un abogado de compensaci\u00f3n laboral que tiene un gran talento en la ley de compensaci\u00f3n laboral de Florida.<\/span><\/p>\n<p><span style=\"font-weight: 400;\">Debe trabajar con un abogado de compensaci\u00f3n para trabajadores reconocido por la junta de Florida para garantizar que sus privilegios est\u00e9n asegurados.<\/span><\/p>\n<h2><b>\u00bfQu\u00e9 sucede si no puede regresar a trabajar y desempe\u00f1arse al mismo nivel despu\u00e9s de su diagn\u00f3stico de MMI?<\/b><\/h2>\n<p><span style=\"font-weight: 400;\">Ahora, el trabajador tiene la opci\u00f3n de tolerar lo que se conoce como Acuerdo de Clincher. Esto implica que pueden decidir pagar con una medida espec\u00edfica de efectivo ya que han llegado a la Mejora M\u00e9dica M\u00e1xima de Miami.<\/span><\/p>\n<p><span style=\"font-weight: 400;\">El tipo de trabajo que hacen puede esperar que se desempe\u00f1en a un nivel espec\u00edfico, algo que ya no podr\u00e1n hacer.<\/span><\/p>\n<p><span style=\"font-weight: 400;\">Esto puede llevar a prepararse para varios trabajos y, en cualquier caso, aceptar una compensaci\u00f3n por sus heridas a medida que avanzan hacia otra llamada para descubrir el negocio apropiado.<\/span><\/p>\n<p><span style=\"font-weight: 400;\">Cada progresi\u00f3n de esta interacci\u00f3n debe considerarse con cautela, y el enfoque m\u00e1s ideal para hacerlo es trabajar con expertos que hayan ayudado a muchos otros que se encontraban en circunstancias comparativas.<\/span><\/p>\n<h2><b>Ll\u00e1menos hoy para comprender su m\u00e1xima mejora m\u00e9dica en Miami<\/b><\/h2>\n<p><span style=\"font-weight: 400;\">Explorar el universo ocasionalmente desconcertante de la ley de Compensaci\u00f3n para Trabajadores en Florida puede ser muy problem\u00e1tico, particularmente si el m\u00e9dico ha considerado que usted ha llegado a la Mejora M\u00e9dica M\u00e1xima.<\/span><\/p>\n<p><span style=\"font-weight: 400;\">En el caso de que no pueda ocuparse de su trabajo como lo hac\u00eda anteriormente, o en caso de que necesite medicamentos progresivos para su afecci\u00f3n, es posible que espere que busque una actividad leg\u00edtima para garantizar sus privilegios.<\/span><\/p>\n<p><span style=\"font-weight: 400;\">En el caso de que se encuentre en este cruce, es beneficioso ponerse en contacto con un abogado de Florida que pueda ayudarlo con su caso. En el caso de que no sepa qu\u00e9 hacer, o en el caso de que sienta que sus privilegios ser\u00e1n desatendidos en poco tiempo, comun\u00edquese con nuestra oficina legal de la <\/span><a href=\"https:\/\/miamilawyers360.com\/es\/miami\/abogado-lesiones-personales\/\"><span style=\"font-weight: 400;\">Coalici\u00f3n de Abogados de Compensaci\u00f3n para Trabajadores<\/span><\/a><span style=\"font-weight: 400;\"> hoy para aprovechar nuestra aptitud.<\/span><\/p>\n<p><span style=\"font-weight: 400;\">Ll\u00e1manos todos los d\u00edas al <\/span><a style=\"font-size: 16px;\" href=\"tel:+17866862857\"><span style=\"font-weight: 400;\">(786) 686-2857<\/span><\/a><\/p>\n<div class=\"elementor-element elementor-element-4977eedf elementor-align-left elementor-mobile-align-left elementor-widget__width-auto elementor-widget elementor-widget-button\" data-id=\"4977eedf\" data-element_type=\"widget\" data-widget_type=\"button.default\">\n<div class=\"elementor-widget-container\">\n<div class=\"elementor-button-wrapper\"><\/div>\n<\/div>\n<\/div>\n","protected":false},"excerpt":{"rendered":"<p>\u00bfHa cumplido con los requisitos previos de Mejora M\u00e9dica M\u00e1xima de Miami? Los beneficios de Compensaci\u00f3n para Trabajadores para representantes en Florida son accesibles para aquellos que los necesitan. Pueden postularse a personas que resulten realmente da\u00f1adas o aniquiladas, y obtendr\u00e1n una compensaci\u00f3n de algunas maneras \u00fanicas. Esto incorporar\u00e1 cuotas para medicamentos cl\u00ednicos, y tambi\u00e9n [&hellip;]<\/p>\n","protected":false},"author":22,"featured_media":0,"parent":4656,"menu_order":0,"comment_status":"closed","ping_status":"closed","template":"","meta":{"_acf_changed":false,"anchor_text":"","footnotes":""},"class_list":["post-4627","page","type-page","status-publish","hentry"],"acf":[],"_links":{"self":[{"href":"https:\/\/miamilawyers360.com\/es\/wp-json\/wp\/v2\/pages\/4627","targetHints":{"allow":["GET"]}}],"collection":[{"href":"https:\/\/miamilawyers360.com\/es\/wp-json\/wp\/v2\/pages"}],"about":[{"href":"https:\/\/miamilawyers360.com\/es\/wp-json\/wp\/v2\/types\/page"}],"author":[{"embeddable":true,"href":"https:\/\/miamilawyers360.com\/es\/wp-json\/wp\/v2\/users\/22"}],"replies":[{"embeddable":true,"href":"https:\/\/miamilawyers360.com\/es\/wp-json\/wp\/v2\/comments?post=4627"}],"version-history":[{"count":1,"href":"https:\/\/miamilawyers360.com\/es\/wp-json\/wp\/v2\/pages\/4627\/revisions"}],"predecessor-version":[{"id":4999,"href":"https:\/\/miamilawyers360.com\/es\/wp-json\/wp\/v2\/pages\/4627\/revisions\/4999"}],"up":[{"embeddable":true,"href":"https:\/\/miamilawyers360.com\/es\/wp-json\/wp\/v2\/pages\/4656"}],"wp:attachment":[{"href":"https:\/\/miamilawyers360.com\/es\/wp-json\/wp\/v2\/media?parent=4627"}],"curies":[{"name":"wp","href":"https:\/\/api.w.org\/{rel}","templated":true}]}}