{"id":4628,"date":"2021-04-14T19:08:31","date_gmt":"2021-04-14T23:08:31","guid":{"rendered":"https:\/\/miamilawyers360.com\/miami\/workers-compensation-injury-reporting\/"},"modified":"2026-03-12T13:33:19","modified_gmt":"2026-03-12T17:33:19","slug":"informar-accidente-labora","status":"publish","type":"page","link":"https:\/\/miamilawyers360.com\/es\/miami\/informar-accidente-labora\/","title":{"rendered":"C\u00f3mo informar una lesi\u00f3n laboral en Miami"},"content":{"rendered":"<p><span style=\"font-weight: 400;\">\u00bfEst\u00e1 reportando una lesi\u00f3n laboral en Miami? Miami es uno de los lugares de negocios m\u00e1s importantes del estado del sol. Simplemente menos de 1.000.000 de personas trabajan en el interior lo m\u00e1s lejos posible en una ciudad conocida como un centro monetario p\u00fablico, de manera confiable en los tres principales.<\/span><\/p>\n<p><span style=\"font-weight: 400;\">Los contratiempos en la oficina pueden suceder constantemente, sin embargo, tambi\u00e9n hay \u00e1reas s\u00f3lidas para servicios m\u00e9dicos, transporte, instrucci\u00f3n, venta minorista y desarrollo.<\/span><\/p>\n<p><span style=\"font-weight: 400;\">La ganancia potencial es que las posiciones florecen, sin embargo, el inconveniente es que la posibilidad de heridas laborales es igualmente muy generalizada.<\/span><\/p>\n<p><span style=\"font-weight: 400;\">En el caso de que sucumbas a un asunto en particular, debes conocer las ventajas de anunciar una lesi\u00f3n laboral en Miami. No hacerlo puede significar que no obtendr\u00e1 ninguna ventaja o compensaci\u00f3n de ning\u00fan tipo.<\/span><\/p>\n<p><span style=\"font-weight: 400;\">Detallarlo sin embargo revelarlo por error puede ponerlo en peligro de perder cualquier cosa para la que est\u00e9 calificado.<\/span><\/p>\n<p><span style=\"font-weight: 400;\">En el momento en que se haga correctamente, puede obtener una compensaci\u00f3n monetaria o ventajas que le ayudar\u00e1n a restablecer el salario perdido y a hacerse cargo de sus gastos hospitalarios mientras se recupera.<\/span><\/p>\n<p><span style=\"font-weight: 400;\">Haga todo lo que pueda para grabar correctamente y con precisi\u00f3n. Dada la seriedad esperada de la circunstancia, es conveniente, en cualquier caso, asesorar a un <\/span><a href=\"https:\/\/miamilawyers360.com\/es\/miami\/compensacion-laboral\/\"><span style=\"font-weight: 400;\">abogado de compensaci\u00f3n para trabajadores de Miami<\/span><\/a><span style=\"font-weight: 400;\"> sobre la revelaci\u00f3n de su lesi\u00f3n laboral.<\/span><\/p>\n<p><span style=\"font-weight: 400;\">Llame a nuestros abogados consumados y dedicados cuando detalle una lesi\u00f3n laboral en Miami al <a href=\"tel:+17866862857\">(786) 686-2857<\/a><\/span><\/p>\n<p>&nbsp;<\/p>\n\n<h2><b>\u00bfCu\u00e1nto tiempo tengo para reportar una lesi\u00f3n laboral en Miami Florida?<\/b><\/h2>\n<p><span style=\"font-weight: 400;\">Cuando ocurre la lesi\u00f3n en el ambiente de trabajo, est\u00e1 en un reloj. Tiene 30 d\u00edas para informar la lesi\u00f3n. Detallar una lesi\u00f3n laboral en <\/span><span style=\"font-weight: 400;\"><a href=\"https:\/\/www.miamigov.com\/Government\/Departments-Organizations\" target=\"_blank\" rel=\"noopener\">Miami FL<\/a> de<\/span><span style=\"font-weight: 400;\"> inmediato es b\u00e1sico.<\/span><\/p>\n<p><span style=\"font-weight: 400;\">Es hipot\u00e9ticamente concebible informarlo despu\u00e9s de 30 d\u00edas, sin embargo, habr\u00e1 desperdiciado parte de su per\u00edodo de calificaci\u00f3n para obtener beneficios, lo que significa que no se acercar\u00e1 a la cantidad que podr\u00eda tener.<\/span><\/p>\n<p><span style=\"font-weight: 400;\">En lo que respecta a eso, revelar una lesi\u00f3n laboral en Miami despu\u00e9s de 30 d\u00edas tambi\u00e9n hace que sea mucho m\u00e1s sencillo para su gerente o muchas otras reuniones importantes justificar su caso, dej\u00e1ndolo sin ninguna ventaja o plan de acci\u00f3n.<\/span><\/p>\n<p><span style=\"font-weight: 400;\">Lo mejor es informar de inmediato una lesi\u00f3n laboral en Miami. Cuanto antes lo hagas, m\u00e1s seguro es que te afirmar\u00e1n por algo.<\/span><\/p>\n<p><span style=\"font-weight: 400;\">Adem\u00e1s, independientemente de si se enfrenta a una obstrucci\u00f3n, cuanto antes informe su problema f\u00edsico y obtenga un abogado de lesiones en el entorno laboral de Miami a su lado, antes podr\u00e1n despedir el desarrollo de su caso y limitar la protecci\u00f3n del negocio.<\/span><\/p>\n<p><a href=\"https:\/\/miamilawyers360.com\/wp-content\/uploads\/2021\/04\/workers-com-pic-1.jpg\"><img fetchpriority=\"high\" decoding=\"async\" class=\"alignnone wp-image-1189 size-full\" src=\"https:\/\/miamilawyers360.com\/wp-content\/uploads\/2021\/04\/workers-com-pic-1.jpg\" alt=\"This is an image of an injured employee filing papers and reporting a work injury in Miami\" width=\"500\" height=\"500\" \/><\/a><\/p>\n<h2><b>\u00bfA qui\u00e9n tengo que informar una lesi\u00f3n en el lugar de trabajo?<\/b><\/h2>\n<p><span style=\"font-weight: 400;\">Al principio, al informar una lesi\u00f3n laboral en Miami a su gerente cercano en su entorno de trabajo. M\u00e1s adelante al mismo tiempo, tambi\u00e9n aconsejar\u00e1 diferentes reuniones.<\/span><\/p>\n<h3><b>Responsabilidades del jefe despu\u00e9s de una lesi\u00f3n en el lugar de trabajo<\/b><\/h3>\n<p><span style=\"font-weight: 400;\">Cuando su gerente sea consciente de su problema f\u00edsico, debe ayudarlo (si es fundamental) a buscar tratamiento de emergencia y consideraci\u00f3n cl\u00ednica con respecto a su bienestar y salud.<\/span><\/p>\n<p><span style=\"font-weight: 400;\">Asimismo, deber\u00edan informar del episodio y enviar un examen interno sobre lo ocurrido.<\/span><\/p>\n<h3><b>Responsabilidad del trabajador despu\u00e9s de una lesi\u00f3n en el lugar de trabajo<\/b><\/h3>\n<p><span style=\"font-weight: 400;\">Sus deberes comienzan con iluminar a su gerente inmediato con respecto a su percance o lesi\u00f3n y buscar consideraci\u00f3n cl\u00ednica. Cuando vea a su m\u00e9dico de atenci\u00f3n primaria, aseg\u00farese de darse cuenta de que fue un percance en el entorno laboral.<\/span><\/p>\n<p><span style=\"font-weight: 400;\">Asimismo, inf\u00f3rmeles qui\u00e9n es su gerente y d\u00f3nde ocurri\u00f3.<\/span><\/p>\n<p><span style=\"font-weight: 400;\">Deben archivar esto en sus propios registros y revelarlo como un posible caso de compensaci\u00f3n para trabajadores despu\u00e9s de informar una lesi\u00f3n laboral en Miami.<\/span><\/p>\n<p><span style=\"font-weight: 400;\">Deber\u00e1 avisar a su gerente una vez m\u00e1s, esta vez oficialmente. Sin embargo, es muy posible que esta vez sea su director, ya que debe responder a la autoridad correcta dentro de su organizaci\u00f3n o entorno de trabajo.<\/span><\/p>\n<p><span style=\"font-weight: 400;\">La mayor parte del tiempo, esto ser\u00eda RR. HH. Haga este informe cara a cara en el caso de que pueda, pero en caso de que no pueda asistir debido a sus heridas, env\u00ede un compa\u00f1ero, familiar o incluso un abogado de su confianza.<\/span><\/p>\n<p><span style=\"font-weight: 400;\">Contin\u00fae con una notificaci\u00f3n compuesta de la que conserva un duplicado. Una vez m\u00e1s, en caso de que no pueda redactarlo o presentarlo usted mismo, se le administra el costo de los derechos leg\u00edtimos para utilizar compa\u00f1eros, familiares o agentes legales.<\/span><\/p>\n<p><span style=\"font-weight: 400;\">Aseg\u00farese de seguir la totalidad de las instrucciones y pautas de su m\u00e9dico de atenci\u00f3n primaria. El descuido de hacerlo, incluso en los casos m\u00e1s peque\u00f1os, puede dejar una oportunidad para que los abogados de su empleador no le otorguen su derecho a los beneficios.<\/span><\/p>\n<p><span style=\"font-weight: 400;\">Es importante no lastimarse a s\u00ed mismo cuando lo lastiman.<\/span><\/p>\n<p><span style=\"font-weight: 400;\">Independientemente de si se cae de una carretilla elevadora o se resbala y cae en el ba\u00f1o de una oficina que no ten\u00eda letreros de piso mojado, puede resultar lastimado incluso en lugares aparentemente seguros en las numerosas posiciones y llamados que Miami tiene que traer a la mesa.<\/span><\/p>\n<p><span style=\"font-weight: 400;\">Es probable que las heridas no parezcan un problema serio desde el principio, sin embargo, algunas en realidad no muestran lo horribles que son de inmediato.<\/span><\/p>\n<p><span style=\"font-weight: 400;\">Trate de no aguantar un mes para descubrir que se perder\u00e1 el pago mientras deja atr\u00e1s la oportunidad de recuperar parte de \u00e9l a trav\u00e9s de una compensaci\u00f3n; es fundamental informar una lesi\u00f3n laboral en Miami de inmediato.<\/span><\/p>\n<p><a href=\"https:\/\/miamilawyers360.com\/wp-content\/uploads\/2021\/04\/workers-comp-form-shutterstock_493275868-1.jpg\"><img decoding=\"async\" class=\"alignnone wp-image-1190 size-full\" src=\"https:\/\/miamilawyers360.com\/wp-content\/uploads\/2021\/04\/workers-comp-form-shutterstock_493275868-1.jpg\" alt=\"This is an image of someone reporting a work injury in Miami\" width=\"500\" height=\"300\" \/><\/a><\/p>\n<h2><b>Ll\u00e1menos hoy cuando informe una lesi\u00f3n laboral en Miami<\/b><\/h2>\n<p><span style=\"font-weight: 400;\">Afortunadamente, no es necesario que aprenda o practique sus derechos legales sin la ayuda de nadie m\u00e1s. P\u00eddale a un asesor legal que lo ayude a protegerse.<\/span><\/p>\n<p><span style=\"font-weight: 400;\">Miami tiene muchas posiciones abiertas disponibles, sin embargo, puede lesionarse haciendo cualquiera de ellas.<\/span><\/p>\n<p><span style=\"font-weight: 400;\">Para asegurarse de informar adecuadamente sobre una lesi\u00f3n laboral en Miami, asesore a uno de nuestros abogados de la Coalici\u00f3n de Abogados de Compensaci\u00f3n para Trabajadores de Miami de inmediato <a href=\"tel:+17866862857\"><i class=\"fa fa-phone-alt\"><\/i>(786) 686-2857<\/a>.<\/span><\/p>\n","protected":false},"excerpt":{"rendered":"<p>\u00bfEst\u00e1 reportando una lesi\u00f3n laboral en Miami? Miami es uno de los lugares de negocios m\u00e1s importantes del estado del sol. Simplemente menos de 1.000.000 de personas trabajan en el interior lo m\u00e1s lejos posible en una ciudad conocida como un centro monetario p\u00fablico, de manera confiable en los tres principales. Los contratiempos en la [&hellip;]<\/p>\n","protected":false},"author":22,"featured_media":0,"parent":4656,"menu_order":0,"comment_status":"closed","ping_status":"closed","template":"","meta":{"_acf_changed":false,"anchor_text":"","footnotes":""},"class_list":["post-4628","page","type-page","status-publish","hentry"],"acf":[],"_links":{"self":[{"href":"https:\/\/miamilawyers360.com\/es\/wp-json\/wp\/v2\/pages\/4628","targetHints":{"allow":["GET"]}}],"collection":[{"href":"https:\/\/miamilawyers360.com\/es\/wp-json\/wp\/v2\/pages"}],"about":[{"href":"https:\/\/miamilawyers360.com\/es\/wp-json\/wp\/v2\/types\/page"}],"author":[{"embeddable":true,"href":"https:\/\/miamilawyers360.com\/es\/wp-json\/wp\/v2\/users\/22"}],"replies":[{"embeddable":true,"href":"https:\/\/miamilawyers360.com\/es\/wp-json\/wp\/v2\/comments?post=4628"}],"version-history":[{"count":1,"href":"https:\/\/miamilawyers360.com\/es\/wp-json\/wp\/v2\/pages\/4628\/revisions"}],"predecessor-version":[{"id":4996,"href":"https:\/\/miamilawyers360.com\/es\/wp-json\/wp\/v2\/pages\/4628\/revisions\/4996"}],"up":[{"embeddable":true,"href":"https:\/\/miamilawyers360.com\/es\/wp-json\/wp\/v2\/pages\/4656"}],"wp:attachment":[{"href":"https:\/\/miamilawyers360.com\/es\/wp-json\/wp\/v2\/media?parent=4628"}],"curies":[{"name":"wp","href":"https:\/\/api.w.org\/{rel}","templated":true}]}}