{"id":4629,"date":"2021-04-14T19:08:58","date_gmt":"2021-04-14T23:08:58","guid":{"rendered":"https:\/\/miamilawyers360.com\/miami\/workers-compensation-benefits\/"},"modified":"2026-03-12T13:32:56","modified_gmt":"2026-03-12T17:32:56","slug":"beneficios","status":"publish","type":"page","link":"https:\/\/miamilawyers360.com\/es\/miami\/beneficios\/","title":{"rendered":"Beneficios de compensaci\u00f3n laboral en Miami"},"content":{"rendered":"<p><span style=\"font-weight: 400;\">En el caso de que haya sufrido da\u00f1os mientras trabajaba en su trabajo en Miami, Florida, est\u00e1 calificado para los beneficios de compensaci\u00f3n para trabajadores en Miami por sus lesiones del seguro de compensaci\u00f3n para trabajadores. Es esencial ver c\u00f3mo funciona el seguro cuando tiene la intenci\u00f3n de documentar un caso de compensaci\u00f3n para trabajadores.<\/span><\/p>\n<p><span style=\"font-weight: 400;\">La protecci\u00f3n de compensaci\u00f3n para trabajadores brinda numerosas ventajas a los representantes que se ven perjudicados en el trabajo.<\/span><\/p>\n<p><span style=\"font-weight: 400;\">Puede garantizar salarios perdidos, costos cl\u00ednicos, ventajas pasajeras y beneficios por incapacidad dependiendo del grado de sus heridas y si su problema f\u00edsico est\u00e1 cubierto por el plan. Sin embargo, su gerente y su agencia de seguros pueden retrasar el proceso y evitar que obtenga la compensaci\u00f3n leg\u00edtima que se merece.<\/span><\/p>\n<p><span style=\"font-weight: 400;\">Esa es la raz\u00f3n por la que necesita contratar al mejor abogado de compensaci\u00f3n para trabajadores en Miami, FL para que lo ayude con su reclamo de beneficios de compensaci\u00f3n para trabajadores en Miami.<\/span><\/p>\n<p><span style=\"font-weight: 400;\">Miami tiene muchos abogados de compensaci\u00f3n para trabajadores, pero no todos son iguales. Debe terminar su trabajo antes de elegir al abogado correcto para abordar su caso y ayudarle a obtener la mayor cantidad de beneficios de compensaci\u00f3n para trabajadores en Miami por sus lesiones.<\/span><\/p>\n<p><span style=\"font-weight: 400;\">La Coalici\u00f3n de Abogados de Compensaci\u00f3n para Trabajadores de Miami es su c\u00f3mplice de confianza con respecto a obtener el caso leg\u00edtimo que se merece. Nuestros abogados de compensaci\u00f3n de trabajadores est\u00e1n muy bien informados sobre c\u00f3mo ocuparse de los casos de compensaci\u00f3n de trabajadores y ganar una compensaci\u00f3n en el inter\u00e9s de sus clientes.<\/span><\/p>\n<p><span style=\"font-weight: 400;\">Nuestro equipo legal se ocupar\u00e1 de cada uno de los pasos relacionados con su reclamo de beneficios de compensaci\u00f3n para trabajadores en Miami mientras se recupera de sus lesiones y se recupera.<\/span><\/p>\n<p><span style=\"font-weight: 400;\">Llame a <\/span><a href=\"https:\/\/miamilawyers360.com\/es\/miami\/abogado-lesiones-personales\/\"><span style=\"font-weight: 400;\">la Coalici\u00f3n de Abogados de Compensaci\u00f3n para Trabajadores de Miami<\/span><span style=\"font-weight: 400;\"> al <\/span><\/a><a href=\"tel:+17866862857\">(786) 686-2857<\/a>, <a href=\"tel:+17865260706\">(786) 526-0706<\/a> para tratar sus beneficios de compensaci\u00f3n para trabajadores en Miami FL y obtener la mayor compensaci\u00f3n por sus heridas.<\/p>\n<p><span style=\"font-weight: 400;\">\t\t<div data-elementor-type=\"section\" data-elementor-id=\"1714\" class=\"elementor elementor-1714\" data-elementor-post-type=\"elementor_library\">\n\t\t\t\t\t<section class=\"elementor-section elementor-top-section elementor-element elementor-element-37c5f16 elementor-section-boxed elementor-section-height-default elementor-section-height-default\" data-id=\"37c5f16\" data-element_type=\"section\" data-e-type=\"section\">\n\t\t\t\t\t\t<div class=\"elementor-container elementor-column-gap-default\">\n\t\t\t\t\t<div class=\"elementor-column elementor-col-100 elementor-top-column elementor-element elementor-element-f303a68 section-toc\" data-id=\"f303a68\" data-element_type=\"column\" data-e-type=\"column\">\n\t\t\t<div class=\"elementor-widget-wrap elementor-element-populated\">\n\t\t\t\t\t\t<div class=\"elementor-element elementor-element-f0ad866 elementor-toc--minimized-on-tablet elementor-widget elementor-widget-table-of-contents\" data-id=\"f0ad866\" data-element_type=\"widget\" data-e-type=\"widget\" data-settings=\"{&quot;exclude_headings_by_selector&quot;:&quot;.toc-remove&quot;,&quot;headings_by_tags&quot;:[&quot;h2&quot;,&quot;h3&quot;,&quot;h4&quot;,&quot;h5&quot;,&quot;h6&quot;],&quot;marker_view&quot;:&quot;numbers&quot;,&quot;no_headings_message&quot;:&quot;No se ha encontrado ning\\u00fan encabezado en esta p\\u00e1gina.&quot;,&quot;minimize_box&quot;:&quot;yes&quot;,&quot;minimized_on&quot;:&quot;tablet&quot;,&quot;hierarchical_view&quot;:&quot;yes&quot;,&quot;min_height&quot;:{&quot;unit&quot;:&quot;px&quot;,&quot;size&quot;:&quot;&quot;,&quot;sizes&quot;:[]},&quot;min_height_tablet&quot;:{&quot;unit&quot;:&quot;px&quot;,&quot;size&quot;:&quot;&quot;,&quot;sizes&quot;:[]},&quot;min_height_mobile&quot;:{&quot;unit&quot;:&quot;px&quot;,&quot;size&quot;:&quot;&quot;,&quot;sizes&quot;:[]}}\" data-widget_type=\"table-of-contents.default\">\n\t\t\t\t\t\t\t\t\t<div class=\"elementor-toc__header\">\n\t\t\t\t\t\t<h4 class=\"elementor-toc__header-title\">\n\t\t\t\tTable of Contents\t\t\t<\/h4>\n\t\t\t\t\t\t\t\t\t\t<div class=\"elementor-toc__toggle-button elementor-toc__toggle-button--expand\" role=\"button\" tabindex=\"0\" aria-controls=\"elementor-toc__f0ad866\" aria-expanded=\"true\" aria-label=\"Abrir la tabla de contenidos\"><svg aria-hidden=\"true\" class=\"e-font-icon-svg e-fas-chevron-down\" viewBox=\"0 0 448 512\" xmlns=\"http:\/\/www.w3.org\/2000\/svg\"><path d=\"M207.029 381.476L12.686 187.132c-9.373-9.373-9.373-24.569 0-33.941l22.667-22.667c9.357-9.357 24.522-9.375 33.901-.04L224 284.505l154.745-154.021c9.379-9.335 24.544-9.317 33.901.04l22.667 22.667c9.373 9.373 9.373 24.569 0 33.941L240.971 381.476c-9.373 9.372-24.569 9.372-33.942 0z\"><\/path><\/svg><\/div>\n\t\t\t\t<div class=\"elementor-toc__toggle-button elementor-toc__toggle-button--collapse\" role=\"button\" tabindex=\"0\" aria-controls=\"elementor-toc__f0ad866\" aria-expanded=\"true\" aria-label=\"Cerrar la tabla de contenidos\"><svg aria-hidden=\"true\" class=\"e-font-icon-svg e-fas-chevron-up\" viewBox=\"0 0 448 512\" xmlns=\"http:\/\/www.w3.org\/2000\/svg\"><path d=\"M240.971 130.524l194.343 194.343c9.373 9.373 9.373 24.569 0 33.941l-22.667 22.667c-9.357 9.357-24.522 9.375-33.901.04L224 227.495 69.255 381.516c-9.379 9.335-24.544 9.317-33.901-.04l-22.667-22.667c-9.373-9.373-9.373-24.569 0-33.941L207.03 130.525c9.372-9.373 24.568-9.373 33.941-.001z\"><\/path><\/svg><\/div>\n\t\t\t\t\t<\/div>\n\t\t\t\t<div id=\"elementor-toc__f0ad866\" class=\"elementor-toc__body\">\n\t\t\t<div class=\"elementor-toc__spinner-container\">\n\t\t\t\t<svg class=\"elementor-toc__spinner eicon-animation-spin e-font-icon-svg e-eicon-loading\" aria-hidden=\"true\" viewBox=\"0 0 1000 1000\" xmlns=\"http:\/\/www.w3.org\/2000\/svg\"><path d=\"M500 975V858C696 858 858 696 858 500S696 142 500 142 142 304 142 500H25C25 237 238 25 500 25S975 237 975 500 763 975 500 975Z\"><\/path><\/svg>\t\t\t<\/div>\n\t\t<\/div>\n\t\t\t\t\t\t<\/div>\n\t\t\t\t\t<\/div>\n\t\t<\/div>\n\t\t\t\t\t<\/div>\n\t\t<\/section>\n\t\t\t\t<\/div>\n\t\t<\/span><\/p>\n<p><a href=\"https:\/\/miamilawyers360.com\/wp-content\/uploads\/2021\/04\/workers-com-pic.jpg\"><img fetchpriority=\"high\" decoding=\"async\" class=\"alignnone wp-image-1186 size-full\" src=\"https:\/\/miamilawyers360.com\/wp-content\/uploads\/2021\/04\/workers-com-pic.jpg\" alt=\"This is an image of an injured employee filing for workers' compensation benefits in Miami\" width=\"500\" height=\"500\" \/><\/a><\/p>\n<h2><b>L\u00edmites de ingresos de compensaci\u00f3n laboral de Florida<\/b><\/h2>\n<p><span style=\"font-weight: 400;\">La protecci\u00f3n de compensaci\u00f3n para trabajadores incorpora el seguro de obligaci\u00f3n de las empresas para proteger a la empresa de reclamos relacionados con los representantes que surgen del descuido del gerente.<\/span><\/p>\n<p><span style=\"font-weight: 400;\">De hecho, la Parte-A del seguro de compensaci\u00f3n para trabajadores paga una suma ilimitada por costos cl\u00ednicos y salarios perdidos, mientras que la Parte-B o la protecci\u00f3n de obligaci\u00f3n del jefe asegura la empresa en caso de que el representante presente una demanda por da\u00f1os adicionales.<\/span><\/p>\n<p><span style=\"font-weight: 400;\">Esta cobertura cubrir\u00e1 costos legales, cargos judiciales, gastos de protecci\u00f3n de abogados y acuerdos. Los l\u00edmites de riesgo del administrador se recuerdan para cada enfoque. A pesar de que el emprendedor puede optar por construir los puntos de corte para la inclusi\u00f3n, los puntos de corte en FL son:<\/span><\/p>\n<ul>\n<li><span style=\"font-weight: 400;\"> L\u00edmite de $500,000 usd para heridas reales por infecci\u00f3n.<\/span><\/li>\n<li><span style=\"font-weight: 400;\"> $100,000 usd por heridas reales por evento<\/span><\/li>\n<li><span style=\"font-weight: 400;\"> $100,000usd por trabajador por lesi\u00f3n real por enfermedad relacionada con palabras<\/span><\/li>\n<\/ul>\n<h2><b>Tipos de beneficios de compensaci\u00f3n laboral en Miami<\/b><\/h2>\n<p><span style=\"font-weight: 400;\">Hay cuatro tipos de beneficios por incapacidad bajo la protecci\u00f3n de compensaci\u00f3n para trabajadores. El tipo de ventaja puede depender de cu\u00e1nto tiempo se requiera que dure la incapacidad y del grado de incapacidad:<\/span><\/p>\n<h3><b>Beneficios por discapacidad total temporal en la compensaci\u00f3n de trabajadores de Florida (TTD)<\/b><\/h3>\n<p><span style=\"font-weight: 400;\">El TTD se pagar\u00e1 despu\u00e9s del percance o enfermedad durante la recuperaci\u00f3n. En caso de que el empleado perjudicado no pueda trabajar de ninguna manera, la persona en cuesti\u00f3n tiene acceso a los beneficios por incapacidad total temporal. El trabajador debe TTD en FL despu\u00e9s de 7 d\u00edas.<\/span><\/p>\n<p><span style=\"font-weight: 400;\">En caso de que la incapacidad se prolongue por m\u00e1s de 21 d\u00edas, se le pagar\u00e1 al trabajador tambi\u00e9n por el per\u00edodo de permanencia de siete d\u00edas.<\/span><\/p>\n<p><span style=\"font-weight: 400;\">Las ventajas de TTD pueden continuar durante 500 semanas con la posibilidad de ampliar el marco de tiempo en condiciones particulares. La medida de la cuota de TTD en FL es 2\/3 del salario normal semanal del empleado. Las cuotas se realizar\u00e1n semana tras semana, excepto si la Comisi\u00f3n Industrial de FL elige otra cosa.<\/span><\/p>\n<h3><b>Beneficios por discapacidad parcial temporal en la compensaci\u00f3n de trabajadores de Florida (TPD)<\/b><\/h3>\n<p><span style=\"font-weight: 400;\">El TPD se paga cuando el empleado perjudicado vuelve al trabajo durante el per\u00edodo de reparaci\u00f3n, en un l\u00edmite m\u00e1s con un salario reducido. El per\u00edodo de espera de 7 d\u00edas tambi\u00e9n se aplica a TPD.<\/span><\/p>\n<p><span style=\"font-weight: 400;\">La TPD tambi\u00e9n puede continuar hasta 500 semanas. La medida de la cuota de TPD es 2 \/ tercio del contraste entre el salario que el trabajador obtiene despu\u00e9s de la lesi\u00f3n y el salario normal semanal del representante.<\/span><\/p>\n<h3><b>Beneficios por discapacidad parcial permanente en la compensaci\u00f3n de trabajadores de Florida (PPD)<\/b><\/h3>\n<p><span style=\"font-weight: 400;\">El PPD se pagar\u00e1 cuando el trabajador perjudicado llegue al final del per\u00edodo de recuperaci\u00f3n, lo que se conoce como la Mejora M\u00e9dica M\u00e1xima (MMI, por sus siglas en ingl\u00e9s). Sin embargo, el trabajador debe seguir teniendo una debilidad en una de las partes del cuerpo que influyen en la ejecuci\u00f3n de su trabajo. Estas heridas se conocen como \u00ablesiones planificadas\u00bb.<\/span><\/p>\n<p><span style=\"font-weight: 400;\">Cada parte del cuerpo registrada en \u00abLesiones planificadas\u00bb tiene un n\u00famero particular de ventajas. Por ejemplo, a la mano se le asignan 200 semanas de ventajas.<\/span><\/p>\n<h3><b>Beneficios por discapacidad total permanente en la compensaci\u00f3n de trabajadores de Florida (PTD)<\/b><\/h3>\n<p><span style=\"font-weight: 400;\">El PTD se paga en condiciones restringidas a un trabajador perjudicado que cumple con ciertas reglas. Estos trabajadores est\u00e1n calificados para pagos por incapacidad para siempre. Se paga cuando un trabajador ha perdido los dos brazos, las dos manos, los dos pies, las dos piernas, los dos ojos o cualquier combinaci\u00f3n de dos partes del cuerpo.<\/span><\/p>\n<p><span style=\"font-weight: 400;\">Adem\u00e1s, cubre las heridas de la columna que provocan p\u00e9rdida de movimiento y heridas graves en el cerebro o la cabeza cerrada.<\/span><\/p>\n<h2><b>\u00bfC\u00f3mo se calculan los beneficios de compensaci\u00f3n para trabajadores en Miami?<\/b><\/h2>\n<p><span style=\"font-weight: 400;\">El salario normal semanal (AWW) del representante asume una parte importante en la determinaci\u00f3n de los beneficios de compensaci\u00f3n para trabajadores. El Estatuto General de Florida 97-2 (5) establece c\u00f3mo se determina el AWW del trabajador perjudicado. Hay cuatro t\u00e9cnicas, por ejemplo,<\/span><\/p>\n<p><span style=\"font-weight: 400;\">Si el trabajador perjudicado ha estado trabajando durante m\u00e1s de un a\u00f1o, el AWW es la suma total de efectivo obtenido durante las 52 semanas antes de la lesi\u00f3n aislada por 52. Deber\u00eda prohibir cualquier tiempo de al menos 7 d\u00edas sin trabajar.<\/span><\/p>\n<p><span style=\"font-weight: 400;\">En caso de que el representante perjudicado haya trabajado menos de un a\u00f1o, el AWW es la compensaci\u00f3n total adquirida separada por la cantidad de semanas trabajadas.<\/span><\/p>\n<p><span style=\"font-weight: 400;\">En caso de que el trabajo del representante perjudicado sea corto, se piensa en los salarios de los representantes comparativos.<\/span><\/p>\n<p><span style=\"font-weight: 400;\">En la remota posibilidad de que nada de las estrategias que se acaban de mencionar sea relevante, el AWW es la medida de efectivo que supondr\u00eda intencionalmente la medida de efectivo que el representante adquirir\u00eda a pesar de la lesi\u00f3n.<\/span><\/p>\n<p><a href=\"https:\/\/miamilawyers360.com\/wp-content\/uploads\/2021\/04\/workers-comp-gen-graphicshutterstock_1532291249.jpg\"><img decoding=\"async\" class=\"alignnone wp-image-1187 size-full\" src=\"https:\/\/miamilawyers360.com\/wp-content\/uploads\/2021\/04\/workers-comp-gen-graphicshutterstock_1532291249.jpg\" alt=\"This is an illustration of workers holding a paper about workers' compensation benefits in Miami\" width=\"500\" height=\"500\" \/><\/a><\/p>\n<h2><b>\u00bfSe gravan los beneficios de compensaci\u00f3n para trabajadores en Miami?<\/b><\/h2>\n<p><span style=\"font-weight: 400;\">Las cuotas de compensaci\u00f3n para trabajadores no est\u00e1n cargadas en <\/span><a href=\"https:\/\/imiami.miamigov.com\/OA_HTML\/OA.jsp?page=\/xxcmia\/oracle\/apps\/per\/external\/directory\/webui\/XxcmiahrExtDirPG\" target=\"_blank\" rel=\"noopener\"><span style=\"font-weight: 400;\">Miami Florida<\/span><\/a><span style=\"font-weight: 400;\"> . Sin embargo, en el caso de que un trabajador perjudicado vuelva a trabajar con una obligaci\u00f3n ligera o ajustada, se cargar\u00e1 el salario que recibe la persona en cuesti\u00f3n.<\/span><\/p>\n<p><span style=\"font-weight: 400;\">En el caso de que el trabajador obtenga adicionalmente beneficios de TPD mientras trabaja, las cuotas de TPD no est\u00e1n disponibles.<\/span><\/p>\n<p><span style=\"font-weight: 400;\">En el momento en que sufre un da\u00f1o en el trabajo, est\u00e1 calificado para garantizar una compensaci\u00f3n por sus heridas bajo la protecci\u00f3n de compensaci\u00f3n de trabajadores. Debe contratar al mejor asesor legal de compensaci\u00f3n de trabajadores en Miami, FL para que se ocupe de su caso.<\/span><\/p>\n<p><span style=\"font-weight: 400;\">Llame a <\/span><a href=\"https:\/\/miamilawyers360.com\/es\/miami\/abogado-lesiones-personales\/\"><span style=\"font-weight: 400;\">la Coalici\u00f3n de Abogados de Compensaci\u00f3n para Trabajadores de Miami<\/span><\/a><span style=\"font-weight: 400;\"> al <a href=\"tel:+17866862857\">(786) 686-2857<\/a> para tratar sus beneficios de compensaci\u00f3n para trabajadores en la garant\u00eda de Miami y obtener la mayor compensaci\u00f3n por sus heridas.<\/span><\/p>\n","protected":false},"excerpt":{"rendered":"<p>En el caso de que haya sufrido da\u00f1os mientras trabajaba en su trabajo en Miami, Florida, est\u00e1 calificado para los beneficios de compensaci\u00f3n para trabajadores en Miami por sus lesiones del seguro de compensaci\u00f3n para trabajadores. Es esencial ver c\u00f3mo funciona el seguro cuando tiene la intenci\u00f3n de documentar un caso de compensaci\u00f3n para trabajadores. [&hellip;]<\/p>\n","protected":false},"author":22,"featured_media":0,"parent":4656,"menu_order":0,"comment_status":"closed","ping_status":"closed","template":"","meta":{"_acf_changed":false,"anchor_text":"","footnotes":""},"class_list":["post-4629","page","type-page","status-publish","hentry"],"acf":[],"_links":{"self":[{"href":"https:\/\/miamilawyers360.com\/es\/wp-json\/wp\/v2\/pages\/4629","targetHints":{"allow":["GET"]}}],"collection":[{"href":"https:\/\/miamilawyers360.com\/es\/wp-json\/wp\/v2\/pages"}],"about":[{"href":"https:\/\/miamilawyers360.com\/es\/wp-json\/wp\/v2\/types\/page"}],"author":[{"embeddable":true,"href":"https:\/\/miamilawyers360.com\/es\/wp-json\/wp\/v2\/users\/22"}],"replies":[{"embeddable":true,"href":"https:\/\/miamilawyers360.com\/es\/wp-json\/wp\/v2\/comments?post=4629"}],"version-history":[{"count":1,"href":"https:\/\/miamilawyers360.com\/es\/wp-json\/wp\/v2\/pages\/4629\/revisions"}],"predecessor-version":[{"id":4995,"href":"https:\/\/miamilawyers360.com\/es\/wp-json\/wp\/v2\/pages\/4629\/revisions\/4995"}],"up":[{"embeddable":true,"href":"https:\/\/miamilawyers360.com\/es\/wp-json\/wp\/v2\/pages\/4656"}],"wp:attachment":[{"href":"https:\/\/miamilawyers360.com\/es\/wp-json\/wp\/v2\/media?parent=4629"}],"curies":[{"name":"wp","href":"https:\/\/api.w.org\/{rel}","templated":true}]}}