{"id":4634,"date":"2021-05-08T03:11:02","date_gmt":"2021-05-08T07:11:02","guid":{"rendered":"https:\/\/miamilawyers360.com\/fort-lauderdale\/personal-injury-lawyer\/"},"modified":"2026-03-13T15:10:27","modified_gmt":"2026-03-13T19:10:27","slug":"abogado-lesiones-personales","status":"publish","type":"page","link":"https:\/\/miamilawyers360.com\/es\/fort-lauderdale\/abogado-lesiones-personales\/","title":{"rendered":"Abogado de lesiones personales en Fort Lauderdale"},"content":{"rendered":"<p><span style=\"font-weight: 400;\">Si ha resultado lesionado en un accidente de Fort Lauderdale, ya sea en el trabajo o en un accidente automovil\u00edstico, puede ser elegible para una compensaci\u00f3n. Aunque es posible que el dinero no le garantice una recuperaci\u00f3n completa, puede ayudar a aliviar el estr\u00e9s durante un momento tan dif\u00edcil. Contamos con abogados expertos en lesiones personales de Fort Lauderdale que pueden ayudarlo a maximizar su compensaci\u00f3n.<\/span><\/p>\n<p><span style=\"font-weight: 400;\">En Miami Lawyers 360, lo ayudaremos a presentar su reclamo por lesiones personales y a luchar para obtener la compensaci\u00f3n que se merece. Nuestros abogados son altamente calificados y experimentados. \u00a1Hemos logrado recuperar los da\u00f1os para nuestros clientes en toda Florida y tambi\u00e9n podemos ayudarlo! Para programar una revisi\u00f3n de caso gratuita y sin compromiso, llame a nuestra oficina legal de <a href=\"https:\/\/miamilawyers360.com\/es\/fort-lauderdale\/\">Fort Lauderdale<\/a> hoy al <a href=\"tel:+17866862857\"><i class=\"fa fa-phone-alt\"><\/i>(786) 686-2857<\/a>.<\/span><\/p>\n<h2><b>\u00bfQu\u00e9 debo hacer despu\u00e9s de una lesi\u00f3n?<\/b><\/h2>\n<p><span style=\"font-weight: 400;\">Despu\u00e9s de lesionarse en un accidente en Florida, le recomendamos que haga lo siguiente para proteger sus derechos legales:<\/span><\/p>\n<h3><b>Obtener tratamiento m\u00e9dico si es necesario y mantener registros de todos los tratamientos.<\/b><\/h3>\n<p><span style=\"font-weight: 400;\">Haga que un m\u00e9dico trate sus lesiones, si las hubiera, y recuerde obtener y mantener registros m\u00e9dicos importantes.<\/span><\/p>\n<h3><b>Toma fotos \/ videos si puedes<\/b><\/h3>\n<p><span style=\"font-weight: 400;\">Documente la escena del accidente tomando fotos y videos. Aseg\u00farese de tomar fotos de sus lesiones, si son visibles, y anote los detalles relacionados con su accidente, como las condiciones clim\u00e1ticas, las condiciones del tr\u00e1fico, las condiciones de la carretera, etc., en el caso de un accidente automovil\u00edstico.<\/span><\/p>\n<h3><b>Obtenga los nombres y n\u00fameros de los testigos<\/b><\/h3>\n<p><span style=\"font-weight: 400;\">Le recomendamos que obtenga informaci\u00f3n de contacto de los testigos y espectadores. Aseg\u00farese de obtener sus nombres, direcciones y n\u00fameros de tel\u00e9fono.<\/span><\/p>\n<h3><b>Reportar el incidente<\/b><\/h3>\n<p><span style=\"font-weight: 400;\">Informe su accidente a las autoridades pertinentes para registrar los detalles sobre el accidente y presentar un informe oficial del incidente. Por ejemplo, debe informar los accidentes laborales a los supervisores. Si no presenta un informe, ser\u00e1 su palabra contra la otra parte.<\/span><\/p>\n<h3><b>No se eche la culpa\u00a0<\/b><\/h3>\n<p><span style=\"font-weight: 400;\">Siempre es prudente no echarse la culpa. Evite hablar del incidente por completo a menos que est\u00e9 hablando con su abogado. Adem\u00e1s, no se disculpe con la otra parte porque una disculpa puede confundirse con una admisi\u00f3n de culpa.<\/span><\/p>\n<h3><b>\u00a1Llame a un abogado de lesiones personales!<\/b><\/h3>\n<p><span style=\"font-weight: 400;\">Llame a nuestros abogados de lesiones personales de Fort Lauderdale de inmediato. Perm\u00edtanos ayudarlo con el proceso de reclamos, las negociaciones del acuerdo, el papeleo y la representaci\u00f3n mientras se concentra en la recuperaci\u00f3n.<\/span><\/p>\n<h2><b>\u00bfPor qu\u00e9 necesito un abogado para mi caso de lesiones personales?<\/b><\/h2>\n<p><span style=\"font-weight: 400;\">Nuestros abogados de lesiones personales pueden ayudarlo con lo siguiente:<\/span><\/p>\n<h3><b>Preparaci\u00f3n del caso \/ Presentaci\u00f3n de una demanda<\/b><\/h3>\n<p><span style=\"font-weight: 400;\">Ayudamos a construir su caso antes de presentar una demanda civil. Nuestros abogados ayudar\u00e1n con la preparaci\u00f3n del caso mediante la realizaci\u00f3n de investigaciones para determinar la responsabilidad antes de presentar una demanda. Tambi\u00e9n nos aseguraremos de que su reclamo se presente dentro del estatuto de limitaciones de Florida.<\/span><\/p>\n<h3><b>Negociaci\u00f3n de liquidaci\u00f3n<\/b><\/h3>\n<p><span style=\"font-weight: 400;\">Le ayudaremos a establecer el valor de su reclamo y a negociar un\u00a0<a href=\"https:\/\/www.americanbar.org\/groups\/public_education\/resources\/law_issues_for_consumers\/injury_settle\/\" target=\"_blank\" rel=\"noopener\">acuerdo de liquidaci\u00f3n<\/a> adecuado con la compa\u00f1\u00eda de seguros. Adem\u00e1s, nos aseguraremos de que las aseguradoras no lo atraigan para que acepte una oferta baja. Si las negociaciones no tienen \u00e9xito, llevaremos su caso a juicio.<\/span><\/p>\n<p><a href=\"https:\/\/miamilawyers360.com\/wp-content\/uploads\/2021\/03\/kendall-workers-compensation-lawyer-500x333-1.jpg\"><img fetchpriority=\"high\" decoding=\"async\" class=\"alignnone wp-image-990 size-full\" src=\"https:\/\/miamilawyers360.com\/wp-content\/uploads\/2021\/03\/kendall-workers-compensation-lawyer-500x333-1.jpg\" alt=\"Fort Lauderdale personal injury lawyer reviewing a settlement offer. \" width=\"500\" height=\"333\" \/><\/a><\/p>\n<h3><b>Preparaci\u00f3n y representaci\u00f3n del juicio<\/b><\/h3>\n<p><span style=\"font-weight: 400;\">Cuando su caso vaya a juicio, lo ayudaremos a prepararse para el juicio y lo representaremos ante el juez, ya que sabemos exactamente qu\u00e9 hacer y decir para obtener la compensaci\u00f3n que se merece. El litigio es un proceso complejo que requiere una cuidadosa observaci\u00f3n de las reglas y procedimientos que s\u00f3lo un abogado calificado de Florida puede ofrecer.<\/span><\/p>\n<h2><b>\u00bfQu\u00e9 tipos de da\u00f1os puedo recuperar?<\/b><\/h2>\n<p><span style=\"font-weight: 400;\">El tipo de da\u00f1os recuperables en una demanda por lesiones personales en Florida incluyen da\u00f1os econ\u00f3micos, no econ\u00f3micos y punitivos. Las circunstancias de su caso espec\u00edfico determinar\u00e1n el tipo y la cantidad de da\u00f1os que podr\u00e1 recuperar.<\/span><\/p>\n<h3><b>Da\u00f1os econ\u00f3micos<\/b><\/h3>\n<p><span style=\"font-weight: 400;\">Estos da\u00f1os tienen un valor en d\u00f3lares y tienen como objetivo recuperar todas las p\u00e9rdidas financieras causadas por sus lesiones. Los tribunales otorgan da\u00f1os econ\u00f3micos para devolverlo a la posici\u00f3n financiera en la que habr\u00eda estado si su accidente nunca hubiera sucedido. En un caso de lesiones personales, puede recuperar da\u00f1os econ\u00f3micos por:<\/span><\/p>\n<ul>\n<li style=\"font-weight: 400;\" aria-level=\"1\"><span style=\"font-weight: 400;\">Facturas m\u00e9dicas<\/span><\/li>\n<li style=\"font-weight: 400;\" aria-level=\"1\"><span style=\"font-weight: 400;\">Prescripci\u00f3n m\u00e9dica<\/span><\/li>\n<li style=\"font-weight: 400;\" aria-level=\"1\"><span style=\"font-weight: 400;\">Rehabilitaci\u00f3n<\/span><\/li>\n<li style=\"font-weight: 400;\" aria-level=\"1\"><span style=\"font-weight: 400;\">Cuidado de enfermera<\/span><\/li>\n<li style=\"font-weight: 400;\" aria-level=\"1\"><span style=\"font-weight: 400;\">Da\u00f1o a la propiedad<\/span><\/li>\n<li style=\"font-weight: 400;\" aria-level=\"1\"><span style=\"font-weight: 400;\">Ingresos perdidos durante la recuperaci\u00f3n<\/span><\/li>\n<li style=\"font-weight: 400;\" aria-level=\"1\"><span style=\"font-weight: 400;\">Discapacidad y capacidad de ganancia reducida<\/span><\/li>\n<\/ul>\n<h3><b>Da\u00f1os no econ\u00f3micos<\/b><\/h3>\n<p><span style=\"font-weight: 400;\">A diferencia de los da\u00f1os econ\u00f3micos, los da\u00f1os no econ\u00f3micos no tienen valor en d\u00f3lares. Se les paga para compensarlo por:<\/span><\/p>\n<ul>\n<li style=\"font-weight: 400;\" aria-level=\"1\"><span style=\"font-weight: 400;\">Dolor y sufrimiento<\/span><\/li>\n<li style=\"font-weight: 400;\" aria-level=\"1\"><span style=\"font-weight: 400;\">Ansiedad y depresi\u00f3n<\/span><\/li>\n<li style=\"font-weight: 400;\" aria-level=\"1\"><span style=\"font-weight: 400;\">Desfiguraci\u00f3n y cicatrices<\/span><\/li>\n<li style=\"font-weight: 400;\" aria-level=\"1\"><span style=\"font-weight: 400;\">P\u00e9rdida de intimidad con un c\u00f3nyuge y<\/span><\/li>\n<li style=\"font-weight: 400;\" aria-level=\"1\"><span style=\"font-weight: 400;\">P\u00e9rdida del disfrute de la vida.<\/span><\/li>\n<li style=\"font-weight: 400;\" aria-level=\"1\"><span style=\"font-weight: 400;\">Da\u00f1os punitivos<\/span><\/li>\n<\/ul>\n<p><span style=\"font-weight: 400;\">Estos da\u00f1os no est\u00e1n disponibles en todos los casos de lesiones personales en Florida. Su \u00fanica finalidad es castigar al acusado por su conducta imprudente y desalentar comportamientos similares en el futuro. Los tribunales permiten que los demandantes recuperen da\u00f1os punitivos si el acusado actu\u00f3 con negligencia grave o mala conducta intencional.<\/span><\/p>\n<h3><b>Da\u00f1os punitivos<\/b><\/h3>\n<p><span style=\"font-weight: 400;\">Estos da\u00f1os no est\u00e1n disponibles en todos los casos de lesiones personales en Florida. Su \u00fanica finalidad es castigar al acusado por su conducta imprudente y desalentar comportamientos similares en el futuro. Los tribunales permiten que los demandantes recuperen da\u00f1os punitivos si el acusado actu\u00f3 con negligencia grave o mala conducta intencional.<\/span><\/p>\n<h3>Trial Preparation &amp; Representation<\/h3>\n<p>When your case goes to trial, we will help you prepare for trial and represent you in front of the judge since we know exactly what to do and say to win you the compensation you deserve. Litigation is a complex process that requires keen observation of rules and procedures that only a qualified Florida lawyer can offer.<\/p>\n<p><a href=\"https:\/\/miamilawyers360.com\/wp-content\/uploads\/2021\/03\/Miamilawyers360-Miami-personal-injury-lawyer-damages.jpg\"><img decoding=\"async\" class=\"alignnone wp-image-997 size-full\" src=\"https:\/\/miamilawyers360.com\/wp-content\/uploads\/2021\/03\/Miamilawyers360-Miami-personal-injury-lawyer-damages.jpg\" alt=\"Toy cars in accident on a background of 100 dollar bills. Damages concept.\" width=\"500\" height=\"328\" \/><\/a><\/p>\n<h2><b>\u00bfC\u00f3mo se determina la responsabilidad en Florida para casos de lesiones personales?<\/b><\/h2>\n<p><span style=\"font-weight: 400;\">Para probar la responsabilidad en un caso de lesiones personales en Florida, el demandante debe probar que el acusado actu\u00f3 con negligencia. La negligencia depende de cuatro elementos; deber de diligencia, incumplimiento del deber, causalidad y da\u00f1os.<\/span><\/p>\n<ol>\n<li><b> Deber de diligencia: <\/b><span style=\"font-weight: 400;\">Para probar negligencia, el demandado debe haberle debido al demandante un deber de diligencia. Por ejemplo, cada conductor debe a todos los dem\u00e1s conductores y usuarios de la carretera (incluidos los peatones) un deber de cuidado.<\/span><\/li>\n<li><b> Incumplimiento del deber:<\/b><span style=\"font-weight: 400;\"> El demandante debe probar que el demandado incumpli\u00f3 su deber legal de ejercer una precauci\u00f3n razonable y \/ o brindar una atenci\u00f3n razonable.<\/span><\/li>\n<li><b> Causalidad:<\/b><span style=\"font-weight: 400;\"> La v\u00edctima debe probar que la inacci\u00f3n o el manierismo de la parte culpable causaron directamente sus lesiones. En otras palabras, el demandante debe demostrar que las lesiones y las p\u00e9rdidas sufridas podr\u00edan haberse evitado si el acusado hubiera actuado de manera razonable.<\/span><\/li>\n<li><b> Da\u00f1os:<\/b><span style=\"font-weight: 400;\"> El demandante debe incurrir en da\u00f1os como resultado del accidente. Por lo general, los da\u00f1os en accidentes automovil\u00edsticos incluyen facturas m\u00e9dicas, da\u00f1os a la propiedad, salarios perdidos, etc.<\/span><\/li>\n<\/ol>\n<h3><b>Regla de Negligencia Comparativa de Florida<\/b><\/h3>\n<p><span style=\"font-weight: 400;\">De acuerdo con la <a href=\"https:\/\/www.investopedia.com\/terms\/c\/comparative-negligence.asp\" target=\"_blank\" rel=\"noopener\">regla de negligencia comparativa<\/a>, el monto de los da\u00f1os a los que tiene derecho el demandante se reducir\u00e1 en un porcentaje proporcional a su grado de culpa por el incidente. Entonces, si un demandante tiene un 30% de culpa por un accidente, recibir\u00e1 el 70% de su compensaci\u00f3n. Las leyes de Florida requieren que todos los tribunales sigan esta regla para los casos de lesiones personales.<\/span><\/p>\n<h3><b>Reglas de Seguro de Autom\u00f3vil Sin Culpa de Florida<\/b><\/h3>\n<p><span style=\"font-weight: 400;\">Esta regla solo se aplica a los casos de accidentes automovil\u00edsticos. Seg\u00fan esta regla, las v\u00edctimas de accidentes automovil\u00edsticos deben confiar en su propia cobertura de seguro (protecci\u00f3n contra lesiones personales o PIP) para compensar algunas p\u00e9rdidas de su bolsillo, como los gastos m\u00e9dicos, sin importar qui\u00e9n tuvo la culpa del accidente.<\/span><\/p>\n<p><span style=\"font-weight: 400;\">Usted podr\u00eda responsabilizar al otro conductor despu\u00e9s de un accidente automovil\u00edstico en Florida si el accidente le caus\u00f3 una lesi\u00f3n grave. Por lo tanto, la mayor\u00eda de los accidentes que resultan en lesiones menores caer\u00e1n bajo el paraguas de no culpa. Pero es posible que pueda demandar a un conductor culpable en Florida si el accidente causa una lesi\u00f3n grave como una lesi\u00f3n permanente, cicatrices permanentes o desfiguraci\u00f3n, o p\u00e9rdida permanente o significativa de una funci\u00f3n corporal.<\/span><\/p>\n<h3><b>Regla de Responsabilidad Estricta<\/b><\/h3>\n<p><span style=\"font-weight: 400;\">Esta regla s\u00f3lo rige un pu\u00f1ado de incidentes y generalmente se aplica a situaciones en las que existe un peligro conocido, como los casos de mordedura \/ ataque de perro. Por ejemplo, las leyes de Florida sobre mordeduras de perro responsabilizan a los propietarios incluso si la v\u00edctima no ten\u00eda conocimiento previo de la propensi\u00f3n peligrosa del perro.<\/span><\/p>\n<p><span style=\"font-weight: 400;\">Las leyes de responsabilidad de Florida pueden ser complicadas, es por esto que usted\u00a0 necesita un experto de nuestro bufete de abogados de Fort Lauderdale a su lado.<\/span><\/p>\n<p><a href=\"https:\/\/miamilawyers360.com\/wp-content\/uploads\/2021\/03\/miami-gardens-personal-injury-lawyer-500x333-1.jpg\"><img decoding=\"async\" class=\"alignnone wp-image-1084 size-full\" src=\"https:\/\/miamilawyers360.com\/wp-content\/uploads\/2021\/03\/miami-gardens-personal-injury-lawyer-500x333-1.jpg\" alt=\"A Fort Lauderdale personal injury lawyer reviewing case for liability. \" width=\"500\" height=\"333\" \/><\/a><\/p>\n<h2><b>\u00bfCu\u00e1l es el l\u00edmite de tiempo para presentar un reclamo por lesiones personales en Florida?<\/b><\/h2>\n<p><span style=\"font-weight: 400;\">Como la mayor\u00eda de los estados, Florida tiene fechas l\u00edmite estrictas para emprender acciones legales llamadas estatuto de limitaciones. Los casos de lesiones personales tienen l\u00edmites de tiempo variables para presentar demandas. Generalmente, el reloj comienza a correr desde la fecha del accidente, lesi\u00f3n o muerte. Es probable que el tribunal desestime cualquier demanda presentada despu\u00e9s de que haya transcurrido este plazo. Florida aplica los siguientes estatutos de limitaciones para diferentes demandas por lesiones personales:<\/span><\/p>\n<ul>\n<li style=\"font-weight: 400;\" aria-level=\"1\"><a href=\"https:\/\/www.leg.state.fl.us\/Statutes\/index.cfm?App_mode=Display_Statute&amp;URL=0000-0099\/0095\/Sections\/0095.11.html\" target=\"_blank\" rel=\"noopener\"><span style=\"font-weight: 400;\">Cuatro a\u00f1os<\/span><\/a><span style=\"font-weight: 400;\"> por lesiones personales<\/span><\/li>\n<li style=\"font-weight: 400;\" aria-level=\"1\"><span style=\"font-weight: 400;\">Dos a\u00f1os por abuso en un hogar de ancianos<\/span><\/li>\n<li style=\"font-weight: 400;\" aria-level=\"1\"><span style=\"font-weight: 400;\">Dos a\u00f1os por homicidio culposo<\/span><\/li>\n<li style=\"font-weight: 400;\" aria-level=\"1\"><span style=\"font-weight: 400;\">Dos a\u00f1os por negligencia m\u00e9dica<\/span><\/li>\n<\/ul>\n<h2><b>\u00bfCu\u00e1nto costar\u00e1 un abogado de lesiones personales en Fort Lauderdale?<\/b><\/h2>\n<p><span style=\"font-weight: 400;\">La mayor\u00eda de los abogados de lesiones personales en Florida trabajan con honorarios de contingencia. Esto significa que no le pediremos que pague ninguna tarifa por adelantado. Nos pagar\u00e1n un cierto porcentaje de su compensaci\u00f3n si logramos ganar su caso.<\/span><\/p>\n<h2><b>Tipos de casos de lesiones personales que manejamos en Miami Lawyers 360<\/b><\/h2>\n<p><span style=\"font-weight: 400;\">Nuestro equipo legal representa a los demandantes en una variedad de casos de lesiones personales, que incluyen:<\/span><\/p>\n<p><b>Accidentes automovil\u00edsticos:<\/b><span style=\"font-weight: 400;\"> Florida experimenta cientos de accidentes automovil\u00edsticos todos los d\u00edas, la mayor\u00eda de los cuales resultan en lesiones graves. Si ha resultado lesionado en un <a href=\"https:\/\/miamilawyers360.com\/es\/fort-lauderdale\/abogado-accidente-automovilistico\/\">accidente automovil\u00edstico en Fort Lauderdale, Florida,<\/a> podemos ayudarlo.<\/span><\/p>\n<p><b>Compensaci\u00f3n para trabajadores: <\/b><span style=\"font-weight: 400;\">Si se lesiona en el lugar de trabajo en Florida, nuestros abogados de <a href=\"https:\/\/miamilawyers360.com\/es\/fort-lauderdale\/abogado-compensacion-laboral\/\">compensaci\u00f3n para trabajadores de Fort Lauderdale<\/a> pueden manejar su reclamo. Tiene derecho a recibir atenci\u00f3n m\u00e9dica y salarios de reemplazo mientras se recupera.<\/span><\/p>\n<p><b>Accidentes por conducir ebrio:<\/b><span style=\"font-weight: 400;\">\u00a0<a href=\"https:\/\/miamilawyers360.com\/es\/miami\/accidente-conducir-ebrio\/\">Conducir ebrio<\/a> es un delito. Si un conductor ebrio lo lastim\u00f3 a usted o a un ser querido, podemos ayudarlo a buscar una compensaci\u00f3n y llevar al perpetrador ante la justicia.<\/span><\/p>\n<h2><b>P\u00f3ngase en contacto con nuestros abogados de lesiones personales en Fort Lauderdale hoy mismo<\/b><\/h2>\n<p><span style=\"font-weight: 400;\">Nuestros abogados expertos en lesiones personales de Fort Lauderdale en <a href=\"https:\/\/miamilawyers360.com\/es\/\">Miami Lawyers 360<\/a> tienen las habilidades y la experiencia para luchar por su compensaci\u00f3n. Hemos ayudado a numerosos clientes en Fort Lauderdale y en toda Florida con sus casos de lesiones personales. Estamos listos para buscar una compensaci\u00f3n monetaria en su nombre si tiene un caso viable.<\/span><\/p>\n<p><span style=\"font-weight: 400;\">Ll\u00e1menos hoy al <a href=\"tel:+17866862857\"><i class=\"fa fa-phone-alt\"><\/i>(786) 686-2857<\/a> para programar una evaluaci\u00f3n gratuita de su caso con un abogado experimentado y compasivo en lesiones personales de Fort Lauderdale.<\/span><\/p>\n","protected":false},"excerpt":{"rendered":"<p>Si ha resultado lesionado en un accidente de Fort Lauderdale, ya sea en el trabajo o en un accidente automovil\u00edstico, puede ser elegible para una compensaci\u00f3n. Aunque es posible que el dinero no le garantice una recuperaci\u00f3n completa, puede ayudar a aliviar el estr\u00e9s durante un momento tan dif\u00edcil. Contamos con abogados expertos en lesiones [&hellip;]<\/p>\n","protected":false},"author":22,"featured_media":0,"parent":1734,"menu_order":0,"comment_status":"closed","ping_status":"closed","template":"","meta":{"_acf_changed":false,"anchor_text":"","footnotes":""},"class_list":["post-4634","page","type-page","status-publish","hentry"],"acf":[],"_links":{"self":[{"href":"https:\/\/miamilawyers360.com\/es\/wp-json\/wp\/v2\/pages\/4634","targetHints":{"allow":["GET"]}}],"collection":[{"href":"https:\/\/miamilawyers360.com\/es\/wp-json\/wp\/v2\/pages"}],"about":[{"href":"https:\/\/miamilawyers360.com\/es\/wp-json\/wp\/v2\/types\/page"}],"author":[{"embeddable":true,"href":"https:\/\/miamilawyers360.com\/es\/wp-json\/wp\/v2\/users\/22"}],"replies":[{"embeddable":true,"href":"https:\/\/miamilawyers360.com\/es\/wp-json\/wp\/v2\/comments?post=4634"}],"version-history":[{"count":2,"href":"https:\/\/miamilawyers360.com\/es\/wp-json\/wp\/v2\/pages\/4634\/revisions"}],"predecessor-version":[{"id":5276,"href":"https:\/\/miamilawyers360.com\/es\/wp-json\/wp\/v2\/pages\/4634\/revisions\/5276"}],"up":[{"embeddable":true,"href":"https:\/\/miamilawyers360.com\/es\/wp-json\/wp\/v2\/pages\/1734"}],"wp:attachment":[{"href":"https:\/\/miamilawyers360.com\/es\/wp-json\/wp\/v2\/media?parent=4634"}],"curies":[{"name":"wp","href":"https:\/\/api.w.org\/{rel}","templated":true}]}}