{"id":4635,"date":"2021-04-14T19:09:20","date_gmt":"2021-04-14T19:09:20","guid":{"rendered":"https:\/\/miamilawyers360.com\/miami\/workers-compensation-claims-process\/"},"modified":"2026-03-12T13:36:43","modified_gmt":"2026-03-12T17:36:43","slug":"proceso-reclamos-compensacion-trabajadores","status":"publish","type":"page","link":"https:\/\/miamilawyers360.com\/es\/miami\/proceso-reclamos-compensacion-trabajadores\/","title":{"rendered":"Proceso de reclamos de compensaci\u00f3n para trabajadores de Miami"},"content":{"rendered":"<p><span style=\"font-weight: 400;\">\u00bfEst\u00e1 intentando mover el proceso de reclamos de indemnizaci\u00f3n por accidentes de trabajo de Miami? En el momento en que sufre un da\u00f1o en el trabajo en Miami, Florida, est\u00e1 calificado para una compensaci\u00f3n garantizada por sus lesiones del plan de seguro de la empresa. Sea como fuere, lidiar con un proceso de reclamos de compensaci\u00f3n para trabajadores de Miami por s\u00ed solo puede agregar m\u00e1s presi\u00f3n a lo que usted debe atravesar ahora.<\/span><\/p>\n<p><span style=\"font-weight: 400;\">Esa es la raz\u00f3n por la que necesita hablar con un asesor legal de compensaci\u00f3n de trabajadores consumado en Miami FL sobre su caso. Su abogado le consultar\u00e1 sobre lo que debe hacer para obtener la mayor compensaci\u00f3n por sus heridas.<\/span><\/p>\n<p><span style=\"font-weight: 400;\">Los asesores legales de compensaci\u00f3n para trabajadores abundan en Miami FL. Sea como fuere, no todos son iguales. Su examen asume una parte vital en la elecci\u00f3n del mejor abogado de compensaci\u00f3n laboral para su caso. <\/span><a href=\"https:\/\/miamilawyers360.com\/es\/miami\/compensacion-laboral\/\"><span style=\"font-weight: 400;\">1Miami<\/span><\/a><span style=\"font-weight: 400;\"> es una fuente confiable en lo que respecta a la atenci\u00f3n de varios tipos de reclamos por lesiones individuales, incluidos los casos de compensaci\u00f3n para trabajadores.<\/span><\/p>\n<p><span style=\"font-weight: 400;\">Nuestros consejeros legales talentosos y consumados han manejado muchos casos de compensaci\u00f3n de trabajadores y conocen los intrincados detalles del proceso de reclamos de compensaci\u00f3n de trabajadores de Miami.<\/span><\/p>\n<p><span style=\"font-weight: 400;\">Los consejeros legales consumados de la Coalici\u00f3n de Abogados de Compensaci\u00f3n Laboral de Miami pueden administrarlo a trav\u00e9s de todos los medios de la interacci\u00f3n del caso para que obtenga la mayor compensaci\u00f3n por sus heridas. Esa es la raz\u00f3n por la que necesita depender de 1Miami en <\/span><a href=\"https:\/\/www.miamigov.com\/Home\" target=\"_blank\" rel=\"noopener\"><span style=\"font-weight: 400;\">Miami FL<\/span><\/a><span style=\"font-weight: 400;\"> cuando ha sufrido da\u00f1os y planea proceder con un reclamo de compensaci\u00f3n para trabajadores.<\/span><\/p>\n<p><span style=\"font-weight: 400;\">Ll\u00e1menos al <a href=\"tel:7866862857\">(786) 686-2857<\/a> hoy para administrarlo a trav\u00e9s de las leyes de reclamos de compensaci\u00f3n para trabajadores de Miami en FL.<\/span><\/p>\n\n<p><a href=\"https:\/\/miamilawyers360.com\/wp-content\/uploads\/2021\/04\/workers-comp-graphicshutterstock_544292368.jpg\"><img fetchpriority=\"high\" decoding=\"async\" class=\"alignnone wp-image-1178 size-full\" src=\"https:\/\/miamilawyers360.com\/wp-content\/uploads\/2021\/04\/workers-comp-graphicshutterstock_544292368.jpg\" alt=\"This is an image of a illustration of a Miami workers' compensation claims process\" width=\"500\" height=\"500\" \/><\/a><\/p>\n<h2><b>\u00bfC\u00f3mo puedo saber si mi lesi\u00f3n estar\u00e1 cubierta por un reclamo de compensaci\u00f3n para trabajadores?<\/b><\/h2>\n<p><span style=\"font-weight: 400;\">En el momento en que un representante sufre un da\u00f1o en el trabajo o desarrolla una enfermedad relacionada con el trabajo, se considera una lesi\u00f3n de compensaci\u00f3n para trabajadores y est\u00e1 cubierto por el plan de seguro de compensaci\u00f3n para trabajadores de la empresa. La mayor\u00eda de las lesiones sufridas durante el trabajo est\u00e1n cubiertas por la protecci\u00f3n de compensaci\u00f3n de trabajadores, incluidas las enfermedades y errores que ocurren durante los ejercicios de trabajo, el equipo y los materiales.<\/span><\/p>\n<h3><b>Estas son probablemente las heridas relacionadas con los negocios m\u00e1s ampliamente reconocidas que normalmente est\u00e1n cubiertas por la protecci\u00f3n de compensaci\u00f3n de los trabajadores:<\/b><\/h3>\n<ul>\n<li><b>Amputaciones que ocurren en plantas de procesamiento y entornos modernos.<\/b><\/li>\n<li><b>Audici\u00f3n de mala suerte o lesiones en los ojos.<\/b><\/li>\n<li><b>Lesiones por resbalones, ca\u00eddas y salidas<\/b><\/li>\n<li><b>Quemaduras, electrocuciones<\/b><\/li>\n<li><b>Lesiones traum\u00e1ticas del cerebro.<\/b><\/li>\n<li><b>Lesiones de rodilla, espalda y hombros.<\/b><\/li>\n<li><b>Mesotelioma por exposici\u00f3n al asbesto<\/b><\/li>\n<li><b>Lesi\u00f3n debido a aparatos y maquinaria imperfectos o peligrosos.<\/b><\/li>\n<li><b>Afecciones neum\u00f3nicas graves como asma<\/b><\/li>\n<\/ul>\n<p><span style=\"font-weight: 400;\">El tiempo asume una parte importante en la documentaci\u00f3n de un proceso de reclamos de compensaci\u00f3n para trabajadores. El representante tiene un n\u00famero predeterminado de d\u00edas para informar el percance e iniciar el proceso de reclamos de compensaci\u00f3n para trabajadores de Miami para obtener una compensaci\u00f3n por sus lesiones. El trabajador debe informar la lesi\u00f3n o enfermedad a la empresa o su gerente cuando suceda.<\/span><\/p>\n<h3><b>En caso de que posponga la grabaci\u00f3n del proceso de reclamos de compensaci\u00f3n para trabajadores de Miami, la agencia de seguros puede negar su caso. La protecci\u00f3n de compensaci\u00f3n de trabajadores como regla general no cubre:<\/b><\/h3>\n<ul>\n<li><b>Lesiones causadas por peleas.<\/b><\/li>\n<li><b>Lesiones auto-incurridas<\/b><\/li>\n<li><b>Estr\u00e9s y otros trastornos mentales<\/b><\/li>\n<li><b>Lesiones que ocurren mientras se comete un delito o mientras se ve afectado por bebidas alcoh\u00f3licas o drogas.<\/b><\/li>\n<li><b>Lesiones que ocurren sin tener en cuenta las pol\u00edticas de la organizaci\u00f3n.<\/b><\/li>\n<\/ul>\n<p><span style=\"font-weight: 400;\">Su asesor legal de compensaci\u00f3n para trabajadores es la mejor persona para evaluar su caso y exhortar si sus heridas est\u00e1n cubiertas por el plan de compensaci\u00f3n para trabajadores.<\/span><\/p>\n<h2><b>\u00bfCu\u00e1nto tiempo tiene para comenzar un proceso de reclamos de compensaci\u00f3n para trabajadores de Miami en Florida?<\/b><\/h2>\n<p><span style=\"font-weight: 400;\">Florida tiene un l\u00edmite de tiempo legal sobre la medida de tiempo que el representante necesita para documentar un reclamo de compensaci\u00f3n de trabajadores. El representante debe documentar un reclamo de compensaci\u00f3n de trabajadores dentro de los dos a\u00f1os posteriores a la fecha de la lesi\u00f3n subyacente. En la medida de lo posible, est\u00e1 configurado para proteger la accesibilidad de las pruebas y los testigos. La incapacidad de documentar su reclamo de compensaci\u00f3n para trabajadores antes de que venza el l\u00edmite de tiempo legal le impedir\u00e1 registrar realmente un caso de compensaci\u00f3n para trabajadores para obtener una compensaci\u00f3n por sus heridas.<\/span><\/p>\n<h2><b>\u00bfC\u00f3mo comenzar el proceso de reclamos de indemnizaci\u00f3n laboral de Miami en Florida?<\/b><\/h2>\n<p><span style=\"font-weight: 400;\">En el momento en que sufre un da\u00f1o en el trabajo, debe informar a la empresa oa su delegado acerca de sus heridas lo antes posible y documentar un reclamo de compensaci\u00f3n para trabajadores con la Comisi\u00f3n Industrial de Florida. Trate de no depender de su gerente para que realice el trabajo por usted. A decir verdad, hay l\u00edmites de tiempo en FL con respecto a informar a la empresa sobre sus heridas y registrar una garant\u00eda de compensaci\u00f3n de especialistas. El caso debe registrarse dentro de los dos a\u00f1os posteriores a la fecha de la lesi\u00f3n o la fecha de la \u00faltima visita para terapia cl\u00ednica si la empresa ha brindado tratamiento cl\u00ednico.<\/span><\/p>\n<p><span style=\"font-weight: 400;\">La notificaci\u00f3n compuesta sobre el percance debe entregarse a la empresa tan pronto como el tiempo lo permita o dentro de los treinta d\u00edas posteriores a la fecha del percance. Debe completar el Formulario 18 y registrar su caso en la Comisi\u00f3n Industrial de FL. Una vez que haya documentado el caso, la empresa o su agencia de seguros deben reconocer la garant\u00eda o rechazar el caso.<\/span><\/p>\n<p><a href=\"https:\/\/miamilawyers360.com\/wp-content\/uploads\/2021\/04\/workers-comp-lawyer-shutterstock_1149594593-1.jpg\"><img decoding=\"async\" class=\"alignnone wp-image-1177 size-full\" src=\"https:\/\/miamilawyers360.com\/wp-content\/uploads\/2021\/04\/workers-comp-lawyer-shutterstock_1149594593-1.jpg\" alt=\"Lawyer consulting injured client about how to start her Miami workers' compensation claims process.\" width=\"500\" height=\"500\" \/><\/a><\/p>\n<h2><b>Llame a nuestros abogados hoy para comenzar su proceso de reclamos de compensaci\u00f3n para trabajadores en Miami<\/b><\/h2>\n<p><span style=\"font-weight: 400;\">En el momento en que sufre un da\u00f1o en el trabajo en Miami, est\u00e1 calificado para obtener una compensaci\u00f3n garantizada por sus da\u00f1os del frente de protecci\u00f3n de compensaci\u00f3n de los trabajadores del negocio. Debe contratar al mejor abogado de compensaci\u00f3n de trabajadores en Miami, Florida para registrar su caso. Llame a la <\/span><a href=\"https:\/\/miamilawyers360.com\/es\/miami\/compensacion-laboral\/\"><span style=\"font-weight: 400;\">Coalici\u00f3n de Abogados de Compensaci\u00f3n para Trabajadores de Miami<\/span><\/a><span style=\"font-weight: 400;\"><a href=\"tel:7866862857\"> (786) 686-2857<\/a> hoy para controlarlo a trav\u00e9s de los medios de la medida de garant\u00eda de compensaci\u00f3n para trabajadores en Miami FL.<\/span><\/p>\n","protected":false},"excerpt":{"rendered":"<p>\u00bfEst\u00e1 intentando mover el proceso de reclamos de indemnizaci\u00f3n por accidentes de trabajo de Miami? En el momento en que sufre un da\u00f1o en el trabajo en Miami, Florida, est\u00e1 calificado para una compensaci\u00f3n garantizada por sus lesiones del plan de seguro de la empresa. Sea como fuere, lidiar con un proceso de reclamos de [&hellip;]<\/p>\n","protected":false},"author":22,"featured_media":0,"parent":4656,"menu_order":0,"comment_status":"closed","ping_status":"closed","template":"","meta":{"_acf_changed":false,"anchor_text":"","footnotes":""},"class_list":["post-4635","page","type-page","status-publish","hentry"],"acf":[],"_links":{"self":[{"href":"https:\/\/miamilawyers360.com\/es\/wp-json\/wp\/v2\/pages\/4635","targetHints":{"allow":["GET"]}}],"collection":[{"href":"https:\/\/miamilawyers360.com\/es\/wp-json\/wp\/v2\/pages"}],"about":[{"href":"https:\/\/miamilawyers360.com\/es\/wp-json\/wp\/v2\/types\/page"}],"author":[{"embeddable":true,"href":"https:\/\/miamilawyers360.com\/es\/wp-json\/wp\/v2\/users\/22"}],"replies":[{"embeddable":true,"href":"https:\/\/miamilawyers360.com\/es\/wp-json\/wp\/v2\/comments?post=4635"}],"version-history":[{"count":1,"href":"https:\/\/miamilawyers360.com\/es\/wp-json\/wp\/v2\/pages\/4635\/revisions"}],"predecessor-version":[{"id":5000,"href":"https:\/\/miamilawyers360.com\/es\/wp-json\/wp\/v2\/pages\/4635\/revisions\/5000"}],"up":[{"embeddable":true,"href":"https:\/\/miamilawyers360.com\/es\/wp-json\/wp\/v2\/pages\/4656"}],"wp:attachment":[{"href":"https:\/\/miamilawyers360.com\/es\/wp-json\/wp\/v2\/media?parent=4635"}],"curies":[{"name":"wp","href":"https:\/\/api.w.org\/{rel}","templated":true}]}}