{"id":4637,"date":"2021-07-09T02:29:02","date_gmt":"2021-07-09T06:29:02","guid":{"rendered":"https:\/\/miamilawyers360.com\/fort-lauderdale\/workers-comp-mmi\/"},"modified":"2026-03-13T15:08:44","modified_gmt":"2026-03-13T19:08:44","slug":"mejora-medica-maxima-fort-lauderdale","status":"publish","type":"page","link":"https:\/\/miamilawyers360.com\/es\/fort-lauderdale\/mejora-medica-maxima-fort-lauderdale\/","title":{"rendered":"Mejora m\u00e9dica m\u00e1xima de Fort Lauderdale"},"content":{"rendered":"<p><span style=\"font-weight: 400;\">El objetivo final de todo proveedor de seguros es sacar provecho de los problemas de las personas y ellos har\u00e1n lo que puedan para minimizar o evitar p\u00e9rdidas. Por lo tanto, nunca asuma que su aseguradora quiere ahorrarle dinero como trabajador lesionado. Es m\u00e1s probable que lo enga\u00f1en y obtenga la menor liquidaci\u00f3n posible, si es que no lo hace. Las cosas son a\u00fan m\u00e1s desafiantes cuando ha agotado todas las opciones de tratamiento posibles y ning\u00fan otro tratamiento puede ayudar.<\/span><\/p>\n<p><span style=\"font-weight: 400;\">Sin embargo, tambi\u00e9n se encontrar\u00e1 en medio de las cosas cuando se enfrente a las compa\u00f1\u00edas de seguros cuando busque un MMI. Pero puede enfrentarlos con valent\u00eda y asegurarse de obtener lo que se merece como compensaci\u00f3n por sus lesiones, sufrimiento y p\u00e9rdidas si contrata a un abogado de compensaci\u00f3n para trabajadores competente y confiable para que lo represente.<\/span><\/p>\n<p><span style=\"font-weight: 400;\">Nos especializamos en reclamos de compensaci\u00f3n para trabajadores y hemos ayudado a muchos clientes a obtener compensaci\u00f3n por sus lesiones o enfermedades relacionadas con el trabajo. Si necesita un abogado comprometido que lo ayude a obtener la m\u00e1xima mejora m\u00e9dica en Ft. Lauderdale, entonces <\/span><a href=\"https:\/\/miamilawyers360.com\/es\/fort-lauderdale\/abogado-compensacion-laboral\/\"><span style=\"font-weight: 400;\">somos el profesional legal a contratar<\/span><\/a><span style=\"font-weight: 400;\">. Ll\u00e1menos al <a href=\"tel:+17866862857\"><i class=\"fa fa-phone-alt\"><\/i>(786) 686-2857<\/a> para programar una consulta no obligatoria y aprender c\u00f3mo podemos ayudar.<\/span><\/p>\n<h2><b>\u00bfQu\u00e9 es la m\u00e1xima mejora m\u00e9dica?<\/b><\/h2>\n<p><span style=\"font-weight: 400;\">La Mejora M\u00e9dica M\u00e1xima o MMI es una disposici\u00f3n dentro de la compensaci\u00f3n para trabajadores que se invoca cuando un empleado sufre lesiones o enfermedades relacionadas con el trabajo que van m\u00e1s all\u00e1 de cualquier ayuda m\u00e9dica, lo que significa que la v\u00edctima sufrir\u00e1 el dolor o la discapacidad causados \u200b\u200bpor la lesi\u00f3n ya que no hay un tratamiento efectivo disponible. Ser\u00e1 elegible para solicitar el MMI si su m\u00e9dico dice que no se puede hacer nada m\u00e1s que lo que ya se ha hecho para ayudarlo a mejorar.<\/span><\/p>\n<p><span style=\"font-weight: 400;\">La mejor\u00eda m\u00e9dica m\u00e1xima surgir\u00e1 mientras una v\u00edctima lesionada reciba tratamiento o haya sido tratada varios, pero los problemas siguen surgiendo. En tal caso, a la v\u00edctima se le asignar\u00e1 una calificaci\u00f3n de Discapacidad Parcial Permanente calculada utilizando una f\u00f3rmula legislada por el Estado.<\/span><\/p>\n<h2><b>\u00bfQui\u00e9n determina cu\u00e1ndo un empleado ha alcanzado el MMI?<\/b><\/h2>\n<p><span style=\"font-weight: 400;\">Su empleador o proveedor de seguros no tiene derecho a decir o sugerir que no se ha comunicado con MMI. De acuerdo con <\/span><a href=\"https:\/\/www.leg.state.fl.us\/Statutes\/index.cfm?App_mode=Display_Statute&amp;URL=0400-0499\/0440\/0440ContentsIndex.html\" target=\"_blank\" rel=\"noopener\"><span style=\"font-weight: 400;\">las leyes del estado de Florida<\/span><\/a><span style=\"font-weight: 400;\">, solo el m\u00e9dico de la v\u00edctima o el m\u00e9dico tratante pueden determinar si la persona bajo su cuidado ha alcanzado la mejor\u00eda m\u00e9dica m\u00e1xima. Ocurre cuando el m\u00e9dico tratante determina que la condici\u00f3n de la v\u00edctima no ha mejorado ni mejorar\u00e1 con el tratamiento continuo. La mejora m\u00e9dica m\u00e1xima implica que las lesiones o enfermedades relacionadas con el trabajo de la persona solo mejoran en la medida en que sea m\u00e9dicamente posible, y no se puede hacer nada m\u00e1s.<\/span><\/p>\n<h2><b>\u00bfContin\u00faa el tratamiento m\u00e9dico despu\u00e9s de que se diagnostica la mejor\u00eda m\u00e9dica m\u00e1xima de Fort Lauderdale?<\/b><\/h2>\n<p><span style=\"font-weight: 400;\">Dado que a\u00fan no se ha recuperado de lesiones o enfermedades relacionadas con el trabajo, tiene derecho a recibir tratamiento continuo a pesar de llegar a MMI y no reanudar el trabajo sin ninguna restricci\u00f3n. Sin embargo, tambi\u00e9n es mejor tener en cuenta que podr\u00eda informar a su trabajo pero encontrar algunos cambios destinados a ayudarlo a hacer frente a las demandas de su trabajo dada su condici\u00f3n. Adem\u00e1s, tambi\u00e9n recibir\u00e1 un tratamiento que en la mayor\u00eda de los casos es para aliviar el dolor. Adem\u00e1s, su m\u00e9dico no ofrecer\u00e1 un nuevo tratamiento despu\u00e9s de determinar que alcanz\u00f3 la mejor\u00eda m\u00e9dica m\u00e1xima.<\/span><\/p>\n<p><a href=\"https:\/\/miamilawyers360.com\/wp-content\/uploads\/2021\/07\/shutterstock_452736478-2.jpg\"><img fetchpriority=\"high\" decoding=\"async\" class=\"alignnone size-full wp-image-1835\" src=\"https:\/\/miamilawyers360.com\/wp-content\/uploads\/2021\/07\/shutterstock_452736478-2.jpg\" alt=\"Man injured at work and receives Fort Lauderdale Maximum Medical improvement\" width=\"500\" height=\"334\" \/><\/a><\/p>\n<h2><b>\u00bfQu\u00e9 sucede cuando una v\u00edctima no puede regresar a trabajar o desempe\u00f1arse como antes despu\u00e9s de su diagn\u00f3stico de MMI?<\/b><\/h2>\n<p><span style=\"font-weight: 400;\">Es dif\u00edcil para un empleado reanudar el trabajo y desempe\u00f1arse bien cuando se trata de lesiones o enfermedades que se considera que no mejoran con ning\u00fan tratamiento adicional. Como tal, debe continuar recibiendo beneficios semanales y tratamiento continuo para ayudar a controlar el dolor a medida que reanuda el trabajo despu\u00e9s de obtener un diagn\u00f3stico de mejor\u00eda m\u00e9dica m\u00e1xima.<\/span><\/p>\n<p><span style=\"font-weight: 400;\">Suponga que el m\u00e9dico evoca el MMI o cree que est\u00e1 cerca de uno. En ese caso, es mejor considerar tomar varias decisiones cruciales con respecto a c\u00f3mo proceder\u00e1 sin arriesgar sus posibilidades de obtener una compensaci\u00f3n justa por sus lesiones, p\u00e9rdidas y sufrimiento. Por lo tanto, debe considerar los servicios de un abogado de compensaci\u00f3n para trabajadores de buena reputaci\u00f3n.<\/span><\/p>\n<p><span style=\"font-weight: 400;\">Adem\u00e1s, tenga en cuenta que los proveedores de seguros no se apresurar\u00e1n a compensarlo e incluso ser\u00e1n m\u00e1s estrictos al respecto cuando haya una mejor\u00eda m\u00e9dica m\u00e1xima, pero puede reanudar el trabajo. Por el contrario, pueden decidir ofrecerle un acuerdo una vez que se haya comunicado con MMI porque comprenden el impacto de sus lesiones o enfermedades en su vida.<\/span><\/p>\n<p><span style=\"font-weight: 400;\">En la Coalici\u00f3n de Abogados de Compensaci\u00f3n Laboral de Miami, lucharemos para garantizar que se respeten sus derechos e intereses. Estamos seguros de que somos su mejor opci\u00f3n cuando obtiene una calificaci\u00f3n m\u00e1xima de mejora m\u00e9dica de su m\u00e9dico y se siente abrumado por sus condiciones mientras trata con su empleador y proveedor de seguros que buscan una compensaci\u00f3n. Su abogado se pondr\u00e1 en contacto con su m\u00e9dico de salud despu\u00e9s de obtener una calificaci\u00f3n de MMI para determinar qu\u00e9 es lo mejor.<\/span><\/p>\n<p><span style=\"font-weight: 400;\">Sin embargo, si su condici\u00f3n le impide volver a trabajar incluso despu\u00e9s de someterse a un tratamiento y nada parece prometedor, su m\u00e9dico le dar\u00e1 una calificaci\u00f3n de discapacidad permanente. Significa que no puede regresar al trabajo. Pero podr\u00eda volver a su trabajo si la calificaci\u00f3n de discapacidad permanente determina si es elegible para recibir da\u00f1os.<\/span><\/p>\n<h3><b>Ll\u00e1menos hoy para comprender su Ft. Mejor\u00eda M\u00e9dica M\u00e1xima de Lauderdale<\/b><\/h3>\n<p><span style=\"font-weight: 400;\">Las leyes federales y estatales le otorgan el derecho a recibir compensaci\u00f3n para trabajadores si se lesiona en el trabajo o se enferma debido a un factor relacionado con el trabajo. Pero las leyes estipulan varias condiciones que usted y su empleador deben cumplir para que pueda obtener una compensaci\u00f3n. Sus posibilidades de recibir la compensaci\u00f3n completa son mejores cuando tiene un abogado experimentado en compensaci\u00f3n para trabajadores que lucha por sus derechos e intereses.<\/span><\/p>\n<p><span style=\"font-weight: 400;\">Si su m\u00e9dico le otorga un MMI, debe familiarizarse con lo que significa la m\u00e1xima mejora m\u00e9dica de Fort Lauderdale y c\u00f3mo afecta sus posibilidades de obtener beneficios. En <\/span><a href=\"https:\/\/www.leg.state.fl.us\/Statutes\/index.cfm?App_mode=Display_Statute&amp;URL=0400-0499\/0440\/0440ContentsIndex.html\" target=\"_blank\" rel=\"noopener\"><span style=\"font-weight: 400;\">Miami Workers &#8216;Compensation Lawyers Coalition<\/span><\/a><span style=\"font-weight: 400;\">, sabemos c\u00f3mo su empleador y el proveedor de seguros querr\u00e1n aprovechar todas las lagunas posibles para negar o reducir su compensaci\u00f3n. Es por eso que lo llevaremos a trav\u00e9s de todas sus opciones, asesor\u00e1ndole y gui\u00e1ndole sobre lo que debe hacer para garantizar sus derechos e intereses.<\/span><\/p>\n<p><span style=\"font-weight: 400;\">Nos especializamos en reclamos de compensaci\u00f3n para trabajadores y hemos ayudado a muchos clientes a obtener compensaci\u00f3n por sus lesiones o enfermedades relacionadas con el trabajo. Si necesita un abogado comprometido que lo ayude a obtener la m\u00e1xima mejora m\u00e9dica en <\/span><a href=\"https:\/\/www.fortlauderdale.gov\/\" target=\"_blank\" rel=\"noopener\"><span style=\"font-weight: 400;\">Ft. Lauderdale<\/span><\/a><span style=\"font-weight: 400;\"> , entonces somos los profesionales del derecho a contratar. Ll\u00e1menos al <a href=\"tel:+17866862857\"><i class=\"fa fa-phone-alt\"><\/i>(786) 686-2857<\/a> para programar una consulta no obligatoria y aprender c\u00f3mo podemos ayudar.<\/span><\/p>\n","protected":false},"excerpt":{"rendered":"<p>El objetivo final de todo proveedor de seguros es sacar provecho de los problemas de las personas y ellos har\u00e1n lo que puedan para minimizar o evitar p\u00e9rdidas. Por lo tanto, nunca asuma que su aseguradora quiere ahorrarle dinero como trabajador lesionado. Es m\u00e1s probable que lo enga\u00f1en y obtenga la menor liquidaci\u00f3n posible, si [&hellip;]<\/p>\n","protected":false},"author":22,"featured_media":0,"parent":1734,"menu_order":0,"comment_status":"closed","ping_status":"closed","template":"","meta":{"_acf_changed":false,"anchor_text":"","footnotes":""},"class_list":["post-4637","page","type-page","status-publish","hentry"],"acf":[],"_links":{"self":[{"href":"https:\/\/miamilawyers360.com\/es\/wp-json\/wp\/v2\/pages\/4637","targetHints":{"allow":["GET"]}}],"collection":[{"href":"https:\/\/miamilawyers360.com\/es\/wp-json\/wp\/v2\/pages"}],"about":[{"href":"https:\/\/miamilawyers360.com\/es\/wp-json\/wp\/v2\/types\/page"}],"author":[{"embeddable":true,"href":"https:\/\/miamilawyers360.com\/es\/wp-json\/wp\/v2\/users\/22"}],"replies":[{"embeddable":true,"href":"https:\/\/miamilawyers360.com\/es\/wp-json\/wp\/v2\/comments?post=4637"}],"version-history":[{"count":2,"href":"https:\/\/miamilawyers360.com\/es\/wp-json\/wp\/v2\/pages\/4637\/revisions"}],"predecessor-version":[{"id":5271,"href":"https:\/\/miamilawyers360.com\/es\/wp-json\/wp\/v2\/pages\/4637\/revisions\/5271"}],"up":[{"embeddable":true,"href":"https:\/\/miamilawyers360.com\/es\/wp-json\/wp\/v2\/pages\/1734"}],"wp:attachment":[{"href":"https:\/\/miamilawyers360.com\/es\/wp-json\/wp\/v2\/media?parent=4637"}],"curies":[{"name":"wp","href":"https:\/\/api.w.org\/{rel}","templated":true}]}}