{"id":4640,"date":"2021-07-09T02:20:02","date_gmt":"2021-07-09T06:20:02","guid":{"rendered":"https:\/\/miamilawyers360.com\/fort-lauderdale\/workers-comp-disputes\/"},"modified":"2026-03-13T15:09:24","modified_gmt":"2026-03-13T19:09:24","slug":"disputas-compensacion-laboral-fort-lauderdale-fl","status":"publish","type":"page","link":"https:\/\/miamilawyers360.com\/es\/fort-lauderdale\/disputas-compensacion-laboral-fort-lauderdale-fl\/","title":{"rendered":"Disputas de compensaci\u00f3n laboral en Fort Lauderdale, FL"},"content":{"rendered":"<p><span style=\"font-weight: 400;\">El lugar de trabajo es uno de los pocos lugares en los que alguien espera lesionarse o sufrir da\u00f1os, a menos que est\u00e9 trabajando en un entorno de alto riesgo, como la construcci\u00f3n y la miner\u00eda. Sin embargo, es posible que no se d\u00e9 cuenta de que los accidentes en el lugar de trabajo que provocan lesiones graves, as\u00ed como las enfermedades causadas por la exposici\u00f3n a sustancias o la naturaleza del trabajo, son bastante comunes en casi todos los sectores, por lo que la ley de Florida requiere que todos los empleadores con al menos 4 empleados proporcionan un seguro de compensaci\u00f3n para trabajadores para todos sus empleados. Sin embargo, existe una excepci\u00f3n en la industria de la construcci\u00f3n, ya que todos los empleadores deben tener este seguro independientemente del n\u00famero de empleados.<\/span><\/p>\n<p><span style=\"font-weight: 400;\">La compensaci\u00f3n para trabajadores de Florida es un sistema dise\u00f1ado para brindar apoyo financiero a los empleados lesionados mientras est\u00e1n en el trabajo. Si bien este podr\u00eda ser el caso, hay casos en los que un empleador o su compa\u00f1\u00eda de seguros pueden rechazar el reclamo de un empleado u ofrecer una oferta de compensaci\u00f3n menos que favorable. Nuestro equipo de expertos puede ayudarlo con sus disputas de compensaci\u00f3n laboral en <\/span><a href=\"https:\/\/www.fortlauderdale.gov\/\" target=\"_blank\" rel=\"noopener\"><span style=\"font-weight: 400;\">Fort Lauderdale, FL<\/span><\/a><span style=\"font-weight: 400;\"> .<\/span><\/p>\n<p><span style=\"font-weight: 400;\">Sufrir una lesi\u00f3n en el lugar de trabajo puede ser muy angustiante, ya que a menudo significa quedarse sin trabajo durante un per\u00edodo prolongado y tener que lidiar con facturas m\u00e9dicas cada vez mayores. La situaci\u00f3n solo empeora si se niega su reclamo de compensaci\u00f3n para trabajadores por cualquier motivo. Si esto le ha sucedido y cree que su reclamo fue denegado injustamente, un <\/span><a href=\"https:\/\/miamilawyers360.com\/es\/fort-lauderdale\/abogado-compensacion-laboral\/\"><span style=\"font-weight: 400;\">Ft. El abogado de compensaci\u00f3n para trabajadores de Lauderdale<\/span><\/a><span style=\"font-weight: 400;\"> en la Coalici\u00f3n de Abogados de Compensaci\u00f3n para Trabajadores de Miami puede ayudarlo a luchar por sus derechos y brindarle la soluci\u00f3n legal m\u00e1s efectiva en su disputa de compensaci\u00f3n para trabajadores en Miami. Cont\u00e1ctenos hoy para programar una cita con uno de nuestros abogados expertos.<\/span><\/p>\n<h2><b>Causas de las disputas por indemnizaci\u00f3n laboral<\/b><\/h2>\n<p><span style=\"font-weight: 400;\">Hay muchas razones por las que su reclamo de compensaci\u00f3n para trabajadores podr\u00eda ser denegado. Comprender la raz\u00f3n exacta por la que se deneg\u00f3 su reclamo puede ayudarlo a determinar la mejor manera de seguir adelante y si tiene un reclamo v\u00e1lido que fue denegado injustamente. Si se rechaza su reclamo, recibir\u00e1 una carta de \u00abDenegaci\u00f3n de reclamo\u00bb de la compa\u00f1\u00eda de seguros que detalla por qu\u00e9 se rechaz\u00f3 su reclamo y la posibilidad de una apelaci\u00f3n. Estas son algunas de las razones v\u00e1lidas que su empleador o su compa\u00f1\u00eda de seguros pueden usar para denegar su reclamo:<\/span><\/p>\n<h3><b>Estado de Empleo<\/b><\/h3>\n<p><span style=\"font-weight: 400;\">Su situaci\u00f3n laboral es uno de los factores m\u00e1s importantes que se consideran al determinar si tiene una compensaci\u00f3n laboral v\u00e1lida. En este sentido, solo tiene derecho a los beneficios de compensaci\u00f3n para trabajadores si es un empleado (a tiempo parcial o completo) de la empresa. Esto significa que si renunci\u00f3, fue despedido o fue despedido antes de presentar su reclamo de compensaci\u00f3n para trabajadores, entonces no tiene derecho a los beneficios de compensaci\u00f3n para trabajadores. Sin embargo, si la reclamaci\u00f3n se present\u00f3 antes de que renunciara o fuera despedido o despedido, tiene una reclamaci\u00f3n v\u00e1lida.<\/span><\/p>\n<h3><b>Alcance externo del empleo<\/b><\/h3>\n<p><span style=\"font-weight: 400;\">B\u00e1sicamente, para que una lesi\u00f3n est\u00e9 cubierta por los beneficios de compensaci\u00f3n para trabajadores de Florida, deber\u00eda haber ocurrido mientras realizaba una actividad relacionada con el trabajo. La compa\u00f1\u00eda de seguros tendr\u00e1 fundamentos legales para denegar su reclamo si sus lesiones surgieron por algo que no est\u00e1 relacionado con su empleo o dentro del alcance de \u00e9ste.<\/span><\/p>\n<h3><b>Falta de causalidad<\/b><\/h3>\n<p><span style=\"font-weight: 400;\">Tiene que haber una conexi\u00f3n causal entre su trabajo y sus lesiones para que su reclamo sea v\u00e1lido. Esto significa que debe demostrar que sus lesiones fueron causadas mientras realizaba su trabajo o fueron el resultado de una condici\u00f3n insegura en particular en su trabajo.<\/span><\/p>\n<h3><b>Plazos perdidos<\/b><\/h3>\n<p><span style=\"font-weight: 400;\">Cuando se trata de presentar un reclamo de compensaci\u00f3n para trabajadores en Florida, hay ciertos plazos que deben cumplirse. En primer lugar, debe notificar a su empleador (preferiblemente por escrito) acerca de su lesi\u00f3n dentro de los treinta d\u00edas posteriores al accidente, o en el caso de una enfermedad ocupacional, dentro de los 30 d\u00edas posteriores al descubrimiento de la enfermedad.<\/span><\/p>\n<h3><b>Informaci\u00f3n inadecuada<\/b><\/h3>\n<p><span style=\"font-weight: 400;\">Para una reclamaci\u00f3n exitosa, debe proporcionar la mayor cantidad de informaci\u00f3n posible a la compa\u00f1\u00eda de seguros de compensaci\u00f3n para trabajadores con respecto a su lesi\u00f3n y c\u00f3mo sucedi\u00f3. Algunas de las principales razones por las que las compa\u00f1\u00edas de seguros niegan las reclamaciones son la falta de testigos y de informaci\u00f3n suficiente para respaldar la reclamaci\u00f3n de un empleado.<\/span><\/p>\n<p><a href=\"https:\/\/miamilawyers360.com\/wp-content\/uploads\/2021\/07\/shutterstock_320663342-1.jpg\"><img fetchpriority=\"high\" decoding=\"async\" class=\"alignnone size-full wp-image-1388\" src=\"https:\/\/miamilawyers360.com\/wp-content\/uploads\/2021\/07\/shutterstock_320663342-1.jpg\" alt=\"reviewing workers compensation law for workers' compensation disputes in Fort Lauderdale\" width=\"500\" height=\"334\" \/><\/a><\/p>\n<h2><b>\u00bfQu\u00e9 debo hacer si mi reclamo de indemnizaci\u00f3n laboral es rechazado en Florida?<\/b><\/h2>\n<p><span style=\"font-weight: 400;\">El hecho de que su reclamo haya sido denegado inicialmente no significa el final del camino para usted. Tiene la opci\u00f3n de apelar esa decisi\u00f3n, as\u00ed como cualquier otra denegaci\u00f3n posterior. En el desafortunado caso de que se rechace su reclamo, esto es lo que necesita:<\/span><\/p>\n<h3><b>Solicitar audiencia ante la Comisi\u00f3n Industrial<\/b><\/h3>\n<p><span style=\"font-weight: 400;\">Si su reclamo de compensaci\u00f3n para trabajadores ha sido denegado, debe presentar lo que se conoce como un reclamo de \u00ab<\/span><a href=\"https:\/\/miamilawyers360.com\/es\/fort-lauderdale\/abogado-compensacion-laboral\/\"><span style=\"font-weight: 400;\">Petici\u00f3n de beneficios<\/span><\/a><span style=\"font-weight: 400;\"> \u00bb dentro de los dos a\u00f1os posteriores a la lesi\u00f3n ante la Divisi\u00f3n de Compensaci\u00f3n para Trabajadores de Florida, que tendr\u00e1 un juez asignado a su caso. Normalmente, el juez recomendar\u00e1 que el caso se resuelva mediante estrategias alternativas de resoluci\u00f3n de disputas, es decir, mediaci\u00f3n.<\/span><\/p>\n<p><span style=\"font-weight: 400;\">Si su caso no puede resolverse mediante la mediaci\u00f3n, puede solicitar una audiencia ante la Oficina de Jueces de Reclamaciones de Compensaci\u00f3n. Aqu\u00ed, el juez tomar\u00e1 una decisi\u00f3n sobre los beneficios y emitir\u00e1 un fallo dentro de los 30 d\u00edas posteriores a la audiencia. Si no est\u00e1 satisfecho con la decisi\u00f3n, puede presentar una apelaci\u00f3n ante el Tribunal de Apelaciones del Primer Distrito de Florida dentro de los 30 d\u00edas posteriores a la decisi\u00f3n del juez.<\/span><\/p>\n<h3><b>Comun\u00edquese con un abogado<\/b><\/h3>\n<p><span style=\"font-weight: 400;\">Si su reclamo ha sido denegado, es fundamental que se comunique con un abogado con experiencia en compensaci\u00f3n para trabajadores de inmediato. Un abogado negociar\u00e1 con la compa\u00f1\u00eda de seguros en su nombre y lo ayudar\u00e1 a llegar a un acuerdo favorable para usted. Si las negociaciones no son fruct\u00edferas, el abogado lo ayudar\u00e1 a recopilar toda la evidencia necesaria para construir un caso s\u00f3lido para usted durante el proceso de apelaci\u00f3n.<\/span><\/p>\n<h2><b>Tipos de disputas por compensaci\u00f3n laboral en Fort Lauderdale<\/b><\/h2>\n<p><span style=\"font-weight: 400;\">Existen varios motivos por los cuales su empleador o su compa\u00f1\u00eda de seguros pueden disputar su reclamo. B\u00e1sicamente, hay dos categor\u00edas principales de disputas por compensaci\u00f3n de trabajadores:<\/span><\/p>\n<h3><b>Disputas m\u00e9dicas<\/b><\/h3>\n<p><span style=\"font-weight: 400;\">Este tipo de disputas surgen cuando el empleador o su compa\u00f1\u00eda de seguros niegan su reclamo por motivos m\u00e9dicos. Por ejemplo, el empleador puede argumentar que usted sufri\u00f3 la lesi\u00f3n antes del supuesto evento, ten\u00eda una afecci\u00f3n subyacente o que su enfermedad ocupacional fue causada por otros factores.<\/span><\/p>\n<h3><b>Reclamar disputas<\/b><\/h3>\n<p><span style=\"font-weight: 400;\">Este tipo de disputas surgen cuando el empleador o su compa\u00f1\u00eda de seguros niegan su reclamo debido a que no sigui\u00f3 las reglas y procedimientos involucrados en los reclamos de compensaci\u00f3n para trabajadores de Florida. Por ejemplo, la compa\u00f1\u00eda de seguros puede reclamar que no present\u00f3 el reclamo dentro del plazo establecido. El empleador tambi\u00e9n puede alegar que la lesi\u00f3n no ocurri\u00f3 dentro del \u00e1mbito de su empleo, que estuvo bajo la influencia de drogas, etc.<\/span><\/p>\n<h2><b>P\u00f3ngase en contacto con un experimentado Ft. Abogado de compensaci\u00f3n laboral de Lauderdale hoy<\/b><\/h2>\n<p><span style=\"font-weight: 400;\">Si recientemente sufri\u00f3 una lesi\u00f3n en el lugar de trabajo y se le neg\u00f3 su reclamo de compensaci\u00f3n para trabajadores, es comprensible que est\u00e9 preocupado y angustiado. Afortunadamente, esto no significa que no sea elegible para recibir beneficios de compensaci\u00f3n para trabajadores. A\u00fan tiene recursos legales, pero debe actuar con rapidez para proteger sus derechos. Con la ayuda de un abogado con experiencia en compensaci\u00f3n para <\/span><a href=\"https:\/\/miamilawyers360.com\/es\/fort-lauderdale\/abogado-compensacion-laboral\/\"><span style=\"font-weight: 400;\">trabajadores en la Coalici\u00f3n de Abogados de Compensaci\u00f3n para Trabajadores de Miami<\/span><\/a><span style=\"font-weight: 400;\"> , puede apelar efectivamente la denegaci\u00f3n y asegurar su compensaci\u00f3n financiera legalmente adeuda. Ll\u00e1menos hoy al [tel\u00e9fono] para una evaluaci\u00f3n de su caso.<\/span><\/p>\n","protected":false},"excerpt":{"rendered":"<p>El lugar de trabajo es uno de los pocos lugares en los que alguien espera lesionarse o sufrir da\u00f1os, a menos que est\u00e9 trabajando en un entorno de alto riesgo, como la construcci\u00f3n y la miner\u00eda. Sin embargo, es posible que no se d\u00e9 cuenta de que los accidentes en el lugar de trabajo que [&hellip;]<\/p>\n","protected":false},"author":22,"featured_media":5319,"parent":1734,"menu_order":0,"comment_status":"closed","ping_status":"closed","template":"","meta":{"_acf_changed":false,"anchor_text":"","footnotes":""},"class_list":["post-4640","page","type-page","status-publish","has-post-thumbnail","hentry"],"acf":[],"_links":{"self":[{"href":"https:\/\/miamilawyers360.com\/es\/wp-json\/wp\/v2\/pages\/4640","targetHints":{"allow":["GET"]}}],"collection":[{"href":"https:\/\/miamilawyers360.com\/es\/wp-json\/wp\/v2\/pages"}],"about":[{"href":"https:\/\/miamilawyers360.com\/es\/wp-json\/wp\/v2\/types\/page"}],"author":[{"embeddable":true,"href":"https:\/\/miamilawyers360.com\/es\/wp-json\/wp\/v2\/users\/22"}],"replies":[{"embeddable":true,"href":"https:\/\/miamilawyers360.com\/es\/wp-json\/wp\/v2\/comments?post=4640"}],"version-history":[{"count":2,"href":"https:\/\/miamilawyers360.com\/es\/wp-json\/wp\/v2\/pages\/4640\/revisions"}],"predecessor-version":[{"id":5273,"href":"https:\/\/miamilawyers360.com\/es\/wp-json\/wp\/v2\/pages\/4640\/revisions\/5273"}],"up":[{"embeddable":true,"href":"https:\/\/miamilawyers360.com\/es\/wp-json\/wp\/v2\/pages\/1734"}],"wp:featuredmedia":[{"embeddable":true,"href":"https:\/\/miamilawyers360.com\/es\/wp-json\/wp\/v2\/media\/5319"}],"wp:attachment":[{"href":"https:\/\/miamilawyers360.com\/es\/wp-json\/wp\/v2\/media?parent=4640"}],"curies":[{"name":"wp","href":"https:\/\/api.w.org\/{rel}","templated":true}]}}