{"id":4642,"date":"2021-07-09T02:36:59","date_gmt":"2021-07-09T06:36:59","guid":{"rendered":"https:\/\/miamilawyers360.com\/coral-gables\/workers-comp-claims-process\/"},"modified":"2026-03-13T14:55:10","modified_gmt":"2026-03-13T18:55:10","slug":"proceso-reclamos-compensacion-trabajadores-coral-gables-fl","status":"publish","type":"page","link":"https:\/\/miamilawyers360.com\/es\/coral-gables\/proceso-reclamos-compensacion-trabajadores-coral-gables-fl\/","title":{"rendered":"Proceso de reclamos de compensaci\u00f3n para trabajadores en Coral Gables, FL"},"content":{"rendered":"<p><span style=\"font-weight: 400;\">El lugar de trabajo es el lugar al que va para llegar a fin de mes y mantenerse en estos tiempos econ\u00f3micos dif\u00edciles. No hay nada peor que lastimarse mientras cumpl\u00eda con sus deberes de poner comida en su mesa. Adem\u00e1s de que el lugar de trabajo sea un lugar donde se gana la vida, tambi\u00e9n debe garantizar su seguridad y asegurarse de que regrese a casa con sus seres queridos al final del d\u00eda. Sin embargo, eso es en un mundo ideal y no vivimos en un lugar as\u00ed. Los accidentes en el lugar de trabajo ocurren cada vez, y algunos son m\u00e1s graves que otros. Entonces, \u00bfqu\u00e9 hace cuando se lesiona mientras estaba en el horario oficial de la empresa?<\/span><\/p>\n<p><span style=\"font-weight: 400;\">\u00a1No tem\u00e1is! La ley de Florida exige que todas las empresas tengan una p\u00f3liza de seguro de compensaci\u00f3n para trabajadores que cubra a sus empleados. La \u00fanica raz\u00f3n del sistema de compensaci\u00f3n para trabajadores es proteger a los empleados que han sido v\u00edctimas de lesiones en el lugar de trabajo. Si se lesion\u00f3 mientras cumpl\u00eda con los deberes de su empresa, tiene derecho a recibir un reembolso por sus problemas, independientemente de si tuvo la culpa de dicho accidente. Si se encuentra en tal situaci\u00f3n, deber\u00eda pensar en consultar con un abogado de compensaci\u00f3n laboral profesional para que lo gu\u00ede a trav\u00e9s del proceso de reclamos con \u00e9xito.<\/span><\/p>\n<p><span style=\"font-weight: 400;\">Si ha sido v\u00edctima de una lesi\u00f3n en el lugar de trabajo en Coral Gables, FL, y no comprende c\u00f3mo funciona el proceso de reclamos de compensaci\u00f3n para trabajadores, debe comunicarse con las <\/span><a href=\"https:\/\/miamilawyers360.com\/es\/coral-gables\/abogado-compensacion-laboral\/\"><span style=\"font-weight: 400;\">oficinas legales de la Coalici\u00f3n de Abogados de Compensaci\u00f3n para Trabajadores de Miami<\/span><\/a><span style=\"font-weight: 400;\"> para hablar con uno de nuestros representantes y descubra su mejor curso de acci\u00f3n. \u00a1Ll\u00e1menos HOY al [tel\u00e9fono] para recibir la ayuda que se merece!<\/span><\/p>\n<h2><b>\u00bfQu\u00e9 es el proceso de reclamos de indemnizaci\u00f3n laboral en Fort Lauderdale?<\/b><\/h2>\n<p><span style=\"font-weight: 400;\">La esencia de tener un seguro de compensaci\u00f3n para trabajadores es proteger a los empleados que han resultado lesionados mientras cumpl\u00edan con sus obligaciones laborales. La ley de compensaci\u00f3n para trabajadores en Florida garantiza que las v\u00edctimas de lesiones en el lugar de trabajo reciban beneficios independientemente de qui\u00e9n tuvo la culpa. Esto sugiere que un empleado puede ser compensado incluso si es responsable del accidente que provoc\u00f3 sus lesiones.<\/span><\/p>\n<p><span style=\"font-weight: 400;\">Algunas de las lesiones comunes en el lugar de trabajo que puede presentar un reclamo de compensaci\u00f3n para trabajadores incluyen:<\/span><\/p>\n<ul>\n<li><span style=\"font-weight: 400;\"> Lesiones por resbalones, ca\u00eddas y salidas<\/span><\/li>\n<li><span style=\"font-weight: 400;\"> Quemaduras, electrocuciones<\/span><\/li>\n<li><span style=\"font-weight: 400;\"> Amputaciones<\/span><\/li>\n<li><span style=\"font-weight: 400;\"> Lesiones oculares o problemas auditivos.<\/span><\/li>\n<li><span style=\"font-weight: 400;\"> Lesiones traum\u00e1ticas del cerebro.<\/span><\/li>\n<li><span style=\"font-weight: 400;\"> Lesiones de rodilla, espalda y hombros.<\/span><\/li>\n<li><span style=\"font-weight: 400;\"> Mesotelioma resultante de la exposici\u00f3n al asbesto.<\/span><\/li>\n<li><span style=\"font-weight: 400;\"> Afecciones neum\u00f3nicas graves como el asma.<\/span><\/li>\n<li><span style=\"font-weight: 400;\"> Lesiones resultantes de maquinaria y aparatos peligrosos o imperfectos.<\/span><\/li>\n<\/ul>\n<p><span style=\"font-weight: 400;\">Cuando se trata de documentar el proceso de reclamos de compensaci\u00f3n para trabajadores en Coral Gables, el tiempo es esencial. La v\u00edctima en cuesti\u00f3n tiene un n\u00famero fijo de d\u00edas en los que puede reportar el incidente y comenzar el procedimiento de reclamos de compensaci\u00f3n para trabajadores para buscar el reembolso de las lesiones sufridas. El empleado lesionado <\/span><a href=\"https:\/\/miamilawyers360.com\/es\/fort-lauderdale\/abogado-compensacion-laboral\/\"><span style=\"font-weight: 400;\">debe notificar<\/span><\/a><span style=\"font-weight: 400;\"> la enfermedad o lesi\u00f3n a su gerente o empresa cuando ocurra.<\/span><\/p>\n<p><span style=\"font-weight: 400;\">Si no registra su reclamo ante las autoridades pertinentes dentro del n\u00famero establecido de d\u00edas, el proveedor de seguros puede rechazar su caso. Aunque la mayor\u00eda de las enfermedades y lesiones sufridas en el lugar de trabajo est\u00e1n cubiertas por el seguro de compensaci\u00f3n para trabajadores, hay algunos casos en los que la protecci\u00f3n de compensaci\u00f3n para trabajadores puede no ser aplicable. \u00c9stas incluyen:<\/span><\/p>\n<ul>\n<li><span style=\"font-weight: 400;\"> Lesiones autoinfligidas<\/span><\/li>\n<li><span style=\"font-weight: 400;\"> Lesiones sufridas como resultado de una pelea personal no vinculada al trabajo.<\/span><\/li>\n<li><span style=\"font-weight: 400;\"> Lesiones que ocurren mientras participa en bromas pesadas o mientras est\u00e1 afectado por drogas o alcohol.<\/span><\/li>\n<li><span style=\"font-weight: 400;\"> Lesiones que ocurren sin seguir las pol\u00edticas de la empresa.<\/span><\/li>\n<li><span style=\"font-weight: 400;\"> Estr\u00e9s y otros trastornos mentales<\/span><\/li>\n<\/ul>\n<p><span style=\"font-weight: 400;\">En tales circunstancias, su abogado de compensaci\u00f3n para trabajadores es la mejor persona para evaluar su caso y establecer si sus lesiones estar\u00e1n cubiertas por una Reclamaci\u00f3n de compensaci\u00f3n para trabajadores. Nosotros, en las oficinas de Miami Workers &#8216;Compensation Lawyers Coalition, definitivamente podemos hacer eso por usted.<\/span><\/p>\n<p><a href=\"https:\/\/miamilawyers360.com\/wp-content\/uploads\/2021\/07\/shutterstock_496385173-1.jpg\"><img fetchpriority=\"high\" decoding=\"async\" class=\"alignnone size-full wp-image-1842\" src=\"https:\/\/miamilawyers360.com\/wp-content\/uploads\/2021\/07\/shutterstock_496385173-1.jpg\" alt=\"Filling out a works comp form, is part of the Workers' Compensation Claims Process in Coral Gables\" width=\"500\" height=\"334\" \/><\/a><\/p>\n<h2><b>\u00bfCu\u00e1nto tiempo tiene para presentar una reclamaci\u00f3n de compensaci\u00f3n para trabajadores en Florida?<\/b><\/h2>\n<p><span style=\"font-weight: 400;\">El estado de Florida tiene un plazo en el que la v\u00edctima de una lesi\u00f3n en el lugar de trabajo puede presentar una reclamaci\u00f3n de compensaci\u00f3n para trabajadores. El estatuto de limitaciones en Florida es de dos a\u00f1os despu\u00e9s de la fecha de la lesi\u00f3n. No presentar su reclamo de compensaci\u00f3n para trabajadores dentro del l\u00edmite de tiempo estipulado le impedir\u00e1 buscar cualquier forma de compensaci\u00f3n por las lesiones sufridas.<\/span><\/p>\n<h2><b>\u00bfC\u00f3mo presentar la reclamaci\u00f3n de compensaci\u00f3n para trabajadores en Florida?<\/b><\/h2>\n<p><span style=\"font-weight: 400;\">Para presentar un reclamo de compensaci\u00f3n para trabajadores en Florida, esencialmente debe seguir estos tres pasos.<\/span><\/p>\n<p><span style=\"font-weight: 400;\">En primer lugar, notifique al supervisor, gerente o empleador tan pronto como haya sufrido una enfermedad o lesi\u00f3n para salvaguardar su derecho a presentar un reclamo. La ley de Florida estipula que debe informar su enfermedad o lesi\u00f3n dentro de los 30 d\u00edas posteriores a la fecha de la lesi\u00f3n o cuando le hayan diagnosticado la enfermedad. Para tener un caso herm\u00e9tico, ser\u00eda prudente registrar una declaraci\u00f3n de su lesi\u00f3n de inmediato para eliminar la posibilidad de que su empleador alegue que su reclamo es nulo porque no inform\u00f3 el incidente de manera oportuna.<\/span><\/p>\n<p><span style=\"font-weight: 400;\">En segundo lugar, despu\u00e9s de una lesi\u00f3n en el lugar de trabajo, es fundamental que busque tratamiento m\u00e9dico de inmediato. Su empleador puede proporcionarle una lista de m\u00e9dicos aprobados a los que puede acudir y que est\u00e9n familiarizados con los casos de compensaci\u00f3n laboral. Adem\u00e1s, informe a su m\u00e9dico acerca de la asociaci\u00f3n entre la lesi\u00f3n, su trabajo y el accidente que puede ser de gran ayuda para obtener el reembolso que se le debe.<\/span><\/p>\n<p><span style=\"font-weight: 400;\">Por \u00faltimo, su reclamo debe estar documentado con la <\/span><a href=\"https:\/\/miamilawyers360.com\/es\/fort-lauderdale\/abogado-compensacion-laboral\/\"><span style=\"font-weight: 400;\">Divisi\u00f3n de Compensaci\u00f3n para Trabajadores de Florida<\/span><\/a><span style=\"font-weight: 400;\"> . Pero tiene dos a\u00f1os despu\u00e9s de la fecha del accidente para presentar una reclamaci\u00f3n de compensaci\u00f3n para trabajadores.<\/span><\/p>\n<h2><b>\u00a1La Coalici\u00f3n de Abogados de Compensaci\u00f3n Laboral de Miami en Coral Gables puede ayudarlo!<\/b><\/h2>\n<p><span style=\"font-weight: 400;\">Cuando sufre una lesi\u00f3n en el lugar de trabajo, la compensaci\u00f3n para trabajadores le da motivos para buscar una compensaci\u00f3n. No debe dejarse intimidar por su empleador o aseguradora para que renuncie a su derecho a solicitar un reembolso o que lo acusen de estropear su reclamo. Dado lo complejo que puede ser el proceso de reclamaci\u00f3n de compensaci\u00f3n para trabajadores, le conviene contratar los servicios de profesionales. Nosotros, en la <\/span><a href=\"https:\/\/miamilawyers360.com\/es\/\"><span style=\"font-weight: 400;\">Coalici\u00f3n de Abogados de Compensaci\u00f3n para Trabajadores de Miami,<\/span><\/a><span style=\"font-weight: 400;\"> estamos familiarizados con las regulaciones de compensaci\u00f3n para trabajadores de Florida y garantizamos recuperar el pago por cualquier lesi\u00f3n que pueda haber sufrido mientras trabajaba para su empleador.<\/span><\/p>\n<p><span style=\"font-weight: 400;\">Para obtener m\u00e1s informaci\u00f3n sobre su reclamo de compensaci\u00f3n para trabajadores, comun\u00edquese con nosotros al <a href=\"tel:+17866862857\"><i class=\"fa fa-phone-alt\"><\/i>(786) 686-2857<\/a> para obtener una consulta inicial GRATUITA no obligatoria.<\/span><\/p>\n","protected":false},"excerpt":{"rendered":"<p>El lugar de trabajo es el lugar al que va para llegar a fin de mes y mantenerse en estos tiempos econ\u00f3micos dif\u00edciles. No hay nada peor que lastimarse mientras cumpl\u00eda con sus deberes de poner comida en su mesa. Adem\u00e1s de que el lugar de trabajo sea un lugar donde se gana la vida, [&hellip;]<\/p>\n","protected":false},"author":22,"featured_media":0,"parent":514,"menu_order":0,"comment_status":"closed","ping_status":"closed","template":"","meta":{"_acf_changed":false,"anchor_text":"","footnotes":""},"class_list":["post-4642","page","type-page","status-publish","hentry"],"acf":[],"_links":{"self":[{"href":"https:\/\/miamilawyers360.com\/es\/wp-json\/wp\/v2\/pages\/4642","targetHints":{"allow":["GET"]}}],"collection":[{"href":"https:\/\/miamilawyers360.com\/es\/wp-json\/wp\/v2\/pages"}],"about":[{"href":"https:\/\/miamilawyers360.com\/es\/wp-json\/wp\/v2\/types\/page"}],"author":[{"embeddable":true,"href":"https:\/\/miamilawyers360.com\/es\/wp-json\/wp\/v2\/users\/22"}],"replies":[{"embeddable":true,"href":"https:\/\/miamilawyers360.com\/es\/wp-json\/wp\/v2\/comments?post=4642"}],"version-history":[{"count":2,"href":"https:\/\/miamilawyers360.com\/es\/wp-json\/wp\/v2\/pages\/4642\/revisions"}],"predecessor-version":[{"id":5258,"href":"https:\/\/miamilawyers360.com\/es\/wp-json\/wp\/v2\/pages\/4642\/revisions\/5258"}],"up":[{"embeddable":true,"href":"https:\/\/miamilawyers360.com\/es\/wp-json\/wp\/v2\/pages\/514"}],"wp:attachment":[{"href":"https:\/\/miamilawyers360.com\/es\/wp-json\/wp\/v2\/media?parent=4642"}],"curies":[{"name":"wp","href":"https:\/\/api.w.org\/{rel}","templated":true}]}}