{"id":4643,"date":"2021-07-09T02:45:36","date_gmt":"2021-07-09T06:45:36","guid":{"rendered":"https:\/\/miamilawyers360.com\/doral\/workers-comp-claims-process\/"},"modified":"2026-03-13T15:02:18","modified_gmt":"2026-03-13T19:02:18","slug":"proceso-reclamos-compensacion-trabajadores-doral-fl","status":"publish","type":"page","link":"https:\/\/miamilawyers360.com\/es\/doral\/proceso-reclamos-compensacion-trabajadores-doral-fl\/","title":{"rendered":"Proceso de reclamos de compensaci\u00f3n para trabajadores en Doral, FL"},"content":{"rendered":"<p><span style=\"font-weight: 400;\">\u00bfEst\u00e1 confundido acerca de c\u00f3mo navegar el proceso de reclamos de compensaci\u00f3n para trabajadores en Doral, FL? Si es as\u00ed, usted ha venido al lugar correcto. Presentar un reclamo de compensaci\u00f3n para trabajadores es su derecho legal cuando se lesion\u00f3 mientras realizaba su trabajo. Pero tratar de manejar el proceso de reclamos por su cuenta podr\u00eda agregar m\u00e1s presi\u00f3n al dolor y sufrimiento que ya est\u00e1 atravesando como resultado de sus lesiones. Ah\u00ed es donde debe buscar la ayuda de un abogado de compensaci\u00f3n para trabajadores confiable en Doral, Florida.<\/span><\/p>\n<p><span style=\"font-weight: 400;\">Los bufetes de abogados de lesiones personales abundan en Doral FL, pero todos estos bufetes no se especializan en reclamos de compensaci\u00f3n para trabajadores. Cuando est\u00e9 buscando contratar al mejor abogado de WC en la ciudad, no necesita buscar m\u00e1s all\u00e1 de la <\/span><a href=\"https:\/\/miamilawyers360.com\/es\/doral\/abogado-compensacion-laboral\/\"><span style=\"font-weight: 400;\">Coalici\u00f3n de Abogados de Compensaci\u00f3n para Trabajadores de Miami<\/span><\/a><span style=\"font-weight: 400;\"> . Somos su socio de confianza en Doral para manejar todo el proceso de reclamos y ayudarlo a obtener la m\u00e1xima compensaci\u00f3n por sus lesiones.<\/span><\/p>\n<p><span style=\"font-weight: 400;\">Nuestros abogados con experiencia en WC han representado a cientos de v\u00edctimas de lesiones en el lugar de trabajo y han ganado una compensaci\u00f3n adecuada en su nombre. Conocemos los intrincados detalles del proceso de reclamos de compensaci\u00f3n para trabajadores de Doral. Nuestro equipo manejar\u00e1 su caso durante todo el proceso de reclamos para que reciba una compensaci\u00f3n adecuada por sus lesiones. Comun\u00edquese con la Coalici\u00f3n de Abogados de Compensaci\u00f3n para Trabajadores de Miami en <\/span><a href=\"https:\/\/www.cityofdoral.com\/\" target=\"_blank\" rel=\"noopener\"><span style=\"font-weight: 400;\">Doral, FL<\/span><\/a><span style=\"font-weight: 400;\"> ahora mismo al <a href=\"tel:+17866862857\"><i class=\"fa fa-phone-alt\"><\/i>(786) 686-2857<\/a> para evaluar su proceso de reclamos de WC y obtener una compensaci\u00f3n adecuada por sus lesiones.<\/span><\/p>\n<h2><b>\u00bfQu\u00e9 cubrir\u00e1 un reclamo de indemnizaci\u00f3n laboral en Doral?<\/b><\/h2>\n<p><span style=\"font-weight: 400;\">El seguro de compensaci\u00f3n para trabajadores est\u00e1 dise\u00f1ado para compensar a los empleados que se enferman o se lesionan mientras realizan su trabajo. La mayor\u00eda de las lesiones sufridas durante el desempe\u00f1o de su trabajo est\u00e1n cubiertas por un seguro de compensaci\u00f3n para trabajadores. Pero hay algunas excepciones en las que es posible que sus lesiones no est\u00e9n cubiertas incluso si se lesion\u00f3 en el lugar de trabajo.<\/span><\/p>\n<p><span style=\"font-weight: 400;\">Estas son algunas de las lesiones m\u00e1s comunes que est\u00e1n cubiertas por el seguro de compensaci\u00f3n para trabajadores:<\/span><\/p>\n<ul>\n<li><span style=\"font-weight: 400;\"> Amputaciones que ocurren como resultado de operar maquinaria y equipo en el lugar de trabajo.<\/span><\/li>\n<li><span style=\"font-weight: 400;\"> Lesiones por resbalones y ca\u00eddas mientras realiza su trabajo<\/span><\/li>\n<li><span style=\"font-weight: 400;\"> Electrocuciones y quemaduras<\/span><\/li>\n<li><span style=\"font-weight: 400;\"> Lesiones oculares y p\u00e9rdida auditiva.<\/span><\/li>\n<li><span style=\"font-weight: 400;\"> Lesiones cerebrales traum\u00e1ticas<\/span><\/li>\n<li><span style=\"font-weight: 400;\"> Mesotelioma debido a la exposici\u00f3n al asbesto.<\/span><\/li>\n<li><span style=\"font-weight: 400;\"> Enfermedades neum\u00f3nicas graves, incluido el asma.<\/span><\/li>\n<li><span style=\"font-weight: 400;\"> Lesiones de espalda, rodillas y hombros.<\/span><\/li>\n<\/ul>\n<p><span style=\"font-weight: 400;\">Estas son algunas de las lesiones en el lugar de trabajo que no est\u00e1n cubiertas por el seguro de compensaci\u00f3n para trabajadores en Florida:<\/span><\/p>\n<ul>\n<li><span style=\"font-weight: 400;\"> Lesiones autoinfligidas<\/span><\/li>\n<li><span style=\"font-weight: 400;\"> Lesiones causadas por peleas con otro empleado.<\/span><\/li>\n<li><span style=\"font-weight: 400;\"> Lesiones que ocurren mientras el empleado est\u00e1 bajo la influencia de alcohol o drogas.<\/span><\/li>\n<li><span style=\"font-weight: 400;\"> Lesiones que ocurren cuando el empleado realiza el trabajo sin el equipo de seguridad recomendado.<\/span><\/li>\n<li><span style=\"font-weight: 400;\"> Lesiones que ocurren en el lugar de trabajo cuando un empleado realiza un trabajo no relacionado no autorizado por su superior.<\/span><\/li>\n<\/ul>\n<p><span style=\"font-weight: 400;\">Su abogado de WC en Doral FL es la mejor persona para evaluar su reclamo y aconsejarle el mejor curso de acci\u00f3n que debe tomar.<\/span><\/p>\n<p><a href=\"https:\/\/miamilawyers360.com\/wp-content\/uploads\/2021\/07\/shutterstock_493275868-1.jpg\"><img fetchpriority=\"high\" decoding=\"async\" class=\"alignnone size-full wp-image-1851\" src=\"https:\/\/miamilawyers360.com\/wp-content\/uploads\/2021\/07\/shutterstock_493275868-1.jpg\" alt=\"Workers' Compensation Claims Process in Doral begins by filling out a workers compensation form.\" width=\"500\" height=\"334\" \/><\/a><\/p>\n<h2><b>\u00bfCu\u00e1nto tiempo tengo para comenzar un proceso de reclamos de indemnizaci\u00f3n laboral en Florida?<\/b><\/h2>\n<p><span style=\"font-weight: 400;\">El estatuto de limitaciones de Florida entra en vigencia dos a\u00f1os despu\u00e9s de la fecha de la lesi\u00f3n subyacente. Si no presenta su reclamo antes de que venza el l\u00edmite de tiempo legal, es posible que no pueda presentarlo. <\/span><a href=\"https:\/\/www.myfloridacfo.com\/division\/wc\/employee\/faq.htm#19\" target=\"_blank\" rel=\"noopener\"><span style=\"font-weight: 400;\">Presentar su reclamo<\/span><\/a><span style=\"font-weight: 400;\"> lo antes posible ayuda a proteger la accesibilidad de las pruebas y los testigos. Hable con un abogado con experiencia en compensaci\u00f3n para trabajadores de la Coalici\u00f3n de Abogados de Compensaci\u00f3n para Trabajadores de Miami para obtener m\u00e1s informaci\u00f3n sobre el l\u00edmite de tiempo legal para presentar su reclamo en Doral, Florida. Nuestros abogados evaluar\u00e1n su reclamo y le asesorar\u00e1n sobre lo que debe hacer.<\/span><\/p>\n<h2><b>\u00bfC\u00f3mo comenzar el proceso de reclamos de indemnizaci\u00f3n laboral en Doral, Florida?<\/b><\/h2>\n<p><span style=\"font-weight: 400;\">Una vez que se lesiona en el trabajo, el primer paso es notificar a su empleador o superior sobre el accidente y las lesiones posteriores que ha sufrido. Debe informar el accidente dentro de los 30 d\u00edas a su superior o empleador. Puede perder algunos o todos sus beneficios en caso de que no notifique al empleador dentro del l\u00edmite de tiempo legal. Debe proporcionar tantos detalles como sea posible al notificar al empleador. Debe proporcionar detalles como cu\u00e1ndo ocurri\u00f3 el accidente, c\u00f3mo se lastim\u00f3 y cu\u00e1les son sus s\u00edntomas.<\/span><\/p>\n<p><span style=\"font-weight: 400;\">El empleador debe informar sus lesiones a la compa\u00f1\u00eda de seguros dentro de los siete d\u00edas posteriores a la recepci\u00f3n de su notificaci\u00f3n. En caso de que el empleador se niegue a informar a la compa\u00f1\u00eda de seguros, puede hacerlo directamente. Tambi\u00e9n debe completar el Formulario-18 y presentar su caso ante la Comisi\u00f3n Industrial de Florida. Hay l\u00edmites de tiempo en Florida para reportar un reclamo de WC a las autoridades pertinentes. Debe seguir estos l\u00edmites de tiempo para que su reclamo sea legal y obtenga los m\u00e1ximos beneficios por sus lesiones. Una vez que presente el reclamo, el proveedor de seguros de WC debe reconocer o rechazar su reclamo y notificarle su decisi\u00f3n.<\/span><\/p>\n<p><span style=\"font-weight: 400;\">Lo m\u00e1s importante es trabajar con un abogado de compensaci\u00f3n para trabajadores confiable en Doral, FL cuando presente su reclamo en Florida. De hecho, la ley de compensaci\u00f3n para trabajadores de Florida es algo complicada y requiere asistencia profesional para obtener la compensaci\u00f3n que le corresponde. Los abogados de la Coalici\u00f3n de Abogados de Compensaci\u00f3n Laboral de Miami tienen conocimientos, experiencia y pasi\u00f3n por lo que hacen.<\/span><\/p>\n<p><span style=\"font-weight: 400;\">Hemos tratado cientos de reclamos de WC en Doral y hemos obtenido millones de d\u00f3lares en compensaci\u00f3n en nombre de nuestros clientes. Nuestro equipo de expertos conoce los entresijos del Sistema de Compensaci\u00f3n para Trabajadores de Florida. Tratamos a cada cliente como una persona y no solo como un n\u00famero. Estamos listos para responder todas sus preguntas sobre el proceso de reclamos en Florida. Es por eso que debe confiar en nosotros para manejar su reclamo de compensaci\u00f3n para trabajadores en Doral, Florida.<\/span><\/p>\n<h2><b>\u00bfC\u00f3mo seguir el proceso de reclamo de indemnizaci\u00f3n laboral en Doral?<\/b><\/h2>\n<p><span style=\"font-weight: 400;\">Cuando usted o alguien de su familia inmediata se lesiona mientras realizaba su trabajo, tiene derecho a reclamar una compensaci\u00f3n por sus lesiones. El seguro de compensaci\u00f3n para trabajadores est\u00e1 dise\u00f1ado para compensar a los empleados que se lesionan mientras realizan su trabajo. El proceso de reclamos de WC de Florida es bastante complicado y requiere asistencia profesional.<\/span><\/p>\n<p><span style=\"font-weight: 400;\">Debe trabajar con el mejor abogado de WC en Doral FL para manejar su reclamo y obtener los m\u00e1ximos beneficios. <\/span><a href=\"https:\/\/miamilawyers360.com\/es\/doral\/abogado-compensacion-laboral\/\"><span style=\"font-weight: 400;\">La Coalici\u00f3n de Abogados de Compensaci\u00f3n para Trabajadores de Miami<\/span><\/a><span style=\"font-weight: 400;\"> es su socio en este sentido. Comun\u00edquese con la Coalici\u00f3n de Abogados de Compensaci\u00f3n para Trabajadores de Miami en Doral, FL ahora mismo al <a href=\"tel:+17866862857\"><i class=\"fa fa-phone-alt\"><\/i>(786) 686-2857<\/a> para evaluar su proceso de reclamos de WC y obtener una compensaci\u00f3n adecuada por sus lesiones.<\/span><\/p>\n","protected":false},"excerpt":{"rendered":"<p>\u00bfEst\u00e1 confundido acerca de c\u00f3mo navegar el proceso de reclamos de compensaci\u00f3n para trabajadores en Doral, FL? Si es as\u00ed, usted ha venido al lugar correcto. Presentar un reclamo de compensaci\u00f3n para trabajadores es su derecho legal cuando se lesion\u00f3 mientras realizaba su trabajo. Pero tratar de manejar el proceso de reclamos por su cuenta [&hellip;]<\/p>\n","protected":false},"author":22,"featured_media":0,"parent":4654,"menu_order":0,"comment_status":"closed","ping_status":"closed","template":"","meta":{"_acf_changed":false,"anchor_text":"","footnotes":""},"class_list":["post-4643","page","type-page","status-publish","hentry"],"acf":[],"_links":{"self":[{"href":"https:\/\/miamilawyers360.com\/es\/wp-json\/wp\/v2\/pages\/4643","targetHints":{"allow":["GET"]}}],"collection":[{"href":"https:\/\/miamilawyers360.com\/es\/wp-json\/wp\/v2\/pages"}],"about":[{"href":"https:\/\/miamilawyers360.com\/es\/wp-json\/wp\/v2\/types\/page"}],"author":[{"embeddable":true,"href":"https:\/\/miamilawyers360.com\/es\/wp-json\/wp\/v2\/users\/22"}],"replies":[{"embeddable":true,"href":"https:\/\/miamilawyers360.com\/es\/wp-json\/wp\/v2\/comments?post=4643"}],"version-history":[{"count":2,"href":"https:\/\/miamilawyers360.com\/es\/wp-json\/wp\/v2\/pages\/4643\/revisions"}],"predecessor-version":[{"id":5263,"href":"https:\/\/miamilawyers360.com\/es\/wp-json\/wp\/v2\/pages\/4643\/revisions\/5263"}],"up":[{"embeddable":true,"href":"https:\/\/miamilawyers360.com\/es\/wp-json\/wp\/v2\/pages\/4654"}],"wp:attachment":[{"href":"https:\/\/miamilawyers360.com\/es\/wp-json\/wp\/v2\/media?parent=4643"}],"curies":[{"name":"wp","href":"https:\/\/api.w.org\/{rel}","templated":true}]}}