{"id":4644,"date":"2021-07-09T02:33:52","date_gmt":"2021-07-09T06:33:52","guid":{"rendered":"https:\/\/miamilawyers360.com\/fort-lauderdale\/workers-comp-compensable-injuries\/"},"modified":"2026-03-13T15:09:04","modified_gmt":"2026-03-13T19:09:04","slug":"lesiones-laborales-indemnizables-fort-lauderdale-fl","status":"publish","type":"page","link":"https:\/\/miamilawyers360.com\/es\/fort-lauderdale\/lesiones-laborales-indemnizables-fort-lauderdale-fl\/","title":{"rendered":"Lesiones laborales indemnizables en Fort Lauderdale, FL"},"content":{"rendered":"<p><span style=\"font-weight: 400;\">De acuerdo con las leyes del estado de Florida, todos los empleados califican para la compensaci\u00f3n de trabajadores desde el primer d\u00eda de empleo. Por lo tanto, significa que es elegible para recibir atenci\u00f3n m\u00e9dica por lesiones o enfermedades relacionadas con el trabajo y tiene derecho a recibir un cheque de pago mientras se recupera. Si bien las leyes estatales y federales protegen los derechos de los empleados, pocos trabajadores conf\u00edan en que califican para ser compensados \u200b\u200bpor sus lesiones o enfermedades. De hecho, necesitan ayuda para saber m\u00e1s sobre las lesiones laborales compensables en Fort Lauderdale, FL.<\/span><\/p>\n<p><span style=\"font-weight: 400;\">Los empleadores y sus aseguradoras utilizar\u00e1n los trucos que tengan para restar importancia o rechazar sus reclamos por lesiones, cuestionando su autenticidad y si ocurrieron mientras estaban en el trabajo.<\/span><\/p>\n<p><span style=\"font-weight: 400;\">En la <\/span><a href=\"https:\/\/miamilawyers360.com\/es\/fort-lauderdale\/abogado-compensacion-laboral\/\"><span style=\"font-weight: 400;\">Coalici\u00f3n de Abogados de Compensaci\u00f3n para Trabajadores de Miami<\/span><\/a><span style=\"font-weight: 400;\">, hemos visto compa\u00f1\u00edas de seguros negar o reducir acuerdos de individuos bajo acusaciones dudosas. Creemos que tiene derecho a buscar una compensaci\u00f3n por sus lesiones si se lesiona mientras trabaja en Ft. Lauderdale, Florida. Contamos con abogados de compensaci\u00f3n para trabajadores de gran experiencia y reputaci\u00f3n que lo ayudar\u00e1n a determinar si vale la pena continuar con su caso. Ll\u00e1menos ahora al <a href=\"tel:+17866862857\"><i class=\"fa fa-phone-alt\"><\/i>(786) 686-2857<\/a> si desea un asesoramiento legal confiable, asesoramiento sobre lesiones laborales indemnizables.<\/span><\/p>\n<h2><b>\u00bfQu\u00e9 son las lesiones laborales indemnizables en Fort Lauderdale?<\/b><\/h2>\n<p><span style=\"font-weight: 400;\">Si bien las leyes estatales y federales dictan que todos los empleados tienen derecho a una compensaci\u00f3n por accidentes en el lugar de trabajo, esto significa que deben presentar pruebas que respalden su reclamo o sufrir una lesi\u00f3n o ser buscados cuando trabajan. La ley de Florida estipula que las lesiones laborales califican como indemnizables si:<\/span><\/p>\n<ol>\n<li style=\"font-weight: 400;\" aria-level=\"1\"><span style=\"font-weight: 400;\">Se atribuyen a la ocupaci\u00f3n laboral, lo que significa que la naturaleza de su trabajo se correlaciona directamente con sus lesiones.<\/span> <span style=\"font-weight: 400;\">Por ejemplo, podr\u00eda estar en el comedor de la oficina y sufrir un derrame cerebral. En tal ejemplo, el problema no es compensable porque no est\u00e1 relacionado con su trabajo. Adem\u00e1s, tenga en cuenta que califica para recibir una compensaci\u00f3n si su trabajo lo llev\u00f3 a sufrir el accidente cerebrovascular.<\/span><\/li>\n<li style=\"font-weight: 400;\" aria-level=\"1\"><span style=\"font-weight: 400;\">Ocurrieron al ejecutar sus funciones, lo que significa que las lesiones fueron producto de su desempe\u00f1o en su funci\u00f3n laboral. Por ejemplo, si se resbala y cae fuera de las instalaciones de la oficina cuando realiza un recado personal, las lesiones no son indemnizables. Pero califica para obtener una compensaci\u00f3n si tropez\u00f3 y se cay\u00f3 en el lugar de trabajo cuando estaba en el trabajo haciendo sus deberes.<\/span><\/li>\n<\/ol>\n<p><span style=\"font-weight: 400;\">En general, las lesiones laborales indemnizables deben producirse mientras se encuentra en el lugar de trabajo realizando sus funciones. Podemos ayudar a determinar si sus reclamos cumplen con estas dos condiciones para asegurarnos de que sea elegible para presentar un reclamo de compensaci\u00f3n para trabajadores.<\/span><\/p>\n<p><a href=\"https:\/\/miamilawyers360.com\/wp-content\/uploads\/2021\/07\/shutterstock_1406835650-1.jpg\"><img fetchpriority=\"high\" decoding=\"async\" class=\"alignnone size-full wp-image-1839\" src=\"https:\/\/miamilawyers360.com\/wp-content\/uploads\/2021\/07\/shutterstock_1406835650-1.jpg\" alt=\"man hurt his head and leg at a construction zone, which qualifies as compensable work injuries in fort lauderdale\" width=\"500\" height=\"333\" \/><\/a><\/p>\n<h2><b>Lesiones comunes en el lugar de trabajo en Ft. Lauderdale, FL<\/b><\/h2>\n<p><span style=\"font-weight: 400;\">Todas las industrias tienen accidentes relacionados con el trabajo, pero los riesgos son mayores en algunas profesiones que en otras. Por ejemplo, un trabajador en un sitio de construcci\u00f3n es m\u00e1s propenso a sufrir da\u00f1os que otro que trabaja detr\u00e1s de un escritorio en una oficina. La Occupation Safety and Hazard Administration dice que la electrocuci\u00f3n, resbalones \/ tropiezos y ca\u00eddas, electrocuci\u00f3n, ser golpeado por un objeto que cae y peligros de seguridad inesperados son las cuatro razones principales de las lesiones relacionadas con el lugar de trabajo.<\/span><\/p>\n<p><span style=\"font-weight: 400;\">Algunas de las lesiones comunes que hemos visto sufrir a quienes acuden a nosotros en busca de ayuda despu\u00e9s de un accidente en el lugar de trabajo incluyen:<\/span><\/p>\n<ul>\n<li><b>Lesiones de espalda \/ cuello <\/b><span style=\"font-weight: 400;\">: <\/span><b>Las lesiones de <\/b><span style=\"font-weight: 400;\">espalda y cuello son frecuentes en el lugar de trabajo y pueden estar relacionadas con varios problemas como tropezar y caer, levantar objetos pesados, etc.<\/span><\/li>\n<li><b>Quemaduras: las <\/b><span style=\"font-weight: 400;\">personas que trabajan en entornos con incendios o calor extremo tienen un riesgo significativo de sufrir quemaduras.<\/span><\/li>\n<li><b>Resbalones y ca\u00eddas: <\/b><span style=\"font-weight: 400;\">pueden ocurrir en cualquier industria y pueden atribuirse a varios peligros. Por ejemplo, los empleados pueden resbalar o tropezar en pasillos inestables, pisos helados, cables irregulares, escombros o poca iluminaci\u00f3n. Los resbalones y ca\u00eddas pueden resultar en la fractura de miembros que dejan a la v\u00edctima temporalmente o permanentemente discapacitada.<\/span><\/li>\n<li><b>Dolor en las articulaciones: los <\/b><span style=\"font-weight: 400;\">dolores en las articulaciones son comunes entre los empleados cuyos trabajos implican mucho trabajo pesado.<\/span><\/li>\n<li><b>Amputaciones: los <\/b><span style=\"font-weight: 400;\">trabajos que dependen de maquinaria o equipo pesado no son ajenos a accidentes que provocan muertes. Las cojeras de un trabajador pueden ser arrancadas, o una m\u00e1quina puede arrojar una piedra peque\u00f1a a la misma velocidad que una bala disparada con un arma, golpeando y matando o hiriendo gravemente a alguien.<\/span><\/li>\n<li><b>Fracturas: las <\/b><span style=\"font-weight: 400;\">personas sufren fracturas debido a diferentes accidentes, que van desde ca\u00eddas hasta golpes o aplastamientos con una m\u00e1quina.<\/span><\/li>\n<li><b>P\u00e9rdida auditiva: <\/b><span style=\"font-weight: 400;\">es un problema com\u00fan en las industrias que producen sonidos fuertes y los empleados no usan equipo protector para sus o\u00eddos.<\/span><\/li>\n<\/ul>\n<h2><b>\u00bfQu\u00e9 tipo de lesiones laborales indemnizables puede reclamar un trabajador lesionado en Ft. Lauderdale, FL?<\/b><\/h2>\n<p><span style=\"font-weight: 400;\">Si sus accidentes est\u00e1n irrefutablemente vinculados a un accidente que ocurre mientras trabaja, las leyes del estado de Florida estipulan que usted es elegible para <\/span><a href=\"https:\/\/miamilawyers360.com\/es\/fort-lauderdale\/abogado-compensacion-laboral\/\"><span style=\"font-weight: 400;\">presentar un reclamo de compensaci\u00f3n para trabajadores<\/span><\/a><span style=\"font-weight: 400;\"> . Como tal, califica para recuperar todos los costos del tratamiento (incluidas la cirug\u00eda y la terapia), los gastos de medicamentos, los costos de viaje al hospital, la rehabilitaci\u00f3n vocacional, la desfiguraci\u00f3n f\u00edsica, la p\u00e9rdida de capacidad para ganar dinero, las par\u00e1lisis y m\u00e1s. Nuestro abogado lo guiar\u00e1 a trav\u00e9s de las diferentes p\u00e9rdidas que puede recuperar con nuestra ayuda.<\/span><\/p>\n<h2><b>\u00bfCu\u00e1nto tiempo tienen los trabajadores lesionados para presentar una reclamaci\u00f3n por lesiones laborales indemnizables en Ft. Lauderdale?<\/b><\/h2>\n<p><span style=\"font-weight: 400;\">Los trabajadores en Florida deben lidiar con un l\u00edmite de tiempo para presentar un reclamo por lesiones laborales compensables seg\u00fan las leyes del estado. Los empleados tienen un a\u00f1o desde que ocurri\u00f3 el accidente para presentar su reclamo. Si el incidente requiri\u00f3 alguna atenci\u00f3n m\u00e9dica, el l\u00edmite de tiempo comienza a partir del d\u00eda en que el trabajador recibi\u00f3 el tratamiento. Sin embargo, el proceso comienza notificando al empleador sobre el accidente (lesi\u00f3n o enfermedad), que debe realizarse dentro de los treinta d\u00edas posteriores a la fecha del incidente o cuando se enter\u00f3 de que result\u00f3 herido despu\u00e9s del accidente.<\/span><\/p>\n<h2><b>Nuestro abogado de compensaci\u00f3n laboral puede ayudarlo con su reclamo por lesiones laborales indemnizables<\/b><\/h2>\n<p><span style=\"font-weight: 400;\">El empleador y sus proveedores de seguros conocen las regulaciones con respecto a las p\u00f3lizas de cobertura de seguro y seguridad estipuladas por las leyes federales y estatales. Sin embargo, tambi\u00e9n est\u00e1n interesados \u200b\u200ben evitar p\u00e9rdidas y har\u00e1n todo lo posible para reducir o rechazar una reclamaci\u00f3n de indemnizaci\u00f3n. Sin embargo, deber\u00eda considerar contratar a un abogado con experiencia en compensaci\u00f3n laboral si cree que tiene una lesi\u00f3n laboral indemnizable.<\/span><\/p>\n<p><span style=\"font-weight: 400;\">En <\/span><a href=\"https:\/\/miamilawyers360.com\/es\/\"><span style=\"font-weight: 400;\">Miami Workers &#8216;Compensation Lawyers Coalition<\/span><\/a><span style=\"font-weight: 400;\"> , creemos que tiene derecho a buscar una compensaci\u00f3n por sus lesiones si se lesiona mientras trabaja en Ft. Lauderdale, Florida. Contamos con abogados de compensaci\u00f3n para trabajadores de gran experiencia y reputaci\u00f3n que lo ayudar\u00e1n a determinar si vale la pena continuar con su caso. Ll\u00e1menos ahora al <a href=\"tel:+17866862857\"><i class=\"fa fa-phone-alt\"><\/i>(786) 686-2857<\/a> si desea un asesoramiento legal confiable, asesoramiento sobre lesiones laborales indemnizables.<\/span><\/p>\n","protected":false},"excerpt":{"rendered":"<p>De acuerdo con las leyes del estado de Florida, todos los empleados califican para la compensaci\u00f3n de trabajadores desde el primer d\u00eda de empleo. Por lo tanto, significa que es elegible para recibir atenci\u00f3n m\u00e9dica por lesiones o enfermedades relacionadas con el trabajo y tiene derecho a recibir un cheque de pago mientras se recupera. [&hellip;]<\/p>\n","protected":false},"author":22,"featured_media":0,"parent":1734,"menu_order":0,"comment_status":"closed","ping_status":"closed","template":"","meta":{"_acf_changed":false,"anchor_text":"","footnotes":""},"class_list":["post-4644","page","type-page","status-publish","hentry"],"acf":[],"_links":{"self":[{"href":"https:\/\/miamilawyers360.com\/es\/wp-json\/wp\/v2\/pages\/4644","targetHints":{"allow":["GET"]}}],"collection":[{"href":"https:\/\/miamilawyers360.com\/es\/wp-json\/wp\/v2\/pages"}],"about":[{"href":"https:\/\/miamilawyers360.com\/es\/wp-json\/wp\/v2\/types\/page"}],"author":[{"embeddable":true,"href":"https:\/\/miamilawyers360.com\/es\/wp-json\/wp\/v2\/users\/22"}],"replies":[{"embeddable":true,"href":"https:\/\/miamilawyers360.com\/es\/wp-json\/wp\/v2\/comments?post=4644"}],"version-history":[{"count":2,"href":"https:\/\/miamilawyers360.com\/es\/wp-json\/wp\/v2\/pages\/4644\/revisions"}],"predecessor-version":[{"id":5272,"href":"https:\/\/miamilawyers360.com\/es\/wp-json\/wp\/v2\/pages\/4644\/revisions\/5272"}],"up":[{"embeddable":true,"href":"https:\/\/miamilawyers360.com\/es\/wp-json\/wp\/v2\/pages\/1734"}],"wp:attachment":[{"href":"https:\/\/miamilawyers360.com\/es\/wp-json\/wp\/v2\/media?parent=4644"}],"curies":[{"name":"wp","href":"https:\/\/api.w.org\/{rel}","templated":true}]}}