{"id":4645,"date":"2021-07-09T02:54:42","date_gmt":"2021-07-09T06:54:42","guid":{"rendered":"https:\/\/miamilawyers360.com\/hialeah\/workers-comp-claims-process\/"},"modified":"2026-03-16T10:20:29","modified_gmt":"2026-03-16T14:20:29","slug":"proceso-reclamos-compensacion-trabajadores-hialeah-fl","status":"publish","type":"page","link":"https:\/\/miamilawyers360.com\/es\/hialeah\/proceso-reclamos-compensacion-trabajadores-hialeah-fl\/","title":{"rendered":"Proceso de reclamos de compensaci\u00f3n para trabajadores en Hialeah, FL"},"content":{"rendered":"<p><span style=\"font-weight: 400;\">Cuando se lesione en el trabajo, se dar\u00e1 cuenta de que no es f\u00e1cil pasar por el proceso de reclamos por su cuenta.<\/span><\/p>\n<p><span style=\"font-weight: 400;\">Nunca recomendamos a los clientes potenciales que pasen por este proceso solos. Hay estipulaciones legales espec\u00edficas que no conocer\u00e1 y puede retrasar el proceso por completo.<\/span><\/p>\n<p><span style=\"font-weight: 400;\">Para obtener m\u00e1s informaci\u00f3n sobre qu\u00e9 hacer en el estado de Florida, tendr\u00e1 que elegir un bufete de abogados que est\u00e9 bien versado en lo que funciona. Aqu\u00ed es donde la <\/span><a href=\"https:\/\/miamilawyers360.com\/es\/hialeah\/abogado-compensacion-laboral\/\"><span style=\"font-weight: 400;\">Coalici\u00f3n de Abogados de Compensaci\u00f3n Laboral de Miami<\/span><\/a><span style=\"font-weight: 400;\"> es imprescindible. Somos un bufete de abogados que est\u00e1 en la cima de su juego.<\/span><\/p>\n<p><span style=\"font-weight: 400;\">Hemos ayudado a numerosos clientes legales en el estado y sabemos lo que se necesita para obtener resultados. El solo hecho de tener un equipo como el nuestro junto con los recursos del equipo asegurar\u00e1 que todo salga a su favor. Nunca vamos a tomar atajos y eso es lo que nos hace los mejores en el negocio.<\/span><\/p>\n<p><span style=\"font-weight: 400;\">Para obtener m\u00e1s informaci\u00f3n sobre de qu\u00e9 se trata la Coalici\u00f3n de Abogados de Compensaci\u00f3n para Trabajadores de Miami, ll\u00e1menos al <a href=\"tel:+17866862857\"><i class=\"fa fa-phone-alt\"><\/i>(786) 686-2857<\/a>. Estableceremos una consulta para poner las cosas en marcha.<\/span><\/p>\n<h2><b>\u00bfC\u00f3mo asegurarme de que mi lesi\u00f3n est\u00e9 cubierta por una reclamaci\u00f3n de indemnizaci\u00f3n laboral?<\/b><\/h2>\n<p><span style=\"font-weight: 400;\">El \u00fanico detalle por el que tendr\u00e1s que preocuparte m\u00e1s ser\u00e1 la lesi\u00f3n. Vas a querer recuperarte y esa es la parte m\u00e1s importante del proceso. Sin embargo, tambi\u00e9n querr\u00e1 asegurarse de que todo est\u00e9 en l\u00ednea con las leyes de lesiones locales para los empleados.<\/span><\/p>\n<p><span style=\"font-weight: 400;\">No querr\u00e1 presentar un reclamo de compensaci\u00f3n para trabajadores sin tener en cuenta esto. Tienes que asegurarte de que funcione seg\u00fan lo previsto.<\/span><\/p>\n<p><span style=\"font-weight: 400;\">Hay lesiones espec\u00edficas que van a funcionar bien cuando se trata del proceso de reclamos en Hialeah.<\/span><\/p>\n<p><span style=\"font-weight: 400;\">Estas lesiones pueden incluir:<\/span><\/p>\n<ul>\n<li><span style=\"font-weight: 400;\"> Accidentes vehiculares<\/span><\/li>\n<li><span style=\"font-weight: 400;\"> Resbalones y ca\u00eddas<\/span><\/li>\n<li><span style=\"font-weight: 400;\"> Objetos ca\u00eddos<\/span><\/li>\n<li><span style=\"font-weight: 400;\"> Lesiones repetitivas<\/span><\/li>\n<li><span style=\"font-weight: 400;\"> quemaduras<\/span><\/li>\n<li><span style=\"font-weight: 400;\"> Fracturas<\/span><\/li>\n<li><span style=\"font-weight: 400;\"> Par\u00e1lisis<\/span><\/li>\n<\/ul>\n<p><span style=\"font-weight: 400;\">T\u00f3mese el tiempo para revisar cada lesi\u00f3n y evaluar si la suya encaja o no en todo esto. Si est\u00e1 confundido en cuanto a la viabilidad de su lesi\u00f3n para un reclamo de compensaci\u00f3n para trabajadores, t\u00f3mese el tiempo para hablar con nuestro bufete de abogados.<\/span><\/p>\n<p><span style=\"font-weight: 400;\">En la Coalici\u00f3n de Abogados de Compensaci\u00f3n para Trabajadores de Miami, no vamos a perder su tiempo y nos aseguraremos de que se haga todo lo posible para <\/span><a href=\"https:\/\/www.myfloridacfo.com\/division\/wc\/employee\/faq.htm#19\" target=\"_blank\" rel=\"noopener\"><span style=\"font-weight: 400;\">obtener el reclamo<\/span><\/a><span style=\"font-weight: 400;\"> .<\/span><\/p>\n<p><span style=\"font-weight: 400;\">Esto incluir\u00e1 sentarse con usted para revisar todos los detalles relevantes uno por uno. Para cuando est\u00e9 con nosotros, sabr\u00e1 todo lo que hay que saber sobre el proceso legal en Florida.<\/span><\/p>\n<p><a href=\"https:\/\/miamilawyers360.com\/wp-content\/uploads\/2021\/07\/shutterstock_524257309-2.jpg\"><img fetchpriority=\"high\" decoding=\"async\" class=\"alignnone wp-image-1867 size-full\" src=\"https:\/\/miamilawyers360.com\/wp-content\/uploads\/2021\/07\/shutterstock_524257309-2.jpg\" alt=\"Filling out a work injury form as a part of the workers' compensation claims process in Hialeah\" width=\"500\" height=\"334\" \/><\/a><\/p>\n<h2><b>\u00bfCu\u00e1nto tiempo tiene para presentar una reclamaci\u00f3n de compensaci\u00f3n para trabajadores en Florida?<\/b><\/h2>\n<p><span style=\"font-weight: 400;\">Siempre querr\u00e1 asegurarse de que la reclamaci\u00f3n de compensaci\u00f3n para trabajadores se presente a tiempo.<\/span><\/p>\n<p><span style=\"font-weight: 400;\">Existen estipulaciones espec\u00edficas cuando se trata de algo como esto. En general, tendr\u00e1 dos a\u00f1os desde el momento del incidente para presentar el reclamo de compensaci\u00f3n para trabajadores ante el tribunal.<\/span><\/p>\n<p><span style=\"font-weight: 400;\">La raz\u00f3n de esto es asegurarse de que ambas partes puedan proporcionar informaci\u00f3n relevante asociada con el caso y que pueda comenzar con los beneficios. Instamos a nuestros clientes a que se comuniquen con nosotros en la Coalici\u00f3n de Abogados de Compensaci\u00f3n para Trabajadores de Miami para asegurarse de que se tomen las medidas correctas de inmediato.<\/span><\/p>\n<p><span style=\"font-weight: 400;\">No vamos a perder su tiempo y siempre nos aseguraremos de que la reclamaci\u00f3n se presente dentro del plazo establecido.<\/span><\/p>\n<p><span style=\"font-weight: 400;\">Es esta atenci\u00f3n al detalle lo que nos hace ideales para sus necesidades. No dejaremos piedra sin remover para ayudar a nuestros clientes y nos aseguraremos de escuchar sus necesidades en el camino. Esto incluye c\u00f3mo se presentar\u00e1 la reclamaci\u00f3n y cu\u00e1ndo se presentar\u00e1.<\/span><\/p>\n<p><span style=\"font-weight: 400;\">Para obtener m\u00e1s informaci\u00f3n sobre lo que somos, ll\u00e1menos al <a href=\"tel:+17866862857\"><i class=\"fa fa-phone-alt\"><\/i>(786) 686-2857<\/a>.<\/span><\/p>\n<h2><b>\u00bfC\u00f3mo presentar la reclamaci\u00f3n de compensaci\u00f3n para trabajadores en Florida?<\/b><\/h2>\n<p><span style=\"font-weight: 400;\">Querr\u00e1 asegurarse de que se tomen los pasos correctos tan pronto como comience el proceso.<\/span><\/p>\n<p><span style=\"font-weight: 400;\">Sabemos que se va a recuperar de una lesi\u00f3n en el lugar de trabajo y no ser\u00e1 f\u00e1cil resolver las cosas por su cuenta. Debido a la experiencia de nuestro bufete de abogados, no tendr\u00e1 que hacer nada y nosotros nos encargaremos de ello en su nombre.<\/span><\/p>\n<p><span style=\"font-weight: 400;\">Cuando se trata de establecer altos est\u00e1ndares, nuestro bufete de abogados es el mejor. Estamos comprometidos a ayudar a nuestros clientes y siempre pondremos el arduo trabajo necesario para producir buenos resultados. As\u00ed es como se sentir\u00e1 reconfortado con el trabajo que estamos haciendo.<\/span><\/p>\n<p><span style=\"font-weight: 400;\">Lo primero que vamos a hacer es comenzar por comprender su caso. Esto incluir\u00e1 evaluar los registros m\u00e9dicos, su lesi\u00f3n y \/ u otros problemas potenciales que estaban presentes cuando se trata de su seguridad general en el lugar de trabajo.<\/span><\/p>\n<p><span style=\"font-weight: 400;\">Una vez que hagamos esto, compilaremos toda la informaci\u00f3n y partiremos de all\u00ed.<\/span><\/p>\n<p><span style=\"font-weight: 400;\">Esto incluye tomarse el tiempo para presentar el reclamo legal en el estado de Florida de la manera correcta. Para obtener m\u00e1s informaci\u00f3n sobre lo que podemos hacer, ll\u00e1menos al <a href=\"tel:+17866862857\"><i class=\"fa fa-phone-alt\"><\/i>(786) 686-2857<\/a>.<\/span><\/p>\n<h2><b>\u00bfC\u00f3mo seguir los pasos del proceso de reclamos de indemnizaci\u00f3n laboral en Hialeah?<\/b><\/h2>\n<p><span style=\"font-weight: 400;\">Cuando se lesiona en el trabajo, se encontrar\u00e1 en una situaci\u00f3n financiera dif\u00edcil. No es f\u00e1cil saber qu\u00e9 va a hacer durante y despu\u00e9s del per\u00edodo de recuperaci\u00f3n.<\/span><\/p>\n<p><span style=\"font-weight: 400;\">Es por eso que muchos clientes acuden a nuestro bufete de abogados para comprender mejor sus derechos legales. El paso m\u00e1s importante que vas a querer dar es consultar con un especialista legal de confianza y ah\u00ed es donde entramos en juego.<\/span><\/p>\n<p><span style=\"font-weight: 400;\">En la <\/span><a href=\"https:\/\/miamilawyers360.com\/es\/\"><span style=\"font-weight: 400;\">Coalici\u00f3n de Abogados de Compensaci\u00f3n Laboral de Miami<\/span><\/a><span style=\"font-weight: 400;\"> , nuestro objetivo es brindar buenos resultados a nuestros clientes. Podemos ayudar a presentar el reclamo de compensaci\u00f3n para trabajadores y asegurarnos de que se procese de inmediato.<\/span><\/p>\n<p><span style=\"font-weight: 400;\">Para obtener m\u00e1s informaci\u00f3n sobre lo que podemos hacer en la Coalici\u00f3n de Abogados de Compensaci\u00f3n para Trabajadores de Miami, t\u00f3mese el tiempo para llamarnos al <a href=\"tel:+17866862857\"><i class=\"fa fa-phone-alt\"><\/i>(786) 686-2857<\/a>.<\/span><\/p>\n","protected":false},"excerpt":{"rendered":"<p>Cuando se lesione en el trabajo, se dar\u00e1 cuenta de que no es f\u00e1cil pasar por el proceso de reclamos por su cuenta. Nunca recomendamos a los clientes potenciales que pasen por este proceso solos. Hay estipulaciones legales espec\u00edficas que no conocer\u00e1 y puede retrasar el proceso por completo. Para obtener m\u00e1s informaci\u00f3n sobre qu\u00e9 [&hellip;]<\/p>\n","protected":false},"author":22,"featured_media":0,"parent":4662,"menu_order":0,"comment_status":"closed","ping_status":"closed","template":"","meta":{"_acf_changed":false,"anchor_text":"","footnotes":""},"class_list":["post-4645","page","type-page","status-publish","hentry"],"acf":[],"_links":{"self":[{"href":"https:\/\/miamilawyers360.com\/es\/wp-json\/wp\/v2\/pages\/4645","targetHints":{"allow":["GET"]}}],"collection":[{"href":"https:\/\/miamilawyers360.com\/es\/wp-json\/wp\/v2\/pages"}],"about":[{"href":"https:\/\/miamilawyers360.com\/es\/wp-json\/wp\/v2\/types\/page"}],"author":[{"embeddable":true,"href":"https:\/\/miamilawyers360.com\/es\/wp-json\/wp\/v2\/users\/22"}],"replies":[{"embeddable":true,"href":"https:\/\/miamilawyers360.com\/es\/wp-json\/wp\/v2\/comments?post=4645"}],"version-history":[{"count":1,"href":"https:\/\/miamilawyers360.com\/es\/wp-json\/wp\/v2\/pages\/4645\/revisions"}],"predecessor-version":[{"id":4937,"href":"https:\/\/miamilawyers360.com\/es\/wp-json\/wp\/v2\/pages\/4645\/revisions\/4937"}],"up":[{"embeddable":true,"href":"https:\/\/miamilawyers360.com\/es\/wp-json\/wp\/v2\/pages\/4662"}],"wp:attachment":[{"href":"https:\/\/miamilawyers360.com\/es\/wp-json\/wp\/v2\/media?parent=4645"}],"curies":[{"name":"wp","href":"https:\/\/api.w.org\/{rel}","templated":true}]}}