{"id":4646,"date":"2021-07-09T03:14:45","date_gmt":"2021-07-09T07:14:45","guid":{"rendered":"https:\/\/miamilawyers360.com\/kendall\/workers-comp-claims-process\/"},"modified":"2026-03-13T15:12:13","modified_gmt":"2026-03-13T19:12:13","slug":"proceso-reclamos-compensacion-trabajadores-kendall-fl","status":"publish","type":"page","link":"https:\/\/miamilawyers360.com\/es\/kendall\/proceso-reclamos-compensacion-trabajadores-kendall-fl\/","title":{"rendered":"Proceso de reclamos de compensaci\u00f3n para trabajadores en Kendall, FL"},"content":{"rendered":"<p><span style=\"font-weight: 400;\">Conocer el proceso de reclamos de compensaci\u00f3n para trabajadores en Kendall, FL despu\u00e9s de sufrir una lesi\u00f3n en el trabajo es crucial para poder manejar su reclamo. Algunas personas no reclaman la compensaci\u00f3n para trabajadores porque tienen miedo de perder sus trabajos. Tiene derecho a una reclamaci\u00f3n de indemnizaci\u00f3n laboral sin temor a ser despedido.<\/span><\/p>\n<p><span style=\"font-weight: 400;\">Es dif\u00edcil para cualquiera manejar el proceso de reclamos de compensaci\u00f3n para trabajadores por su cuenta debido a las complicadas leyes de compensaci\u00f3n para trabajadores en Kendall, FL. En nuestra opini\u00f3n, es mejor contratar a un abogado de compensaci\u00f3n para trabajadores con experiencia y conocimiento para manejar el proceso de reclamo de compensaci\u00f3n para trabajadores y obtener la compensaci\u00f3n completa por sus lesiones.<\/span><\/p>\n<p><span style=\"font-weight: 400;\">Sus empleadores pueden tener a los mejores abogados de su lado. Por lo tanto, es posible que no tenga la oportunidad de ganar su caso contra estos abogados. Contrate a un abogado para que se ocupe de la compa\u00f1\u00eda de seguros y sus abogados para obtener la m\u00e1xima compensaci\u00f3n. Es importante hacer su debida diligencia antes de seleccionar un abogado de compensaci\u00f3n laboral en Kendall, FL.<\/span><\/p>\n<p><span style=\"font-weight: 400;\">En la <\/span><a href=\"https:\/\/miamilawyers360.com\/es\/kendall\/abogado-compensacion-laboral\/\"><span style=\"font-weight: 400;\">Coalici\u00f3n de Abogados de Compensaci\u00f3n Laboral de Miami<\/span><\/a><span style=\"font-weight: 400;\"> , tenemos los mejores abogados de compensaci\u00f3n laboral que se han ocupado de varios reclamos de compensaci\u00f3n laboral en el pasado. Nuestro equipo de abogados de compensaci\u00f3n de trabajadores con experiencia y conocimiento tiene la experiencia, el conocimiento y las habilidades necesarias para manejar cualquier reclamo de compensaci\u00f3n de trabajadores. Cont\u00e1ctenos hoy para recibir una consulta sin costo.<\/span><\/p>\n<h2><b>\u00bfC\u00f3mo puedo saber si una reclamaci\u00f3n de indemnizaci\u00f3n laboral cubrir\u00e1 mi lesi\u00f3n?<\/b><\/h2>\n<p><span style=\"font-weight: 400;\">Si desarrolla una enfermedad relacionada con el trabajo en su lugar de trabajo o si se lesiona en un accidente en el lugar de trabajo, se considera una lesi\u00f3n de compensaci\u00f3n para trabajadores. <\/span><a href=\"https:\/\/www.myfloridacfo.com\/division\/wc\/employee\/faq.htm#19\" target=\"_blank\" rel=\"noopener\"><span style=\"font-weight: 400;\">La cobertura de compensaci\u00f3n para trabajadores cubre las lesiones de compensaci\u00f3n para trabajadores<\/span><\/a><span style=\"font-weight: 400;\"> . Por lo tanto, si se lesiona en un accidente en el lugar de trabajo, el reclamo de compensaci\u00f3n para trabajadores cubrir\u00e1 su lesi\u00f3n.<\/span><\/p>\n<p><span style=\"font-weight: 400;\">El reclamo de compensaci\u00f3n para trabajadores cubre las siguientes lesiones relacionadas con el trabajo:<\/span><\/p>\n<ul>\n<li><b>Amputaciones <\/b><span style=\"font-weight: 400;\">: si trabaja en una planta de procesamiento o en un sitio de construcci\u00f3n, puede perder sus extremidades, especialmente si usa m\u00e1quinas. Si pierde sus extremidades, es posible que nunca regrese al trabajo. Incluso puede dificultar la b\u00fasqueda de un nuevo trabajo. La ley le permite buscar una compensaci\u00f3n por sus lesiones.<\/span><\/li>\n<li><b>P\u00e9rdida auditiva <\/b><span style=\"font-weight: 400;\">: si trabaja con maquinaria pesada o si trabaja en un sitio de construcci\u00f3n, es m\u00e1s probable que pierda la audici\u00f3n debido a los ruidos fuertes. En algunos casos, se necesita tiempo para perder la audici\u00f3n. Sin embargo, si pierde la audici\u00f3n mientras trabaja, puede reclamar una reclamaci\u00f3n de compensaci\u00f3n para trabajadores.<\/span><\/li>\n<li><b>Resbalones y ca\u00eddas <\/b><span style=\"font-weight: 400;\">: la ley de Florida requiere que los empleadores mantengan su lugar de trabajo seguro para sus empleados. Sin embargo, algunos empleadores a\u00fan descuidan sus lugares de trabajo. Si hay peligros en el piso, como cables de extensi\u00f3n, agua, aceite, etc., es m\u00e1s probable que se resbale y se caiga. Puede sufrir lesiones graves en accidentes por resbalones y ca\u00eddas.<\/span><\/li>\n<li><b>Lesiones de rodillas, espalda y hombros <\/b><span style=\"font-weight: 400;\">: si su trabajo implica levantar objetos pesados, es m\u00e1s probable que se lesione las rodillas, la espalda e incluso los hombros. Se necesita tiempo para recuperarse de estas lesiones. En algunos casos, es posible que las personas nunca vuelvan a caminar debido a estas lesiones. Deber\u00e1 buscar una compensaci\u00f3n por sus gastos m\u00e9dicos y salarios perdidos.<\/span><\/li>\n<\/ul>\n<p><span style=\"font-weight: 400;\">Recuerde, el reclamo de compensaci\u00f3n para trabajadores no cubre:<\/span><\/p>\n<ul>\n<li><span style=\"font-weight: 400;\"> Lesiones autoinfligidas<\/span><\/li>\n<li><span style=\"font-weight: 400;\"> Lesiones sufridas por peleas con otro empleado.<\/span><\/li>\n<li><span style=\"font-weight: 400;\"> Trastornos mentales, incluido el estr\u00e9s.<\/span><\/li>\n<li><span style=\"font-weight: 400;\"> Lesiones sufridas en estado de ebriedad o haciendo algo ilegal<\/span><\/li>\n<\/ul>\n<p><span style=\"font-weight: 400;\">Si se lesiona mientras realiza su trabajo, lo alentamos a que se comunique con un abogado de compensaci\u00f3n para trabajadores con experiencia y conocimiento para evaluar su caso. Su abogado lo ayudar\u00e1 a determinar si sus lesiones est\u00e1n cubiertas por el reclamo de compensaci\u00f3n para trabajadores.<\/span><\/p>\n<p><a href=\"https:\/\/miamilawyers360.com\/wp-content\/uploads\/2021\/07\/shutterstock_1119267239-1.jpg\"><img fetchpriority=\"high\" decoding=\"async\" class=\"alignnone size-full wp-image-1893\" src=\"https:\/\/miamilawyers360.com\/wp-content\/uploads\/2021\/07\/shutterstock_1119267239-1.jpg\" alt=\"Two Ladies talking over the workers' compensation claims process in Kendall, FL\" width=\"500\" height=\"334\" \/><\/a><\/p>\n<h2><b>\u00bfCu\u00e1nto tiempo tiene para presentar una reclamaci\u00f3n de compensaci\u00f3n para trabajadores en Florida?<\/b><\/h2>\n<p><span style=\"font-weight: 400;\">Existe un <\/span><a href=\"https:\/\/www.myfloridacfo.com\/division\/wc\/employee\/faq.htm#19\" target=\"_blank\" rel=\"noopener\"><span style=\"font-weight: 400;\">l\u00edmite de tiempo para presentar un reclamo de compensaci\u00f3n para trabajadores en Florida<\/span><\/a><span style=\"font-weight: 400;\"> . Si se lesiona en un accidente laboral en Florida, debe presentar un reclamo de compensaci\u00f3n para trabajadores dentro de los dos a\u00f1os posteriores a la fecha de su accidente. Si no presenta la solicitud dentro de los dos a\u00f1os, perder\u00e1 su derecho a buscar una compensaci\u00f3n por sus lesiones.<\/span><\/p>\n<h2><b>\u00bfC\u00f3mo presentar la reclamaci\u00f3n de compensaci\u00f3n para trabajadores en Florida?<\/b><\/h2>\n<p><span style=\"font-weight: 400;\">Una vez que se lesiona en su lugar de trabajo, debe informar el accidente a su supervisor, gerente o jefe de inmediato. Tiene 30 d\u00edas para reportar el accidente laboral a su empleador.<\/span><\/p>\n<p><span style=\"font-weight: 400;\">Una vez que informe el accidente laboral a su empleador, debe completar el Formulario 18 y luego documentar su caso de compensaci\u00f3n laboral con la Comisi\u00f3n Industrial de Florida lo antes posible. Es mucho mejor hacerlo usted mismo, ya que su empleador puede tomarse el tiempo para hacerlo.<\/span><\/p>\n<p><span style=\"font-weight: 400;\">Despu\u00e9s de documentar su caso, tendr\u00e1 que esperar a que su empleador o su aseguradora reconozcan su reclamo o rechacen su reclamo. Si rechazan su reclamo, puede apelar con la Oficina de Asistencia al Empleador y Defensor\u00eda del Pueblo de Florida.<\/span><\/p>\n<h2><b>\u00bfC\u00f3mo obtener ayuda para completar el proceso de reclamos de compensaci\u00f3n para trabajadores en Kendall?<\/b><\/h2>\n<p><span style=\"font-weight: 400;\">Si ha resultado lesionado en un accidente relacionado con el trabajo, no dude en reclamar una indemnizaci\u00f3n por accidentes de trabajo. Entendemos que es f\u00e1cil dudar porque tiene miedo de perder su trabajo. No perder\u00e1 su trabajo ya que la ley de Florida lo proteger\u00e1. Tiene derecho a buscar una compensaci\u00f3n por sus lesiones y p\u00e9rdidas en Florida.<\/span><\/p>\n<p><span style=\"font-weight: 400;\">No le recomendamos que intente buscar una compensaci\u00f3n por su cuenta. Es dif\u00edcil entender las leyes de compensaci\u00f3n laboral. Le recomendamos que contrate a un abogado con experiencia en compensaci\u00f3n para trabajadores para que maneje el caso en su nombre. Puede confiar en su abogado, ya que su abogado se preocupar\u00e1 por sus mejores intereses.<\/span><\/p>\n<p><span style=\"font-weight: 400;\">Sin embargo, no es f\u00e1cil encontrar los mejores abogados de compensaci\u00f3n laboral en Kendall, FL. No contrate a cualquier abogado para manejar su reclamo. Quiere obtener la m\u00e1xima compensaci\u00f3n. Desafortunadamente, es posible que algunos abogados no obtengan lo que usted tiene derecho a recibir. Es por eso que necesita hacer una investigaci\u00f3n adecuada antes de elegir un abogado de compensaci\u00f3n para trabajadores.<\/span><\/p>\n<p><span style=\"font-weight: 400;\">Nuestros <\/span><a href=\"https:\/\/miamilawyers360.com\/es\/\"><span style=\"font-weight: 400;\">abogados de la Coalici\u00f3n de Abogados de Compensaci\u00f3n Laboral de Miami<\/span><\/a><span style=\"font-weight: 400;\"> lo tratar\u00e1n como a una persona. Trataremos su caso de compensaci\u00f3n para trabajadores como si fuera el m\u00e1s importante del mundo, ya que queremos que usted y su familia obtengan los mejores resultados. Si se lesiona en un accidente laboral, lo ayudaremos a obtener la m\u00e1xima compensaci\u00f3n. Ll\u00e1menos hoy para su consulta gratuita.<\/span><\/p>\n","protected":false},"excerpt":{"rendered":"<p>Conocer el proceso de reclamos de compensaci\u00f3n para trabajadores en Kendall, FL despu\u00e9s de sufrir una lesi\u00f3n en el trabajo es crucial para poder manejar su reclamo. Algunas personas no reclaman la compensaci\u00f3n para trabajadores porque tienen miedo de perder sus trabajos. Tiene derecho a una reclamaci\u00f3n de indemnizaci\u00f3n laboral sin temor a ser despedido. [&hellip;]<\/p>\n","protected":false},"author":22,"featured_media":0,"parent":4655,"menu_order":0,"comment_status":"closed","ping_status":"closed","template":"","meta":{"_acf_changed":false,"anchor_text":"","footnotes":""},"class_list":["post-4646","page","type-page","status-publish","hentry"],"acf":[],"_links":{"self":[{"href":"https:\/\/miamilawyers360.com\/es\/wp-json\/wp\/v2\/pages\/4646","targetHints":{"allow":["GET"]}}],"collection":[{"href":"https:\/\/miamilawyers360.com\/es\/wp-json\/wp\/v2\/pages"}],"about":[{"href":"https:\/\/miamilawyers360.com\/es\/wp-json\/wp\/v2\/types\/page"}],"author":[{"embeddable":true,"href":"https:\/\/miamilawyers360.com\/es\/wp-json\/wp\/v2\/users\/22"}],"replies":[{"embeddable":true,"href":"https:\/\/miamilawyers360.com\/es\/wp-json\/wp\/v2\/comments?post=4646"}],"version-history":[{"count":2,"href":"https:\/\/miamilawyers360.com\/es\/wp-json\/wp\/v2\/pages\/4646\/revisions"}],"predecessor-version":[{"id":5279,"href":"https:\/\/miamilawyers360.com\/es\/wp-json\/wp\/v2\/pages\/4646\/revisions\/5279"}],"up":[{"embeddable":true,"href":"https:\/\/miamilawyers360.com\/es\/wp-json\/wp\/v2\/pages\/4655"}],"wp:attachment":[{"href":"https:\/\/miamilawyers360.com\/es\/wp-json\/wp\/v2\/media?parent=4646"}],"curies":[{"name":"wp","href":"https:\/\/api.w.org\/{rel}","templated":true}]}}