{"id":4647,"date":"2021-07-09T03:16:14","date_gmt":"2021-07-09T07:16:14","guid":{"rendered":"https:\/\/miamilawyers360.com\/kendall\/reporting-work-related-injury\/"},"modified":"2026-03-13T15:12:29","modified_gmt":"2026-03-13T19:12:29","slug":"como-informar-lesion-relacionada-trabajo-kendall-fl","status":"publish","type":"page","link":"https:\/\/miamilawyers360.com\/es\/kendall\/como-informar-lesion-relacionada-trabajo-kendall-fl\/","title":{"rendered":"C\u00f3mo informar una lesi\u00f3n relacionada con el trabajo en Kendall, FL"},"content":{"rendered":"<p><span style=\"font-weight: 400;\">Informar una lesi\u00f3n relacionada con el trabajo en Kendall debe ser simple y directo. El estatuto de Florida define claramente qu\u00e9 accidentes pueden cubrirse, el tiempo que tiene disponible para presentar su reclamo y las diversas responsabilidades de todos los involucrados. Pero entendemos que incluso los casos simples pueden volverse problem\u00e1ticos cuando se trata de una lesi\u00f3n grave o una discapacidad potencial. Por eso estamos aqu\u00ed para ayudarlo todo el d\u00eda.<\/span><\/p>\n<p><a href=\"https:\/\/miamilawyers360.com\/es\/kendall\/abogado-compensacion-laboral\/\"><span style=\"font-weight: 400;\">Nuestros abogados<\/span><\/a><span style=\"font-weight: 400;\"> trabajan incansablemente para luchar por las v\u00edctimas de lesiones en Kendall, Miami y las \u00e1reas circundantes en Florida. Incluso una lesi\u00f3n menor tiene el potencial de costar miles de d\u00f3lares y evitar que regrese al trabajo por alg\u00fan tiempo. Es responsabilidad del empleador asegurarse de que se le compense por ese tiempo perdido y que sus facturas m\u00e9dicas est\u00e9n cubiertas. Pero buscar\u00e1n cualquier error en el papeleo o en la presentaci\u00f3n como una oportunidad para optar por no recibir el pago.<\/span><\/p>\n<p><span style=\"font-weight: 400;\">Puede evitar esto familiariz\u00e1ndose con los conceptos b\u00e1sicos de la ley de compensaci\u00f3n de trabajadores en Florida. Al conocer los plazos y responsabilidades importantes, puede abstenerse de darle al empleador cualquier motivo para denegar su reclamo. Y si a\u00fan necesita asistencia profesional, tome un tel\u00e9fono y llame a nuestra oficina las 24 horas del d\u00eda, los 7 d\u00edas de la semana al <a href=\"tel:+17866862857\"><i class=\"fa fa-phone-alt\"><\/i>(786) 686-2857<\/a>.<\/span><\/p>\n<h2><b>\u00bfCu\u00e1nto tiempo tengo para informar una lesi\u00f3n en el lugar de trabajo en Kendall, Florida?<\/b><\/h2>\n<p><span style=\"font-weight: 400;\">No m\u00e1s de <\/span><a href=\"https:\/\/www.myfloridacfo.com\/division\/wc\/employee\/faq.htm#1\" target=\"_blank\" rel=\"noopener\"><span style=\"font-weight: 400;\">30 d\u00edas a<\/span><\/a><span style=\"font-weight: 400;\"> partir de la fecha de la lesi\u00f3n.<\/span><\/p>\n<p><span style=\"font-weight: 400;\">Su informe inicial marca el comienzo del proceso para recibir beneficios. Todav\u00eda hay varios pasos adicionales que involucran al empleador y al proveedor de seguros antes de que pueda comenzar a recibir beneficios. Esos pasos adicionales pueden tardar varias semanas. Si desea asegurarse de comenzar a recibir beneficios lo antes posible, debe informar de inmediato su accidente.<\/span><\/p>\n<p><span style=\"font-weight: 400;\">Este plazo tambi\u00e9n se aplica al desarrollo de una enfermedad, como una que podr\u00eda ser causada por una exposici\u00f3n prolongada a materiales peligrosos. Tiene un plazo de 30 d\u00edas despu\u00e9s de descubrir que la enfermedad est\u00e1 relacionada con su lugar de trabajo. Asimismo, si recibe un diagn\u00f3stico del hospital de una condici\u00f3n o enfermedad relacionada con su trabajo, entonces tiene 30 d\u00edas desde el d\u00eda en que recibi\u00f3 el diagn\u00f3stico para proporcionar esa informaci\u00f3n a su empleador.<\/span><\/p>\n<p><span style=\"font-weight: 400;\">Si es posible, es mejor informar su lesi\u00f3n antes de visitar a un profesional m\u00e9dico. El seguro de compensaci\u00f3n para trabajadores solo cubre a m\u00e9dicos espec\u00edficos aprobados por el proveedor de seguros. Al visitar a un m\u00e9dico antes de informar la afecci\u00f3n, aumenta la probabilidad de que el m\u00e9dico y el tratamiento brindado no est\u00e9n cubiertos.<\/span><\/p>\n<h2><b>\u00bfA qui\u00e9n tengo que informar una lesi\u00f3n en el lugar de trabajo?<\/b><\/h2>\n<p><span style=\"font-weight: 400;\">Debe informar su lesi\u00f3n al supervisor o gerente en el lugar que est\u00e9 disponible en ese momento. Tome nota del nombre de este supervisor y tambi\u00e9n de la hora a la que le inform\u00f3. Estos registros podr\u00edan resultar invaluables en un momento posterior si intentan negar sus beneficios.<\/span><\/p>\n<p><span style=\"font-weight: 400;\">La ley de Florida no requiere que el empleado presente un informe escrito en este momento ni que complete ning\u00fan formulario de informe de lesiones. Sin embargo, le recomendamos que env\u00ede un informe por escrito lo antes posible. Tambi\u00e9n le recomendamos que complete los formularios de informe de lesiones proporcionados por su empleador. <\/span><a href=\"https:\/\/www.myfloridacfo.com\/division\/wc\/employee\/faq.htm#1\" target=\"_blank\" rel=\"noopener\"><span style=\"font-weight: 400;\">Estos documentos<\/span><\/a><span style=\"font-weight: 400;\"> proporcionar\u00e1n un registro claro de su proceso de reclamos y evitar\u00e1n cualquier disputa con respecto a la validez de su informe.<\/span><\/p>\n<p><a href=\"https:\/\/miamilawyers360.com\/wp-content\/uploads\/2021\/07\/shutterstock_1145249072-2-1.jpg\"><img fetchpriority=\"high\" decoding=\"async\" class=\"alignnone wp-image-1897 size-full\" src=\"https:\/\/miamilawyers360.com\/wp-content\/uploads\/2021\/07\/shutterstock_1145249072-2-1.jpg\" alt=\"Man falls off of a ladder at a construction zone for reporting a work-related injury in Kendall\" width=\"500\" height=\"334\" \/><\/a><\/p>\n<h2><b>\u00bfResponsabilidades del empleador despu\u00e9s de una lesi\u00f3n en el lugar de trabajo?<\/b><\/h2>\n<p><span style=\"font-weight: 400;\">El empleador tiene varias responsabilidades clave tras la ocurrencia de una lesi\u00f3n en el lugar de trabajo. En particular, es su responsabilidad informar la lesi\u00f3n a la compa\u00f1\u00eda de seguros de compensaci\u00f3n de los trabajadores. Este informe se conoce como el Primer Informe de Lesiones y es un documento importante en el futuro. El proveedor de seguros no puede aprobar el reclamo y comenzar a brindar beneficios hasta que se presente este informe. Un empleador tiene siete d\u00edas a partir de la fecha de su informe para proporcionar este documento a su compa\u00f1\u00eda de seguros.<\/span><\/p>\n<p><span style=\"font-weight: 400;\">Sabr\u00e1 si el empleador envi\u00f3 este documento porque la compa\u00f1\u00eda de seguros le enviar\u00e1 un folleto informativo dentro de los siguientes tres d\u00edas. El folleto cubrir\u00e1 informaci\u00f3n sobre sus derechos, responsabilidades y otras leyes importantes de compensaci\u00f3n de trabajadores.<\/span><\/p>\n<p><span style=\"font-weight: 400;\">En algunos casos raros, un empleador puede negarse a informar su lesi\u00f3n a su compa\u00f1\u00eda de seguros. Si esto sucede, tiene derecho a comunicarse con su compa\u00f1\u00eda de seguros usted mismo y hacer el informe. Esa informaci\u00f3n debe estar disponible en alg\u00fan lugar de su lugar de trabajo. Si no puede encontrar esa informaci\u00f3n, puede comunicarse con la Oficina de Asistencia al Empleado de Florida.<\/span><\/p>\n<p><span style=\"font-weight: 400;\">Un empleador que se niega a enviar su informe nunca es una buena se\u00f1al. Recomendamos que se comunique con nuestros expertos legales para obtener orientaci\u00f3n sobre los pr\u00f3ximos pasos, ya que diferir\u00e1n un poco cuando el empleador se niegue a cumplir con sus responsabilidades.<\/span><\/p>\n<h2><b>Responsabilidad del empleado despu\u00e9s de una lesi\u00f3n en el lugar de trabajo<\/b><\/h2>\n<p><span style=\"font-weight: 400;\">Tiene dos responsabilidades clave despu\u00e9s de un accidente. Debe informar su lesi\u00f3n a un supervisor y debe buscar atenci\u00f3n m\u00e9dica para su lesi\u00f3n. Puede que se requieran m\u00e1s aportaciones en el futuro, pero por ahora, esto es todo lo que se requiere. Su enfoque debe estar completamente en recuperarse de su lesi\u00f3n y seguir adelante con cualquier tratamiento m\u00e9dico recomendado.<\/span><\/p>\n<p><span style=\"font-weight: 400;\">Tendr\u00e1 responsabilidades adicionales si el proveedor de seguros finalmente niega su reclamo. Tendr\u00e1 tiempo para hacer un \u00abesfuerzo de buena fe\u00bb para resolver cualquier disputa con el empleador o el proveedor de seguros. Si eso no funciona, entonces puede comenzar el proceso de presentar una petici\u00f3n de beneficios de compensaci\u00f3n para trabajadores.<\/span><\/p>\n<p><span style=\"font-weight: 400;\">Le recomendamos que busque asistencia legal si se ve agobiado por estas responsabilidades adicionales. Presentar una petici\u00f3n ante la Oficina de Jueces de Reclamaciones de Compensaci\u00f3n (OJCC) es un punto en el que contar con asistencia legal profesional ser\u00e1 para su beneficio. Nuestros abogados pueden ayudar con la petici\u00f3n, la meditaci\u00f3n y cualquier audiencia legal potencial.<\/span><\/p>\n<h2><b>Ll\u00e1menos hoy cuando informe una lesi\u00f3n relacionada con el trabajo en Kendall<\/b><\/h2>\n<p><span style=\"font-weight: 400;\">Es posible que no tenga la responsabilidad de trabajar con un abogado despu\u00e9s de una lesi\u00f3n, pero ciertamente es una buena idea. Las grandes empresas y los proveedores de seguros se aprovechar\u00e1n del m\u00e1s m\u00ednimo error. No quiere darles la oportunidad de negar su reclamo. <\/span><a href=\"https:\/\/www.myfloridacfo.com\/division\/wc\/employee\/faq.htm#1\" target=\"_blank\" rel=\"noopener\"><span style=\"font-weight: 400;\">Podemos ayudarlo a<\/span><\/a><span style=\"font-weight: 400;\"> tomar todas las decisiones correctas durante su proceso de reclamo. Todo lo que necesita hacer es llamarnos hoy al <a href=\"tel:+17866862857\"><i class=\"fa fa-phone-alt\"><\/i>(786) 686-2857<\/a> para una evaluaci\u00f3n de reclamo gratuita.<\/span><\/p>\n","protected":false},"excerpt":{"rendered":"<p>Informar una lesi\u00f3n relacionada con el trabajo en Kendall debe ser simple y directo. El estatuto de Florida define claramente qu\u00e9 accidentes pueden cubrirse, el tiempo que tiene disponible para presentar su reclamo y las diversas responsabilidades de todos los involucrados. Pero entendemos que incluso los casos simples pueden volverse problem\u00e1ticos cuando se trata de [&hellip;]<\/p>\n","protected":false},"author":22,"featured_media":0,"parent":4655,"menu_order":0,"comment_status":"closed","ping_status":"closed","template":"","meta":{"_acf_changed":false,"anchor_text":"","footnotes":""},"class_list":["post-4647","page","type-page","status-publish","hentry"],"acf":[],"_links":{"self":[{"href":"https:\/\/miamilawyers360.com\/es\/wp-json\/wp\/v2\/pages\/4647","targetHints":{"allow":["GET"]}}],"collection":[{"href":"https:\/\/miamilawyers360.com\/es\/wp-json\/wp\/v2\/pages"}],"about":[{"href":"https:\/\/miamilawyers360.com\/es\/wp-json\/wp\/v2\/types\/page"}],"author":[{"embeddable":true,"href":"https:\/\/miamilawyers360.com\/es\/wp-json\/wp\/v2\/users\/22"}],"replies":[{"embeddable":true,"href":"https:\/\/miamilawyers360.com\/es\/wp-json\/wp\/v2\/comments?post=4647"}],"version-history":[{"count":2,"href":"https:\/\/miamilawyers360.com\/es\/wp-json\/wp\/v2\/pages\/4647\/revisions"}],"predecessor-version":[{"id":5280,"href":"https:\/\/miamilawyers360.com\/es\/wp-json\/wp\/v2\/pages\/4647\/revisions\/5280"}],"up":[{"embeddable":true,"href":"https:\/\/miamilawyers360.com\/es\/wp-json\/wp\/v2\/pages\/4655"}],"wp:attachment":[{"href":"https:\/\/miamilawyers360.com\/es\/wp-json\/wp\/v2\/media?parent=4647"}],"curies":[{"name":"wp","href":"https:\/\/api.w.org\/{rel}","templated":true}]}}