{"id":4648,"date":"2021-07-09T03:18:05","date_gmt":"2021-07-09T07:18:05","guid":{"rendered":"https:\/\/miamilawyers360.com\/kendall\/workers-comp-benefits\/"},"modified":"2026-03-13T15:12:48","modified_gmt":"2026-03-13T19:12:48","slug":"beneficios-compensacion-laboral-kendall-fl","status":"publish","type":"page","link":"https:\/\/miamilawyers360.com\/es\/kendall\/beneficios-compensacion-laboral-kendall-fl\/","title":{"rendered":"Beneficios de compensaci\u00f3n laboral en Kendall, FL"},"content":{"rendered":"<p><span style=\"font-weight: 400;\">Lesionarse mientras realiza sus deberes en el trabajo puede ser abrumador. Es posible que no est\u00e9 seguro de qu\u00e9 hacer a continuaci\u00f3n. Sin embargo, si cuenta con el abogado de compensaci\u00f3n laboral adecuado en Kendall, FL, est\u00e1 en buenas manos. Gracias a<\/span><a href=\"https:\/\/miamilawyers360.com\/es\/kendall\/abogado-compensacion-laboral\/\"><span style=\"font-weight: 400;\"> los abogados de compensaci\u00f3n para trabajadores de Miami <\/span><\/a><span style=\"font-weight: 400;\">, puede descansar y recuperarse despu\u00e9s de su lesi\u00f3n relacionada con el trabajo mientras trabajamos en su reclamo de compensaci\u00f3n para trabajadores. Esto es lo que necesita saber sobre los beneficios de compensaci\u00f3n para trabajadores de Kendall, FL y c\u00f3mo obtenerlos. Ll\u00e1menos hoy y podremos hablar m\u00e1s sobre su reclamo de compensaci\u00f3n para trabajadores en Kendall, FL.<\/span><\/p>\n<h2><b>L\u00edmites de ingresos de compensaci\u00f3n laboral de Kendall, FL<\/b><\/h2>\n<p><span style=\"font-weight: 400;\">El seguro de compensaci\u00f3n para trabajadores protege a una empresa de cualquier reclamo que resulte de los trabajadores que han resultado lesionados mientras realizaban sus funciones. S\u00ed, si ha resultado lesionado, el seguro de compensaci\u00f3n para trabajadores de su empleador le permitir\u00e1 recibir beneficios hasta un l\u00edmite m\u00e1ximo. Esto es lo que necesita saber sobre los l\u00edmites de ingresos para reclamos de compensaci\u00f3n para trabajadores en Florida.<\/span><\/p>\n<ul>\n<li><span style=\"font-weight: 400;\"> Para heridas reales causadas por infecciones, hay un l\u00edmite m\u00e1ximo de $ 500,000.<\/span><\/li>\n<li><span style=\"font-weight: 400;\"> Por cualquier herida real causada por evento, recibir\u00e1 un m\u00e1ximo de $ 100,000.<\/span><\/li>\n<li><span style=\"font-weight: 400;\"> Por lesiones reales causadas por una enfermedad relacionada, recibir\u00e1 un m\u00e1ximo de $ 100,000.<\/span><\/li>\n<\/ul>\n<p><span style=\"font-weight: 400;\">A lo largo de los a\u00f1os, hemos trabajado con muchas compa\u00f1\u00edas de seguros y empleadores que no est\u00e1n dispuestos a pagar por sus empleados lesionados. Por lo tanto, entendemos lo f\u00e1cil que se puede negar su reclamo. Sin embargo, nuestro bufete de abogados est\u00e1 equipado con la experiencia y el conocimiento para asegurarse de que reciba una compensaci\u00f3n por cualquier lesi\u00f3n que haya sufrido en el trabajo. Ll\u00e1menos hoy para que podamos comenzar a trabajar en su reclamo de compensaci\u00f3n para trabajadores en Kendall, FL.<\/span><\/p>\n<h2><b>Tipos de beneficios de compensaci\u00f3n laboral en Kendall, FL<\/b><\/h2>\n<p><span style=\"font-weight: 400;\">Seg\u00fan las<\/span><a href=\"https:\/\/www.myfloridacfo.com\/Division\/wc\/\" target=\"_blank\" rel=\"noopener\"><span style=\"font-weight: 400;\"> regulaciones de reclamos de compensaci\u00f3n para trabajadores en Florida <\/span><\/a><span style=\"font-weight: 400;\">, recibir\u00e1 4 tipos de beneficios de compensaci\u00f3n por incapacidad. Estos incluyen los siguientes.<\/span><\/p>\n<h3><b>Beneficios por discapacidad total temporal (TTD)<\/b><\/h3>\n<p><span style=\"font-weight: 400;\">Recibir\u00e1 los beneficios de TTD si no puede trabajar en ninguna capacidad incluso despu\u00e9s del tratamiento. Solo puede comenzar a recibir beneficios TTD despu\u00e9s de 7 d\u00edas de estar sin trabajo en Kendall, FL. Sin embargo, si no tiene trabajo durante 21 d\u00edas, tambi\u00e9n se le pagar\u00e1 por los primeros 7 d\u00edas.<\/span><\/p>\n<p><span style=\"font-weight: 400;\">Recibir\u00e1 los beneficios de TTD por un m\u00e1ximo de 500 semanas, pero puede extenderse seg\u00fan sus condiciones actuales. Los beneficios de TTD se calculan como dos tercios de su salario semanal. Deber\u00eda poder recibir pagos semanales a menos que exista otro acuerdo.<\/span><\/p>\n<h3><b>Beneficios por discapacidad parcial temporal<\/b><\/h3>\n<p><span style=\"font-weight: 400;\">Si tiene que volver a trabajar pero recibe un salario reducido debido a una lesi\u00f3n anterior relacionada con el trabajo, puede recibir los beneficios de TPD. Tenga en cuenta que comenzar\u00e1 a recibir beneficios de TPD despu\u00e9s de 7 d\u00edas. Se pagar\u00e1 por un m\u00e1ximo de 500 semanas. Los beneficios de TPD generalmente se calculan como dos tercios de la diferencia entre su salario semanal anterior y su salario actual.<\/span><\/p>\n<h3><b>Beneficios por discapacidad parcial permanente<\/b><\/h3>\n<p><span style=\"font-weight: 400;\">Recibir\u00e1 los beneficios de PPD despu\u00e9s de alcanzar la m\u00e1xima mejor\u00eda m\u00e9dica. Es un estado declarado por su m\u00e9dico tratante si no puede mejorar m\u00e1s incluso con tratamiento adicional, pero las lesiones afectan su desempe\u00f1o laboral. Cualquiera de las partes de su cuerpo que se vean afectadas recibir\u00e1 beneficios de PPD seg\u00fan el grado de lesi\u00f3n. Por ejemplo, si ha perdido una extremidad que afecta sus posibilidades de volver al trabajo, recibir\u00e1 los beneficios de PPD durante 200 semanas. Los beneficios de PPD generalmente se pagan a la tasa TTD.<\/span><\/p>\n<h3><b>Beneficios por discapacidad total permanente<\/b><\/h3>\n<p><span style=\"font-weight: 400;\">Los beneficios de PTD generalmente se emiten bajo condiciones restringidas si ha resultado lesionado pero cumple con un conjunto espec\u00edfico de reglas. Recibir\u00e1 estos beneficios por el resto de su vida. Por ejemplo, si ha perdido 2 brazos, manos, 2 pies, 2 ojos o cualquier otra combinaci\u00f3n de dos partes del cuerpo que le obligue a no volver nunca al trabajo. Adem\u00e1s, si ha sufrido lesiones en la m\u00e9dula espinal que provocan par\u00e1lisis o heridas en la cabeza, puede calificar para los beneficios de PTD.<\/span><\/p>\n<p><span style=\"font-weight: 400;\">\u00bfSe pregunta qu\u00e9 categor\u00eda de beneficios recibir\u00e1 debido a su lesi\u00f3n relacionada con el trabajo? \u00bfSiente que su m\u00e9dico tratante le ha diagnosticado err\u00f3neamente? Bueno, tenemos la experiencia y el conocimiento legal para asegurarnos de que su caso se maneje de manera justa y equitativa. Ll\u00e1menos hoy a la Coalici\u00f3n de Abogados de Compensaci\u00f3n para Trabajadores de Miami y su caso ser\u00e1 manejado por profesionales.<\/span><\/p>\n<p><a href=\"https:\/\/miamilawyers360.com\/wp-content\/uploads\/2021\/07\/shutterstock_1109696735-1.jpg\"><img fetchpriority=\"high\" decoding=\"async\" class=\"alignnone size-full wp-image-1903\" src=\"https:\/\/miamilawyers360.com\/wp-content\/uploads\/2021\/07\/shutterstock_1109696735-1.jpg\" alt=\"A woman is explaining the workers' compensation benefits in Kendall, to an injured woman\" width=\"500\" height=\"334\" \/><\/a><\/p>\n<h2><b>\u00bfC\u00f3mo se calculan los beneficios de compensaci\u00f3n para trabajadores de Kendall, FL?<\/b><\/h2>\n<p><span style=\"font-weight: 400;\">En <\/span><a href=\"https:\/\/en.wikipedia.org\/wiki\/Kendall,_Florida\" target=\"_blank\" rel=\"noopener\"><span style=\"font-weight: 400;\">Kendall,FL<\/span><\/a><span style=\"font-weight: 400;\"> los beneficios de compensaci\u00f3n de se calculan utilizando 4 t\u00e9cnicas. Estos incluyen los siguientes:<\/span><\/p>\n<ul>\n<li><span style=\"font-weight: 400;\"> Si ha estado trabajando por m\u00e1s de un a\u00f1o, sus pagos semanales ser\u00e1n determinados por el salario semanal que recibi\u00f3 usando esas 52 semanas, menos los \u00faltimos 7 d\u00edas que no trabaj\u00f3 debido a su lesi\u00f3n.<\/span><\/li>\n<li><span style=\"font-weight: 400;\"> En segundo lugar, si trabaj\u00f3 menos de un a\u00f1o, su compensaci\u00f3n semanal se determinar\u00e1 calculando el salario semanal que recibi\u00f3 por las semanas que trabaj\u00f3.<\/span><\/li>\n<li><span style=\"font-weight: 400;\"> En tercer lugar, si trabaj\u00f3 durante menos semanas de las que se pueden utilizar para determinar su salario semanal de compensaci\u00f3n, la Comisi\u00f3n Industrial determinar\u00e1 qu\u00e9 tipo de compensaci\u00f3n recibir\u00e1.<\/span><\/li>\n<li><span style=\"font-weight: 400;\"> Por \u00faltimo, si alguna de las estrategias mencionadas anteriormente no es aplicable, el salario semanal se determinar\u00e1 asumiendo la cantidad de efectivo que habr\u00eda recibido si no se hubiera lesionado.<\/span><\/li>\n<\/ul>\n<p><span style=\"font-weight: 400;\">Mientras trabaja con el mejor abogado de compensaci\u00f3n para trabajadores en Kendall, FL en la Coalici\u00f3n de Compensaci\u00f3n para Trabajadores de Miami, siempre puede estar seguro de que recibir\u00e1 todo lo que se le debe.<\/span><\/p>\n<h2><b>\u00bfSe gravan los beneficios de compensaci\u00f3n para trabajadores de Kendall, FL?<\/b><\/h2>\n<p><span style=\"font-weight: 400;\">No, no se le cobrar\u00e1n impuestos por sus beneficios de compensaci\u00f3n para trabajadores. Sin embargo, si tiene que ir a trabajar y recibir los beneficios de TPD, solo se gravar\u00e1n sus salarios y no sus beneficios de compensaci\u00f3n.<\/span><\/p>\n<h2><b>\u00bfC\u00f3mo puedo obtener mis beneficios de compensaci\u00f3n laboral en Kendall?<\/b><\/h2>\n<p><span style=\"font-weight: 400;\">Es bastante f\u00e1cil sentirse abrumado despu\u00e9s de estar involucrado en una lesi\u00f3n relacionada con el trabajo. T\u00f3mese el tiempo para curarse de sus lesiones y perm\u00edtanos trabajar en su caso. Tenemos experiencia en el manejo de reclamos de compensaci\u00f3n para trabajadores en Kendall, FL, y estamos listos para comenzar a trabajar en su caso. <\/span><a href=\"https:\/\/miamilawyers360.com\/es\/\"><span style=\"font-weight: 400;\">Llame a nuestro bufete de abogados hoy<\/span><\/a><span style=\"font-weight: 400;\"> para obtener la mejor representaci\u00f3n legal para su caso de compensaci\u00f3n para trabajadores en Kendall, Florida.<\/span><\/p>\n","protected":false},"excerpt":{"rendered":"<p>Lesionarse mientras realiza sus deberes en el trabajo puede ser abrumador. Es posible que no est\u00e9 seguro de qu\u00e9 hacer a continuaci\u00f3n. Sin embargo, si cuenta con el abogado de compensaci\u00f3n laboral adecuado en Kendall, FL, est\u00e1 en buenas manos. Gracias a los abogados de compensaci\u00f3n para trabajadores de Miami , puede descansar y recuperarse [&hellip;]<\/p>\n","protected":false},"author":22,"featured_media":0,"parent":4655,"menu_order":0,"comment_status":"closed","ping_status":"closed","template":"","meta":{"_acf_changed":false,"anchor_text":"","footnotes":""},"class_list":["post-4648","page","type-page","status-publish","hentry"],"acf":[],"_links":{"self":[{"href":"https:\/\/miamilawyers360.com\/es\/wp-json\/wp\/v2\/pages\/4648","targetHints":{"allow":["GET"]}}],"collection":[{"href":"https:\/\/miamilawyers360.com\/es\/wp-json\/wp\/v2\/pages"}],"about":[{"href":"https:\/\/miamilawyers360.com\/es\/wp-json\/wp\/v2\/types\/page"}],"author":[{"embeddable":true,"href":"https:\/\/miamilawyers360.com\/es\/wp-json\/wp\/v2\/users\/22"}],"replies":[{"embeddable":true,"href":"https:\/\/miamilawyers360.com\/es\/wp-json\/wp\/v2\/comments?post=4648"}],"version-history":[{"count":2,"href":"https:\/\/miamilawyers360.com\/es\/wp-json\/wp\/v2\/pages\/4648\/revisions"}],"predecessor-version":[{"id":5281,"href":"https:\/\/miamilawyers360.com\/es\/wp-json\/wp\/v2\/pages\/4648\/revisions\/5281"}],"up":[{"embeddable":true,"href":"https:\/\/miamilawyers360.com\/es\/wp-json\/wp\/v2\/pages\/4655"}],"wp:attachment":[{"href":"https:\/\/miamilawyers360.com\/es\/wp-json\/wp\/v2\/media?parent=4648"}],"curies":[{"name":"wp","href":"https:\/\/api.w.org\/{rel}","templated":true}]}}