{"id":4654,"date":"2021-02-24T20:57:09","date_gmt":"2021-02-25T01:57:09","guid":{"rendered":"https:\/\/miamilawyers360.com\/?page_id=1731"},"modified":"2026-03-19T08:59:50","modified_gmt":"2026-03-19T12:59:50","slug":"doral","status":"publish","type":"page","link":"https:\/\/miamilawyers360.com\/es\/doral\/","title":{"rendered":"Doral"},"content":{"rendered":"<p>Elegir la red de abogados de lesiones personales de Miami Lawyers 360 significa contar con un equipo dedicado que pone tu recuperaci\u00f3n\u2014tanto financiera como personal\u2014en primer lugar. Si sufriste una lesi\u00f3n debido a la negligencia de otra persona en Doral, mereces m\u00e1s que ayuda legal b\u00e1sica: mereces defensores responsables, con experiencia y que saben c\u00f3mo ganar. Nuestra red est\u00e1 disponible las 24 horas del d\u00eda, los 7 d\u00edas de la semana, para que siempre tengas acceso a respuestas, orientaci\u00f3n y apoyo cuando m\u00e1s lo necesitas. Desde tu primera llamada, evaluamos tu caso, te explicamos tus opciones y te brindamos una comprensi\u00f3n clara del valor potencial de tu reclamaci\u00f3n.<\/p>\n<p>Lo que distingue a Miami Lawyers 360 es nuestro compromiso con la conveniencia y los resultados. Entendemos que una lesi\u00f3n puede dificultar tus desplazamientos, por eso estamos dispuestos a acudir a ti cuando sea necesario. Nuestros abogados han recuperado con \u00e9xito millones de d\u00f3lares para clientes lesionados y aplican esa misma determinaci\u00f3n y estrategia en cada caso que manejan. Ya sea negociando con compa\u00f1\u00edas de seguros o preparando una demanda, nuestro enfoque siempre es maximizar tu compensaci\u00f3n.<\/p>\n<p>Lo mejor de todo es que no tienes que preocuparte por costos iniciales. Con nuestro sistema de honorarios de contingencia, no pagas nada a menos que ganemos tu caso. Esto significa cero riesgo: solo representaci\u00f3n experta trabajando incansablemente a tu favor. Elegir Miami Lawyers 360 es elegir un equipo accesible, comprobado y completamente comprometido a ayudarte a seguir adelante con confianza.<\/p>\n","protected":false},"excerpt":{"rendered":"<p>Elegir la red de abogados de lesiones personales de Miami Lawyers 360 significa contar con un equipo dedicado que pone tu recuperaci\u00f3n\u2014tanto financiera como personal\u2014en primer lugar. Si sufriste una lesi\u00f3n debido a la negligencia de otra persona en Doral, mereces m\u00e1s que ayuda legal b\u00e1sica: mereces defensores responsables, con experiencia y que saben c\u00f3mo [&hellip;]<\/p>\n","protected":false},"author":22,"featured_media":5676,"parent":0,"menu_order":0,"comment_status":"closed","ping_status":"closed","template":"","meta":{"_acf_changed":false,"anchor_text":"","footnotes":""},"class_list":["post-4654","page","type-page","status-publish","has-post-thumbnail","hentry"],"acf":[],"_links":{"self":[{"href":"https:\/\/miamilawyers360.com\/es\/wp-json\/wp\/v2\/pages\/4654","targetHints":{"allow":["GET"]}}],"collection":[{"href":"https:\/\/miamilawyers360.com\/es\/wp-json\/wp\/v2\/pages"}],"about":[{"href":"https:\/\/miamilawyers360.com\/es\/wp-json\/wp\/v2\/types\/page"}],"author":[{"embeddable":true,"href":"https:\/\/miamilawyers360.com\/es\/wp-json\/wp\/v2\/users\/22"}],"replies":[{"embeddable":true,"href":"https:\/\/miamilawyers360.com\/es\/wp-json\/wp\/v2\/comments?post=4654"}],"version-history":[{"count":3,"href":"https:\/\/miamilawyers360.com\/es\/wp-json\/wp\/v2\/pages\/4654\/revisions"}],"predecessor-version":[{"id":5738,"href":"https:\/\/miamilawyers360.com\/es\/wp-json\/wp\/v2\/pages\/4654\/revisions\/5738"}],"wp:featuredmedia":[{"embeddable":true,"href":"https:\/\/miamilawyers360.com\/es\/wp-json\/wp\/v2\/media\/5676"}],"wp:attachment":[{"href":"https:\/\/miamilawyers360.com\/es\/wp-json\/wp\/v2\/media?parent=4654"}],"curies":[{"name":"wp","href":"https:\/\/api.w.org\/{rel}","templated":true}]}}