{"id":4655,"date":"2021-02-23T15:36:33","date_gmt":"2021-02-23T20:36:33","guid":{"rendered":"https:\/\/miamilawyers360.com\/?page_id=1746"},"modified":"2026-03-19T09:18:30","modified_gmt":"2026-03-19T13:18:30","slug":"kendall","status":"publish","type":"page","link":"https:\/\/miamilawyers360.com\/es\/kendall\/","title":{"rendered":"Kendall"},"content":{"rendered":"<p>i ha sufrido una lesi\u00f3n, contar con el apoyo legal adecuado puede marcar una gran diferencia en el resultado de su caso. Miami Lawyers 360 conecta a residentes de Kendall con una red confiable de abogados con experiencia en compensaci\u00f3n laboral, accidentes automovil\u00edsticos y casos de lesiones personales.<\/p>\n<p>Nuestra misi\u00f3n es ayudar a las personas lesionadas a obtener la compensaci\u00f3n que merecen, gui\u00e1ndolas a trav\u00e9s del proceso legal con confianza y claridad. Los abogados de nuestra red cuentan con amplia experiencia en el manejo de reclamaciones por lesiones y comprenden los desaf\u00edos que enfrentan las v\u00edctimas despu\u00e9s de un accidente.<\/p>\n<p>Ya sea que haya resultado lesionado en el trabajo, en un accidente de auto o debido a la negligencia de otra persona, nuestros abogados est\u00e1n preparados para construir un caso s\u00f3lido y defender sus mejores intereses.<\/p>\n<p>Con un enfoque en compensaci\u00f3n laboral, accidentes automovil\u00edsticos y lesiones personales, nuestros abogados saben c\u00f3mo tratar con compa\u00f1\u00edas de seguros y luchar por la compensaci\u00f3n por gastos m\u00e9dicos, salarios perdidos y otros da\u00f1os. Adem\u00e1s, est\u00e1n familiarizados con los tribunales, procedimientos locales y pr\u00e1cticas de seguros en Kendall, lo que ayuda a que su caso avance de manera eficiente.<\/p>\n<p>Durante todo el proceso, recibir\u00e1 atenci\u00f3n personalizada y orientaci\u00f3n clara para que siempre comprenda sus opciones y el progreso de su reclamaci\u00f3n. La mayor\u00eda de los casos se manejan bajo honorarios de contingencia, lo que significa que no hay costos iniciales y no paga nada a menos que su abogado recupere compensaci\u00f3n para usted.<\/p>\n<p>Si sufri\u00f3 una lesi\u00f3n en Kendall, Miami Lawyers 360 puede conectarlo con un abogado experimentado listo para proteger sus derechos y ayudarle a obtener la recuperaci\u00f3n que merece.<\/p>\n","protected":false},"excerpt":{"rendered":"<p>i ha sufrido una lesi\u00f3n, contar con el apoyo legal adecuado puede marcar una gran diferencia en el resultado de su caso. Miami Lawyers 360 conecta a residentes de Kendall con una red confiable de abogados con experiencia en compensaci\u00f3n laboral, accidentes automovil\u00edsticos y casos de lesiones personales. Nuestra misi\u00f3n es ayudar a las personas [&hellip;]<\/p>\n","protected":false},"author":22,"featured_media":5745,"parent":0,"menu_order":0,"comment_status":"closed","ping_status":"closed","template":"","meta":{"_acf_changed":false,"anchor_text":"","footnotes":""},"class_list":["post-4655","page","type-page","status-publish","has-post-thumbnail","hentry"],"acf":[],"_links":{"self":[{"href":"https:\/\/miamilawyers360.com\/es\/wp-json\/wp\/v2\/pages\/4655","targetHints":{"allow":["GET"]}}],"collection":[{"href":"https:\/\/miamilawyers360.com\/es\/wp-json\/wp\/v2\/pages"}],"about":[{"href":"https:\/\/miamilawyers360.com\/es\/wp-json\/wp\/v2\/types\/page"}],"author":[{"embeddable":true,"href":"https:\/\/miamilawyers360.com\/es\/wp-json\/wp\/v2\/users\/22"}],"replies":[{"embeddable":true,"href":"https:\/\/miamilawyers360.com\/es\/wp-json\/wp\/v2\/comments?post=4655"}],"version-history":[{"count":3,"href":"https:\/\/miamilawyers360.com\/es\/wp-json\/wp\/v2\/pages\/4655\/revisions"}],"predecessor-version":[{"id":5747,"href":"https:\/\/miamilawyers360.com\/es\/wp-json\/wp\/v2\/pages\/4655\/revisions\/5747"}],"wp:featuredmedia":[{"embeddable":true,"href":"https:\/\/miamilawyers360.com\/es\/wp-json\/wp\/v2\/media\/5745"}],"wp:attachment":[{"href":"https:\/\/miamilawyers360.com\/es\/wp-json\/wp\/v2\/media?parent=4655"}],"curies":[{"name":"wp","href":"https:\/\/api.w.org\/{rel}","templated":true}]}}