{"id":4656,"date":"2021-02-23T15:38:37","date_gmt":"2021-02-23T20:38:37","guid":{"rendered":"https:\/\/miamilawyers360.com\/?page_id=1747"},"modified":"2026-03-19T08:45:51","modified_gmt":"2026-03-19T12:45:51","slug":"miami","status":"publish","type":"page","link":"https:\/\/miamilawyers360.com\/es\/miami\/","title":{"rendered":"Miami"},"content":{"rendered":"<p>Elegir la red de abogados de lesiones personales de Miami Lawyers 360 en Miami significa contar con un equipo que prioriza tu recuperaci\u00f3n en cada etapa del proceso. Si has resultado lesionado debido a la negligencia de otra persona en cualquier parte del \u00e1rea de Miami, mereces m\u00e1s que solo representaci\u00f3n legal: mereces un equipo receptivo, enfocado en resultados y con la experiencia necesaria para manejar casos complejos y luchar por la m\u00e1xima compensaci\u00f3n. Nuestra red est\u00e1 disponible las 24 horas del d\u00eda, los 7 d\u00edas de la semana, para que siempre tengas acceso a respuestas, actualizaciones de tu caso y asesor\u00eda confiable cuando m\u00e1s lo necesitas. Desde la consulta inicial, nos tomamos el tiempo para evaluar tu caso, explicarte tus opciones legales y darte una idea clara del valor de tu reclamaci\u00f3n.<\/p>\n<p>Lo que distingue a Miami Lawyers 360 es nuestro compromiso tanto con la comodidad como con resultados comprobados. Sabemos que una lesi\u00f3n puede afectar tu vida diaria, por eso facilitamos el proceso incluso desplaz\u00e1ndonos hasta donde te encuentres cuando sea necesario. Nuestros abogados han recuperado millones de d\u00f3lares para sus clientes y aplican ese mismo nivel de dedicaci\u00f3n, estrategia y perseverancia en cada caso. Ya sea negociando firmemente con compa\u00f1\u00edas de seguros o prepar\u00e1ndonos para ir a juicio, nuestro enfoque siempre es asegurar la compensaci\u00f3n que mereces.<\/p>\n<p>Con nuestro sistema de honorarios por contingencia, no hay costos iniciales: no pagas nada a menos que ganemos tu caso. Es una forma sin riesgo de obtener representaci\u00f3n legal con experiencia. Elegir Miami Lawyers 360 es elegir un equipo accesible, con trayectoria comprobada y comprometido a ayudarte a seguir adelante con confianza.<\/p>\n","protected":false},"excerpt":{"rendered":"<p>Elegir la red de abogados de lesiones personales de Miami Lawyers 360 en Miami significa contar con un equipo que prioriza tu recuperaci\u00f3n en cada etapa del proceso. Si has resultado lesionado debido a la negligencia de otra persona en cualquier parte del \u00e1rea de Miami, mereces m\u00e1s que solo representaci\u00f3n legal: mereces un equipo [&hellip;]<\/p>\n","protected":false},"author":22,"featured_media":5683,"parent":0,"menu_order":0,"comment_status":"closed","ping_status":"closed","template":"","meta":{"_acf_changed":false,"anchor_text":"","footnotes":""},"class_list":["post-4656","page","type-page","status-publish","has-post-thumbnail","hentry"],"acf":[],"_links":{"self":[{"href":"https:\/\/miamilawyers360.com\/es\/wp-json\/wp\/v2\/pages\/4656","targetHints":{"allow":["GET"]}}],"collection":[{"href":"https:\/\/miamilawyers360.com\/es\/wp-json\/wp\/v2\/pages"}],"about":[{"href":"https:\/\/miamilawyers360.com\/es\/wp-json\/wp\/v2\/types\/page"}],"author":[{"embeddable":true,"href":"https:\/\/miamilawyers360.com\/es\/wp-json\/wp\/v2\/users\/22"}],"replies":[{"embeddable":true,"href":"https:\/\/miamilawyers360.com\/es\/wp-json\/wp\/v2\/comments?post=4656"}],"version-history":[{"count":4,"href":"https:\/\/miamilawyers360.com\/es\/wp-json\/wp\/v2\/pages\/4656\/revisions"}],"predecessor-version":[{"id":5732,"href":"https:\/\/miamilawyers360.com\/es\/wp-json\/wp\/v2\/pages\/4656\/revisions\/5732"}],"wp:featuredmedia":[{"embeddable":true,"href":"https:\/\/miamilawyers360.com\/es\/wp-json\/wp\/v2\/media\/5683"}],"wp:attachment":[{"href":"https:\/\/miamilawyers360.com\/es\/wp-json\/wp\/v2\/media?parent=4656"}],"curies":[{"name":"wp","href":"https:\/\/api.w.org\/{rel}","templated":true}]}}