{"id":4657,"date":"2021-02-24T20:58:07","date_gmt":"2021-02-25T01:58:07","guid":{"rendered":"https:\/\/miamilawyers360.com\/?page_id=1748"},"modified":"2026-03-19T09:24:00","modified_gmt":"2026-03-19T13:24:00","slug":"miami-beach","status":"publish","type":"page","link":"https:\/\/miamilawyers360.com\/es\/miami-beach\/","title":{"rendered":"Miami Beach"},"content":{"rendered":"<p>Elegir la red de abogados de lesiones personales de Miami Lawyers 360 que atiende a Miami Beach significa contar con un equipo legal confiable dedicado a proteger sus derechos y priorizar su recuperaci\u00f3n. Si ha sufrido una lesi\u00f3n debido a la negligencia de otra persona en Miami Beach, necesita m\u00e1s que representaci\u00f3n b\u00e1sica: requiere abogados con experiencia que sepan manejar reclamaciones complejas y luchar por la compensaci\u00f3n que usted merece. Nuestra red est\u00e1 disponible las 24 horas del d\u00eda, los 7 d\u00edas de la semana, para brindarle respuestas, actualizaciones y orientaci\u00f3n cuando m\u00e1s lo necesite. Desde su primera consulta, evaluamos cuidadosamente su caso, explicamos sus opciones legales y le damos una comprensi\u00f3n clara del valor potencial de su reclamaci\u00f3n.<\/p>\n<p>Lo que distingue a Miami Lawyers 360 es nuestro compromiso con la conveniencia y los resultados. Entendemos lo disruptiva que puede ser una lesi\u00f3n, por lo que ofrecemos apoyo flexible, incluso acudiendo a usted cuando sea necesario. Nuestros abogados han recuperado millones de d\u00f3lares para clientes lesionados y aplican ese mismo nivel de estrategia y dedicaci\u00f3n en cada caso. Ya sea negociando con compa\u00f1\u00edas de seguros o preparando un juicio, nuestro objetivo siempre es maximizar su compensaci\u00f3n.<\/p>\n<p>No tendr\u00e1 que preocuparse por costos iniciales. Con nuestro sistema de honorarios de contingencia, no paga nada a menos que ganemos su caso. Esto significa cero riesgo financiero y la tranquilidad de contar con una representaci\u00f3n experimentada y enfocada en resultados. Elegir Miami Lawyers 360 es elegir un equipo accesible, probado y comprometido a ayudarle a avanzar con confianza.<\/p>\n","protected":false},"excerpt":{"rendered":"<p>Elegir la red de abogados de lesiones personales de Miami Lawyers 360 que atiende a Miami Beach significa contar con un equipo legal confiable dedicado a proteger sus derechos y priorizar su recuperaci\u00f3n. Si ha sufrido una lesi\u00f3n debido a la negligencia de otra persona en Miami Beach, necesita m\u00e1s que representaci\u00f3n b\u00e1sica: requiere abogados [&hellip;]<\/p>\n","protected":false},"author":22,"featured_media":5363,"parent":0,"menu_order":0,"comment_status":"closed","ping_status":"closed","template":"","meta":{"_acf_changed":false,"anchor_text":"","footnotes":""},"class_list":["post-4657","page","type-page","status-publish","has-post-thumbnail","hentry"],"acf":[],"_links":{"self":[{"href":"https:\/\/miamilawyers360.com\/es\/wp-json\/wp\/v2\/pages\/4657","targetHints":{"allow":["GET"]}}],"collection":[{"href":"https:\/\/miamilawyers360.com\/es\/wp-json\/wp\/v2\/pages"}],"about":[{"href":"https:\/\/miamilawyers360.com\/es\/wp-json\/wp\/v2\/types\/page"}],"author":[{"embeddable":true,"href":"https:\/\/miamilawyers360.com\/es\/wp-json\/wp\/v2\/users\/22"}],"replies":[{"embeddable":true,"href":"https:\/\/miamilawyers360.com\/es\/wp-json\/wp\/v2\/comments?post=4657"}],"version-history":[{"count":3,"href":"https:\/\/miamilawyers360.com\/es\/wp-json\/wp\/v2\/pages\/4657\/revisions"}],"predecessor-version":[{"id":5751,"href":"https:\/\/miamilawyers360.com\/es\/wp-json\/wp\/v2\/pages\/4657\/revisions\/5751"}],"wp:featuredmedia":[{"embeddable":true,"href":"https:\/\/miamilawyers360.com\/es\/wp-json\/wp\/v2\/media\/5363"}],"wp:attachment":[{"href":"https:\/\/miamilawyers360.com\/es\/wp-json\/wp\/v2\/media?parent=4657"}],"curies":[{"name":"wp","href":"https:\/\/api.w.org\/{rel}","templated":true}]}}