{"id":4659,"date":"2021-02-24T20:57:58","date_gmt":"2021-02-25T01:57:58","guid":{"rendered":"https:\/\/miamilawyers360.com\/?page_id=1749"},"modified":"2026-03-19T09:38:58","modified_gmt":"2026-03-19T13:38:58","slug":"miami-gardens","status":"publish","type":"page","link":"https:\/\/miamilawyers360.com\/es\/miami-gardens\/","title":{"rendered":"Miami Gardens"},"content":{"rendered":"<p>Elegir la red de abogados de lesiones personales de Miami Lawyers 360 que atiende a Miami Gardens significa asociarse con un equipo comprometido con su recuperaci\u00f3n total\u2014f\u00edsica, financiera y emocional. Si ha sufrido una lesi\u00f3n debido a la negligencia de otra persona en Miami Gardens, merece m\u00e1s que asistencia legal est\u00e1ndar: necesita defensores con experiencia que sepan c\u00f3mo luchar por la compensaci\u00f3n a la que tiene derecho. Nuestro equipo est\u00e1 disponible las 24 horas del d\u00eda, los 7 d\u00edas de la semana, para asegurarse de que siempre tenga acceso a respuestas, orientaci\u00f3n y apoyo cuando m\u00e1s lo necesite. Desde su primera consulta, evaluamos su caso, explicamos sus opciones y le brindamos una comprensi\u00f3n clara del valor potencial de su reclamaci\u00f3n.<\/p>\n<p>Lo que distingue a Miami Lawyers 360 es nuestro enfoque en resultados y conveniencia. Entendemos que una lesi\u00f3n puede dificultar los desplazamientos, por lo que estamos dispuestos a reunirnos con usted donde se encuentre. Nuestros abogados han recuperado con \u00e9xito millones de d\u00f3lares para clientes lesionados, aplicando la misma dedicaci\u00f3n, estrategia y perseverancia en cada caso. Ya sea negociando con aseguradoras o preparando un juicio, nuestro objetivo siempre es maximizar su compensaci\u00f3n.<\/p>\n<p>Con nuestro sistema de honorarios de contingencia, usted no paga nada por adelantado\u2014solo paga si ganamos su caso. Esto significa representaci\u00f3n confiable y calificada sin riesgo financiero. Elegir Miami Lawyers 360 es elegir un equipo experimentado, accesible y totalmente comprometido a ayudarle a avanzar con confianza despu\u00e9s de su lesi\u00f3n.<\/p>\n","protected":false},"excerpt":{"rendered":"<p>Elegir la red de abogados de lesiones personales de Miami Lawyers 360 que atiende a Miami Gardens significa asociarse con un equipo comprometido con su recuperaci\u00f3n total\u2014f\u00edsica, financiera y emocional. Si ha sufrido una lesi\u00f3n debido a la negligencia de otra persona en Miami Gardens, merece m\u00e1s que asistencia legal est\u00e1ndar: necesita defensores con experiencia [&hellip;]<\/p>\n","protected":false},"author":22,"featured_media":5367,"parent":0,"menu_order":0,"comment_status":"closed","ping_status":"closed","template":"","meta":{"_acf_changed":false,"anchor_text":"","footnotes":""},"class_list":["post-4659","page","type-page","status-publish","has-post-thumbnail","hentry"],"acf":[],"_links":{"self":[{"href":"https:\/\/miamilawyers360.com\/es\/wp-json\/wp\/v2\/pages\/4659","targetHints":{"allow":["GET"]}}],"collection":[{"href":"https:\/\/miamilawyers360.com\/es\/wp-json\/wp\/v2\/pages"}],"about":[{"href":"https:\/\/miamilawyers360.com\/es\/wp-json\/wp\/v2\/types\/page"}],"author":[{"embeddable":true,"href":"https:\/\/miamilawyers360.com\/es\/wp-json\/wp\/v2\/users\/22"}],"replies":[{"embeddable":true,"href":"https:\/\/miamilawyers360.com\/es\/wp-json\/wp\/v2\/comments?post=4659"}],"version-history":[{"count":3,"href":"https:\/\/miamilawyers360.com\/es\/wp-json\/wp\/v2\/pages\/4659\/revisions"}],"predecessor-version":[{"id":5753,"href":"https:\/\/miamilawyers360.com\/es\/wp-json\/wp\/v2\/pages\/4659\/revisions\/5753"}],"wp:featuredmedia":[{"embeddable":true,"href":"https:\/\/miamilawyers360.com\/es\/wp-json\/wp\/v2\/media\/5367"}],"wp:attachment":[{"href":"https:\/\/miamilawyers360.com\/es\/wp-json\/wp\/v2\/media?parent=4659"}],"curies":[{"name":"wp","href":"https:\/\/api.w.org\/{rel}","templated":true}]}}