{"id":4660,"date":"2021-02-24T20:58:03","date_gmt":"2021-02-25T01:58:03","guid":{"rendered":"https:\/\/miamilawyers360.com\/?page_id=1750"},"modified":"2026-03-19T09:41:59","modified_gmt":"2026-03-19T13:41:59","slug":"miami-springs","status":"publish","type":"page","link":"https:\/\/miamilawyers360.com\/es\/miami-springs\/","title":{"rendered":"Miami Springs"},"content":{"rendered":"<p>Elegir la red de abogados de lesiones personales de Miami Lawyers 360 que atiende a Miami Springs significa contar con un equipo legal de confianza dedicado a priorizar su recuperaci\u00f3n\u2014f\u00edsica, financiera y emocional. Si ha sufrido una lesi\u00f3n debido a la negligencia de otra persona en Miami Springs, necesita m\u00e1s que ayuda legal b\u00e1sica: requiere defensores con experiencia que sepan c\u00f3mo luchar por la compensaci\u00f3n que usted merece. Nuestro equipo est\u00e1 disponible las 24 horas del d\u00eda, los 7 d\u00edas de la semana, para que siempre pueda recibir respuestas, orientaci\u00f3n y apoyo cuando lo necesite. Desde su primera consulta, evaluamos cuidadosamente su caso, explicamos sus opciones legales y le ofrecemos una comprensi\u00f3n clara del valor potencial de su reclamaci\u00f3n.<\/p>\n<p>Lo que distingue a Miami Lawyers 360 es nuestro compromiso tanto con los resultados como con la conveniencia. Entendemos que una lesi\u00f3n puede alterar su vida diaria, por lo que estamos dispuestos a reunirnos con usted donde le resulte m\u00e1s conveniente. Nuestros abogados han recuperado millones de d\u00f3lares para clientes lesionados y aplican ese mismo nivel de dedicaci\u00f3n, estrategia y perseverancia en cada caso. Ya sea negociando con compa\u00f1\u00edas de seguros o preparando un juicio, nuestro objetivo siempre es lograr la m\u00e1xima compensaci\u00f3n posible.<\/p>\n<p>Con nuestro sistema de honorarios de contingencia, usted no paga nada por adelantado\u2014solo paga si ganamos su caso. Esto significa representaci\u00f3n calificada y con experiencia sin riesgo financiero. Elegir Miami Lawyers 360 es elegir un equipo accesible, probado y totalmente comprometido a ayudarle a avanzar con confianza despu\u00e9s de su lesi\u00f3n.<\/p>\n","protected":false},"excerpt":{"rendered":"<p>Elegir la red de abogados de lesiones personales de Miami Lawyers 360 que atiende a Miami Springs significa contar con un equipo legal de confianza dedicado a priorizar su recuperaci\u00f3n\u2014f\u00edsica, financiera y emocional. Si ha sufrido una lesi\u00f3n debido a la negligencia de otra persona en Miami Springs, necesita m\u00e1s que ayuda legal b\u00e1sica: requiere [&hellip;]<\/p>\n","protected":false},"author":22,"featured_media":5369,"parent":0,"menu_order":0,"comment_status":"closed","ping_status":"closed","template":"","meta":{"_acf_changed":false,"anchor_text":"","footnotes":""},"class_list":["post-4660","page","type-page","status-publish","has-post-thumbnail","hentry"],"acf":[],"_links":{"self":[{"href":"https:\/\/miamilawyers360.com\/es\/wp-json\/wp\/v2\/pages\/4660","targetHints":{"allow":["GET"]}}],"collection":[{"href":"https:\/\/miamilawyers360.com\/es\/wp-json\/wp\/v2\/pages"}],"about":[{"href":"https:\/\/miamilawyers360.com\/es\/wp-json\/wp\/v2\/types\/page"}],"author":[{"embeddable":true,"href":"https:\/\/miamilawyers360.com\/es\/wp-json\/wp\/v2\/users\/22"}],"replies":[{"embeddable":true,"href":"https:\/\/miamilawyers360.com\/es\/wp-json\/wp\/v2\/comments?post=4660"}],"version-history":[{"count":2,"href":"https:\/\/miamilawyers360.com\/es\/wp-json\/wp\/v2\/pages\/4660\/revisions"}],"predecessor-version":[{"id":5754,"href":"https:\/\/miamilawyers360.com\/es\/wp-json\/wp\/v2\/pages\/4660\/revisions\/5754"}],"wp:featuredmedia":[{"embeddable":true,"href":"https:\/\/miamilawyers360.com\/es\/wp-json\/wp\/v2\/media\/5369"}],"wp:attachment":[{"href":"https:\/\/miamilawyers360.com\/es\/wp-json\/wp\/v2\/media?parent=4660"}],"curies":[{"name":"wp","href":"https:\/\/api.w.org\/{rel}","templated":true}]}}