{"id":4661,"date":"2021-02-23T15:28:18","date_gmt":"2021-02-23T20:28:18","guid":{"rendered":"https:\/\/miamilawyers360.com\/?page_id=1751"},"modified":"2026-03-19T09:45:43","modified_gmt":"2026-03-19T13:45:43","slug":"opa-locka","status":"publish","type":"page","link":"https:\/\/miamilawyers360.com\/es\/opa-locka\/","title":{"rendered":"Opa-Locka"},"content":{"rendered":"<p>Si ha sufrido una lesi\u00f3n debido a la negligencia de otra persona en Opa-Locka, la red de abogados de lesiones personales de Miami Lawyers 360 est\u00e1 aqu\u00ed para luchar por usted. Nuestro equipo est\u00e1 comprometido con ayudarle a lograr una recuperaci\u00f3n completa\u2014f\u00edsica, financiera y emocional\u2014ofreciendo orientaci\u00f3n experta y representaci\u00f3n dedicada en cada etapa del proceso. Estamos disponibles las 24 horas del d\u00eda, los 7 d\u00edas de la semana, listos para responder sus preguntas, revisar su caso y explicarle sus opciones legales para que comprenda claramente el valor potencial de su reclamaci\u00f3n.<\/p>\n<p>Lo que distingue a Miami Lawyers 360 es nuestro enfoque en resultados y conveniencia. Entendemos que una lesi\u00f3n puede interrumpir su vida diaria, por lo que facilitamos el acceso al apoyo legal que necesita, incluso acudiendo a usted si es necesario. Nuestros abogados han recuperado millones de d\u00f3lares para clientes en toda Florida y aplican el mismo compromiso, estrategia y determinaci\u00f3n en cada caso que manejan. Desde la negociaci\u00f3n con compa\u00f1\u00edas de seguros hasta la preparaci\u00f3n para juicio, trabajamos incansablemente para asegurar la m\u00e1xima compensaci\u00f3n posible.<\/p>\n<p>Con nuestro sistema de honorarios de contingencia, no hay costos iniciales\u2014usted no paga nada a menos que ganemos su caso. Esto significa que puede obtener representaci\u00f3n agresiva y con experiencia sin riesgo financiero. Elegir Miami Lawyers 360 es elegir un equipo probado, accesible y comprometido que estar\u00e1 a su lado para ayudarle a avanzar con confianza despu\u00e9s de su lesi\u00f3n.<\/p>\n","protected":false},"excerpt":{"rendered":"<p>Si ha sufrido una lesi\u00f3n debido a la negligencia de otra persona en Opa-Locka, la red de abogados de lesiones personales de Miami Lawyers 360 est\u00e1 aqu\u00ed para luchar por usted. Nuestro equipo est\u00e1 comprometido con ayudarle a lograr una recuperaci\u00f3n completa\u2014f\u00edsica, financiera y emocional\u2014ofreciendo orientaci\u00f3n experta y representaci\u00f3n dedicada en cada etapa del proceso. [&hellip;]<\/p>\n","protected":false},"author":22,"featured_media":5372,"parent":0,"menu_order":0,"comment_status":"closed","ping_status":"closed","template":"","meta":{"_acf_changed":false,"anchor_text":"","footnotes":""},"class_list":["post-4661","page","type-page","status-publish","has-post-thumbnail","hentry"],"acf":[],"_links":{"self":[{"href":"https:\/\/miamilawyers360.com\/es\/wp-json\/wp\/v2\/pages\/4661","targetHints":{"allow":["GET"]}}],"collection":[{"href":"https:\/\/miamilawyers360.com\/es\/wp-json\/wp\/v2\/pages"}],"about":[{"href":"https:\/\/miamilawyers360.com\/es\/wp-json\/wp\/v2\/types\/page"}],"author":[{"embeddable":true,"href":"https:\/\/miamilawyers360.com\/es\/wp-json\/wp\/v2\/users\/22"}],"replies":[{"embeddable":true,"href":"https:\/\/miamilawyers360.com\/es\/wp-json\/wp\/v2\/comments?post=4661"}],"version-history":[{"count":3,"href":"https:\/\/miamilawyers360.com\/es\/wp-json\/wp\/v2\/pages\/4661\/revisions"}],"predecessor-version":[{"id":5756,"href":"https:\/\/miamilawyers360.com\/es\/wp-json\/wp\/v2\/pages\/4661\/revisions\/5756"}],"wp:featuredmedia":[{"embeddable":true,"href":"https:\/\/miamilawyers360.com\/es\/wp-json\/wp\/v2\/media\/5372"}],"wp:attachment":[{"href":"https:\/\/miamilawyers360.com\/es\/wp-json\/wp\/v2\/media?parent=4661"}],"curies":[{"name":"wp","href":"https:\/\/api.w.org\/{rel}","templated":true}]}}