{"id":4662,"date":"2021-07-21T23:26:41","date_gmt":"2021-07-21T23:26:41","guid":{"rendered":"https:\/\/miamilawyers360.com\/?page_id=1753"},"modified":"2026-03-19T09:12:01","modified_gmt":"2026-03-19T13:12:01","slug":"hialeah","status":"publish","type":"page","link":"https:\/\/miamilawyers360.com\/es\/hialeah\/","title":{"rendered":"Hialeah"},"content":{"rendered":"<p>Elegir la red de abogados de lesiones personales de Miami Lawyers 360 que atiende Hialeah significa trabajar con un equipo completamente comprometido con su recuperaci\u00f3n\u2014f\u00edsica, financiera y emocional. Si ha resultado lesionado debido a la negligencia de otra persona en Hialeah, necesita m\u00e1s que asistencia legal: necesita un equipo receptivo y con experiencia que sepa c\u00f3mo lograr resultados reales. Nuestra red est\u00e1 disponible las 24 horas del d\u00eda, los 7 d\u00edas de la semana, para que siempre pueda obtener respuestas, orientaci\u00f3n y apoyo cuando lo necesite. Desde el momento en que nos contacta, evaluamos su caso, le explicamos sus opciones legales y le brindamos una comprensi\u00f3n clara del valor potencial de su reclamaci\u00f3n.<\/p>\n<p>Lo que distingue a Miami Lawyers 360 es nuestro enfoque tanto en la conveniencia como en los resultados. Entendemos lo disruptiva que puede ser una lesi\u00f3n, por eso podemos acudir a usted si es necesario. Nuestros abogados han recuperado millones de d\u00f3lares para clientes lesionados y aplican ese mismo nivel de dedicaci\u00f3n y estrategia en cada caso que manejan. Ya sea negociando con compa\u00f1\u00edas de seguros o prepar\u00e1ndonos para ir a juicio, nuestro objetivo siempre es maximizar su compensaci\u00f3n.<\/p>\n<p>Adem\u00e1s, no tiene que preocuparse por costos iniciales. Con nuestro sistema de honorarios de contingencia, no paga nada a menos que ganemos su caso. Esto significa cero riesgo financiero: solo representaci\u00f3n experta trabajando arduamente a su favor. Elegir Miami Lawyers 360 es elegir un equipo accesible, comprobado y comprometido a ayudarle a seguir adelante con confianza.<\/p>\n","protected":false},"excerpt":{"rendered":"<p>Elegir la red de abogados de lesiones personales de Miami Lawyers 360 que atiende Hialeah significa trabajar con un equipo completamente comprometido con su recuperaci\u00f3n\u2014f\u00edsica, financiera y emocional. Si ha resultado lesionado debido a la negligencia de otra persona en Hialeah, necesita m\u00e1s que asistencia legal: necesita un equipo receptivo y con experiencia que sepa [&hellip;]<\/p>\n","protected":false},"author":22,"featured_media":5743,"parent":0,"menu_order":0,"comment_status":"closed","ping_status":"closed","template":"","meta":{"_acf_changed":false,"anchor_text":"","footnotes":""},"class_list":["post-4662","page","type-page","status-publish","has-post-thumbnail","hentry"],"acf":[],"_links":{"self":[{"href":"https:\/\/miamilawyers360.com\/es\/wp-json\/wp\/v2\/pages\/4662","targetHints":{"allow":["GET"]}}],"collection":[{"href":"https:\/\/miamilawyers360.com\/es\/wp-json\/wp\/v2\/pages"}],"about":[{"href":"https:\/\/miamilawyers360.com\/es\/wp-json\/wp\/v2\/types\/page"}],"author":[{"embeddable":true,"href":"https:\/\/miamilawyers360.com\/es\/wp-json\/wp\/v2\/users\/22"}],"replies":[{"embeddable":true,"href":"https:\/\/miamilawyers360.com\/es\/wp-json\/wp\/v2\/comments?post=4662"}],"version-history":[{"count":3,"href":"https:\/\/miamilawyers360.com\/es\/wp-json\/wp\/v2\/pages\/4662\/revisions"}],"predecessor-version":[{"id":5742,"href":"https:\/\/miamilawyers360.com\/es\/wp-json\/wp\/v2\/pages\/4662\/revisions\/5742"}],"wp:featuredmedia":[{"embeddable":true,"href":"https:\/\/miamilawyers360.com\/es\/wp-json\/wp\/v2\/media\/5743"}],"wp:attachment":[{"href":"https:\/\/miamilawyers360.com\/es\/wp-json\/wp\/v2\/media?parent=4662"}],"curies":[{"name":"wp","href":"https:\/\/api.w.org\/{rel}","templated":true}]}}