{"id":514,"date":"2021-02-24T20:57:05","date_gmt":"2021-02-24T20:57:05","guid":{"rendered":"http:\/\/miamilawyers360.com\/?page_id=514"},"modified":"2021-12-15T17:24:13","modified_gmt":"2021-12-15T17:24:13","slug":"coral-gables","status":"publish","type":"page","link":"https:\/\/miamilawyers360.com\/es\/coral-gables\/","title":{"rendered":"Coral Gables"},"content":{"rendered":"<p>Si sufri\u00f3 una lesi\u00f3n debido a las acciones de otra persona en Coral Gables, el equipo de Miami Lawyers 360 est\u00e1 aqu\u00ed para ayudarlo a obtener la compensaci\u00f3n que se merece. Nuestro equipo est\u00e1 disponible las 24 horas del d\u00eda, los 7 d\u00edas de la semana para responder sus preguntas, proporcionar una estimaci\u00f3n del valor de su reclamo y guiarlo a trav\u00e9s del proceso de presentaci\u00f3n y obtenci\u00f3n de su reclamo. \u00a1Incluso vamos con usted!<\/p>\n<p>Nuestros abogados han recaudado millones de d\u00f3lares para clientes y quieren ayudarlo con su caso. Comun\u00edquese con nuestra oficina hoy para programar una <b>consulta gratuita<\/b> con uno de nuestros especialistas en lesiones para obtener la representaci\u00f3n que necesita, <b>\u00a1Todo sin pagar nada a menos que ganemos su caso!<\/b><\/p>\n","protected":false},"excerpt":{"rendered":"<p>Si sufri\u00f3 una lesi\u00f3n debido a las acciones de otra persona en Coral Gables, el equipo de Miami Lawyers 360 est\u00e1 aqu\u00ed para ayudarlo a obtener la compensaci\u00f3n que se merece. Nuestro equipo est\u00e1 disponible las 24 horas del d\u00eda, los 7 d\u00edas de la semana para responder sus preguntas, proporcionar una estimaci\u00f3n del valor [&hellip;]<\/p>\n","protected":false},"author":29,"featured_media":1116,"parent":0,"menu_order":0,"comment_status":"closed","ping_status":"closed","template":"","meta":{"_acf_changed":false,"anchor_text":"","footnotes":""},"categories":[75],"tags":[],"class_list":["post-514","page","type-page","status-publish","has-post-thumbnail","hentry","category-miami-ubicacion"],"acf":[],"_links":{"self":[{"href":"https:\/\/miamilawyers360.com\/es\/wp-json\/wp\/v2\/pages\/514","targetHints":{"allow":["GET"]}}],"collection":[{"href":"https:\/\/miamilawyers360.com\/es\/wp-json\/wp\/v2\/pages"}],"about":[{"href":"https:\/\/miamilawyers360.com\/es\/wp-json\/wp\/v2\/types\/page"}],"author":[{"embeddable":true,"href":"https:\/\/miamilawyers360.com\/es\/wp-json\/wp\/v2\/users\/29"}],"replies":[{"embeddable":true,"href":"https:\/\/miamilawyers360.com\/es\/wp-json\/wp\/v2\/comments?post=514"}],"version-history":[{"count":0,"href":"https:\/\/miamilawyers360.com\/es\/wp-json\/wp\/v2\/pages\/514\/revisions"}],"wp:featuredmedia":[{"embeddable":true,"href":"https:\/\/miamilawyers360.com\/es\/wp-json\/wp\/v2\/media\/1116"}],"wp:attachment":[{"href":"https:\/\/miamilawyers360.com\/es\/wp-json\/wp\/v2\/media?parent=514"}],"wp:term":[{"taxonomy":"category","embeddable":true,"href":"https:\/\/miamilawyers360.com\/es\/wp-json\/wp\/v2\/categories?post=514"},{"taxonomy":"post_tag","embeddable":true,"href":"https:\/\/miamilawyers360.com\/es\/wp-json\/wp\/v2\/tags?post=514"}],"curies":[{"name":"wp","href":"https:\/\/api.w.org\/{rel}","templated":true}]}}