{"id":5389,"date":"2020-12-08T16:32:52","date_gmt":"2020-12-08T21:32:52","guid":{"rendered":"https:\/\/miamilawyers360.com\/resultados\/"},"modified":"2026-03-25T13:30:37","modified_gmt":"2026-03-25T17:30:37","slug":"resultados","status":"publish","type":"page","link":"https:\/\/miamilawyers360.com\/es\/resultados\/","title":{"rendered":"Resultados"},"content":{"rendered":"\t\t<div data-elementor-type=\"wp-page\" data-elementor-id=\"5389\" class=\"elementor elementor-5389 elementor-42\" data-elementor-post-type=\"page\">\n\t\t\t\t<div class=\"elementor-element elementor-element-83660cc e-con-full e-flex e-con e-parent\" data-id=\"83660cc\" data-element_type=\"container\" data-e-type=\"container\">\n\t\t\t\t<div class=\"elementor-element elementor-element-dd0a504 elementor-widget elementor-widget-template\" data-id=\"dd0a504\" data-element_type=\"widget\" data-e-type=\"widget\" data-widget_type=\"template.default\">\n\t\t\t\t<div class=\"elementor-widget-container\">\n\t\t\t\t\t\t\t<div class=\"elementor-template\">\n\t\t\t\t\t<div data-elementor-type=\"section\" data-elementor-id=\"610\" class=\"elementor elementor-610\" data-elementor-post-type=\"elementor_library\">\n\t\t\t<div class=\"elementor-element elementor-element-6389f63 e-flex e-con-boxed e-con e-parent\" data-id=\"6389f63\" data-element_type=\"container\" data-e-type=\"container\" data-settings=\"{&quot;background_background&quot;:&quot;classic&quot;}\">\n\t\t\t\t\t<div class=\"e-con-inner\">\n\t\t\t\t<div class=\"elementor-element elementor-element-3e51c9d elementor-widget elementor-widget-shortcode\" data-id=\"3e51c9d\" data-element_type=\"widget\" data-e-type=\"widget\" data-widget_type=\"shortcode.default\">\n\t\t\t\t\t\t\t<div class=\"elementor-shortcode\"><h1 class=\"elementor-post__title\">Resultados<\/h1><\/div>\n\t\t\t\t\t\t<\/div>\n\t\t<div class=\"elementor-element elementor-element-781c11b e-con-full e-flex e-con e-child\" data-id=\"781c11b\" data-element_type=\"container\" data-e-type=\"container\" data-settings=\"{&quot;background_background&quot;:&quot;gradient&quot;}\">\n\t\t\t\t<div class=\"elementor-element elementor-element-44c383f elementor-widget elementor-widget-shortcode\" data-id=\"44c383f\" data-element_type=\"widget\" data-e-type=\"widget\" data-widget_type=\"shortcode.default\">\n\t\t\t\t\t\t\t<div class=\"elementor-shortcode\"><nav aria-label=\"breadcrumbs\" class=\"rank-math-breadcrumb\"><p><span class=\"last\">Home<\/span><\/p><\/nav><\/div>\n\t\t\t\t\t\t<\/div>\n\t\t\t\t<\/div>\n\t\t\t\t\t<\/div>\n\t\t\t\t<\/div>\n\t\t\t\t<\/div>\n\t\t\t\t<\/div>\n\t\t\t\t\t\t<\/div>\n\t\t\t\t<\/div>\n\t\t\t\t<\/div>\n\t\t<div class=\"elementor-element elementor-element-13d4241 e-flex e-con-boxed e-con e-parent\" data-id=\"13d4241\" data-element_type=\"container\" data-e-type=\"container\" data-settings=\"{&quot;background_background&quot;:&quot;gradient&quot;}\">\n\t\t\t\t\t<div class=\"e-con-inner\">\n\t\t<div class=\"elementor-element elementor-element-4034c6f e-grid e-con-full e-con e-child\" data-id=\"4034c6f\" data-element_type=\"container\" data-e-type=\"container\" data-settings=\"{&quot;background_background&quot;:&quot;classic&quot;}\">\n\t\t<div class=\"elementor-element elementor-element-57b5970 e-con-full e-flex e-con e-child\" data-id=\"57b5970\" data-element_type=\"container\" data-e-type=\"container\" data-settings=\"{&quot;background_background&quot;:&quot;classic&quot;}\">\n\t\t\t\t<div class=\"elementor-element elementor-element-046a2ac elementor-widget elementor-widget-heading\" data-id=\"046a2ac\" data-element_type=\"widget\" data-e-type=\"widget\" data-widget_type=\"heading.default\">\n\t\t\t\t\t<h2 class=\"elementor-heading-title elementor-size-default\">Hemos ayudado a nuestros clientes a recuperar m\u00e1s de<\/h2>\t\t\t\t<\/div>\n\t\t\t\t<div class=\"elementor-element elementor-element-a26508a elementor-widget elementor-widget-counter\" data-id=\"a26508a\" data-element_type=\"widget\" data-e-type=\"widget\" data-widget_type=\"counter.default\">\n\t\t\t\t\t\t\t<div class=\"elementor-counter\">\n\t\t\t\t\t\t<div class=\"elementor-counter-number-wrapper\">\n\t\t\t\t<span class=\"elementor-counter-number-prefix\">$<\/span>\n\t\t\t\t<span class=\"elementor-counter-number\" data-duration=\"2000\" data-to-value=\"20000000\" data-from-value=\"0\" data-delimiter=\",\">0<\/span>\n\t\t\t\t<span class=\"elementor-counter-number-suffix\"><\/span>\n\t\t\t<\/div>\n\t\t<\/div>\n\t\t\t\t\t\t<\/div>\n\t\t\t\t<div class=\"elementor-element elementor-element-ef4609f elementor-widget elementor-widget-text-editor\" data-id=\"ef4609f\" data-element_type=\"widget\" data-e-type=\"widget\" data-widget_type=\"text-editor.default\">\n\t\t\t\t\t\t\t\t\t<p>Durante m\u00e1s de 10 a\u00f1os, Miami Lawyers 360 ha estado ayudando a clientes en todo Florida a recuperar la compensaci\u00f3n que merecen.<\/p><p>Nuestros abogados est\u00e1n dedicados a proteger sus derechos y guiarlo en cada paso del proceso legal, trabajando para obtener la justicia y la compensaci\u00f3n econ\u00f3mica que usted necesita.<\/p>\t\t\t\t\t\t\t\t<\/div>\n\t\t\t\t<\/div>\n\t\t\t\t<\/div>\n\t\t\t\t\t<\/div>\n\t\t\t\t<\/div>\n\t\t<div class=\"elementor-element elementor-element-841cb11 e-flex e-con-boxed e-con e-parent\" data-id=\"841cb11\" data-element_type=\"container\" data-e-type=\"container\" data-settings=\"{&quot;background_background&quot;:&quot;gradient&quot;}\">\n\t\t\t\t\t<div class=\"e-con-inner\">\n\t\t\t\t<div class=\"elementor-element elementor-element-198c33d elementor-widget__width-initial heading-with-divider elementor-widget elementor-widget-heading\" data-id=\"198c33d\" data-element_type=\"widget\" data-e-type=\"widget\" data-widget_type=\"heading.default\">\n\t\t\t\t\t<h2 class=\"elementor-heading-title elementor-size-default\">Resultados ganadores<\/h2>\t\t\t\t<\/div>\n\t\t\t\t<div class=\"elementor-element elementor-element-7395120 elementor-widget elementor-widget-text-editor\" data-id=\"7395120\" data-element_type=\"widget\" data-e-type=\"widget\" data-widget_type=\"text-editor.default\">\n\t\t\t\t\t\t\t\t\t<p>Algunos de los resultados exitosos de nuestros clientes.<\/p>\t\t\t\t\t\t\t\t<\/div>\n\t\t<div class=\"elementor-element elementor-element-19ead81 e-grid e-con-full e-con e-child\" data-id=\"19ead81\" data-element_type=\"container\" data-e-type=\"container\">\n\t\t<div class=\"elementor-element elementor-element-0969bfc e-con-full e-flex e-con e-child\" data-id=\"0969bfc\" data-element_type=\"container\" data-e-type=\"container\" data-settings=\"{&quot;background_background&quot;:&quot;gradient&quot;}\">\n\t\t\t\t<div class=\"elementor-element elementor-element-f1895e7 elementor-widget elementor-widget-heading\" data-id=\"f1895e7\" data-element_type=\"widget\" data-e-type=\"widget\" data-widget_type=\"heading.default\">\n\t\t\t\t\t<div class=\"elementor-heading-title elementor-size-default\">$1.1M Acuerdo<\/div>\t\t\t\t<\/div>\n\t\t\t\t<div class=\"elementor-element elementor-element-12db436 elementor-widget elementor-widget-heading\" data-id=\"12db436\" data-element_type=\"widget\" data-e-type=\"widget\" data-widget_type=\"heading.default\">\n\t\t\t\t\t<div class=\"elementor-heading-title elementor-size-default\">Reclamaci\u00f3n por accidente laboral<\/div>\t\t\t\t<\/div>\n\t\t\t\t<\/div>\n\t\t<div class=\"elementor-element elementor-element-a1766af e-con-full e-flex e-con e-child\" data-id=\"a1766af\" data-element_type=\"container\" data-e-type=\"container\" data-settings=\"{&quot;background_background&quot;:&quot;gradient&quot;}\">\n\t\t\t\t<div class=\"elementor-element elementor-element-c549b4d elementor-widget elementor-widget-heading\" data-id=\"c549b4d\" data-element_type=\"widget\" data-e-type=\"widget\" data-widget_type=\"heading.default\">\n\t\t\t\t\t<div class=\"elementor-heading-title elementor-size-default\">$625K Acuerdo<\/div>\t\t\t\t<\/div>\n\t\t\t\t<div class=\"elementor-element elementor-element-32ed2c9 elementor-widget elementor-widget-heading\" data-id=\"32ed2c9\" data-element_type=\"widget\" data-e-type=\"widget\" data-widget_type=\"heading.default\">\n\t\t\t\t\t<div class=\"elementor-heading-title elementor-size-default\">Reclamaci\u00f3n por accidente laboral<\/div>\t\t\t\t<\/div>\n\t\t\t\t<\/div>\n\t\t<div class=\"elementor-element elementor-element-86572f3 e-con-full e-flex e-con e-child\" data-id=\"86572f3\" data-element_type=\"container\" data-e-type=\"container\" data-settings=\"{&quot;background_background&quot;:&quot;gradient&quot;}\">\n\t\t\t\t<div class=\"elementor-element elementor-element-97c558f elementor-widget elementor-widget-heading\" data-id=\"97c558f\" data-element_type=\"widget\" data-e-type=\"widget\" data-widget_type=\"heading.default\">\n\t\t\t\t\t<div class=\"elementor-heading-title elementor-size-default\">$275K Acuerdo<\/div>\t\t\t\t<\/div>\n\t\t\t\t<div class=\"elementor-element elementor-element-3b2f59a elementor-widget elementor-widget-heading\" data-id=\"3b2f59a\" data-element_type=\"widget\" data-e-type=\"widget\" data-widget_type=\"heading.default\">\n\t\t\t\t\t<div class=\"elementor-heading-title elementor-size-default\">Reclamaci\u00f3n por da\u00f1os personales<\/div>\t\t\t\t<\/div>\n\t\t\t\t<\/div>\n\t\t<div class=\"elementor-element elementor-element-9217b26 e-con-full e-flex e-con e-child\" data-id=\"9217b26\" data-element_type=\"container\" data-e-type=\"container\" data-settings=\"{&quot;background_background&quot;:&quot;gradient&quot;}\">\n\t\t\t\t<div class=\"elementor-element elementor-element-76dc9c2 elementor-widget elementor-widget-heading\" data-id=\"76dc9c2\" data-element_type=\"widget\" data-e-type=\"widget\" data-widget_type=\"heading.default\">\n\t\t\t\t\t<div class=\"elementor-heading-title elementor-size-default\">$163K Acuerdo<\/div>\t\t\t\t<\/div>\n\t\t\t\t<div class=\"elementor-element elementor-element-6fc9a50 elementor-widget elementor-widget-heading\" data-id=\"6fc9a50\" data-element_type=\"widget\" data-e-type=\"widget\" data-widget_type=\"heading.default\">\n\t\t\t\t\t<div class=\"elementor-heading-title elementor-size-default\">Reclamaci\u00f3n por accidente laboral<\/div>\t\t\t\t<\/div>\n\t\t\t\t<\/div>\n\t\t<div class=\"elementor-element elementor-element-c172206 e-con-full e-flex e-con e-child\" data-id=\"c172206\" data-element_type=\"container\" data-e-type=\"container\" data-settings=\"{&quot;background_background&quot;:&quot;gradient&quot;}\">\n\t\t\t\t<div class=\"elementor-element elementor-element-4842619 elementor-widget elementor-widget-heading\" data-id=\"4842619\" data-element_type=\"widget\" data-e-type=\"widget\" data-widget_type=\"heading.default\">\n\t\t\t\t\t<div class=\"elementor-heading-title elementor-size-default\">$82K Acuerdo<\/div>\t\t\t\t<\/div>\n\t\t\t\t<div class=\"elementor-element elementor-element-d00b8ca elementor-widget elementor-widget-heading\" data-id=\"d00b8ca\" data-element_type=\"widget\" data-e-type=\"widget\" data-widget_type=\"heading.default\">\n\t\t\t\t\t<div class=\"elementor-heading-title elementor-size-default\">Reclamaci\u00f3n por accidente de tr\u00e1fico<\/div>\t\t\t\t<\/div>\n\t\t\t\t<\/div>\n\t\t<div class=\"elementor-element elementor-element-485ccba e-con-full e-flex e-con e-child\" data-id=\"485ccba\" data-element_type=\"container\" data-e-type=\"container\" data-settings=\"{&quot;background_background&quot;:&quot;gradient&quot;}\">\n\t\t\t\t<div class=\"elementor-element elementor-element-360bc28 elementor-widget elementor-widget-heading\" data-id=\"360bc28\" data-element_type=\"widget\" data-e-type=\"widget\" data-widget_type=\"heading.default\">\n\t\t\t\t\t<div class=\"elementor-heading-title elementor-size-default\">$51K Acuerdo<\/div>\t\t\t\t<\/div>\n\t\t\t\t<div class=\"elementor-element elementor-element-4a63682 elementor-widget elementor-widget-heading\" data-id=\"4a63682\" data-element_type=\"widget\" data-e-type=\"widget\" data-widget_type=\"heading.default\">\n\t\t\t\t\t<div class=\"elementor-heading-title elementor-size-default\">Reclamaci\u00f3n por accidente de tr\u00e1fico<\/div>\t\t\t\t<\/div>\n\t\t\t\t<\/div>\n\t\t\t\t<\/div>\n\t\t\t\t<div class=\"elementor-element elementor-element-1088ec0 elementor-widget elementor-widget-text-editor\" data-id=\"1088ec0\" data-element_type=\"widget\" data-e-type=\"widget\" data-widget_type=\"text-editor.default\">\n\t\t\t\t\t\t\t\t\t<p>*Los resultados anteriores no garantizan un resultado similar<\/p>\t\t\t\t\t\t\t\t<\/div>\n\t\t\t\t\t<\/div>\n\t\t\t\t<\/div>\n\t\t\t\t<\/div>\n\t\t","protected":false},"excerpt":{"rendered":"<p>Hemos ayudado a nuestros clientes a recuperar m\u00e1s de $ 0 Durante m\u00e1s de 10 a\u00f1os, Miami Lawyers 360 ha estado ayudando a clientes en todo Florida a recuperar la compensaci\u00f3n que merecen. Nuestros abogados est\u00e1n dedicados a proteger sus derechos y guiarlo en cada paso del proceso legal, trabajando para obtener la justicia y [&hellip;]<\/p>\n","protected":false},"author":22,"featured_media":0,"parent":0,"menu_order":0,"comment_status":"closed","ping_status":"closed","template":"elementor_header_footer","meta":{"_acf_changed":false,"anchor_text":"","footnotes":""},"class_list":["post-5389","page","type-page","status-publish","hentry"],"acf":[],"_links":{"self":[{"href":"https:\/\/miamilawyers360.com\/es\/wp-json\/wp\/v2\/pages\/5389","targetHints":{"allow":["GET"]}}],"collection":[{"href":"https:\/\/miamilawyers360.com\/es\/wp-json\/wp\/v2\/pages"}],"about":[{"href":"https:\/\/miamilawyers360.com\/es\/wp-json\/wp\/v2\/types\/page"}],"author":[{"embeddable":true,"href":"https:\/\/miamilawyers360.com\/es\/wp-json\/wp\/v2\/users\/22"}],"replies":[{"embeddable":true,"href":"https:\/\/miamilawyers360.com\/es\/wp-json\/wp\/v2\/comments?post=5389"}],"version-history":[{"count":4,"href":"https:\/\/miamilawyers360.com\/es\/wp-json\/wp\/v2\/pages\/5389\/revisions"}],"predecessor-version":[{"id":5891,"href":"https:\/\/miamilawyers360.com\/es\/wp-json\/wp\/v2\/pages\/5389\/revisions\/5891"}],"wp:attachment":[{"href":"https:\/\/miamilawyers360.com\/es\/wp-json\/wp\/v2\/media?parent=5389"}],"curies":[{"name":"wp","href":"https:\/\/api.w.org\/{rel}","templated":true}]}}