{"id":5758,"date":"2021-11-08T18:48:58","date_gmt":"2021-11-08T23:48:58","guid":{"rendered":"https:\/\/miamilawyers360.com\/sunrise\/"},"modified":"2026-03-19T15:17:18","modified_gmt":"2026-03-19T19:17:18","slug":"sunrise","status":"publish","type":"page","link":"https:\/\/miamilawyers360.com\/es\/sunrise\/","title":{"rendered":"Sunrise"},"content":{"rendered":"<p>Si has sufrido lesiones por la negligencia de otra persona en Sunrise, la red de abogados de lesiones personales de Miami Lawyers 360 est\u00e1 aqu\u00ed para proteger tus derechos y ayudarte a recuperarte. Nuestro equipo est\u00e1 plenamente comprometido a apoyarte -f\u00edsica, econ\u00f3mica y emocionalmente- proporcion\u00e1ndote orientaci\u00f3n jur\u00eddica experta y representaci\u00f3n personalizada. Estamos disponibles 24 horas al d\u00eda, 7 d\u00edas a la semana, para responder a tus preguntas, revisar tu caso y explicarte claramente tus opciones, para que sepas exactamente lo que puede valer tu reclamaci\u00f3n.  <\/p>\n<p>Lo que diferencia a Miami Lawyers 360 es que nos centramos tanto en los resultados como en la comodidad. Entendemos que las lesiones pueden alterar tu vida cotidiana, por lo que estaremos encantados de reunirnos contigo donde te resulte m\u00e1s c\u00f3modo. Nuestros abogados han recuperado millones de d\u00f3lares para clientes y aportan esa misma dedicaci\u00f3n, estrategia y persistencia a cada caso. Ya sea negociando con las compa\u00f1\u00edas de seguros o prepar\u00e1ndonos para el juicio, nuestro objetivo es siempre conseguir la m\u00e1xima indemnizaci\u00f3n posible.   <\/p>\n<p>Con nuestra estructura de honorarios condicionales, no pagas nada por adelantado; s\u00f3lo pagas si ganamos tu caso. Esto significa que recibes una representaci\u00f3n experimentada y orientada a los resultados, sin ning\u00fan riesgo econ\u00f3mico. Elegir a Miami Lawyers 360 significa elegir a un equipo jur\u00eddico de confianza, accesible y de probada eficacia, que estar\u00e1 a tu lado en cada paso del camino, ayud\u00e1ndote a seguir adelante con confianza despu\u00e9s de tu lesi\u00f3n.  <\/p>\n","protected":false},"excerpt":{"rendered":"<p>Si has sufrido lesiones por la negligencia de otra persona en Sunrise, la red de abogados de lesiones personales de Miami Lawyers 360 est\u00e1 aqu\u00ed para proteger tus derechos y ayudarte a recuperarte. Nuestro equipo est\u00e1 plenamente comprometido a apoyarte -f\u00edsica, econ\u00f3mica y emocionalmente- proporcion\u00e1ndote orientaci\u00f3n jur\u00eddica experta y representaci\u00f3n personalizada. Estamos disponibles 24 horas [&hellip;]<\/p>\n","protected":false},"author":22,"featured_media":5759,"parent":0,"menu_order":0,"comment_status":"closed","ping_status":"closed","template":"","meta":{"_acf_changed":false,"anchor_text":"Sunrise","footnotes":""},"class_list":["post-5758","page","type-page","status-publish","has-post-thumbnail","hentry"],"acf":[],"_links":{"self":[{"href":"https:\/\/miamilawyers360.com\/es\/wp-json\/wp\/v2\/pages\/5758","targetHints":{"allow":["GET"]}}],"collection":[{"href":"https:\/\/miamilawyers360.com\/es\/wp-json\/wp\/v2\/pages"}],"about":[{"href":"https:\/\/miamilawyers360.com\/es\/wp-json\/wp\/v2\/types\/page"}],"author":[{"embeddable":true,"href":"https:\/\/miamilawyers360.com\/es\/wp-json\/wp\/v2\/users\/22"}],"replies":[{"embeddable":true,"href":"https:\/\/miamilawyers360.com\/es\/wp-json\/wp\/v2\/comments?post=5758"}],"version-history":[{"count":4,"href":"https:\/\/miamilawyers360.com\/es\/wp-json\/wp\/v2\/pages\/5758\/revisions"}],"predecessor-version":[{"id":5827,"href":"https:\/\/miamilawyers360.com\/es\/wp-json\/wp\/v2\/pages\/5758\/revisions\/5827"}],"wp:featuredmedia":[{"embeddable":true,"href":"https:\/\/miamilawyers360.com\/es\/wp-json\/wp\/v2\/media\/5759"}],"wp:attachment":[{"href":"https:\/\/miamilawyers360.com\/es\/wp-json\/wp\/v2\/media?parent=5758"}],"curies":[{"name":"wp","href":"https:\/\/api.w.org\/{rel}","templated":true}]}}