{"id":5773,"date":"2021-11-10T20:28:42","date_gmt":"2021-11-11T01:28:42","guid":{"rendered":"https:\/\/miamilawyers360.com\/boca-raton\/abogado-de-accidentes-de-trafico-en-boca-raton\/"},"modified":"2021-11-10T20:28:42","modified_gmt":"2021-11-11T01:28:42","slug":"abogado-de-accidentes-de-trafico-en-boca-raton","status":"publish","type":"page","link":"https:\/\/miamilawyers360.com\/es\/boca-raton\/abogado-de-accidentes-de-trafico-en-boca-raton\/","title":{"rendered":"Abogado de accidentes de tr\u00e1fico en Boca Rat\u00f3n"},"content":{"rendered":"<p>Si has tenido un accidente de coche en Boca Rat\u00f3n o has sufrido lesiones personales en el transcurso de un accidente, es posible que no te des cuenta de que necesitas un abogado. Es posible que creas que est\u00e1s en condiciones de llevar el caso t\u00fa mismo. Aunque es posible, tener a un abogado acreditado especializado en accidentes de coche en Boca Rat\u00f3n luchando a tu lado tiene sus ventajas.  <\/p>\n<p>En primer lugar, un abogado de accidentes de tr\u00e1fico de Florida est\u00e1 bien versado. Los abogados se forman durante a\u00f1os en la facultad de Derecho, a lo que sigue la experiencia en la vida real, llevando docenas o incluso cientos de casos similares. Este tipo de experiencia es extremadamente dif\u00edcil de duplicar y proporciona enormes beneficios, como conocer los entresijos del complicado proceso con el que trabajan los abogados de lesiones personales.  <\/p>\n<p>Un bufete de abogados de lesiones personales fiable puede ayudarte, al igual que un abogado de accidentes de tr\u00e1fico de Boca Rat\u00f3n. Sin embargo, debes considerar seriamente la posibilidad de contratar a un profesional experimentado que sea capaz de quitarte algunas de las cargas de encima. Un abogado experto en accidentes de coche puede guiarte sin exigirte que est\u00e9s pendiente de los plazos, presentes documentos, respondas a solicitudes y trabajes con peritos y compa\u00f1\u00edas de seguros.  <\/p>\n<p>Un <a href=\"https:\/\/miamilawyers360.com\/es\/boca-raton\/abogado-de-lesiones-personales-de-boca-raton\/\">abogado de lesiones personales de Boca Rat\u00f3n<\/a> te ayudar\u00e1 a organizar todos los aspectos de tu reclamaci\u00f3n. Esto te permitir\u00e1 centrarte en curarte de la lesi\u00f3n y seguir adelante con tu vida. <\/p>\n<h2>\u00bfQu\u00e9 debes hacer tras un accidente de tr\u00e1fico?<\/h2>\n<p>Los abogados de lesiones personales se ocupan a diario de los accidentes de coche. Como ver\u00e1s, en Florida se producen accidentes todos los d\u00edas. Antes de llamar a un abogado de accidentes de coche en Boca Rat\u00f3n, debes decidir si debes buscar atenci\u00f3n m\u00e9dica si has sufrido un accidente de coche.  <\/p>\n<h3>Busca atenci\u00f3n m\u00e9dica<\/h3>\n<p>Si el accidente fue grave en alg\u00fan momento y tienes la m\u00e1s m\u00ednima posibilidad de sufrir lesiones de alg\u00fan tipo, tienes que buscar inmediatamente atenci\u00f3n m\u00e9dica. Esto es de vital importancia por varias razones. Aumenta las posibilidades de recibir tratamiento r\u00e1pidamente y reduce el riesgo de da\u00f1os. Adem\u00e1s, registra las lesiones que sufras inmediatamente dejando un rastro de papel que puede ser \u00fatil m\u00e1s adelante. Adem\u00e1s, impide a la otra parte o a la compa\u00f1\u00eda de seguros de la otra parte alegar que tus lesiones se produjeron m\u00e1s tarde o que fueron causadas por algo distinto al accidente de tr\u00e1fico.    <\/p>\n<p>Si tu accidente de coche no fue lo bastante grave como para justificar una visita al m\u00e9dico, hay otras medidas que puedes tomar para prepararte para una futura reclamaci\u00f3n por accidente de coche.<\/p>\n<h3>Seguro de cambio e informaci\u00f3n de contacto<\/h3>\n<p>En primer lugar, debes compartir informaci\u00f3n de contacto y otros detalles con el conductor que tuvo la culpa. Es crucial intercambiar informaci\u00f3n sobre el seguro y de contacto con el conductor que tuvo la culpa. <\/p>\n<p>Esto permitir\u00e1 a la compa\u00f1\u00eda de seguros que tengas obtener un parte de lesiones que os ayudar\u00e1 a ti y a tu abogado a saber con qui\u00e9n ten\u00e9is que poneros en contacto. Tambi\u00e9n es esencial obtener los datos de contacto de quienes pudieran haber presenciado el incidente. Estas personas podr\u00edan ser importantes m\u00e1s adelante en caso de discusi\u00f3n sobre el incidente.  <\/p>\n<h3>Haz fotos<\/h3>\n<p>Si es posible, <a href=\"https:\/\/www.iii.org\/article\/scene-accident\" target=\"_blank\" rel=\"noopener\">haz fotos de los dos coches y del lugar del accidente<\/a>. Anota tambi\u00e9n cualquier detalle que se te ocurra lo antes posible tras el accidente. Si el conductor del otro veh\u00edculo estaba distra\u00eddo o utilizando el tel\u00e9fono, o si iba a gran velocidad, o si el tiempo no era el ideal Todos estos detalles pueden ser importantes m\u00e1s adelante, pero se olvidan f\u00e1cilmente tras el ajetreo de un accidente. Anotar toda la informaci\u00f3n que puedas poco despu\u00e9s de un accidente puede ser de gran ayuda m\u00e1s adelante.   <\/p>\n<p>Las im\u00e1genes son importantes para un abogado de accidentes de coche. A menudo se dice que las im\u00e1genes valen m\u00e1s que 1000 palabras o m\u00e1s. Si luego el accidente es discutible, o tal vez una de las partes afirma que no fue tan grave como se dice, las fotos pueden ser una gran soluci\u00f3n para poner fin a la discusi\u00f3n. Una foto de un coche aplastado puede proporcionar al jurado o al juez la informaci\u00f3n que necesitan sobre la gravedad del siniestro. Las fotograf\u00edas tambi\u00e9n se utilizan para ilustrar la gravedad de las lesiones. Ayudan al p\u00fablico a comprender lo gravemente herido que estabas.     <\/p>\n<p>Si puedes, haz fotos del accidente para ense\u00f1\u00e1rselas a tu abogado. Haz fotos de tu veh\u00edculo con tu smartphone o c\u00e1mara y haz fotos a medida que avanzas. Sacar fotos del otro u otros coches implicados en el accidente tambi\u00e9n puede ser \u00fatil, as\u00ed como fotos m\u00e1s generales del lugar del accidente. En general, ten en cuenta que la seguridad es mucho m\u00e1s importante que preservar el accidente. No salgas del coche para hacer fotos en situaciones en las que no sea seguro hacerlo, ya que esto podr\u00eda hacer que un accidente malo fuera mucho, mucho peor.    <\/p>\n<h2>\u00bfC\u00f3mo se determina la culpa en un accidente de tr\u00e1fico en Boca Rat\u00f3n?<\/h2>\n<p>Es importante comprender que Florida trata los casos de accidente de coche de forma diferente a la mayor\u00eda de los estados. Florida se encuentra entre los 12 estados que tienen <a href=\"https:\/\/w3ins.com\/news\/understanding-the-florida-no-fault-law-2\/\" target=\"_blank\" rel=\"noopener\">leyes de seguro de autom\u00f3vil sin culpa<\/a>. Estas leyes, que entraron en vigor a principios de la d\u00e9cada de 1970, se dise\u00f1aron para agilizar y hacer m\u00e1s eficaz el cobro de da\u00f1os y perjuicios tras un accidente de tr\u00e1fico.  <\/p>\n<p>La ley de Florida exige que todos los conductores de Florida contraten un Seguro de Lesiones Personales (tambi\u00e9n conocido como \u00abPIP\u00bb). Cubrir\u00e1 los gastos m\u00e9dicos, la p\u00e9rdida de salarios, los gastos m\u00e9dicos y otros costes relacionados, independientemente de qui\u00e9n fuera el responsable del accidente. La compa\u00f1\u00eda de seguros que elijas debe pagar tu siniestro independientemente de qui\u00e9n haya sido el responsable.  <\/p>\n<p><a href=\"https:\/\/miamilawyers360.com\/wp-content\/uploads\/2021\/11\/Boca-Raton-car-accident-lawyer.jpg\"><img fetchpriority=\"high\" decoding=\"async\" class=\"alignnone size-full wp-image-2149\" src=\"https:\/\/miamilawyers360.com\/wp-content\/uploads\/2021\/11\/Boca-Raton-car-accident-lawyer.jpg\" alt=\"Un conductor adolescente llama a un abogado de accidentes de coche en Boca Rat\u00f3n tras un accidente\" width=\"500\" height=\"333\"><\/a><\/p>\n<h2>\u00bfCu\u00e1les son los factores que influyen en el valor de una reclamaci\u00f3n por accidente de tr\u00e1fico?<\/h2>\n<p>Para todos los abogados de accidentes de coche de Boca Rat\u00f3n, es una pregunta que se hace con frecuencia y, en realidad, todos los abogados que llevan casos de accidentes de coche suelen recibir esta consulta. A muchas v\u00edctimas de accidentes de coche les gustar\u00eda saber qu\u00e9 valor podr\u00eda tener su caso. Es dif\u00edcil responder a esta pregunta de forma general, ya que cada caso ser\u00e1 diferente.  <\/p>\n<p>Hay algunas categor\u00edas de da\u00f1os que determinar\u00e1n el valor de un caso de accidente de coche. Un abogado puede ayudarte a comprenderlas mejor para que te hagas una idea de cu\u00e1nto podr\u00eda valer tu caso. Incluyen las facturas m\u00e9dicas del pasado y los gastos m\u00e9dicos futuros, la p\u00e9rdida de salario\/ausencia del trabajo, la p\u00e9rdida de capacidad futura para obtener ingresos, el dolor y el sufrimiento.  <\/p>\n<p>En las categor\u00edas anteriores, se tendr\u00e1n en cuenta ciertos factores a la hora de decidir la cuant\u00eda de la indemnizaci\u00f3n que te corresponde. Los factores a tener en cuenta son la gravedad y la gravedad de tus lesiones los detalles sobre el accidente (\u00bffue simplemente negligencia, imprudencia temeraria o negligencia grave, intencionada? <\/p>\n<p>Tu nivel de responsabilidad en tu historial laboral, la capacidad que tienes para ganarte la vida, as\u00ed como tu estilo de vida y tu esperanza de vida. \u00c9stos son s\u00f3lo algunos de los elementos que influyen en la cuant\u00eda de la indemnizaci\u00f3n en un caso de accidente de coche en Florida. Por eso puede ser muy valioso contar con el asesoramiento de un buen abogado de accidentes de tr\u00e1fico.  <\/p>\n<h2>\u00bfCu\u00e1nto tardar\u00e1 un abogado de accidentes de tr\u00e1fico de Boca Rat\u00f3n en resolver tu caso?<\/h2>\n<p>Sin conocer los pormenores de tus circunstancias es una cuesti\u00f3n diferente. Un abogado de accidentes de coche en Boca Rat\u00f3n no puede estimar cu\u00e1nto tiempo puede llevar. Porque cada caso es \u00fanico y depende de las acciones tuyas, de los peritos del seguro y de la parte contraria. Otros muchos factores no identificados pueden retrasar o acelerar tu reclamaci\u00f3n. En general, las reclamaciones por accidentes de tr\u00e1fico pueden concluir en s\u00f3lo unos meses, o cuando van a juicio, pueden tardar hasta varios a\u00f1os.    <\/p>\n<h2>\u00bfQu\u00e9 ocurre si un caso de accidente de tr\u00e1fico llega a los tribunales?<\/h2>\n<p>Mucha gente piensa que todos los accidentes de coche acaban ante el p\u00fablico y el jurado en una dram\u00e1tica batalla judicial que algunos est\u00e1n nerviosos y deseosos de evitar. La buena noticia es que los casos de accidentes de coche en Boca Rat\u00f3n se resuelven en su gran mayor\u00eda antes del juicio. Muchas demandas se resuelven mediante negociaci\u00f3n, algo que puede ayudar a ambas partes a ahorrar tiempo y dinero.  <\/p>\n<p>Un peque\u00f1o porcentaje de casos requerir\u00e1 la intervenci\u00f3n del juez. En realidad, nunca se sabe de antemano qu\u00e9 demandas tendr\u00e1n que llevarse a los tribunales, por eso es crucial que el abogado de accidentes de coche en Boca Rat\u00f3n que elijas se sienta tranquilo si decide seguir adelante con el caso, ya sea negociando un acuerdo o presentando el caso ante el juez. <\/p>\n<h2>\u00bfCu\u00e1nto tiempo tienes para presentar una Demanda por Accidente de Coche en Boca Rat\u00f3n?<\/h2>\n<p>Es una triste realidad que las v\u00edctimas de accidentes de coche no disponen de un tiempo ilimitado para recuperarse y curarse antes de decidir la mejor forma de proceder con su situaci\u00f3n. Esto se debe a que las reclamaciones derivadas de accidentes de coche dependen de una ley estatal espec\u00edfica que limita el tiempo de que dispone una persona antes de perder el derecho a reclamar da\u00f1os y perjuicios. Esto se denomina prescripci\u00f3n, y su finalidad es reducir el tiempo que hay que esperar antes de presentar una demanda tras sufrir lesiones.  <\/p>\n<p>No existe un plazo de prescripci\u00f3n universal y var\u00eda en funci\u00f3n del estado y del tipo de lesi\u00f3n de que se trate. En Florida, las demandas por lesiones personales contra la parte culpable deben presentarse <a href=\"https:\/\/www.leg.state.fl.us\/Statutes\/index.cfm?App_mode=Display_Statute&amp;URL=0000-0099\/0095\/Sections\/0095.11.html\" target=\"_blank\" rel=\"noopener\">en un plazo de cuatro a\u00f1os<\/a> a partir de la fecha de la lesi\u00f3n. Los particulares disponen de cuatro a\u00f1os a partir de la fecha de la lesi\u00f3n para presentar reclamaciones contra su propia compa\u00f1\u00eda de seguros. Para m\u00e1s informaci\u00f3n sobre este tema, llama hoy mismo a un abogado de Boca Rat\u00f3n especializado en accidentes de tr\u00e1fico.   <\/p>\n<h2>Contacta ahora con un abogado de accidentes de tr\u00e1fico en Boca Rat\u00f3n<\/h2>\n<p>Si te has visto implicado en un accidente de coche, ponte en contacto con un abogado experto en accidentes de coche de Boca Rat\u00f3n para que te ayude. Hay muchas decisiones importantes que debes tomar en breve. Llama a <a href=\"https:\/\/miamilawyers360.com\/\">Miami Lawyers 360<\/a> a <a href=\"tel:+17866862857\"><i class=\"fa fa-phone-alt\"><\/i>(786) 686-2857<\/a> para una revisi\u00f3n gratuita de tu caso.  <\/p>\n","protected":false},"excerpt":{"rendered":"<p>Si has tenido un accidente de coche en Boca Rat\u00f3n o has sufrido lesiones personales en el transcurso de un accidente, es posible que no te des cuenta de que necesitas un abogado. Es posible que creas que est\u00e1s en condiciones de llevar el caso t\u00fa mismo. Aunque es posible, tener a un abogado acreditado [&hellip;]<\/p>\n","protected":false},"author":22,"featured_media":0,"parent":4591,"menu_order":0,"comment_status":"closed","ping_status":"closed","template":"","meta":{"_acf_changed":false,"anchor_text":"","footnotes":""},"class_list":["post-5773","page","type-page","status-publish","hentry"],"acf":[],"_links":{"self":[{"href":"https:\/\/miamilawyers360.com\/es\/wp-json\/wp\/v2\/pages\/5773","targetHints":{"allow":["GET"]}}],"collection":[{"href":"https:\/\/miamilawyers360.com\/es\/wp-json\/wp\/v2\/pages"}],"about":[{"href":"https:\/\/miamilawyers360.com\/es\/wp-json\/wp\/v2\/types\/page"}],"author":[{"embeddable":true,"href":"https:\/\/miamilawyers360.com\/es\/wp-json\/wp\/v2\/users\/22"}],"replies":[{"embeddable":true,"href":"https:\/\/miamilawyers360.com\/es\/wp-json\/wp\/v2\/comments?post=5773"}],"version-history":[{"count":0,"href":"https:\/\/miamilawyers360.com\/es\/wp-json\/wp\/v2\/pages\/5773\/revisions"}],"up":[{"embeddable":true,"href":"https:\/\/miamilawyers360.com\/es\/wp-json\/wp\/v2\/pages\/4591"}],"wp:attachment":[{"href":"https:\/\/miamilawyers360.com\/es\/wp-json\/wp\/v2\/media?parent=5773"}],"curies":[{"name":"wp","href":"https:\/\/api.w.org\/{rel}","templated":true}]}}