{"id":5775,"date":"2021-11-10T20:16:02","date_gmt":"2021-11-11T01:16:02","guid":{"rendered":"https:\/\/miamilawyers360.com\/boca-raton\/abogado-de-lesiones-personales-de-boca-raton\/"},"modified":"2021-11-10T20:16:02","modified_gmt":"2021-11-11T01:16:02","slug":"abogado-de-lesiones-personales-de-boca-raton","status":"publish","type":"page","link":"https:\/\/miamilawyers360.com\/es\/boca-raton\/abogado-de-lesiones-personales-de-boca-raton\/","title":{"rendered":"Abogado de lesiones personales de Boca Rat\u00f3n"},"content":{"rendered":"<p>Nuestros abogados de lesiones personales de Boca Rat\u00f3n ayudan a las v\u00edctimas a presentar una demanda de indemnizaci\u00f3n tras una lesi\u00f3n o accidente que fue consecuencia de una negligencia. Los casos pueden presentarse ante los tribunales civiles o extrajudicialmente, seg\u00fan los t\u00e9rminos de un acuerdo. Los casos de lesiones personales pueden variar en cuanto a su alcance y pueden ser tan numerosos como lesiones sea posible sufrir. Los casos de lesiones personales pueden incluir demandas por lesiones derivadas de accidentes de coche, negligencia m\u00e9dica, responsabilidad de locales (resbalones y ca\u00eddas) y responsabilidad por productos, y lesiones laborales.   <\/p>\n<p>El equipo de Miami Abogados 360 es muy experto en casos de indemnizaci\u00f3n laboral, accidentes de tr\u00e1fico y lesiones personales. Para obtener una consulta sin coste alguno, ponte en contacto con nuestro <a href=\"https:\/\/miamilawyers360.com\/boca-raton\/\">bufete de abogados de lesiones personales de Boca Rat\u00f3n<\/a> en caso de que hayas sufrido lesiones por la negligencia de otro. <\/p>\n<h2>\u00bfCu\u00e1ndo debes ponerte en contacto con un abogado de lesiones personales de Boca Rat\u00f3n?<\/h2>\n<p>La respuesta r\u00e1pida es actuar inmediatamente. Si has resultado herido en un caso de lesiones personales en Florida, es esencial actuar con rapidez. Hay varias razones para ello. Una de ellas es que un abogado experto en lesiones personales puede ayudarte a presentar tu demanda lo antes posible.   <\/p>\n<p>Puede llevar tiempo recopilar historiales m\u00e9dicos, obtener declaraciones de testigos y llevar a cabo una investigaci\u00f3n sobre las causas de un accidente. El abogado que contrates tendr\u00e1 que dedicar m\u00e1s tiempo. Tambi\u00e9n es importante actuar con rapidez porque las pruebas son susceptibles de desaparecer. El abogado debe empezar a buscar inmediatamente para asegurarse de que se descubren y guardan todas las pruebas, testigos o v\u00eddeos. Es m\u00e1s probable cuanto m\u00e1s lo pospongas.    <\/p>\n<p>El plazo para presentar una demanda no es algo que deba preocuparte si no act\u00faas con la suficiente prontitud. El abogado que elijas estar\u00e1 en condiciones de supervisar tu caso, as\u00ed como los plazos. Tambi\u00e9n se asegurar\u00e1 de que los plazos se cumplan con tiempo suficiente. Esto te quita un peso de encima.   <\/p>\n<h2>\u00bfCu\u00e1les son los elementos de la responsabilidad en un caso de lesiones personales?<\/h2>\n<p>Tu abogado de lesiones personales de Boca Rat\u00f3n tiene que demostrar cuatro elementos de negligencia para responsabilizar a la parte responsable y pedir una indemnizaci\u00f3n.<\/p>\n<ul>\n<li><strong>Deber de diligencia:<\/strong> La persona responsable ten\u00eda la obligaci\u00f3n de garantizar tu seguridad. Conducir es un ejemplo de esta obligaci\u00f3n. <\/li>\n<li><strong>Incumplimiento del deber:<\/strong> La persona responsable incumpli\u00f3 su deber de asistencia.<\/li>\n<li><strong>Causalidad:<\/strong> Tu lesi\u00f3n fue causada por la negligencia del demandado.<\/li>\n<li><strong>Da\u00f1os y perjuicios:<\/strong> Sufriste da\u00f1os como p\u00e9rdidas econ\u00f3micas o sufrimiento.<\/li>\n<\/ul>\n<h2>\u00bfPuedo presentar una demanda si soy parcialmente responsable de mi lesi\u00f3n?<\/h2>\n<p>Las lesiones personales pueden ser un poco complicadas. En algunos casos se da una situaci\u00f3n en la que una de las partes es 100% responsable y la otra lo es por completo. Sin embargo, no siempre es as\u00ed.  <\/p>\n<p>Esto podr\u00eda causar graves problemas a las personas que sufren lesiones personales en determinados estados. Podr\u00edan perder las reclamaciones de indemnizaci\u00f3n. En Carolina del Norte, por ejemplo, si se descubre s\u00f3lo un 1% de culpa del demandante, se desestima toda la demanda.  <\/p>\n<p>Florida es un estado distinto. Florida se encuentra entre los 13 estados que han adoptado un sistema basado en el concepto de <a href=\"https:\/\/www.investopedia.com\/terms\/c\/comparative-negligence.asp\" target=\"_blank\" rel=\"noopener\">negligencia comparativa<\/a>. Esto significa que cualquiera puede presentar una demanda contra otra persona, aunque sea responsable, al menos parcialmente, del incidente.  <\/p>\n<p>Esto puede ilustrarse con un caso en el que un accidente de coche fue consecuencia de una conducci\u00f3n temeraria . Se descubri\u00f3 que la v\u00edctima giraba delante del conductor sin que funcionara el intermitente. El jurado puede decidir que la persona que result\u00f3 herida es responsable del 10% de la culpa del siniestro y delegar el 90% de la culpa en el conductor que caus\u00f3 el accidente. Si el jurado determina que el caso tiene un valor de 100.000 d\u00f3lares, el demandante podr\u00eda ser indemnizado con 90.000 d\u00f3lares. Sin embargo, la cantidad que reciba se deducir\u00e1 de la indemnizaci\u00f3n por da\u00f1os y perjuicios.    <\/p>\n<h3>Negligencia Comparativa Pura<\/h3>\n<p>Florida permite que alguien que sea parcialmente responsable de sus lesiones reclame da\u00f1os y perjuicios al Estado. Sin embargo, el estado va un paso m\u00e1s all\u00e1, permitiendo a las personas demandar aunque sean m\u00e1s responsables que otra. Florida es una ley pura de negligencia comparativa que permite al demandante reclamar da\u00f1os y perjuicios aunque sea 100% responsable.  <\/p>\n<p>Ten en cuenta que la cantidad que una persona puede obtener en estos casos depender\u00e1 del grado de su responsabilidad. Es esencial encontrar un abogado experto en lesiones personales para que gestione tu caso. <\/p>\n<h2>\u00bfCu\u00e1nto vale mi caso de lesiones personales?<\/h2>\n<p>Aunque es una pregunta popular, no puede responderse sin conocer los detalles de tu caso concreto. No hay forma de saber cu\u00e1nto vale un caso de lesiones. Hay muchas variables que determinan la cantidad que recibir\u00e1s y lo mejor es que hables con un abogado experto en lesiones personales sobre el caso concreto que tienes.  <\/p>\n<p><a href=\"https:\/\/miamilawyers360.com\/wp-content\/uploads\/2021\/11\/Boca-Raton-personal-injury-lawyer.jpeg\"><img fetchpriority=\"high\" decoding=\"async\" class=\"alignnone size-full wp-image-2152\" src=\"https:\/\/miamilawyers360.com\/wp-content\/uploads\/2021\/11\/Boca-Raton-personal-injury-lawyer.jpeg\" alt=\"Abogada de lesiones personales de Boca Rat\u00f3n que presenta una demanda\" width=\"500\" height=\"334\"><\/a><\/p>\n<h2>\u00bfCu\u00e1les son los da\u00f1os que puedo reclamar en una demanda por lesiones personales?<\/h2>\n<p>En funci\u00f3n de las circunstancias de cada caso, las v\u00edctimas podr\u00edan recibir tres tipos de indemnizaciones.<\/p>\n<h3>Da\u00f1os econ\u00f3micos<\/h3>\n<p>Se pueden restar y sumar y son da\u00f1os tangibles claros. Incluyen los gastos m\u00e9dicos, as\u00ed como los honorarios del m\u00e9dico y los gastos de rehabilitaci\u00f3n. Tambi\u00e9n cubren los da\u00f1os materiales, el tiempo de baja laboral, as\u00ed como otros da\u00f1os.  <\/p>\n<h3>Da\u00f1os no econ\u00f3micos<\/h3>\n<p>Pero los da\u00f1os no econ\u00f3micos no son cuantificables econ\u00f3micamente. Comprenden el dolor y el sufrimiento y tambi\u00e9n la disminuci\u00f3n del potencial de ingresos. Son cosas dif\u00edciles de cuantificar, por lo que es t\u00edpico que las partes en una demanda por lesiones las impugnen.  <\/p>\n<h3>Da\u00f1os punitivos<\/h3>\n<p>Los da\u00f1os punitivos no est\u00e1n concebidos para indemnizar a las v\u00edctimas, como otros tipos de da\u00f1os. S\u00f3lo se utilizan para penalizar a la parte culpable en casos concretos de negligencia imprudente o mala conducta deliberada. <\/p>\n<h2>\u00bfDebes aceptar la oferta de liquidaci\u00f3n inicial?<\/h2>\n<p>Muchas demandas no llegan a un juez. Los abogados de lesiones personales de Boca Rat\u00f3n son expertos en trabajar con las compa\u00f1\u00edas de seguros para negociar <a href=\"https:\/\/www.americanbar.org\/groups\/public_education\/resources\/law_issues_for_consumers\/injury_settle\/\" target=\"_blank\" rel=\"noopener\">acuerdos<\/a> razonables. Esto puede ahorrar tiempo y dinero.  <\/p>\n<p>Sin embargo, aunque cada caso es diferente, casi nunca es una idea ideal aceptar cualquier oferta de conciliaci\u00f3n. Las ofertas de conciliaci\u00f3n suelen prepararse sabiendo que la parte contraria no las aceptar\u00e1 y suelen ser muy bajas. Esto permite que aumente la negociaci\u00f3n. Es importante no aceptar una oferta hasta que conozcas plenamente el alcance de tus lesiones. Podr\u00edas sufrir lesiones graves si llegas a un acuerdo y m\u00e1s tarde descubres que necesitas tratamiento m\u00e9dico.    <\/p>\n<p>Ser\u00e1s responsable de los gastos si ya se ha llegado a un acuerdo. Es esencial acudir a un abogado experto en lesiones personales de Florida para que eval\u00fae el caso y, a continuaci\u00f3n, discuta las opciones de acuerdo. Nuestros abogados de lesiones personales de Boca Rat\u00f3n tienen los conocimientos y la experiencia necesarios para evaluar si la oferta de acuerdo es justa. Tambi\u00e9n pueden ayudarte a determinar si tiene sentido aceptar la oferta.   <\/p>\n<h2>\u00bfCu\u00e1l es el plazo para presentar una demanda por lesiones personales en Florida?<\/h2>\n<p>Es esencial presentar a tiempo una demanda por lesiones en Florida. La <a href=\"https:\/\/www.leg.state.fl.us\/Statutes\/index.cfm?App_mode=Display_Statute&amp;URL=0000-0099\/0095\/Sections\/0095.11.html\" target=\"_blank\" rel=\"noopener\">prescripci\u00f3n<\/a> proporciona a los demandantes un plazo para presentar demandas que es vital. Las v\u00edctimas de lesiones en Florida tienen cuatro a\u00f1os para interponer una demanda contra la parte responsable. El plazo puede variar en funci\u00f3n de la situaci\u00f3n y la naturaleza de la lesi\u00f3n. En el caso de muertes causadas por negligencia, la familia de la v\u00edctima s\u00f3lo tiene dos a\u00f1os para emprender acciones judiciales.    <\/p>\n<h2>\u00bfQu\u00e9 pasa si prescribe el delito?<\/h2>\n<p>Los estatutos de prescripci\u00f3n son cruciales e impiden que la gente presente demandas durante a\u00f1os o incluso a\u00f1os despu\u00e9s del hecho. El tribunal desestima tu demanda si no la presentas una vez transcurrido el plazo de prescripci\u00f3n. La buena noticia es que la ley no exige que el caso se resuelva en el plazo estipulado.  <\/p>\n<h2>Contacta con nuestros abogados de lesiones personales de Boca Rat\u00f3n<\/h2>\n<p>El equipo de <a href=\"https:\/\/miamilawyers360.com\/\">Miami Lawyers 360<\/a> puede ayudarte si has resultado herido por la imprudencia o negligencia de otra persona. Nos comprometemos a ofrecer resultados extraordinarios, atenci\u00f3n personalizada y un compromiso inflexible con la integridad. Estamos disponibles 24 horas al d\u00eda, 7 d\u00edas a la semana. Para obtener una revisi\u00f3n gratuita de tu caso con un abogado de lesiones personales de Boca Rat\u00f3n, \u00a1contacta con nosotros!   <\/p>\n","protected":false},"excerpt":{"rendered":"<p>Nuestros abogados de lesiones personales de Boca Rat\u00f3n ayudan a las v\u00edctimas a presentar una demanda de indemnizaci\u00f3n tras una lesi\u00f3n o accidente que fue consecuencia de una negligencia. Los casos pueden presentarse ante los tribunales civiles o extrajudicialmente, seg\u00fan los t\u00e9rminos de un acuerdo. Los casos de lesiones personales pueden variar en cuanto a [&hellip;]<\/p>\n","protected":false},"author":22,"featured_media":0,"parent":4591,"menu_order":0,"comment_status":"closed","ping_status":"closed","template":"","meta":{"_acf_changed":false,"anchor_text":"","footnotes":""},"class_list":["post-5775","page","type-page","status-publish","hentry"],"acf":[],"_links":{"self":[{"href":"https:\/\/miamilawyers360.com\/es\/wp-json\/wp\/v2\/pages\/5775","targetHints":{"allow":["GET"]}}],"collection":[{"href":"https:\/\/miamilawyers360.com\/es\/wp-json\/wp\/v2\/pages"}],"about":[{"href":"https:\/\/miamilawyers360.com\/es\/wp-json\/wp\/v2\/types\/page"}],"author":[{"embeddable":true,"href":"https:\/\/miamilawyers360.com\/es\/wp-json\/wp\/v2\/users\/22"}],"replies":[{"embeddable":true,"href":"https:\/\/miamilawyers360.com\/es\/wp-json\/wp\/v2\/comments?post=5775"}],"version-history":[{"count":0,"href":"https:\/\/miamilawyers360.com\/es\/wp-json\/wp\/v2\/pages\/5775\/revisions"}],"up":[{"embeddable":true,"href":"https:\/\/miamilawyers360.com\/es\/wp-json\/wp\/v2\/pages\/4591"}],"wp:attachment":[{"href":"https:\/\/miamilawyers360.com\/es\/wp-json\/wp\/v2\/media?parent=5775"}],"curies":[{"name":"wp","href":"https:\/\/api.w.org\/{rel}","templated":true}]}}