{"id":5786,"date":"2021-11-11T20:44:01","date_gmt":"2021-11-12T01:44:01","guid":{"rendered":"https:\/\/miamilawyers360.com\/coral-springs\/abogado-de-accidentes-de-coche-en-coral-springs\/"},"modified":"2021-11-11T20:44:01","modified_gmt":"2021-11-12T01:44:01","slug":"abogado-de-accidentes-de-coche-en-coral-springs","status":"publish","type":"page","link":"https:\/\/miamilawyers360.com\/es\/coral-springs\/abogado-de-accidentes-de-coche-en-coral-springs\/","title":{"rendered":"Abogado de accidentes de coche en Coral Springs"},"content":{"rendered":"<div>\n<p>Puede que no pienses que necesitas un abogado de Coral Springs para lesiones personales o un accidente de coche si te has visto implicado en un accidente de coche en o dentro de Coral Springs Florida. Puedes pensar que est\u00e1s en condiciones de gestionar la situaci\u00f3n por ti mismo. Aunque es posible gestionar el caso por ti mismo, pero te perder\u00e1s las ventajas de que te represente un abogado de accidentes de coche de Coral Springs.  <\/p>\n<\/div>\n<div>\n<p>En primer lugar, un abogado con experiencia en accidentes de tr\u00e1fico en Florida conoce los entresijos del asunto. Los abogados se forman durante a\u00f1os en la facultad de Derecho y despu\u00e9s adquieren experiencia en la vida real, tratando con docenas o cientos de casos similares. Ese tipo de experiencia es dif\u00edcil de duplicar para cualquiera que no tenga experiencia, y conlleva enormes ventajas, como comprender los pormenores de un proceso complejo que gestionan los abogados especializados en lesiones personales.  <\/p>\n<\/div>\n<div>\n<p>Un bufete de abogados de confianza especializado en lesiones personales puede ayudarte a ti y a un abogado de Coral Springs en accidentes de tr\u00e1fico. Sin embargo, es importante contar con un profesional experimentado que pueda quitarte un poco la carga de los hombros. Un abogado con experiencia en accidentes de coche que haya pasado por lo mismo y lo haya hecho antes puede ayudarte en tu caso sin tener que hacer todo el trabajo de recordar plazos, presentar documentos, responder a solicitudes y, quiz\u00e1 lo m\u00e1s importante, tratar con las compa\u00f1\u00edas de seguros y los peritos.  <\/p>\n<\/div>\n<div>\n<p>Contratar a un <a href=\"https:\/\/miamilawyers360.com\/coral-springs\/personal-injury-lawyer\/\">abogado de lesiones personales de Coral Springs<\/a> significa que una parte externa se encarga de organizar los diversos componentes del proceso de reclamaci\u00f3n, permiti\u00e9ndote recuperarte de tus lesiones y seguir con tu vida.<\/p>\n<\/div>\n<div>\n<h2>\u00bfQu\u00e9 puedes hacer tras un accidente de tr\u00e1fico en Coral Spring?<\/h2>\n<\/div>\n<div>\n<p>Los bufetes de abogados especializados en lesiones personales se ocupan a diario de accidentes de tr\u00e1fico. Puedes apostar a que los accidentes en Florida ocurren todos los d\u00edas. Si has sido v\u00edctima de un accidente de coche en Coral Springs, Florida, antes incluso de ponerte en contacto con un abogado de accidentes de coche lo primero que hay que decidir es si necesitas atenci\u00f3n m\u00e9dica.  <\/p>\n<\/div>\n<div>\n<p>Debes buscar ayuda m\u00e9dica inmediatamente si el accidente ha sido grave. Esto es crucial por muchas razones. En primer lugar, aumenta tus posibilidades de recibir tratamiento r\u00e1pidamente y minimizar los da\u00f1os. En segundo lugar, deja constancia inmediata de tus lesiones, creando un rastro documental que puede ser \u00fatil m\u00e1s adelante. Tambi\u00e9n impide que la aseguradora de la otra parte afirme que tus lesiones no fueron causadas por el accidente.    <\/p>\n<\/div>\n<div>\n<p>Aunque el accidente de coche no haya sido lo bastante grave como para justificar una visita al m\u00e9dico, hay medidas que puedes tomar para prepararte para una posible futura reclamaci\u00f3n por accidente de coche. En primer lugar, debes intercambiar informaci\u00f3n de contacto y del seguro con el otro conductor. Es esencial intercambiar informaci\u00f3n de contacto y del seguro con el otro conductor.  <\/p>\n<\/div>\n<div>\n<p>Esto permitir\u00e1 a tu compa\u00f1\u00eda de seguros presentar un parte de lesiones. Esto puede ayudaros a ti y a tu abogado a determinar a qui\u00e9n contactar. Tambi\u00e9n es crucial recoger los datos de contacto de cualquier persona que pueda haber presenciado el accidente. Estas personas podr\u00edan ser importantes m\u00e1s adelante, cuando haya disputas sobre lo ocurrido.   <\/p>\n<\/div>\n<div>\n<p>Si puedes, haz fotos de las lesiones que hayan sufrido ambos coches, as\u00ed como del lugar del accidente en su conjunto. Por \u00faltimo, anota todos los detalles que se te ocurran lo antes posible despu\u00e9s del accidente. Detalles como si el otro conductor iba distra\u00eddo, con el m\u00f3vil o a gran velocidad, o incluso las condiciones meteorol\u00f3gicas, pueden ser muy importantes. Pero pueden olvidarse f\u00e1cilmente con las prisas de un accidente. Anotar toda la informaci\u00f3n que puedas poco despu\u00e9s de un accidente puede ser muy \u00fatil m\u00e1s adelante.    <\/p>\n<\/div>\n<div>\n<h2>\u00bfPor qu\u00e9 las fotos son tan importantes para el \u00e9xito de un caso de accidente de tr\u00e1fico?<\/h2>\n<\/div>\n<div>\n<p>Realmente es cierto cuando se dice que las fotos pueden valer m\u00e1s que mil palabras, quiz\u00e1 incluso que dos mil. Si hay una disputa sobre el accidente o la otra parte afirma que el accidente no fue tan grave como t\u00fa afirmas, las fotos pueden ser una poderosa opci\u00f3n para resolver la disputa. <\/p>\n<\/div>\n<div>\n<p>Mostrar pruebas fotogr\u00e1ficas de un veh\u00edculo aplastado dice a jurados y jueces todo lo que necesitan saber sobre la gravedad del accidente. Las fotograf\u00edas pueden ser extremadamente \u00fatiles para demostrar la gravedad de las lesiones, haciendo que la gente sepa inmediatamente y sin largos detalles hasta qu\u00e9 punto una persona result\u00f3 herida. <\/p>\n<\/div>\n<div>\n<p>Si puedes, intenta hacer fotos del incidente para d\u00e1rselas despu\u00e9s a tu abogado. Da un paseo alrededor de tu coche con tu c\u00e1mara o smartphone y haz fotos mientras caminas. Hacer algunas fotos del otro u otros coches implicados en el accidente podr\u00eda ser \u00fatil y tambi\u00e9n fotos m\u00e1s generales de la zona del accidente.  <\/p>\n<\/div>\n<div>\n<p>Sin embargo, ten en cuenta que la seguridad es mucho m\u00e1s importante que preservar el accidente. Si es peligroso hacerlo, no saques tu veh\u00edculo ni hagas fotos. Esto podr\u00eda empeorar a\u00fan m\u00e1s un mal accidente.  <\/p>\n<\/div>\n<div>\n<h2>\u00bfC\u00f3mo prueba la culpa un abogado de accidentes de coche en Coral Spring?<\/h2>\n<\/div>\n<div>\n<p>Es crucial que sepas que, si te ves implicado en un accidente en <a href=\"https:\/\/www.coralsprings.org\/Home\" target=\"_blank\" rel=\"noopener\">Coral Springs<\/a>, el Estado de Florida trata los casos de accidentes de coche de forma diferente a la mayor\u00eda de los estados. Florida es uno de los 12 estados con leyes de seguro de autom\u00f3vil sin culpa. Estas leyes se implantaron en la d\u00e9cada de 1970 para que fuera m\u00e1s f\u00e1cil y r\u00e1pido recuperar los da\u00f1os tras un accidente de coche.  <\/p>\n<\/div>\n<div>\n<p>La ley de Florida estipula que todos los conductores de Florida contraten una cobertura por da\u00f1os personales (tambi\u00e9n conocida como \u00abPIP\u00bb). Esto cubrir\u00e1 los gastos m\u00e9dicos, la p\u00e9rdida de salarios, los gastos m\u00e9dicos y otros costes asociados, independientemente de qui\u00e9n tenga la culpa del siniestro. Las compa\u00f1\u00edas de seguros deben hacerse cargo de tus gastos independientemente de qui\u00e9n tenga la culpa.  <\/p>\n<p><img fetchpriority=\"high\" decoding=\"async\" class=\"alignnone wp-image-2207\" src=\"https:\/\/miamilawyers360.com\/wp-content\/uploads\/2021\/11\/shutterstock_108570644-2-1-300x199.jpg\" alt=\"Abogado accidente coche Coral Springs\" width=\"418\" height=\"277\"><\/p>\n<\/div>\n<div>\n<h2>\u00bfC\u00f3mo se valora un caso de accidente de coche en Coral Springs?<\/h2>\n<\/div>\n<div>\n<p>Esta es una pregunta que probablemente se haga todo abogado de Coral Springs que represente a v\u00edctimas de accidentes de coche. Mucha gente que ha sufrido lesiones en accidentes de coche quiere saber cu\u00e1l puede ser el valor de su caso. El problema es que es dif\u00edcil responder de forma general, ya que cada caso se basa en las circunstancias particulares del mismo.  <\/p>\n<\/div>\n<div>\n<p>Hay ciertas categor\u00edas de da\u00f1os que deciden el valor final de un caso de accidente de coche y, comprender los detalles de estas categor\u00edas permitir\u00e1 a un abogado proporcionar una estimaci\u00f3n m\u00e1s precisa de lo que puede valer tu caso. Se incluyen las facturas m\u00e9dicas pasadas, los gastos m\u00e9dicos futuros, el tiempo de baja laboral o salarial, la p\u00e9rdida de capacidad de ganancia futura y el dolor y el sufrimiento. <\/p>\n<\/div>\n<div>\n<p>A la hora de determinar el valor de cualquier indemnizaci\u00f3n a la que puedas tener derecho, hay ciertos elementos que deben tenerse en cuenta. Considerar\u00e1n tus lesiones, as\u00ed como las circunstancias del accidente (\u00bffue el resultado de una negligencia imprudente, una negligencia grave o una imprudencia temeraria? <\/p>\n<\/div>\n<div>\n<p>Tu nivel de responsabilidad, as\u00ed como tu historial laboral y la capacidad que tienes para ganarte la vida, adem\u00e1s de tu estilo de vida y tus expectativas vitales. \u00c9stos son s\u00f3lo algunos de los factores que intervienen en la determinaci\u00f3n de la cuant\u00eda de la indemnizaci\u00f3n que debes pagar en un caso de accidente de coche en Florida. Por eso, un abogado de confianza especializado en accidentes de coche en Coral Springs puede ser una fuente inestimable de asesoramiento.  <\/p>\n<\/div>\n<div>\n<h2>\u00bfCu\u00e1nto tardar\u00e1 un abogado de accidentes de coche de Coral Springs en resolver tu caso?<\/h2>\n<\/div>\n<div>\n<p>Si no conoces tus circunstancias particulares, \u00e9sta es otra cuesti\u00f3n imposible. Incluso con la informaci\u00f3n m\u00e1s espec\u00edfica, es posible que el abogado de accidentes de coche de Coral Springs no pueda determinar con exactitud el tiempo necesario para llegar a un acuerdo. <\/p>\n<\/div>\n<div>\n<p>Porque cada caso es \u00fanico y depender\u00e1 de tus acciones, de los peritos del seguro y de la parte contraria. Hay un sinf\u00edn de factores no identificados que podr\u00edan retrasar o acelerar tu reclamaci\u00f3n. Las reclamaciones por accidente de coche suelen resolverse en un par de meses. Sin embargo, pueden tardar varios a\u00f1os cuando el caso va a juicio.   <\/p>\n<\/div>\n<div>\n<h2>\u00bfPuede llegar a los tribunales un caso de accidente de tr\u00e1fico?<\/h2>\n<\/div>\n<div>\n<p>Mucha gente cree que todos los casos relacionados con accidentes de tr\u00e1fico acabar\u00e1n ante un juez o un jurado. Es un hecho que preocupa a mucha gente y que quiere evitar. La buena noticia es que la verdad de los casos de accidentes de coche en Coral Springs es que la inmensa mayor\u00eda de ellos concluyen antes del juicio. Muchas demandas se resuelven mediante negociaciones, lo que puede ayudar a ambas partes a ahorrar tiempo y dinero.   <\/p>\n<\/div>\n<div>\n<p>Al final, s\u00f3lo una peque\u00f1a parte de las demandas tienen que presentarse ante un juez. Sin embargo, es imposible determinar qu\u00e9 demandas se presentar\u00e1n ante un juez. Por eso es esencial encontrar un abogado de Coral Springs para accidentes de coche con el que te sientas c\u00f3modo, independientemente de si tu caso acaba en un acuerdo negociado o si se lleva ante el juez.  <\/p>\n<\/div>\n<div>\n<h2>\u00bfCu\u00e1l es el plazo para presentar una Demanda por Accidente de Coche en Coral Springs?<\/h2>\n<\/div>\n<div>\n<p>Por desgracia, las v\u00edctimas de accidentes de coche no disponen de un tiempo ilimitado de recuperaci\u00f3n y curaci\u00f3n antes de decidir c\u00f3mo proceder con su reclamaci\u00f3n. Las v\u00edctimas de accidentes de coche est\u00e1n sujetas a una ley estatal que limita el tiempo que deben presentar reclamaciones por da\u00f1os y perjuicios. Esto se conoce como ley de prescripci\u00f3n, y est\u00e1 dise\u00f1ada para limitar el tiempo que una persona debe esperar antes de presentar una demanda tras sufrir lesiones.  <\/p>\n<\/div>\n<div>\n<p>No existe un plazo de prescripci\u00f3n universal. Var\u00eda en funci\u00f3n de d\u00f3nde vivas y del tipo de lesi\u00f3n de que se trate. En Florida, las demandas por lesiones personales contra el responsable del accidente deben presentarse en el plazo de cuatro a\u00f1os desde la fecha de la lesi\u00f3n. Los particulares disponen de cuatro a\u00f1os desde la fecha de la lesi\u00f3n para presentar demandas contra su propia compa\u00f1\u00eda de seguros. Ponte en contacto con un abogado de Coral Springs especializado en accidentes de tr\u00e1fico para obtener m\u00e1s informaci\u00f3n.    <\/p>\n<\/div>\n<div>\n<h2>Contacta ya con un abogado de accidentes de tr\u00e1fico en Coral Springs<\/h2>\n<\/div>\n<div>\n<div>\n<p>Para obtener ayuda si te has lesionado en un accidente de coche, ponte en contacto con un abogado experto en accidentes de coche en Coral Springs de la <a href=\"https:\/\/miamilawyers360.com\/\">Coalici\u00f3n de Abogados de Indemnizaci\u00f3n Laboral<\/a>. Puedes ponerte en contacto con nosotros en <a href=\"tel:+17866862857\"><i class=\"fa fa-phone-alt\"><\/i>(786) 686-2857<\/a>. <\/p>\n<\/div>\n<\/div>\n","protected":false},"excerpt":{"rendered":"<p>Puede que no pienses que necesitas un abogado de Coral Springs para lesiones personales o un accidente de coche si te has visto implicado en un accidente de coche en o dentro de Coral Springs Florida. Puedes pensar que est\u00e1s en condiciones de gestionar la situaci\u00f3n por ti mismo. Aunque es posible gestionar el caso [&hellip;]<\/p>\n","protected":false},"author":22,"featured_media":0,"parent":4601,"menu_order":0,"comment_status":"closed","ping_status":"closed","template":"","meta":{"_acf_changed":false,"anchor_text":"","footnotes":""},"class_list":["post-5786","page","type-page","status-publish","hentry"],"acf":[],"_links":{"self":[{"href":"https:\/\/miamilawyers360.com\/es\/wp-json\/wp\/v2\/pages\/5786","targetHints":{"allow":["GET"]}}],"collection":[{"href":"https:\/\/miamilawyers360.com\/es\/wp-json\/wp\/v2\/pages"}],"about":[{"href":"https:\/\/miamilawyers360.com\/es\/wp-json\/wp\/v2\/types\/page"}],"author":[{"embeddable":true,"href":"https:\/\/miamilawyers360.com\/es\/wp-json\/wp\/v2\/users\/22"}],"replies":[{"embeddable":true,"href":"https:\/\/miamilawyers360.com\/es\/wp-json\/wp\/v2\/comments?post=5786"}],"version-history":[{"count":0,"href":"https:\/\/miamilawyers360.com\/es\/wp-json\/wp\/v2\/pages\/5786\/revisions"}],"up":[{"embeddable":true,"href":"https:\/\/miamilawyers360.com\/es\/wp-json\/wp\/v2\/pages\/4601"}],"wp:attachment":[{"href":"https:\/\/miamilawyers360.com\/es\/wp-json\/wp\/v2\/media?parent=5786"}],"curies":[{"name":"wp","href":"https:\/\/api.w.org\/{rel}","templated":true}]}}