{"id":5791,"date":"2021-11-10T16:37:52","date_gmt":"2021-11-10T21:37:52","guid":{"rendered":"https:\/\/miamilawyers360.com\/coral-springs\/abogado-de-lesiones-personales-en-coral-springs\/"},"modified":"2021-11-10T16:37:52","modified_gmt":"2021-11-10T21:37:52","slug":"abogado-de-lesiones-personales-en-coral-springs","status":"publish","type":"page","link":"https:\/\/miamilawyers360.com\/es\/coral-springs\/abogado-de-lesiones-personales-en-coral-springs\/","title":{"rendered":"Abogado de lesiones personales en Coral Springs"},"content":{"rendered":"<p>Nuestros abogados de lesiones personales de Miami pueden ayudar a las v\u00edctimas a presentar una demanda de indemnizaci\u00f3n tras un accidente o lesi\u00f3n causados por negligencia. Pueden presentar estos casos ante un tribunal civil o extrajudicialmente, seg\u00fan los t\u00e9rminos de un acuerdo negociado. <\/p>\n<p>Los casos de lesiones personales pueden tener un alcance tan amplio como las formas en que es posible que alguien resulte herido. Los casos de lesiones personales pueden incluir reclamaciones por accidentes de coche\/lesiones negligencia m\u00e9dica, responsabilidad de las instalaciones (resbalones y ca\u00eddas) o responsabilidad por productos defectuosos, y lesiones laborales. <\/p>\n<p>El equipo de Miami Abogados 360 est\u00e1 altamente cualificado para tratar casos de indemnizaci\u00f3n laboral, accidentes de tr\u00e1fico, lesiones personales y accidentes automovil\u00edsticos. Si te has lesionado por negligencia ajena, ponte en contacto con nuestro bufete de abogados de lesiones personales de Miami para programar una consulta gratuita. <\/p>\n<h2>\u00bfCu\u00e1ndo debes ponerte en contacto con un abogado de lesiones personales de Coral Springs?<\/h2>\n<p>La respuesta sencilla es tan r\u00e1pido como puedas. Si sufres lesiones en el transcurso de un pleito por lesiones personales en Florida, es imprescindible que act\u00faes con rapidez. Existen numerosas razones. La m\u00e1s importante es que un abogado experto en lesiones puede ayudarte a presentar tu demanda lo antes posible.   <\/p>\n<p>Lleva tiempo reunir los historiales m\u00e9dicos, recabar las declaraciones de los testigos e investigar qu\u00e9 condujo a las circunstancias del incidente. Es posible que tu abogado necesite m\u00e1s tiempo. Tambi\u00e9n es importante actuar con rapidez, ya que las pruebas pueden desaparecer f\u00e1cilmente. Cuanto antes pueda empezar tu abogado a buscar pruebas, mayores ser\u00e1n las probabilidades de que haya testigos o im\u00e1genes o v\u00eddeos y puedan conservarse. Cuanto m\u00e1s te demores, menos probabilidades habr\u00e1.    <\/p>\n<p>Adem\u00e1s, cuanto antes te pongas en contacto con un abogado de lesiones personales de Coral Springs, antes podr\u00e1s dejar de preocuparte por la prescripci\u00f3n. Tu abogado podr\u00e1 hacer un seguimiento de tu caso , y de cualquier plazo. Tambi\u00e9n se asegurar\u00e1 de que los plazos se cumplan con tiempo suficiente. Es como tener una carga menos sobre tus hombros.   <\/p>\n<p><img fetchpriority=\"high\" decoding=\"async\" class=\"alignnone size-full wp-image-5175\" src=\"https:\/\/miamilawyers360.com\/wp-content\/uploads\/2026\/03\/coral-springs-pil1-copy.webp\" alt=\"Me he lesionado en Coral Springs, \u00bfcu\u00e1les son las responsabilidades en un caso de lesiones personales?\" width=\"600\" height=\"400\" srcset=\"https:\/\/miamilawyers360.com\/wp-content\/uploads\/2026\/03\/coral-springs-pil1-copy.webp 600w, https:\/\/miamilawyers360.com\/wp-content\/uploads\/2026\/03\/coral-springs-pil1-copy-300x200.webp 300w\" sizes=\"(max-width: 600px) 100vw, 600px\" \/><\/p>\n<h2>\u00bfQui\u00e9n es responsable de mi caso de lesiones personales?<\/h2>\n<p>Para considerar responsable al causante del accidente y obtener una indemnizaci\u00f3n por tus lesiones, tu abogado de lesiones personales de Coral Springs tiene que establecer los siguientes cuatro elementos de <a href=\"https:\/\/www.leg.state.fl.us\/statutes\/index.cfm?App_mode=Display_Statute&amp;URL=0700-0799\/0768\/Sections\/0768.81.html\" target=\"_blank\" rel=\"noopener\">negligencia<\/a>: <\/p>\n<ul>\n<li><strong>Deber de diligencia:<\/strong> Es cuando la parte culpable tiene la obligaci\u00f3n de salvaguardarte de cualquier da\u00f1o. Conducir es un ejemplo de este deber. <\/li>\n<li><strong style=\"font-family: -apple-system, BlinkMacSystemFont, 'Segoe UI', Roboto, 'Helvetica Neue', Arial, 'Noto Sans', sans-serif, 'Apple Color Emoji', 'Segoe UI Emoji', 'Segoe UI Symbol', 'Noto Color Emoji';\">Incumplimiento del deber:<\/strong><span style=\"font-family: -apple-system, BlinkMacSystemFont, 'Segoe UI', Roboto, 'Helvetica Neue', Arial, 'Noto Sans', sans-serif, 'Apple Color Emoji', 'Segoe UI Emoji', 'Segoe UI Symbol', 'Noto Color Emoji';\"> La parte responsable incumpli\u00f3 el deber de diligencia.<\/span><\/li>\n<li><strong style=\"font-family: -apple-system, BlinkMacSystemFont, 'Segoe UI', Roboto, 'Helvetica Neue', Arial, 'Noto Sans', sans-serif, 'Apple Color Emoji', 'Segoe UI Emoji', 'Segoe UI Symbol', 'Noto Color Emoji';\">Causalidad:<\/strong><span style=\"font-family: -apple-system, BlinkMacSystemFont, 'Segoe UI', Roboto, 'Helvetica Neue', Arial, 'Noto Sans', sans-serif, 'Apple Color Emoji', 'Segoe UI Emoji', 'Segoe UI Symbol', 'Noto Color Emoji';\"> La conducta negligente caus\u00f3 tu lesi\u00f3n.<\/span><\/li>\n<li><strong style=\"font-family: -apple-system, BlinkMacSystemFont, 'Segoe UI', Roboto, 'Helvetica Neue', Arial, 'Noto Sans', sans-serif, 'Apple Color Emoji', 'Segoe UI Emoji', 'Segoe UI Symbol', 'Noto Color Emoji';\">Da\u00f1os y perjuicios:<\/strong><span style=\"font-family: -apple-system, BlinkMacSystemFont, 'Segoe UI', Roboto, 'Helvetica Neue', Arial, 'Noto Sans', sans-serif, 'Apple Color Emoji', 'Segoe UI Emoji', 'Segoe UI Symbol', 'Noto Color Emoji';\"> Sufriste da\u00f1os como p\u00e9rdidas econ\u00f3micas y sufrimiento.<\/span><\/li>\n<\/ul>\n<h2>\u00bfTengo derecho a iniciar una demanda aunque tenga parte de culpa en el accidente?<\/h2>\n<p>Los casos de accidentes con lesiones personales pueden ser complejos. En algunos casos se da el caso de que una de las partes tiene el 100% de la culpa y la otra toda la culpa. Sin embargo, no siempre es as\u00ed.  <\/p>\n<p>En algunos estados, esto puede plantear graves problemas a quienes sufren lesiones personales, pues sus reclamaciones de indemnizaci\u00f3n pueden ser desestimadas por los tribunales. Por ejemplo, en un estado como Carolina del Norte, si se determina que un demandante s\u00f3lo es responsable en un 1% del incidente que caus\u00f3 sus lesiones, toda su reclamaci\u00f3n ser\u00e1 desestimada por el tribunal. <\/p>\n<p>Afortunadamente, las cosas no funcionan as\u00ed en Florida. Florida se encuentra entre los 13 estados que han adoptado una ley que se basa en el <a href=\"https:\/\/www.floridabar.org\/the-florida-bar-journal\/refining-comparative-fault-in-florida-a-causation-theory-for-apportioning-fault\/\" target=\"_blank\" rel=\"noopener\">concepto de negligencia comparativa<\/a>. Esto significa que un individuo puede reclamar contra alguien en caso de que la otra persona sea responsable de parte del incidente.  <\/p>\n<p>Una buena ilustraci\u00f3n de ello es el caso de un accidente de autom\u00f3vil provocado por un conductor imprudente y r\u00e1pido, pero en el que se descubri\u00f3 que la v\u00edctima giraba delante del conductor sin intermitente operativo. El jurado podr\u00eda determinar que la v\u00edctima es responsable del accidente en un 10% y asignar el 90% al conductor que lo caus\u00f3. <\/p>\n<p>Si el jurado determina que tiene un valor de 100.000 $, el demandante cobrar\u00e1 90.000 $, y su parte de responsabilidad quedar\u00e1 reducida a la indemnizaci\u00f3n total por da\u00f1os y perjuicios.<\/p>\n<h2>Regla de Negligencia Comparativa Pura de Florida<\/h2>\n<p>La legislaci\u00f3n de Florida permite a las personas reclamar una indemnizaci\u00f3n por lesiones aunque hayan sido parcialmente responsables del accidente. En virtud del sistema de negligencia comparativa pura del estado, una persona lesionada puede presentar una reclamaci\u00f3n por da\u00f1os y perjuicios independientemente de su nivel de culpa. <\/p>\n<p>Esto significa que, aunque se determine que alguien es m\u00e1s responsable del accidente que la otra parte, a\u00fan puede tener derecho a reclamar una indemnizaci\u00f3n por sus lesiones.<\/p>\n<h3>C\u00f3mo puede afectar la culpa a tu indemnizaci\u00f3n<\/h3>\n<p>Aunque la ley de Florida permite a las personas lesionadas presentar una demanda aunque compartan la responsabilidad del accidente, la cuant\u00eda de la indemnizaci\u00f3n que pueden percibir puede reducirse en funci\u00f3n de su porcentaje de culpa.<\/p>\n<p>Por ejemplo, si se determina que una persona es parcialmente responsable, su recuperaci\u00f3n econ\u00f3mica puede ajustarse en consecuencia. Dado que determinar la culpa puede influir directamente en el valor de una reclamaci\u00f3n, es importante trabajar con un abogado experto en lesiones personales que pueda gestionar eficazmente el proceso legal y defender tus intereses. <\/p>\n<p><img decoding=\"async\" class=\"alignnone size-full wp-image-5174\" src=\"https:\/\/miamilawyers360.com\/wp-content\/uploads\/2026\/03\/coral-springs-pil2-copy.webp\" alt=\"\u00bfCu\u00e1nto vale mi caso de lesiones personales?\" width=\"600\" height=\"400\" srcset=\"https:\/\/miamilawyers360.com\/wp-content\/uploads\/2026\/03\/coral-springs-pil2-copy.webp 600w, https:\/\/miamilawyers360.com\/wp-content\/uploads\/2026\/03\/coral-springs-pil2-copy-300x200.webp 300w\" sizes=\"(max-width: 600px) 100vw, 600px\" \/><\/p>\n<h2>\u00bfCu\u00e1nto vale mi caso de lesiones personales?<\/h2>\n<p>Aunque es una pregunta habitual, no se puede responder conociendo los detalles de tu situaci\u00f3n. Esto se debe a que no existe una f\u00f3rmula precisa para determinar cu\u00e1nto vale una reclamaci\u00f3n por lesiones. <\/p>\n<p>Hay muchas variables que afectan a la cantidad que obtendr\u00e1s como resultado, y siempre es mejor consultar a un abogado experto en lesiones personales para discutir el caso concreto que tienes.<\/p>\n<h2>\u00bfQu\u00e9 da\u00f1os puedo reclamar en una demanda por lesiones personales?<\/h2>\n<p>Hay tres tipos de indemnizaciones que pueden concederse a las v\u00edctimas en funci\u00f3n de las circunstancias del caso.<\/p>\n<h3>Da\u00f1os econ\u00f3micos<\/h3>\n<p>Los da\u00f1os econ\u00f3micos incluyen cosas tangibles, cosas que puedes sumar o restar, y gastos claros sobre los que no cabe discusi\u00f3n. Ejemplos de este tipo de p\u00e9rdidas son los gastos hospitalarios, as\u00ed como los honorarios m\u00e9dicos, los gastos de rehabilitaci\u00f3n, los da\u00f1os materiales o las bajas laborales, etc. <\/p>\n<h3>Da\u00f1os no econ\u00f3micos<\/h3>\n<p>En cambio, las p\u00e9rdidas no econ\u00f3micas no pueden calcularse econ\u00f3micamente. Son cosas como el dolor y el sufrimiento, as\u00ed como la reducci\u00f3n de la capacidad de ganancia. Es dif\u00edcil determinar su valor, por lo que es mucho m\u00e1s frecuente que los implicados en un pleito por lesiones personales se peleen por estas cuestiones.  <\/p>\n<h3>Da\u00f1os punitivos<\/h3>\n<p>Los da\u00f1os punitivos no est\u00e1n dise\u00f1ados para indemnizar a las v\u00edctimas como otros da\u00f1os. S\u00f3lo pueden utilizarse para penalizar a la persona culpable en determinadas circunstancias de negligencia involuntaria o grave. <\/p>\n<h2>\u00bfDebes aceptar la oferta de conciliaci\u00f3n?<\/h2>\n<p>Muchas reclamaciones no llegan a un juez. Los abogados de lesiones personales de Coral Springs son expertos en trabajar con las compa\u00f1\u00edas de seguros para llegar a un acuerdo equitativo. Esto ahorra tiempo y dinero.  <\/p>\n<p>Aunque cada caso es \u00fanico, no suele ser buena idea aceptar la primera oferta de acuerdo de nadie. Las ofertas de acuerdo suelen crearse con la expectativa de que la otra parte no las aceptar\u00e1 y casi siempre son m\u00e1s bajas. Esto hace que aumente el margen de negociaci\u00f3n.  <\/p>\n<p>No debes aceptar una oferta antes de conocer completamente el alcance de tus lesiones. Esto puede provocar lesiones graves cuando llegas a un acuerdo y luego descubres que necesitas atenci\u00f3n m\u00e9dica en el futuro. <\/p>\n<p>Ser\u00e1s responsable de los costes si ya se ha llegado a un acuerdo. Es esencial que hables con un abogado experto en lesiones personales de Florida para que examine tu caso y discuta cualquier oferta de acuerdo. <\/p>\n<p>Nuestros abogados personales de Miami tienen la habilidad y la experiencia necesarias para evaluar si la oferta de acuerdo es razonable y ayudarte a tomar una decisi\u00f3n informada sobre si aceptar la oferta es lo m\u00e1s sensato para ti.<\/p>\n<p><img decoding=\"async\" class=\"alignnone size-full wp-image-5173\" src=\"https:\/\/miamilawyers360.com\/wp-content\/uploads\/2026\/03\/coral-springs-pil3-copy.webp\" alt=\"\u00bfCu\u00e1l es el plazo para presentar una demanda por lesiones personales en Florida?\" width=\"600\" height=\"400\" srcset=\"https:\/\/miamilawyers360.com\/wp-content\/uploads\/2026\/03\/coral-springs-pil3-copy.webp 600w, https:\/\/miamilawyers360.com\/wp-content\/uploads\/2026\/03\/coral-springs-pil3-copy-300x200.webp 300w\" sizes=\"(max-width: 600px) 100vw, 600px\" \/><\/p>\n<h2>\u00bfCu\u00e1l es el plazo para presentar una demanda por lesiones personales en Florida?<\/h2>\n<p>Cuando se trata de demandas por lesiones personales en Florida es crucial. Esto se debe a que la ley de prescripci\u00f3n es el plazo que tienen los demandantes para presentar demandas. En Florida, quienes sufren lesiones personales disponen de cuatro a\u00f1os desde la fecha de la lesi\u00f3n para presentar una demanda contra la parte responsable.  <\/p>\n<p>Esto puede variar seg\u00fan los detalles de la situaci\u00f3n y la naturaleza de las lesiones. En caso de homicidio culposo, la familia de la v\u00edctima dispone de dos a\u00f1os para presentar una reclamaci\u00f3n. Haz clic aqu\u00ed para obtener m\u00e1s informaci\u00f3n sobre el plazo para presentar una reclamaci\u00f3n.  <\/p>\n<h2>\u00bfQu\u00e9 ocurre si prescribe el delito?<\/h2>\n<p>Los plazos de prescripci\u00f3n son importantes y existen para que la gente no pueda presentar reclamaciones hasta a\u00f1os, o incluso d\u00e9cadas, despu\u00e9s del incidente que caus\u00f3 la prescripci\u00f3n. Tu reclamaci\u00f3n podr\u00eda quedar excluida de los tribunales si esperas a que haya prescrito. <\/p>\n<p>La buena noticia es que la ley no exige que presentes la demanda dentro del plazo estipulado.<\/p>\n<h2>\u00bfHerido en Coral Springs? Contacta con nosotros<\/h2>\n<p>Si t\u00fa o un ser querido hab\u00e9is resultado heridos en Coral Springs, el equipo de <a href=\"\/\">Miami Lawyers 360<\/a> puede ayudar a cualquier persona que haya resultado herida por el descuido o la negligencia de otra persona.<\/p>\n<p>Nos comprometemos a ofrecer resultados excepcionales, atenci\u00f3n personalizada y el m\u00e1ximo nivel de honradez. Estamos disponibles las 24 horas del d\u00eda. \u00a1Para una revisi\u00f3n gratuita de tu caso, <a href=\"https:\/\/miamilawyers360.com\/es\/contacto\/\">ponte en contacto con nosotros<\/a> o ll\u00e1manos a <a href=\"tel:+17866862857\"><i class=\"fa fa-phone-alt\"><\/i>(786) 686-2857<\/a>!  <\/p>\n","protected":false},"excerpt":{"rendered":"<p>Nuestros abogados de lesiones personales de Miami pueden ayudar a las v\u00edctimas a presentar una demanda de indemnizaci\u00f3n tras un accidente o lesi\u00f3n causados por negligencia. Pueden presentar estos casos ante un tribunal civil o extrajudicialmente, seg\u00fan los t\u00e9rminos de un acuerdo negociado. Los casos de lesiones personales pueden tener un alcance tan amplio como [&hellip;]<\/p>\n","protected":false},"author":22,"featured_media":0,"parent":4601,"menu_order":0,"comment_status":"closed","ping_status":"closed","template":"","meta":{"_acf_changed":false,"anchor_text":"","footnotes":""},"class_list":["post-5791","page","type-page","status-publish","hentry"],"acf":[],"_links":{"self":[{"href":"https:\/\/miamilawyers360.com\/es\/wp-json\/wp\/v2\/pages\/5791","targetHints":{"allow":["GET"]}}],"collection":[{"href":"https:\/\/miamilawyers360.com\/es\/wp-json\/wp\/v2\/pages"}],"about":[{"href":"https:\/\/miamilawyers360.com\/es\/wp-json\/wp\/v2\/types\/page"}],"author":[{"embeddable":true,"href":"https:\/\/miamilawyers360.com\/es\/wp-json\/wp\/v2\/users\/22"}],"replies":[{"embeddable":true,"href":"https:\/\/miamilawyers360.com\/es\/wp-json\/wp\/v2\/comments?post=5791"}],"version-history":[{"count":0,"href":"https:\/\/miamilawyers360.com\/es\/wp-json\/wp\/v2\/pages\/5791\/revisions"}],"up":[{"embeddable":true,"href":"https:\/\/miamilawyers360.com\/es\/wp-json\/wp\/v2\/pages\/4601"}],"wp:attachment":[{"href":"https:\/\/miamilawyers360.com\/es\/wp-json\/wp\/v2\/media?parent=5791"}],"curies":[{"name":"wp","href":"https:\/\/api.w.org\/{rel}","templated":true}]}}