{"id":5792,"date":"2021-11-11T16:26:24","date_gmt":"2021-11-11T21:26:24","guid":{"rendered":"https:\/\/miamilawyers360.com\/coral-springs\/abogado-de-compensacion-laboral-de-coral-springs\/"},"modified":"2021-11-11T16:26:24","modified_gmt":"2021-11-11T21:26:24","slug":"abogado-de-compensacion-laboral-de-coral-springs","status":"publish","type":"page","link":"https:\/\/miamilawyers360.com\/es\/coral-springs\/abogado-de-compensacion-laboral-de-coral-springs\/","title":{"rendered":"Abogado de Compensaci\u00f3n Laboral de Coral Springs"},"content":{"rendered":"<p>Un abogado de indemnizaci\u00f3n laboral de Coral Springs te guiar\u00e1 a trav\u00e9s del sistema legal. Este sistema se estableci\u00f3 para proteger a los trabajadores que han sufrido lesiones en el trabajo. Esta prestaci\u00f3n est\u00e1 disponible para cualquier trabajador lesionado en Florida, independientemente de la culpa. Esto significa que un trabajador puede recibir prestaciones de compensaci\u00f3n laboral aunque sea el responsable del accidente que provoc\u00f3 sus lesiones.   <\/p>\n<p>Si est\u00e1s implicado en una lesi\u00f3n laboral y buscas el asesoramiento de un <a href=\"https:\/\/miamilawyers360.com\/es\/coral-springs\/abogado-de-lesiones-personales-en-coral-springs\/\">abogado de indemnizaci\u00f3n laboral de Coral Springs<\/a> en relaci\u00f3n con el seguro de indemnizaci\u00f3n laboral, tenemos un abogado que puede responder a tus preguntas con mayor detalle espec\u00edfico. Solicita una consulta sin coste con un abogado de indemnizaci\u00f3n por accidente laboral que conozca bien el r\u00e9gimen de indemnizaci\u00f3n por accidente laboral. <\/p>\n<h2>\u00bfEst\u00e1s cubierto por el seguro de accidentes de trabajo?<\/h2>\n<p>A muchos trabajadores les preocupa que la empresa para la que trabajan no tenga cobertura de indemnizaci\u00f3n por accidente laboral. Podr\u00edan ser vulnerables en caso de accidente. Con la excepci\u00f3n de unos pocos casos, la mayor\u00eda de las empresas de Florida est\u00e1n cubiertas por el sistema de indemnizaci\u00f3n por accidente laboral.  <\/p>\n<p>Los empresarios de otros sectores que no est\u00e9n relacionados con la construcci\u00f3n deben tener un seguro de indemnizaci\u00f3n por accidente laboral. Los empresarios que trabajan en el sector de la construcci\u00f3n est\u00e1n obligados a tener un seguro de indemnizaci\u00f3n por accidente laboral. Para m\u00e1s aclaraciones, un abogado de indemnizaci\u00f3n por accidente laboral de Coral Springs podr\u00e1 ayudarte.  <\/p>\n<p><img fetchpriority=\"high\" decoding=\"async\" class=\"alignnone wp-image-2171 size-full\" src=\"https:\/\/miamilawyers360.com\/wp-content\/uploads\/2021\/11\/coral-springs-workers-compensation-lawyer.jpg\" alt=\"Abogado de Compensaci\u00f3n Laboral de Coral Springs\" width=\"500\" height=\"334\"><\/p>\n<h2>\u00bfQu\u00e9 puedes hacer si te lesionas en el trabajo?<\/h2>\n<p>Si te has lesionado como consecuencia de un incidente en el trabajo, hay varias cosas de las que debes ocuparte. Antes de nada, llama a un abogado laboralista y avisa inmediatamente a tu empresa. Esto significa dec\u00edrselo al supervisor inmediato, o a otra persona con autoridad en la oficina.  <\/p>\n<p>Puedes informar a tu empresario en persona, por tel\u00e9fono o por escrito. Debes informar inmediatamente a tu empresario y pedirle que cumplimente el aviso de lesi\u00f3n. As\u00ed te asegurar\u00e1s de que la aseguradora de tu empresa tramite tu solicitud.  <\/p>\n<p>Si te has lesionado tambi\u00e9n debes buscar atenci\u00f3n m\u00e9dica. Si tu empresa tiene un m\u00e9dico in situ, acude all\u00ed. Tambi\u00e9n puedes acudir a tu propio m\u00e9dico si hay uno disponible en tu lugar de trabajo. Es esencial que busques tratamiento m\u00e9dico lo antes posible para que quede constancia de la gravedad de tus lesiones y no sea f\u00e1cil anularla m\u00e1s tarde. Una vez que hayas informado a tu empresario y buscado atenci\u00f3n m\u00e9dica, debes consultar a un abogado especializado en lesiones personales que est\u00e9 familiarizado con los conflictos laborales en Florida para obtener ayuda.    <\/p>\n<h2>\u00bfCu\u00e1ndo debo comunicar mi lesi\u00f3n laboral?<\/h2>\n<p>Los trabajadores lesionados tienen que notificar al empresario el accidente laboral tan pronto como puedan, pero deben hacerlo en un plazo m\u00e1ximo de 30 d\u00edas desde la fecha en que se produjo el incidente. Si no comunicas el accidente en el plazo de 30 d\u00edas, tu demanda puede correr el riesgo de ser rechazada. <\/p>\n<h2>\u00bfQu\u00e9 ocurrir\u00e1 si tu empresario no quiere hacer un parte de lesiones?<\/h2>\n<p>Adem\u00e1s de informar del accidente a tu empresario, \u00e9ste tiene sus propias obligaciones. Para asegurarse de que tu reclamaci\u00f3n se tramita r\u00e1pidamente y de que recibes tus prestaciones lo antes posible, el empresario tiene que informar a su aseguradora. Si no presentan la reclamaci\u00f3n, puedes ponerte en contacto con la aseguradora y denunciar t\u00fa mismo el accidente.  <\/p>\n<p>La informaci\u00f3n sobre la indemnizaci\u00f3n por accidente laboral debe estar expuesta en la oficina. Tambi\u00e9n debe incluir los datos de contacto de la compa\u00f1\u00eda de seguros. Para obtener ayuda, llama a Indemnizaci\u00f3n por Accidentes de Trabajo de Florida a Asistencia al Empleado, as\u00ed como a la Oficina del Defensor del Pueblo.  <\/p>\n<h2>\u00bfLas reclamaciones de indemnizaci\u00f3n por accidente laboral son lo mismo que las demandas judiciales?<\/h2>\n<p>Esto puede resultar complicado para las personas que no se hayan enfrentado antes a una reclamaci\u00f3n de indemnizaci\u00f3n por accidente laboral. Aunque pueda parecer que una reclamaci\u00f3n de indemnizaci\u00f3n por accidente laboral es como una demanda contra un empresario, la verdad es todo lo contrario. La reclamaci\u00f3n de indemnizaci\u00f3n por accidente laboral no es una demanda contra tu empresario, sino una reclamaci\u00f3n real contra la p\u00f3liza de seguro que \u00e9ste ha contratado. Un abogado experto en indemnizaci\u00f3n por accidente laboral puede ayudarte a saber m\u00e1s sobre la ley de indemnizaci\u00f3n por accidente laboral.   <\/p>\n<h2>\u00bfPuedes demandar en lugar de presentar una demanda de indemnizaci\u00f3n por accidente laboral?<\/h2>\n<p>\u00bfExiste alg\u00fan recurso legal contra tu compa\u00f1ero de trabajo o tu empresario en lugar de presentar una demanda de indemnizaci\u00f3n por accidente laboral? Por desgracia, no. En <a href=\"https:\/\/www.leg.state.fl.us\/statutes\/index.cfm?App_mode=Display_Statute&amp;Search_String=&amp;URL=0400-0499\/0440\/Sections\/0440.094.html\" target=\"_blank\" rel=\"noopener\">Mami Floridaddddddddddddddddddddddddddddddddddddddddddddddddddddddddddddddddddddddddddddddddddddddddddddddddddddddddddddddddddddddddd<\/a>y en otros muchos estados, la indemnizaci\u00f3n por accidente laboral es lo que se conoce como recurso exclusivo. Esto significa que los empleados no pueden presentar una demanda por lesiones contra su empresario, aunque no se presenten demandas de indemnizaci\u00f3n por accidente laboral.   <\/p>\n<p>La \u00fanica excepci\u00f3n a esta norma son las lesiones laborales en las que interviene un tercero. Sin embargo, \u00e9stas pueden llevarse ante los tribunales. Si, por ejemplo, alguien de otra empresa entr\u00f3 en tu lugar de trabajo y te caus\u00f3 lesiones, puedes presentar una demanda civil contra esa persona, pero no contra tu empresa.  <\/p>\n<h2>C\u00f3mo determinar la culpa en una demanda de indemnizaci\u00f3n por accidente laboral<\/h2>\n<p>El sistema de indemnizaci\u00f3n a los trabajadores funciona \u00absin culpa\u00bb. Esto es diferente de otros casos de lesiones personales. Las prestaciones de indemnizaci\u00f3n por accidente laboral pueden pagarse independientemente de la persona responsable del accidente.  <\/p>\n<p>Esto puede ser una gran ventaja para los empleados, ya que elimina la necesidad de culpar a tu empresario o a tus compa\u00f1eros de trabajo y acelera las cosas, porque una investigaci\u00f3n sobre la causa del accidente no ralentizar\u00e1 las cosas.<\/p>\n<p>Esto tambi\u00e9n es bueno para los empleados, que no se preocupan de tener que pagar costosas facturas m\u00e9dicas cuando son culpables del accidente. La ley dice que la responsabilidad del empleado s\u00f3lo importa si la lesi\u00f3n de \u00e9ste fue consecuencia de cualquier tipo de alcohol consumido en el trabajo o de la intenci\u00f3n de hacerse da\u00f1o a s\u00ed mismo. <\/p>\n<p>En estos casos, se puede denegar la reclamaci\u00f3n de indemnizaci\u00f3n por accidente laboral. Pero, si te deniegan la reclamaci\u00f3n y acusan a la persona de cometer fraude, ponte en contacto inmediatamente con un abogado de indemnizaci\u00f3n por accidente laboral de Coral Springs. <\/p>\n<h2>\u00bfQu\u00e9 ventajas ofrece un abogado de indemnizaci\u00f3n por accidente laboral de Coral Springs?<\/h2>\n<p>Los empresarios est\u00e1n obligados a hacerse cargo de los gastos m\u00e9dicos derivados de accidentes laborales. Los trabajadores tambi\u00e9n pueden ser indemnizados por el tiempo que est\u00e9n incapacitados para trabajar a causa de estas lesiones. Esto se paga a raz\u00f3n de 2\/3 de su salario medio semanal antes del accidente.  <\/p>\n<p>Otra ventaja es que las prestaciones de la compensaci\u00f3n de los trabajadores no est\u00e1n sujetas a impuestos, lo que significa que una mayor parte de lo que recibes va a tu bolsillo. Un abogado de indemnizaci\u00f3n por accidente laboral puede ayudarte con todo esto, ya que todos los abogados de indemnizaci\u00f3n por accidente laboral excelentes deben conocer todos los aspectos del seguro. <\/p>\n<h2>\u00bfDurante cu\u00e1nto tiempo recibir\u00e1s prestaciones por accidente laboral?<\/h2>\n<p>En Florida, los trabajadores pueden percibir las prestaciones por p\u00e9rdida de salario siempre que se encuentren en situaci\u00f3n de baja laboral o con restricciones laborales leves y no existan alternativas de trabajo ligero ofrecidas por su empresa. En estos casos, los trabajadores pueden recibir un m\u00e1ximo de hasta 104 semanas de prestaci\u00f3n. <\/p>\n<h2>\u00bfQu\u00e9 ocurre si sigues lesionado despu\u00e9s de 104 semanas?<\/h2>\n<p>Es maravilloso saber que los trabajadores lesionados tienen derecho a recibir prestaciones durante 2 a\u00f1os. Pero, \u00bfy si sufres lesiones graves y no puedes recuperarte en dos a\u00f1os? En ese caso, puedes tener derecho a prestaciones por incapacidad permanente. Las prestaciones por incapacidad permanente total est\u00e1n disponibles hasta los 75 a\u00f1os si las lesiones son lo suficientemente graves.   <\/p>\n<h2>\u00bfPuedes elegir tu propio m\u00e9dico?<\/h2>\n<p>Hay algunas excepciones a la norma general, las instancias de indemnizaci\u00f3n por accidente laboral no suelen permitir que los clientes elijan a su propio m\u00e9dico. Esto se debe a que, en la mayor\u00eda de los casos, la compa\u00f1\u00eda de seguros es la que elige al m\u00e9dico. <\/p>\n<p>Sin embargo, el trabajador lesionado tiene derecho a solicitar una modificaci\u00f3n del m\u00e9dico. Si la compa\u00f1\u00eda de seguros no selecciona un nuevo m\u00e9dico en el plazo de cinco d\u00edas, tienes derecho a recibir tratamiento de un m\u00e9dico de tu preferencia. Para saber m\u00e1s sobre tus opciones, habla con un abogado de indemnizaci\u00f3n por accidente laboral de Coral Springs.  <\/p>\n<h2>\u00bfCu\u00e1l es el plazo para presentar una reclamaci\u00f3n?<\/h2>\n<p>El plazo para presentar una solicitud de prestaciones es t\u00e9cnicamente de dos a\u00f1os. Sin embargo, esto puede depender de las circunstancias espec\u00edficas de tu situaci\u00f3n. Adem\u00e1s, aunque un trabajador disponga de dos a\u00f1os antes de presentar una reclamaci\u00f3n, la realidad es que cualquier retraso en informar del incidente a tu empresa o en buscar atenci\u00f3n m\u00e9dica podr\u00eda obstaculizar o reducir significativamente tus posibilidades de presentar una reclamaci\u00f3n efectiva de indemnizaci\u00f3n por accidente laboral para recibir prestaciones.  <\/p>\n<p>Para iniciar el proceso de reclamaci\u00f3n de indemnizaci\u00f3n por accidente laboral en Coral Springs, Florida, tienes que actuar con rapidez. Aqu\u00ed tienes m\u00e1s informaci\u00f3n sobre el plazo de prescripci\u00f3n en Florida para las reclamaciones de indemnizaci\u00f3n por accidente laboral. <\/p>\n<h2>\u00bfPueden las demandas de indemnizaci\u00f3n por accidente laboral provocar tu despido?<\/h2>\n<p>A los trabajadores lesionados suele preocuparles la posibilidad de que su empresario les despida si presentan una demanda de \u00abindemnizaci\u00f3n por accidente laboral\u00bb. Sin embargo, no hay motivo para preocuparse por perder el trabajo por presentar una demanda de indemnizaci\u00f3n. Esto deber\u00eda ser motivo de preocupaci\u00f3n. Los abogados de accidentes laborales y el empresario deben estar bien informados sobre c\u00f3mo funciona el seguro de accidentes laborales.   <\/p>\n<p>Los empresarios de Florida no pueden despedir a los trabajadores que hayan presentado una demanda de indemnizaci\u00f3n por accidente laboral utilizando un abogado propio. De hecho, los empresarios podr\u00edan incurrir en graves responsabilidades civiles en caso de que despidieran a alguien s\u00f3lo por presentar una demanda de indemnizaci\u00f3n por accidente laboral. El trabajador podr\u00eda demandar al empresario por haber sido despedido por motivos injustificables, posiblemente solicitando una indemnizaci\u00f3n por da\u00f1os y perjuicios.  <\/p>\n<p>Si eres v\u00edctima de una lesi\u00f3n en el trabajo en Sunrise, debes avisar inmediatamente a tu empresario y buscar atenci\u00f3n m\u00e9dica. Despu\u00e9s, debes ponerte en contacto con un abogado de indemnizaci\u00f3n por accidente de trabajo de Coral Springs para una consulta gratuita y determinar los siguientes pasos a seguir para ayudarte a conseguir tu baja laboral. Cortes\u00eda de <a href=\"\/\">Miami 360<\/a>.  <\/p>\n","protected":false},"excerpt":{"rendered":"<p>Un abogado de indemnizaci\u00f3n laboral de Coral Springs te guiar\u00e1 a trav\u00e9s del sistema legal. Este sistema se estableci\u00f3 para proteger a los trabajadores que han sufrido lesiones en el trabajo. Esta prestaci\u00f3n est\u00e1 disponible para cualquier trabajador lesionado en Florida, independientemente de la culpa. Esto significa que un trabajador puede recibir prestaciones de compensaci\u00f3n [&hellip;]<\/p>\n","protected":false},"author":22,"featured_media":0,"parent":4601,"menu_order":0,"comment_status":"closed","ping_status":"closed","template":"","meta":{"_acf_changed":false,"anchor_text":"","footnotes":""},"class_list":["post-5792","page","type-page","status-publish","hentry"],"acf":[],"_links":{"self":[{"href":"https:\/\/miamilawyers360.com\/es\/wp-json\/wp\/v2\/pages\/5792","targetHints":{"allow":["GET"]}}],"collection":[{"href":"https:\/\/miamilawyers360.com\/es\/wp-json\/wp\/v2\/pages"}],"about":[{"href":"https:\/\/miamilawyers360.com\/es\/wp-json\/wp\/v2\/types\/page"}],"author":[{"embeddable":true,"href":"https:\/\/miamilawyers360.com\/es\/wp-json\/wp\/v2\/users\/22"}],"replies":[{"embeddable":true,"href":"https:\/\/miamilawyers360.com\/es\/wp-json\/wp\/v2\/comments?post=5792"}],"version-history":[{"count":0,"href":"https:\/\/miamilawyers360.com\/es\/wp-json\/wp\/v2\/pages\/5792\/revisions"}],"up":[{"embeddable":true,"href":"https:\/\/miamilawyers360.com\/es\/wp-json\/wp\/v2\/pages\/4601"}],"wp:attachment":[{"href":"https:\/\/miamilawyers360.com\/es\/wp-json\/wp\/v2\/media?parent=5792"}],"curies":[{"name":"wp","href":"https:\/\/api.w.org\/{rel}","templated":true}]}}