{"id":5811,"date":"2021-11-10T20:34:44","date_gmt":"2021-11-11T01:34:44","guid":{"rendered":"https:\/\/miamilawyers360.com\/hollywood\/abogado-de-lesiones-personales-en-hollywood\/"},"modified":"2021-11-10T20:34:44","modified_gmt":"2021-11-11T01:34:44","slug":"abogado-de-lesiones-personales-en-hollywood","status":"publish","type":"page","link":"https:\/\/miamilawyers360.com\/es\/hollywood\/abogado-de-lesiones-personales-en-hollywood\/","title":{"rendered":"Abogado de lesiones personales en Hollywood"},"content":{"rendered":"<p>Nuestros abogados de lesiones personales de Hollywood ayudan a las v\u00edctimas a presentar una demanda de indemnizaci\u00f3n tras una lesi\u00f3n o accidente causado por negligencia. Estas demandas pueden presentarse en un procedimiento judicial civil o extrajudicialmente en un acuerdo extrajudicial. Los casos de lesiones personales son tan variados como las opciones que tiene una persona de lesionarse. Algunos ejemplos comunes de casos de lesiones personales son las lesiones por accidentes de coche y los casos de negligencia m\u00e9dica, los casos de responsabilidad de las instalaciones (como resbalones y ca\u00eddas) y los casos de responsabilidad por productos defectuosos, y los casos de lesiones en el lugar de trabajo.   <\/p>\n<p>Nuestro equipo de Miami Abogados 360 es muy competente en la tramitaci\u00f3n de casos de indemnizaci\u00f3n laboral, accidentes de autom\u00f3vil y muchos tipos de lesiones personales. Si resultaste herido por la negligencia de otro, debes ponerte en contacto con nuestro <a href=\"https:\/\/miamilawyers360.com\/hollywood\/\">bufete de abogados de lesiones personales de Hollywood<\/a> para programar una consulta gratuita. <\/p>\n<h2>\u00bfCu\u00e1ndo debes ponerte en contacto con un abogado de lesiones personales de Hollywood?<\/h2>\n<p>La respuesta sencilla es actuar ahora. Si te lesionas en una situaci\u00f3n de lesiones personales en Florida, es esencial que act\u00faes con rapidez. Hay muchas causas. La primera, cuanto antes te pongas en contacto con un abogado experto en lesiones personales, m\u00e1s r\u00e1pido empezar\u00e1 a reunir las pruebas necesarias para presentar la demanda.   <\/p>\n<p>Puede llevar tiempo reunir historiales m\u00e9dicos, recoger declaraciones de testigos, as\u00ed como investigar qu\u00e9 llev\u00f3 a las circunstancias del accidente. El abogado que contrates tendr\u00e1 que ser paciente. Adem\u00e1s, debe actuar con rapidez, ya que las pruebas pueden desaparecer f\u00e1cilmente. Si consigues que tu abogado empiece a investigar, mayores ser\u00e1n las probabilidades de que los testigos o las fotos o v\u00eddeos sigan circulando y puedan conservarse. Es m\u00e1s probable cuanto m\u00e1s tiempo pase.    <\/p>\n<p>Cuanto antes te pongas en contacto con un abogado de lesiones personales, antes podr\u00e1s dejar de lado la cuesti\u00f3n de la prescripci\u00f3n. Tu abogado conocer\u00e1 entonces la situaci\u00f3n y los plazos de los acontecimientos importantes y se asegurar\u00e1 de que todos estos plazos se cumplan con tiempo suficiente. Esto te quitar\u00e1 un gran peso de encima.  <\/p>\n<h2>\u00bfC\u00f3mo se prueba la culpa en un caso de lesiones personales?<\/h2>\n<p>Para responsabilizar a la parte responsable y recibir una indemnizaci\u00f3n, tu abogado de lesiones personales de Hollywood tiene que demostrar los cuatro elementos de la negligencia:<\/p>\n<ul>\n<li><strong>Deber de diligencia:<\/strong> La parte culpable era responsable de garantizar tu seguridad. Conducir es un ejemplo de esta responsabilidad. <\/li>\n<li><strong>Incumplimiento<\/strong> del deber: La parte responsable no cumpl\u00eda la obligaci\u00f3n de diligencia.<\/li>\n<li><strong>Causalidad:<\/strong> Tu lesi\u00f3n fue causada por el comportamiento negligente de la otra parte.<\/li>\n<li><strong>Da\u00f1os y perjuicios:<\/strong> Sufriste da\u00f1os como p\u00e9rdidas econ\u00f3micas y dolor.<\/li>\n<\/ul>\n<h2>\u00bfPuedo presentar una demanda aunque sea parcialmente responsable de mi lesi\u00f3n?<\/h2>\n<p>Los casos de lesiones personales pueden ser complicados. En algunos casos se da el caso de que una de las partes es responsable al 100% y la otra parte tiene toda la culpa. No siempre es as\u00ed.  <\/p>\n<p>Esto puede acarrear graves problemas a las personas que sufren lesiones personales en algunos estados. Pueden perder las reclamaciones de indemnizaci\u00f3n. En Carolina del Norte, por ejemplo, si se determina que s\u00f3lo el 1% de la culpa es del demandante, se desestima toda la reclamaci\u00f3n.  <\/p>\n<p>Florida es un estado diferente. Florida es uno de los 13 estados que han adoptado un sistema basado en la negligencia comparativa. Esto significa que cualquier persona puede presentar una demanda contra otra, aunque sea parcialmente responsable del accidente.  <\/p>\n<p>Un buen ejemplo de ello es un accidente de tr\u00e1fico provocado por un conductor desconsiderado que circulaba con exceso de velocidad, pero en el que se descubri\u00f3 que la v\u00edctima hab\u00eda girado delante del conductor sin que funcionara el intermitente.<\/p>\n<p>En este caso, el jurado puede decidir que la persona lesionada es responsable del 10% de los da\u00f1os, mientras que asigna el 90% de la culpa al conductor que conduc\u00eda con exceso de velocidad. Si el jurado determina que el caso tiene un valor de 100.000 d\u00f3lares, el demandante podr\u00eda ser indemnizado con 90.000 d\u00f3lares. Sin embargo, el porcentaje del demandante se reducir\u00e1 en funci\u00f3n de la cuant\u00eda de los da\u00f1os indemnizados.  <\/p>\n<h3>Negligencia Comparativa Pura<\/h3>\n<p>Florida permite que alguien que es parcialmente responsable de sus lesiones reclame da\u00f1os y perjuicios al Estado. Sin embargo, el estado va un paso m\u00e1s all\u00e1 y permite que alguien demande aunque tenga m\u00e1s culpa que el otro. Florida tiene un sistema <a href=\"https:\/\/www.investopedia.com\/terms\/c\/comparative-negligence.asp\" target=\"_blank\" rel=\"noopener\">de negligencia comparativa pura<\/a> que permite a las personas reclamar da\u00f1os y perjuicios aunque sean responsables en un 99%.  <\/p>\n<p>Es importante recordar que, en estos casos, la cantidad que la persona puede recuperar se reduce en funci\u00f3n de su grado de culpa. Es crucial elegir a un abogado experto en lesiones personales para que lleve tu caso. <\/p>\n<h2>\u00bfCu\u00e1nto vale mi caso de lesiones personales?<\/h2>\n<p>Aunque se trata de una pregunta que mucha gente est\u00e1 deseando saber cu\u00e1l es la respuesta, la realidad es que es imposible contestarla despu\u00e9s de conocer tu situaci\u00f3n. No hay forma de calcular cu\u00e1nto vale un caso de lesiones personales. Hay diversos factores que influyen en la cantidad que obtendr\u00e1s como resultado, y siempre es mejor consultar a un abogado experto en lesiones personales para el caso concreto que tengas.  <\/p>\n<p><a href=\"https:\/\/miamilawyers360.com\/wp-content\/uploads\/2021\/11\/Hollywood-personal-injury-lawyer.jpeg\"><img fetchpriority=\"high\" decoding=\"async\" class=\"alignnone size-full wp-image-2158\" src=\"https:\/\/miamilawyers360.com\/wp-content\/uploads\/2021\/11\/Hollywood-personal-injury-lawyer.jpeg\" alt=\"Abogado de lesiones personales de Hollywood se encuentra con un hombre con un brazo roto\" width=\"500\" height=\"334\"><\/a><\/p>\n<h2>\u00bfQu\u00e9 tipo de da\u00f1os puedo reclamar en un caso de lesiones personales?<\/h2>\n<p>En funci\u00f3n de las circunstancias de cada caso, las v\u00edctimas podr\u00edan ser indemnizadas con uno de los tres tipos de da\u00f1os y perjuicios.<\/p>\n<h3>Da\u00f1os econ\u00f3micos<\/h3>\n<p>Los da\u00f1os econ\u00f3micos se refieren a cosas tangibles, como cosas que puedes sumar o restar, y gastos claros que dejan suficiente margen para la discusi\u00f3n. Incluyen las facturas m\u00e9dicas o los gastos del m\u00e9dico, as\u00ed como los gastos de rehabilitaci\u00f3n. Tambi\u00e9n cubren los da\u00f1os materiales, las bajas laborales y otros perjuicios.  <\/p>\n<h3>Da\u00f1os no econ\u00f3micos<\/h3>\n<p>Las p\u00e9rdidas no econ\u00f3micas, por el contrario, no pueden determinarse econ\u00f3micamente. Incluyen cosas como el dolor y la disminuci\u00f3n de la capacidad de ganancia. Pueden ser dif\u00edciles de evaluar, y es t\u00edpico que las partes en un pleito por lesiones discutan estos aspectos.  <\/p>\n<h3>Da\u00f1os punitivos<\/h3>\n<p>A diferencia de los dos tipos de da\u00f1os anteriores, los da\u00f1os punitivos no est\u00e1n destinados a pagar a la v\u00edctima. S\u00f3lo se utilizan en determinados casos para penalizar a la parte culpable por incompetencia grave o mala conducta deliberada. <\/p>\n<h2>\u00bfDebes aceptar la primera oferta de liquidaci\u00f3n?<\/h2>\n<p>Muchas demandas no llegan a juicio. Los abogados de lesiones personales de Hollywood son expertos en trabajar con las compa\u00f1\u00edas de seguros para llegar a <a href=\"https:\/\/www.americanbar.org\/groups\/public_education\/resources\/law_issues_for_consumers\/injury_settle\/\" target=\"_blank\" rel=\"noopener\">acuerdos<\/a> razonables. Esto te ahorrar\u00e1 tiempo y dinero.  <\/p>\n<p>Sin embargo, aunque cada caso es \u00fanico, casi siempre no es buena idea aceptar cualquier oferta de acuerdo. Estas ofertas de acuerdo suelen crearse con la expectativa de que la otra parte se resistir\u00e1 y suelen ser muy bajas. Hay margen de negociaci\u00f3n para aumentarlas. No debes aceptar una oferta antes de comprender plenamente la gravedad de tus lesiones. Esto podr\u00eda provocarte lesiones graves cuando llegues a un acuerdo y luego descubras que necesitas m\u00e1s tratamiento m\u00e9dico.    <\/p>\n<p>Ser\u00e1s responsable de los gastos en que incurras si ya se ha llegado a un acuerdo. En este sentido, es vital que consigas que un abogado experto en lesiones personales de Florida revise tu caso y cualquier oferta de acuerdo. Nuestros abogados de lesiones personales de Hollywood tendr\u00e1n los conocimientos y la experiencia necesarios para saber si la oferta de acuerdo es razonable y ayudarte a tomar una decisi\u00f3n informada sobre si debes aceptar la oferta. m\u00e1s sensata para ti.   <\/p>\n<h2>\u00bfCu\u00e1l es el plazo para presentar una demanda por lesiones personales en Florida?<\/h2>\n<p>Es esencial ser puntual al presentar una demanda por lesiones en Florida. Esto se debe a que la ley de prescripci\u00f3n establece un plazo para que los demandantes inicien las demandas. En Florida, las v\u00edctimas de lesiones personales disponen de <a href=\"https:\/\/www.leg.state.fl.us\/Statutes\/index.cfm?App_mode=Display_Statute&amp;URL=0000-0099\/0095\/Sections\/0095.11.html\" target=\"_blank\" rel=\"noopener\">cuatro a\u00f1os<\/a> a partir de la fecha de la lesi\u00f3n para presentar una demanda contra la persona responsable. Esto puede cambiar seg\u00fan las circunstancias y el tipo de lesi\u00f3n. En los casos de homicidio culposo, la familia de la v\u00edctima s\u00f3lo dispone de dos a\u00f1os para presentar una demanda.    <\/p>\n<h2>\u00bfQu\u00e9 ocurre si prescribe el delito?<\/h2>\n<p>Los plazos de prescripci\u00f3n son cruciales e impiden que la gente presente reclamaciones durante a\u00f1os, o incluso d\u00e9cadas, despu\u00e9s del suceso. La demanda que presentes ser\u00e1 denegada por el tribunal si no la presentas hasta que haya transcurrido el plazo de prescripci\u00f3n. La buena noticia es que este estatuto no exige que el caso est\u00e9 resuelto para entonces.  <\/p>\n<h2>Ponte en contacto con nuestros abogados de lesiones personales de Hollywood<\/h2>\n<p>Nuestro equipo de <a href=\"https:\/\/miamilawyers360.com\/\">Miami Lawyers 360<\/a> puede ayudar a cualquier persona que haya resultado herida por la falta de atenci\u00f3n o imprudencia de otra persona. Nos comprometemos a ofrecer resultados sobresalientes, atenci\u00f3n personal e integridad inequ\u00edvoca. Estamos de guardia 24 horas al d\u00eda, 7 d\u00edas a la semana. Ponte en contacto con nosotros hoy mismo para una revisi\u00f3n gratuita de tu caso con un abogado de lesiones personales de Hollywood.   <\/p>\n","protected":false},"excerpt":{"rendered":"<p>Nuestros abogados de lesiones personales de Hollywood ayudan a las v\u00edctimas a presentar una demanda de indemnizaci\u00f3n tras una lesi\u00f3n o accidente causado por negligencia. Estas demandas pueden presentarse en un procedimiento judicial civil o extrajudicialmente en un acuerdo extrajudicial. Los casos de lesiones personales son tan variados como las opciones que tiene una persona [&hellip;]<\/p>\n","protected":false},"author":22,"featured_media":0,"parent":4592,"menu_order":0,"comment_status":"closed","ping_status":"closed","template":"","meta":{"_acf_changed":false,"anchor_text":"","footnotes":""},"class_list":["post-5811","page","type-page","status-publish","hentry"],"acf":[],"_links":{"self":[{"href":"https:\/\/miamilawyers360.com\/es\/wp-json\/wp\/v2\/pages\/5811","targetHints":{"allow":["GET"]}}],"collection":[{"href":"https:\/\/miamilawyers360.com\/es\/wp-json\/wp\/v2\/pages"}],"about":[{"href":"https:\/\/miamilawyers360.com\/es\/wp-json\/wp\/v2\/types\/page"}],"author":[{"embeddable":true,"href":"https:\/\/miamilawyers360.com\/es\/wp-json\/wp\/v2\/users\/22"}],"replies":[{"embeddable":true,"href":"https:\/\/miamilawyers360.com\/es\/wp-json\/wp\/v2\/comments?post=5811"}],"version-history":[{"count":0,"href":"https:\/\/miamilawyers360.com\/es\/wp-json\/wp\/v2\/pages\/5811\/revisions"}],"up":[{"embeddable":true,"href":"https:\/\/miamilawyers360.com\/es\/wp-json\/wp\/v2\/pages\/4592"}],"wp:attachment":[{"href":"https:\/\/miamilawyers360.com\/es\/wp-json\/wp\/v2\/media?parent=5811"}],"curies":[{"name":"wp","href":"https:\/\/api.w.org\/{rel}","templated":true}]}}