{"id":5813,"date":"2021-11-11T14:11:05","date_gmt":"2021-11-11T19:11:05","guid":{"rendered":"https:\/\/miamilawyers360.com\/hollywood\/abogado-de-indemnizacion-por-accidente-laboral-en-hollywood\/"},"modified":"2021-11-11T14:11:05","modified_gmt":"2021-11-11T19:11:05","slug":"abogado-de-indemnizacion-por-accidente-laboral-en-hollywood","status":"publish","type":"page","link":"https:\/\/miamilawyers360.com\/es\/hollywood\/abogado-de-indemnizacion-por-accidente-laboral-en-hollywood\/","title":{"rendered":"Abogado de indemnizaci\u00f3n por accidente laboral en Hollywood"},"content":{"rendered":"<p>Un abogado especializado en Indemnizaci\u00f3n Laboral de Hollywood te ayudar\u00e1 a comprender el sistema legal. Fue dise\u00f1ado para salvaguardar a los trabajadores que han sido v\u00edctimas de accidentes laborales. En Florida, estas prestaciones est\u00e1n a disposici\u00f3n de los trabajadores lesionados, independientemente de la causa, lo que significa que un empleado puede cobrar las prestaciones de indemnizaci\u00f3n por accidente laboral independientemente de que sea o no el responsable del incidente que caus\u00f3 sus lesiones.  <\/p>\n<p>Un <a href=\"https:\/\/miamilawyers360.com\/hollywood\/personal-injury-lawyer\/\">abogado de lesiones personales de Hollywood<\/a> puede ayudarte en caso de que te hayas lesionado en el trabajo. Un abogado especializado en indemnizaci\u00f3n laboral que conozca la ley puede proporcionarte una consulta gratuita. <\/p>\n<h2>\u00bfEst\u00e1s cubierto por el seguro de accidentes de trabajo?<\/h2>\n<p>A algunos trabajadores puede preocuparles que su empresa no tenga cobertura de indemnizaci\u00f3n por accidente laboral, lo que les deja expuestos en caso de accidente. Afortunadamente, salvo contadas excepciones, la inmensa mayor\u00eda de los empresarios de Florida est\u00e1n cubiertos por el sistema de compensaci\u00f3n de los trabajadores. <\/p>\n<p>Los empresarios de otros sectores que no est\u00e9n relacionados con la construcci\u00f3n deben tener cobertura de indemnizaci\u00f3n por accidente laboral. Los empresarios del sector de la construcci\u00f3n deben tener un seguro que cubra a todos los empleados que necesiten indemnizaci\u00f3n por accidente laboral cuando contraten a uno o m\u00e1s empleados. Un abogado de indemnizaci\u00f3n por accidente laboral de Hollywood, Florida, puede darte m\u00e1s informaci\u00f3n.  <\/p>\n<h2>\u00bfQu\u00e9 hacer si te lesionas en el trabajo?<\/h2>\n<p>Hay algunas cosas que debes tener en cuenta si sufres un accidente laboral. Antes de ponerte en contacto con un abogado de accidentes laborales, debes avisar inmediatamente a tu empresa. Eso significa que debes informar al supervisor inmediato, o a alguna otra persona que est\u00e9 en posici\u00f3n de autoridad en la oficina.  <\/p>\n<p>Esta notificaci\u00f3n puede hacerse en persona, oralmente o por escrito. Cuando lo notifiques a tu empresario, debes pedirle que cumplimente la notificaci\u00f3n de lesiones sin demora, para que puedas estar seguro de que la reclamaci\u00f3n llegar\u00e1 a la compa\u00f1\u00eda de seguros de tu empresa. <\/p>\n<p>Si te has lesionado , tambi\u00e9n debes buscar tratamiento m\u00e9dico. Acude al m\u00e9dico del lugar de trabajo en caso de que tu empresa disponga de uno. Si no, puedes consultar a tu m\u00e9dico. Es importante que busques atenci\u00f3n m\u00e9dica lo antes posible para garantizar que tus lesiones queden registradas y no puedan ser impugnadas en el futuro. Una vez que tu empresa te haya avisado y hayas recibido tratamiento m\u00e9dico, puedes ponerte en contacto con un abogado especializado en lesiones personales que conozca bien la indemnizaci\u00f3n por accidente laboral en Florida para solicitar ayuda.    <\/p>\n<h2>\u00bfCu\u00e1l es el mejor momento para informar de una lesi\u00f3n?<\/h2>\n<p>Los empleados que sufran lesiones deben notificar el accidente laboral inmediatamente; sin embargo, deben notificar el accidente al menos 30 d\u00edas despu\u00e9s de la fecha en que se produjo el incidente. Si no informas de tu lesi\u00f3n en los 30 d\u00edas siguientes al incidente, tu reclamaci\u00f3n podr\u00eda correr el riesgo de ser rechazada. <\/p>\n<h2>\u00bfQu\u00e9 ocurre si el empresario no puede informar del accidente?<\/h2>\n<p>Adem\u00e1s de notificar el siniestro a tu empresario, \u00e9ste tambi\u00e9n tiene sus propias obligaciones. Tu empresario tiene que notificarlo r\u00e1pidamente a su aseguradora para que el siniestro se tramite a tiempo y puedas empezar a recibir tus prestaciones lo antes posible. Tambi\u00e9n puedes ponerte en contacto con tu compa\u00f1\u00eda de seguros para notificar el incidente si no lo aceptan.  <\/p>\n<p>La informaci\u00f3n sobre la compa\u00f1\u00eda aseguradora de la indemnizaci\u00f3n por accidente laboral debe estar expuesta en alg\u00fan lugar de la oficina. Deber\u00eda incluir la informaci\u00f3n de contacto de la compa\u00f1\u00eda de seguros. Si no lo est\u00e1, ponte en contacto con la oficina de indemnizaci\u00f3n por accidente laboral de <a href=\"https:\/\/www.hollywoodfl.org\/\" target=\"_blank\" rel=\"noopener\">Hollywood, Florida<\/a>, la Oficina de Asistencia al Empleado y Defensor del Trabajador, para que te ayuden a localizar esta informaci\u00f3n. Alternativamente, llama a un abogado local de indemnizaci\u00f3n por accidente laboral de Florida para que te ayude.   <\/p>\n<h2>\u00bfLas reclamaciones de indemnizaci\u00f3n por accidente laboral son lo mismo que las demandas judiciales?<\/h2>\n<p>Las personas que no se han enfrentado antes a reclamaciones de indemnizaci\u00f3n por accidente laboral pueden encontrar esto confuso. Aunque pueda parecer que la reclamaci\u00f3n de indemnizaci\u00f3n por accidente laboral es lo mismo que una demanda contra tu empresario, la realidad es muy distinta. La reclamaci\u00f3n de indemnizaci\u00f3n por accidente laboral no es una demanda contra tu empresario. Es m\u00e1s bien una reclamaci\u00f3n contra la p\u00f3liza de seguro que contrat\u00f3 tu empresario. Un abogado experto en indemnizaci\u00f3n por accidente laboral puede ayudarte a saber m\u00e1s sobre la ley de indemnizaci\u00f3n por accidente laboral.    <\/p>\n<h2>\u00bfPuedes demandar en lugar de reclamar una indemnizaci\u00f3n por accidente laboral?<\/h2>\n<p>\u00bfY si prefieres demandar a tu empresario o compa\u00f1ero de trabajo en lugar de presentar la demanda de indemnizaci\u00f3n por accidente laboral, est\u00e1 permitido? Por desgracia, no. En Florida, as\u00ed como en otros estados, la indemnizaci\u00f3n por accidente de trabajo es lo que se conoce como un recurso exclusivo. Un trabajador no puede presentar una demanda por lesiones contra su empresario aunque haya presentado una demanda de indemnizaci\u00f3n por accidente laboral. Las \u00fanicas excepciones son las reclamaciones por lesiones laborales en las que intervenga un tercero. Sin embargo, \u00e9stas pueden presentarse ante los tribunales. Si alguien de otra empresa entra en tu lugar de trabajo y te lesiona, puedes emprender una acci\u00f3n civil contra la otra empresa, pero no contra tu empresario.      <\/p>\n<h2>Reclamaci\u00f3n de indemnizaci\u00f3n por accidente laboral: \u00bfC\u00f3mo determinar si la reclamaci\u00f3n es por culpa?<\/h2>\n<p>El sistema de indemnizaci\u00f3n por accidente laboral funciona \u00absin culpa\u00bb. Esto es \u00fanico en comparaci\u00f3n con otras lesiones personales. Eso significa que las prestaciones de indemnizaci\u00f3n por accidente laboral se pagan independientemente de la negligencia o del motivo concreto de la lesi\u00f3n. Esto es bueno para los trabajadores. Elimina la necesidad de culpar a tu jefe o a tus compa\u00f1eros de trabajo. Esto ayuda a acelerar el proceso, ya que la investigaci\u00f3n de la causa del incidente no tiene por qu\u00e9 llevar m\u00e1s tiempo.     <\/p>\n<p>Tambi\u00e9n es bueno porque los empleados no tienen que preocuparse de tener que asumir elevados gastos m\u00e9dicos si son culpables del incidente. La culpa de un empleado s\u00f3lo es relevante si la lesi\u00f3n fue causada por el alcohol o con la intenci\u00f3n de hacer da\u00f1o a la persona. En estas situaciones, se puede denegar la indemnizaci\u00f3n por accidente laboral. Si te deniegan la reclamaci\u00f3n aunque la persona acusada del delito sea inocente, ponte en contacto con un abogado de indemnizaci\u00f3n por accidente laboral de Miami, Florida, lo antes posible.   <\/p>\n<p><a href=\"https:\/\/miamilawyers360.com\/wp-content\/uploads\/2021\/11\/hollywood-workers-compensation-lawyer-1.jpg\"><img fetchpriority=\"high\" decoding=\"async\" class=\"alignnone wp-image-2163 size-full\" src=\"https:\/\/miamilawyers360.com\/wp-content\/uploads\/2021\/11\/hollywood-workers-compensation-lawyer-1.jpg\" alt=\"Abogado de indemnizaci\u00f3n laboral en Hollywood\" width=\"500\" height=\"333\"><\/a><\/p>\n<h2>\u00bfQu\u00e9 ventajas ofrece un abogado de indemnizaci\u00f3n por accidente laboral en Hollywood?<\/h2>\n<p>Los empresarios est\u00e1n obligados a hacerse cargo de los gastos m\u00e9dicos derivados de un accidente laboral. Los trabajadores tambi\u00e9n tienen derecho a una indemnizaci\u00f3n por el tiempo que no puedan trabajar debido a estas lesiones. Estas prestaciones se pagar\u00e1n a raz\u00f3n de dos tercios de tu salario diario anterior a la lesi\u00f3n. Otra cosa buena es que las prestaciones por accidente laboral no son deducibles de impuestos, lo que significa que gran parte de lo que recibes va a tu bolsillo. De todo esto puede ocuparse un abogado de indemnizaci\u00f3n por accidente laboral. Un buen abogado de indemnizaci\u00f3n por accidente laboral debe conocer a fondo todos los aspectos del seguro de indemnizaci\u00f3n por accidente laboral.     <\/p>\n<h2>\u00bfDurante cu\u00e1nto tiempo puedes seguir percibiendo prestaciones del seguro de accidentes de trabajo?<\/h2>\n<p>Los trabajadores de Florida pueden seguir teniendo derecho a prestaciones por p\u00e9rdida de salario cuando no tengan ning\u00fan tipo de trabajo. Los trabajadores pueden optar hasta a 104 semanas de prestaciones. <\/p>\n<h3>\u00bfQu\u00e9 ocurre si sigues lesionado despu\u00e9s de 104 semanas?<\/h3>\n<p>Es maravilloso saber que los trabajadores que sufren lesiones tienen derecho a recibir prestaciones durante 2 a\u00f1os. Pero, \u00bfqu\u00e9 ocurre si sufres una lesi\u00f3n grave y no te recuperas en el plazo de dos a\u00f1os? En ese caso, podr\u00edas tener derecho a percibir prestaciones por incapacidad permanente. Estas prestaciones por incapacidad permanente total pueden reclamarse hasta los 75 a\u00f1os si las lesiones son lo bastante graves.   <\/p>\n<h2>\u00bfPuedes elegir tu propio m\u00e9dico?<\/h2>\n<p>Aunque hay algunas excepciones a este principio general, los casos de indemnizaci\u00f3n por accidente laboral no suelen permitir a los trabajadores elegir a su propio m\u00e9dico. Esto se debe a que la mayor\u00eda de los casos los resuelve la compa\u00f1\u00eda de seguros. Dicho esto, como trabajador lesionado tienes derecho a presentar una \u00fanica solicitud de cambio de m\u00e9dico. Si la compa\u00f1\u00eda de seguros no elige un nuevo m\u00e9dico al que consultar en los cinco d\u00edas siguientes a tu solicitud, podr\u00e1s visitar al m\u00e9dico de tu elecci\u00f3n. Pide consejo a un abogado de indemnizaci\u00f3n por accidente laboral de Hollywood, Florida, para que te recomiende las mejores opciones para ti.    <\/p>\n<h2>\u00bfCu\u00e1l es el plazo para presentar una reclamaci\u00f3n? \u00bfTengo que presentar una reclamaci\u00f3n a Indemnizaci\u00f3n por Accidentes de Trabajo? <\/h2>\n<p>En realidad, el plazo m\u00e1ximo para presentar una solicitud de prestaciones es de dos a\u00f1os. Esto est\u00e1 sujeto a cambios en funci\u00f3n de la situaci\u00f3n concreta. Aunque los trabajadores disponen de dos a\u00f1os para presentar reclamaciones, cualquier retraso en la notificaci\u00f3n de una lesi\u00f3n a su empresa, o en la b\u00fasqueda de atenci\u00f3n m\u00e9dica, podr\u00eda perjudicar o reducir por completo tus posibilidades de recibir prestaciones. En este sentido, es crucial ponerse r\u00e1pidamente en contacto con un abogado experto en indemnizaci\u00f3n por accidente laboral de Hollywood, Florida, para iniciar el proceso de reclamaci\u00f3n. Para m\u00e1s detalles, haz clic aqu\u00ed. sobre la prescripci\u00f3n en Florida de las reclamaciones de indemnizaci\u00f3n por accidente laboral.     <\/p>\n<h2>\u00bfTe pueden despedir como consecuencia de una demanda de indemnizaci\u00f3n por accidente laboral?<\/h2>\n<p>Es una preocupaci\u00f3n frecuente de los trabajadores lesionados que, si presentan una demanda de indemnizaci\u00f3n por accidente laboral, pueden ser penalizados o despedidos por su empresa. No hay absolutamente ning\u00fan motivo para que los trabajadores teman ser despedidos por presentar una demanda de indemnizaci\u00f3n por accidente laboral. Esto deber\u00eda ser motivo de preocupaci\u00f3n. El abogado de accidentes laborales y el empresario deben estar bien informados sobre c\u00f3mo funciona el seguro de accidentes laborales.   <\/p>\n<p>Los empresarios de Florida no pueden despedir a trabajadores por haber presentado reclamaciones ante un abogado por da\u00f1os personales al seguro de indemnizaci\u00f3n por accidentes laborales. Los empresarios podr\u00edan incurrir en responsabilidad civil en caso de despedir a alguien por presentar una reclamaci\u00f3n de indemnizaci\u00f3n por accidente laboral. Si eso ocurre, el trabajador podr\u00eda demandar al empresario por despido improcedente, y posiblemente podr\u00eda recuperar los da\u00f1os y perjuicios de la demanda.  <\/p>\n<p>Si has sido v\u00edctima de una lesi\u00f3n en el trabajo en Hollywood, debes avisar inmediatamente a tu empresario y buscar atenci\u00f3n m\u00e9dica. Despu\u00e9s, debes ponerte en contacto con un <a href=\"https:\/\/miamilawyers360.com\/\">Abogado de Indemnizaci\u00f3n por Accidentes de Trabajo de Miami Florida<\/a> para una consulta gratuita que determine los siguientes pasos a dar para ayudarte a obtener la baja laboral. <\/p>\n","protected":false},"excerpt":{"rendered":"<p>Un abogado especializado en Indemnizaci\u00f3n Laboral de Hollywood te ayudar\u00e1 a comprender el sistema legal. Fue dise\u00f1ado para salvaguardar a los trabajadores que han sido v\u00edctimas de accidentes laborales. En Florida, estas prestaciones est\u00e1n a disposici\u00f3n de los trabajadores lesionados, independientemente de la causa, lo que significa que un empleado puede cobrar las prestaciones de [&hellip;]<\/p>\n","protected":false},"author":22,"featured_media":0,"parent":4592,"menu_order":0,"comment_status":"closed","ping_status":"closed","template":"","meta":{"_acf_changed":false,"anchor_text":"","footnotes":""},"class_list":["post-5813","page","type-page","status-publish","hentry"],"acf":[],"_links":{"self":[{"href":"https:\/\/miamilawyers360.com\/es\/wp-json\/wp\/v2\/pages\/5813","targetHints":{"allow":["GET"]}}],"collection":[{"href":"https:\/\/miamilawyers360.com\/es\/wp-json\/wp\/v2\/pages"}],"about":[{"href":"https:\/\/miamilawyers360.com\/es\/wp-json\/wp\/v2\/types\/page"}],"author":[{"embeddable":true,"href":"https:\/\/miamilawyers360.com\/es\/wp-json\/wp\/v2\/users\/22"}],"replies":[{"embeddable":true,"href":"https:\/\/miamilawyers360.com\/es\/wp-json\/wp\/v2\/comments?post=5813"}],"version-history":[{"count":0,"href":"https:\/\/miamilawyers360.com\/es\/wp-json\/wp\/v2\/pages\/5813\/revisions"}],"up":[{"embeddable":true,"href":"https:\/\/miamilawyers360.com\/es\/wp-json\/wp\/v2\/pages\/4592"}],"wp:attachment":[{"href":"https:\/\/miamilawyers360.com\/es\/wp-json\/wp\/v2\/media?parent=5813"}],"curies":[{"name":"wp","href":"https:\/\/api.w.org\/{rel}","templated":true}]}}