{"id":5818,"date":"2021-11-11T16:19:46","date_gmt":"2021-11-11T21:19:46","guid":{"rendered":"https:\/\/miamilawyers360.com\/melbourne\/abogado-de-accidentes-de-coche-en-melbourne\/"},"modified":"2021-11-11T16:19:46","modified_gmt":"2021-11-11T21:19:46","slug":"abogado-de-accidentes-de-coche-en-melbourne","status":"publish","type":"page","link":"https:\/\/miamilawyers360.com\/es\/melbourne\/abogado-de-accidentes-de-coche-en-melbourne\/","title":{"rendered":"Abogado de accidentes de coche en Melbourne"},"content":{"rendered":"<p>Es posible que pienses que no necesitas un abogado de accidentes de coche en Melbourne o un abogado de lesiones personales si te has visto implicado en un accidente de coche o en los alrededores de Melbourne, Florida. Tal vez te sientas confiado en tu capacidad para llevar el caso por ti mismo. Aunque es posible llevar el caso por ti mismo, te perder\u00e1s algunas grandes ventajas si cuentas con un abogado de Melbourne que se ocupe de los accidentes de coche por ti.  <\/p>\n<p>Un abogado de accidentes de autom\u00f3vil de Florida es un experto en esta materia. Tras a\u00f1os de formaci\u00f3n, los abogados pueden aplicar sus conocimientos en situaciones reales que a menudo implican cientos o miles de casos similares. Ese tipo de experiencia es imposible de duplicar para cualquiera que no la tenga y conlleva enormes ventajas. Pueden comprender los entresijos de un proceso complejo que gestionan <a href=\"https:\/\/miamilawyers360.com\/melbourne\/personal-injury-lawyer\/\">los abogados de lesiones personales de Melbourne<\/a>.   <\/p>\n<p>Un reputado bufete de abogados de lesiones personales podr\u00e1 ayudarte, as\u00ed como encontrar un abogado de Melbourne para accidentes de coche. Pero comprende que debes asegurarte de contratar a un experto que pueda ayudarte a quitarte algunas de las cargas de encima. Un abogado experto en accidentes de coche te ayudar\u00e1 sin que tengas que recordar plazos, presentar documentos, responder a solicitudes y tratar con peritos y compa\u00f1\u00edas de seguros.  <\/p>\n<p>Contratar a un abogado de lesiones personales en Melbourne significa que otra persona se encarga de organizar todos los aspectos del proceso de reclamaci\u00f3n, liber\u00e1ndote para que puedas curarte de tu lesi\u00f3n y seguir con tu vida.<\/p>\n<h2>\u00bfQu\u00e9 debes hacer tras un accidente de tr\u00e1fico?<\/h2>\n<p>Los bufetes de abogados especializados en lesiones personales se ocupan a diario de accidentes de autom\u00f3vil. Como puedes ver, en Florida ocurren accidentes todos los d\u00edas. Antes de llamar a un abogado de accidentes de coche en <a href=\"https:\/\/www.melbourneflorida.org\/\" target=\"_blank\" rel=\"noopener\">Melbourne, tienes que decidir si debes buscar atenci\u00f3n m\u00e9dica si has sufrido un accidente de coche en Melbourne (Florida)<\/a>.  <\/p>\n<h3>Busca atenci\u00f3n m\u00e9dica<\/h3>\n<p>Si el accidente ha sido grave y tienes la m\u00e1s m\u00ednima posibilidad de sufrir alg\u00fan tipo de lesi\u00f3n, debes buscar inmediatamente atenci\u00f3n m\u00e9dica. Esto es de vital importancia por muchas razones. En primer lugar, buscar tratamiento r\u00e1pidamente puede aumentar tus posibilidades de evitar lesiones y recuperarte m\u00e1s r\u00e1pidamente.  <\/p>\n<p>Tambi\u00e9n registra tus lesiones inmediatamente dejando un rastro de papel que podr\u00eda ser \u00fatil en el futuro. Por \u00faltimo, impide que el otro conductor o la compa\u00f1\u00eda de seguros aleguen que tus lesiones se produjeron m\u00e1s tarde o que fueron causadas por algo distinto del accidente de tr\u00e1fico. <\/p>\n<p>Si tu accidente no fue suficiente para justificar una visita a urgencias, a\u00fan hay otras formas de prepararte para una posible reclamaci\u00f3n futura por accidente de coche.<\/p>\n<h3>Informaci\u00f3n de contacto y seguro de cambio<\/h3>\n<p>El primer paso es intercambiar informaci\u00f3n y datos de contacto con el conductor culpable. Es importante intercambiar informaci\u00f3n de contacto y del seguro con el otro conductor. <\/p>\n<p>Esto permitir\u00e1 a tu compa\u00f1\u00eda de seguros disponer de un parte de lesiones. Esto puede ayudaros tanto a ti como a tu abogado a determinar a qui\u00e9n llamar. Tambi\u00e9n es esencial obtener los datos de contacto de cualquier persona que pudiera haber estado presente en el lugar del accidente. Si alguna vez hay una disputa sobre lo ocurrido, estas personas pueden ayudar.   <\/p>\n<h3>Haz fotos<\/h3>\n<p>Si puedes, haz fotos tanto de los coches como del lugar del accidente. Anota tambi\u00e9n cualquier detalle que puedas recordar en cuanto se produzca el accidente. Si el conductor del otro veh\u00edculo estaba distra\u00eddo o hablando por el m\u00f3vil, si iba a gran velocidad, o si el tiempo no era el ideal, todos estos detalles pueden ser importantes m\u00e1s adelante, pero se pasan por alto f\u00e1cilmente tras el caos de un accidente. Es buena idea anotar toda la informaci\u00f3n que puedas tras un accidente.   <\/p>\n<p>Mucha gente cree que las im\u00e1genes valen m\u00e1s que 1000 palabras o m\u00e1s. Si se discute el accidente, quiz\u00e1 la otra parte afirme que no fue tan grave como t\u00fa afirmas, las fotograf\u00edas pueden ser una gran opci\u00f3n para resolver la disputa. Mostrar pruebas fotogr\u00e1ficas de un veh\u00edculo aplastado dice a jurados y jueces todo lo que tienen que saber sobre la gravedad del accidente. Las fotograf\u00edas tambi\u00e9n pueden utilizarse para ilustrar el alcance de las lesiones. Esto permite que la gente comprenda inmediatamente lo mal que se ha hecho da\u00f1o alguien.    <\/p>\n<p>Si puedes, intenta hacer algunas fotograf\u00edas del accidente y d\u00e1selas a tu abogado en el futuro. Fotograf\u00eda tu coche con tu smartphone o c\u00e1mara y haz fotos sobre la marcha. Hacer algunas fotos del otro u otros coches implicados en el accidente tambi\u00e9n puede ser \u00fatil, as\u00ed como fotos m\u00e1s generales de la zona del accidente.  <\/p>\n<p>Sin embargo, recuerda que la seguridad es mucho m\u00e1s importante que conmemorar el accidente. No salgas del veh\u00edculo para hacer fotos si no es seguro hacerlo, ya que podr\u00edas provocar un accidente mucho m\u00e1s grave. <\/p>\n<h2>\u00bfC\u00f3mo se determina la culpa en un accidente de tr\u00e1fico en Florida?<\/h2>\n<p>Es esencial que sepas que, si te ves implicado en un accidente en Melbourne, Florida trata los casos de accidente de coche de forma diferente a la mayor\u00eda de los dem\u00e1s estados. De hecho, Florida es uno de los 12 estados que tienen leyes de seguro de autom\u00f3vil sin culpa. Estas leyes, implantadas a principios de la d\u00e9cada de 1970, se dise\u00f1aron para agilizar y hacer m\u00e1s eficaz el cobro de da\u00f1os y perjuicios tras un accidente de coche.  <\/p>\n<p>La ley obliga a todos los conductores de Florida a contratar la Protecci\u00f3n por Lesiones Personales (tambi\u00e9n llamada \u00abPIP\u00bb), que cubre los gastos m\u00e9dicos, la p\u00e9rdida de salarios, los gastos funerarios y otros costes asociados, independientemente de qui\u00e9n haya sido el responsable del accidente. Esto significa que tu compa\u00f1\u00eda de seguros tiene que indemnizarte por tus p\u00e9rdidas, independientemente de qui\u00e9n tuviera la culpa. <\/p>\n<p><a href=\"https:\/\/miamilawyers360.com\/wp-content\/uploads\/2021\/11\/Melbourne-car-accident-lawyer.jpg\"><img fetchpriority=\"high\" decoding=\"async\" class=\"alignnone wp-image-2177 size-full\" src=\"https:\/\/miamilawyers360.com\/wp-content\/uploads\/2021\/11\/Melbourne-car-accident-lawyer.jpg\" alt=\"Abogado de accidentes de coche en Melbourne\" width=\"500\" height=\"333\"><\/a><\/p>\n<h2>\u00bfQu\u00e9 factores influyen en el valor de una reclamaci\u00f3n por accidente de tr\u00e1fico?<\/h2>\n<p>Para cada abogado de lesiones por accidente de coche de Melbourne, \u00e9sta es una pregunta frecuente y, en realidad, a todos los abogados que llevan casos de accidentes de coche, en general, se les har\u00e1 esta pregunta. Mucha gente que ha sufrido lesiones en accidentes de coche quiere saber qu\u00e9 valor puede tener su caso. Es dif\u00edcil responder a esta pregunta de forma general, ya que cada caso ser\u00e1 diferente.  <\/p>\n<p>Sin embargo, hay algunas categor\u00edas de da\u00f1os que deciden el valor final de un caso de accidente de coche y, comprender los detalles de estas categor\u00edas permitir\u00e1 a un abogado darte una mejor estimaci\u00f3n de lo que puede valer tu caso. Entre ellas figuran las facturas m\u00e9dicas, los gastos m\u00e9dicos futuros y la p\u00e9rdida de salarios\/tiempo de baja laboral, la p\u00e9rdida de capacidad para obtener ingresos en el futuro, y el sufrimiento y el dolor. <\/p>\n<p>Para determinar la cuant\u00eda de cualquier indemnizaci\u00f3n a la que puedas tener derecho, hay ciertos elementos que deben tenerse en cuenta. Tendr\u00e1n en cuenta tus lesiones, as\u00ed como las circunstancias del accidente, tu nivel de responsabilidad, as\u00ed como tu historial laboral y la capacidad que tienes para ganarte la vida, y tu estilo y expectativas de vida. <\/p>\n<p>\u00c9stos son s\u00f3lo algunos de los factores que intervienen en el complicado conjunto de elementos que se tienen en cuenta al decidir la cuant\u00eda de la indemnizaci\u00f3n a conceder en un caso de accidente de coche en Florida. Un abogado de Melbourne especializado en accidentes de coche puede ser de gran ayuda. <\/p>\n<h2>\u00bfEn cu\u00e1nto tiempo resolver\u00e1 tu caso un abogado de accidentes de tr\u00e1fico de Melbourne?<\/h2>\n<p>Esta es otra cuesti\u00f3n dif\u00edcil de responder sin conocer los pormenores de tu caso. Un abogado de accidentes de tr\u00e1fico en Melbourne puede no saber cu\u00e1nto tiempo llevar\u00e1. Porque cada caso es distinto y se basar\u00e1 en tus acciones junto con los peritos del seguro, as\u00ed como en la parte contraria. Muchos otros factores no identificados podr\u00edan causar retrasos en tu reclamaci\u00f3n o acelerarla. La mayor\u00eda de las reclamaciones por accidente de coche se completan en s\u00f3lo unos meses, pero en caso de juicio podr\u00edan tardar muchos a\u00f1os.    <\/p>\n<h2>\u00bfQu\u00e9 ocurre si se lleva a juicio un caso de accidente de tr\u00e1fico?<\/h2>\n<p>Muchos creen que todos los casos de accidentes de coche los decidir\u00e1 el juez o el jurado. Esto es algo que preocupa a muchas personas y preferir\u00edan que no fuera as\u00ed. Lo bueno de los casos de accidentes de coche en Melbourne es que se resuelven casi por completo antes del juicio. Muchos casos se resuelven mediante negociaciones, lo que puede ahorrar tiempo y dinero a ambas partes.   <\/p>\n<p>Esto significa que s\u00f3lo un peque\u00f1o porcentaje de demandas tienen que presentarse alguna vez ante el juez. Sin embargo, es imposible determinar qu\u00e9 demandas se presentar\u00e1n ante el tribunal. Por eso es tan importante encontrar un abogado de accidentes de tr\u00e1fico en Melbourne en el que conf\u00edes, independientemente de que tu litigio acabe en un acuerdo negociado o ante un abogado.  <\/p>\n<h2>\u00bfCu\u00e1l es el plazo para presentar una demanda por accidente de coche en Melbourne?<\/h2>\n<p>Por desgracia, las v\u00edctimas de accidentes de coche no disponen de un tiempo ilimitado de recuperaci\u00f3n y curaci\u00f3n antes de decidir qu\u00e9 camino seguir para reclamar. El motivo es que las reclamaciones por accidentes de coche dependen de una ley estatal espec\u00edfica que limita el tiempo de que dispone una persona antes de no poder reclamar da\u00f1os y perjuicios. La ley se conoce como ley de prescripci\u00f3n y restringe el tiempo que una persona puede esperar para presentar una demanda cuando ha sufrido lesiones.  <\/p>\n<p>No existe un plazo de prescripci\u00f3n universal. Var\u00eda seg\u00fan el lugar donde vivas y el tipo de lesi\u00f3n que sufras. En Florida, las demandas por lesiones personales contra la otra parte responsable del accidente deben presentarse en el plazo de cuatro a\u00f1os desde la fecha de la lesi\u00f3n. Los particulares disponen de cuatro a\u00f1os a partir de la fecha de la lesi\u00f3n para presentar reclamaciones contra su propia compa\u00f1\u00eda de seguros. Ponte en contacto con un abogado de accidentes de tr\u00e1fico de Melbourne para obtener m\u00e1s informaci\u00f3n.    <\/p>\n<h2>Contacta hoy con un abogado de accidentes de tr\u00e1fico en Melbourne<\/h2>\n<p>Si necesitas ayuda tras haberte visto implicado en un accidente de tr\u00e1fico, ponte en contacto con <a href=\"https:\/\/miamilawyers360.com\/\">la Coalici\u00f3n de Abogados de Indemnizaci\u00f3n Laboral de Fort Lauderdale<\/a> en  <a href=\"tel:+17866862857\"><i class=\"fa fa-phone-alt\"><\/i>(786) 686-2857<\/a>  hoy mismo para una consulta gratuita. Pronto tendr\u00e1s que tomar muchas decisiones cruciales. Nuestros abogados de accidentes de tr\u00e1fico de Melbourne est\u00e1n aqu\u00ed para ayudarte.  <\/p>\n","protected":false},"excerpt":{"rendered":"<p>Es posible que pienses que no necesitas un abogado de accidentes de coche en Melbourne o un abogado de lesiones personales si te has visto implicado en un accidente de coche o en los alrededores de Melbourne, Florida. Tal vez te sientas confiado en tu capacidad para llevar el caso por ti mismo. Aunque es [&hellip;]<\/p>\n","protected":false},"author":22,"featured_media":0,"parent":4602,"menu_order":0,"comment_status":"closed","ping_status":"closed","template":"","meta":{"_acf_changed":false,"anchor_text":"","footnotes":""},"class_list":["post-5818","page","type-page","status-publish","hentry"],"acf":[],"_links":{"self":[{"href":"https:\/\/miamilawyers360.com\/es\/wp-json\/wp\/v2\/pages\/5818","targetHints":{"allow":["GET"]}}],"collection":[{"href":"https:\/\/miamilawyers360.com\/es\/wp-json\/wp\/v2\/pages"}],"about":[{"href":"https:\/\/miamilawyers360.com\/es\/wp-json\/wp\/v2\/types\/page"}],"author":[{"embeddable":true,"href":"https:\/\/miamilawyers360.com\/es\/wp-json\/wp\/v2\/users\/22"}],"replies":[{"embeddable":true,"href":"https:\/\/miamilawyers360.com\/es\/wp-json\/wp\/v2\/comments?post=5818"}],"version-history":[{"count":0,"href":"https:\/\/miamilawyers360.com\/es\/wp-json\/wp\/v2\/pages\/5818\/revisions"}],"up":[{"embeddable":true,"href":"https:\/\/miamilawyers360.com\/es\/wp-json\/wp\/v2\/pages\/4602"}],"wp:attachment":[{"href":"https:\/\/miamilawyers360.com\/es\/wp-json\/wp\/v2\/media?parent=5818"}],"curies":[{"name":"wp","href":"https:\/\/api.w.org\/{rel}","templated":true}]}}