{"id":5820,"date":"2021-11-11T19:45:20","date_gmt":"2021-11-12T00:45:20","guid":{"rendered":"https:\/\/miamilawyers360.com\/melbourne\/abogado-de-lesiones-personales-en-melbourne\/"},"modified":"2021-11-11T19:45:20","modified_gmt":"2021-11-12T00:45:20","slug":"abogado-de-lesiones-personales-en-melbourne","status":"publish","type":"page","link":"https:\/\/miamilawyers360.com\/es\/melbourne\/abogado-de-lesiones-personales-en-melbourne\/","title":{"rendered":"Abogado de lesiones personales en Melbourne"},"content":{"rendered":"<p>Nuestros abogados de lesiones personales <a href=\"https:\/\/miamilawyers360.com\/es\/melbourne\/\">de Melbourne<\/a> ayudan a las v\u00edctimas a presentar una demanda para obtener una indemnizaci\u00f3n en caso de lesi\u00f3n o accidente causado por la negligencia de otra persona. Los casos pueden presentarse ante los tribunales civiles o extrajudicialmente, seg\u00fan los t\u00e9rminos de un acuerdo negociado. Los casos de lesiones personales pueden ir tan lejos como formas haya de que un individuo resulte lesionado. Ejemplos de casos de lesiones personales son las demandas por accidente\/lesi\u00f3n de autom\u00f3vil, las demandas por negligencia m\u00e9dica, las demandas por responsabilidad de las instalaciones (como resbalones y ca\u00eddas), los casos de responsabilidad por productos defectuosos y los casos de lesiones en el lugar de trabajo.   <\/p>\n<p>En Miami Lawyers 360, nuestro equipo est\u00e1 capacitado para tratar casos de lesiones personales y de indemnizaci\u00f3n por accidente laboral. Para obtener una consulta sin coste, ponte en contacto con nuestro bufete de abogados de lesiones personales de Melbourne en caso de que hayas resultado herido por la negligencia de un individuo. <\/p>\n<h2>\u00bfCu\u00e1ndo debes ponerte en contacto con un abogado de lesiones personales en Melbourne?<\/h2>\n<p>La respuesta corta es lo antes posible. Es crucial que, si has resultado herido en un caso de lesiones personales en Melbourne, act\u00faes con rapidez. Hay muchas razones para ello. En primer lugar, cuanto antes hables con un abogado experto en lesiones personales, antes empezar\u00e1 a reunir todos los detalles necesarios para presentar una demanda.   <\/p>\n<p>Lleva tiempo recopilar historiales m\u00e9dicos, obtener declaraciones de testigos y llevar a cabo una investigaci\u00f3n sobre las causas del accidente. El abogado que contrates tendr\u00e1 que dedicar m\u00e1s tiempo. Adem\u00e1s, es importante actuar con rapidez, ya que las pruebas pueden desaparecer f\u00e1cilmente. Cuanto antes pueda empezar a investigar tu abogado, mayores ser\u00e1n las probabilidades de que haya testigos, im\u00e1genes o v\u00eddeos en circulaci\u00f3n y puedan salvarse. Es menos probable cuanto m\u00e1s esperes.    <\/p>\n<p>La prescripci\u00f3n es algo que no debe preocuparte si no tienes intenci\u00f3n de actuar con la suficiente rapidez. Tu abogado estar\u00e1 en condiciones de supervisar tu caso y los plazos. Tambi\u00e9n se asegurar\u00e1 de que los plazos se cumplan con tiempo suficiente. Se convierte en un peso menos sobre tus hombros.   <\/p>\n<p><img fetchpriority=\"high\" decoding=\"async\" class=\"alignnone size-full wp-image-2199\" src=\"https:\/\/miamilawyers360.com\/wp-content\/uploads\/2021\/11\/melbourne-personal-injury-lawyer.jpg\" alt=\"Abogado de lesiones personales en Melbourne\" width=\"500\" height=\"334\"><\/p>\n<h2>\u00bfCu\u00e1l es la responsabilidad en un caso de lesiones personales?<\/h2>\n<p>Para responsabilizar a la parte responsable y recibir una indemnizaci\u00f3n en caso de lesi\u00f3n, tu abogado de lesiones personales de Melbourne debe demostrar los <a href=\"https:\/\/www.law.cornell.edu\/wex\/negligence\" target=\"_blank\" rel=\"noopener\">cuatro elementos de la negligencia<\/a>: <\/p>\n<ul>\n<li>La obligaci\u00f3n de cuidado: La persona culpable era responsable de protegerte. Por ejemplo, los conductores tienen la obligaci\u00f3n de obedecer las leyes de tr\u00e1fico. <\/li>\n<li>Infracci\u00f3n del deber: La persona responsable no cumpli\u00f3 su obligaci\u00f3n de diligencia.<\/li>\n<li>Causa: Tu lesi\u00f3n fue causada por tu comportamiento descuidado.<\/li>\n<li>Da\u00f1os y perjuicios: Sufriste da\u00f1os como p\u00e9rdidas econ\u00f3micas y sufrimiento.<\/li>\n<\/ul>\n<h2>\u00bfTengo derecho a presentar una demanda aunque sea culpable, al menos parcialmente, de mi accidente?<\/h2>\n<p>Los casos de lesiones personales pueden ser complicados. En algunos casos, se da una situaci\u00f3n en la que una de las partes es 100% responsable y la otra es 100% responsable. Pero no siempre es as\u00ed.  <\/p>\n<p>Esto puede acarrear graves problemas a las personas que sufren lesiones personales en algunos estados. Pueden perder sus reclamaciones de indemnizaci\u00f3n. Por ejemplo, en un lugar como Carolina del Norte, si se considera que un demandante s\u00f3lo es responsable en un 1% del accidente que caus\u00f3 sus lesiones, toda su demanda ser\u00e1 desestimada extrajudicialmente.  <\/p>\n<p>Florida es un estado distinto. Florida es uno de los 13 estados que tienen un sistema que se basa en el concepto de negligencia comparativa. Esto significa que un individuo puede reclamar contra alguien que no sea la persona culpable, aunque la otra parte sea parcialmente responsable de causar el incidente.  <\/p>\n<p>Una buena ilustraci\u00f3n es el caso de un accidente de coche causado por un conductor imprudente y r\u00e1pido, pero se descubri\u00f3 que la v\u00edctima giraba hacia el conductor sin intermitente operativo. En este supuesto, el jurado podr\u00eda decidir que la v\u00edctima era responsable del 10% de los da\u00f1os. de la culpa del accidente, asignando al otro conductor el 90% de la responsabilidad. Si el jurado determina que el caso tiene un valor de 100.000 d\u00f3lares, el demandante podr\u00eda recibir 90.000 d\u00f3lares. Sin embargo, la cantidad que reciba se reducir\u00e1 en funci\u00f3n de la cuant\u00eda de los da\u00f1os concedidos.    <\/p>\n<h3>Negligencia Comparativa Pura<\/h3>\n<p>Florida permite a quienes tienen parte de culpa en las lesiones reclamar da\u00f1os y perjuicios al Estado. Sin embargo, el estado va un paso m\u00e1s all\u00e1 al permitir que alguien demande aunque sea m\u00e1s responsable que otro. Florida es una ley pura de negligencia comparativa que permite a las personas reclamar da\u00f1os y perjuicios aunque sean responsables en un 99%.  <\/p>\n<p>Ten en cuenta que la cantidad que la v\u00edctima puede recibir en estos casos depende de su grado de culpa. Por esta raz\u00f3n, lo mejor es trabajar con un abogado experto en lesiones personales que conozca la mejor forma de llevar tu caso. <\/p>\n<h2>\u00bfCu\u00e1nto valdr\u00e1 mi reclamaci\u00f3n por da\u00f1os personales?<\/h2>\n<p>Aunque es una pregunta frecuente, no puede responderse sin conocer los detalles de tu situaci\u00f3n. Es imposible saber cu\u00e1nto vale una reclamaci\u00f3n individual por lesiones. Diversos factores afectan a la cantidad que puedes recibir La mejor opci\u00f3n es que un abogado experto en lesiones personales eval\u00fae los detalles de tu caso.  <\/p>\n<h2>\u00bfQu\u00e9 da\u00f1os y perjuicios puedo reclamar en una demanda por lesiones personales?<\/h2>\n<p>Hay tres tipos de da\u00f1os y perjuicios que podr\u00edan concederse a las v\u00edctimas en funci\u00f3n de la situaci\u00f3n.<\/p>\n<h3>Da\u00f1os econ\u00f3micos<\/h3>\n<p>Los da\u00f1os econ\u00f3micos son cosas tangibles que puedes sumar y restar, gastos claros que dejan mucho margen para discutir. Ejemplos de este tipo de da\u00f1os son las facturas del hospital y del m\u00e9dico, los gastos de rehabilitaci\u00f3n, los da\u00f1os materiales y las bajas laborales, etc. <\/p>\n<h3>P\u00e9rdidas no econ\u00f3micas<\/h3>\n<p>Los da\u00f1os no econ\u00f3micos, en cambio, no pueden calcularse econ\u00f3micamente. Incluyen cosas como el dolor y la disminuci\u00f3n de la capacidad de ganancia. Pueden ser dif\u00edciles de cuantificar, por lo que es habitual que las partes en el caso de lesiones personales impugnen estos aspectos.  <\/p>\n<h3>Da\u00f1os punitivos<\/h3>\n<p>Sin embargo, a diferencia de los otros dos tipos de da\u00f1os, los da\u00f1os punitivos no est\u00e1n pensados para pagar a la v\u00edctima. S\u00f3lo se utilizan en determinadas situaciones para penalizar a la parte responsable por incompetencia grave o mala conducta deliberada. <\/p>\n<h2>\u00bfQuieres aceptar la oferta de acuerdo inicial?<\/h2>\n<p>Muchas reclamaciones no llegan a un juez. Los abogados de lesiones personales de Melbourne tienen experiencia en trabajar con compa\u00f1\u00edas de seguros para negociar acuerdos aceptables. Esto te ahorrar\u00e1 tiempo y dinero.  <\/p>\n<p>Aunque cada caso es \u00fanico, casi siempre es una decisi\u00f3n imprudente aceptar la primera oferta de acuerdo de alguien. Las ofertas de conciliaci\u00f3n suelen prepararse sabiendo que la parte contraria no las aceptar\u00e1 y suelen ser bajas. Hay margen de negociaci\u00f3n para aumentarlas. Otro inconveniente de aceptar una oferta demasiado pronto es que podr\u00edas resolver un litigio antes de conocer el alcance de tus lesiones. Esto puede dar lugar a lesiones graves cuando resuelves un caso y m\u00e1s tarde descubres que necesitas tratamiento m\u00e9dico.    <\/p>\n<p>Si el acuerdo ya se ha alcanzado, no puede revisarse para acomodar estos nuevos gastos, y te quedas solo pagando los gastos. Por eso es esencial que contrates a un abogado experto en lesiones personales de Florida para que eval\u00fae tu caso, as\u00ed como cualquier oferta de acuerdo. Nuestros abogados de lesiones personales de Melbourne tendr\u00e1n la experiencia y los conocimientos necesarios para juzgar si la oferta de acuerdo es razonable y ayudarte a tomar una decisi\u00f3n informada sobre si aceptarla es lo m\u00e1s sensato para ti.  <\/p>\n<h2>\u00bfCu\u00e1ndo es el \u00faltimo d\u00eda para presentar una demanda por da\u00f1os personales en Florida?<\/h2>\n<p>Es crucial presentar a tiempo una demanda por lesiones personales en Florida. Dado que la ley de prescripci\u00f3n permite a los demandantes disponer de cierto tiempo para interponer demandas, esto es crucial. Las v\u00edctimas de lesiones personales en Florida tienen cuatro a\u00f1os para iniciar una demanda contra la parte responsable. Esto puede cambiar seg\u00fan las circunstancias y el tipo de lesi\u00f3n. En los casos de homicidio culposo en los que est\u00e1n implicados los familiares de la v\u00edctima se conceden dos a\u00f1os para presentar una demanda. Haz clic aqu\u00ed para obtener m\u00e1s detalles sobre el plazo de prescripci\u00f3n.     <\/p>\n<h2>\u00bfQu\u00e9 ocurrir\u00e1 si prescribe el delito?<\/h2>\n<p>Los plazos de prescripci\u00f3n son esenciales y existen por una raz\u00f3n, para garantizar que las personas no puedan presentar reclamaciones durante a\u00f1os o incluso d\u00e9cadas despu\u00e9s del incidente que caus\u00f3 la prescripci\u00f3n. La reclamaci\u00f3n que presentes prescribir\u00e1 si esperas a que haya transcurrido el plazo de prescripci\u00f3n. El lado positivo es que la prescripci\u00f3n s\u00f3lo exigir\u00e1 que se presente la reclamaci\u00f3n, no que se complete dentro del plazo.  <\/p>\n<h3>Contacta con nuestros abogados de lesiones personales de Melbourne<\/h3>\n<p>Si has sufrido lesiones por la negligencia de las acciones imprudentes de otro, nuestro equipo de <a href=\"\/\">Miami Lawyers 360<\/a> est\u00e1 aqu\u00ed para ayudarte. Nos dedicamos a ofrecer resultados excepcionales, atenci\u00f3n personal e integridad inequ\u00edvoca. Estamos disponibles en cualquier momento. Ponte en contacto con nosotros para una revisi\u00f3n gratuita de tu caso.   <\/p>\n","protected":false},"excerpt":{"rendered":"<p>Nuestros abogados de lesiones personales de Melbourne ayudan a las v\u00edctimas a presentar una demanda para obtener una indemnizaci\u00f3n en caso de lesi\u00f3n o accidente causado por la negligencia de otra persona. Los casos pueden presentarse ante los tribunales civiles o extrajudicialmente, seg\u00fan los t\u00e9rminos de un acuerdo negociado. Los casos de lesiones personales pueden [&hellip;]<\/p>\n","protected":false},"author":22,"featured_media":0,"parent":4602,"menu_order":0,"comment_status":"closed","ping_status":"closed","template":"","meta":{"_acf_changed":false,"anchor_text":"","footnotes":""},"class_list":["post-5820","page","type-page","status-publish","hentry"],"acf":[],"_links":{"self":[{"href":"https:\/\/miamilawyers360.com\/es\/wp-json\/wp\/v2\/pages\/5820","targetHints":{"allow":["GET"]}}],"collection":[{"href":"https:\/\/miamilawyers360.com\/es\/wp-json\/wp\/v2\/pages"}],"about":[{"href":"https:\/\/miamilawyers360.com\/es\/wp-json\/wp\/v2\/types\/page"}],"author":[{"embeddable":true,"href":"https:\/\/miamilawyers360.com\/es\/wp-json\/wp\/v2\/users\/22"}],"replies":[{"embeddable":true,"href":"https:\/\/miamilawyers360.com\/es\/wp-json\/wp\/v2\/comments?post=5820"}],"version-history":[{"count":0,"href":"https:\/\/miamilawyers360.com\/es\/wp-json\/wp\/v2\/pages\/5820\/revisions"}],"up":[{"embeddable":true,"href":"https:\/\/miamilawyers360.com\/es\/wp-json\/wp\/v2\/pages\/4602"}],"wp:attachment":[{"href":"https:\/\/miamilawyers360.com\/es\/wp-json\/wp\/v2\/media?parent=5820"}],"curies":[{"name":"wp","href":"https:\/\/api.w.org\/{rel}","templated":true}]}}