{"id":5822,"date":"2021-11-11T16:19:49","date_gmt":"2021-11-11T21:19:49","guid":{"rendered":"https:\/\/miamilawyers360.com\/melbourne\/abogado-de-indemnizacion-por-accidente-laboral-en-melbourne\/"},"modified":"2021-11-11T16:19:49","modified_gmt":"2021-11-11T21:19:49","slug":"abogado-de-indemnizacion-por-accidente-laboral-en-melbourne","status":"publish","type":"page","link":"https:\/\/miamilawyers360.com\/es\/melbourne\/abogado-de-indemnizacion-por-accidente-laboral-en-melbourne\/","title":{"rendered":"Abogado de indemnizaci\u00f3n por accidente laboral en Melbourne"},"content":{"rendered":"<p>Un abogado de indemnizaci\u00f3n por accidente laboral de Melbourne puede ayudarte a trav\u00e9s del sistema legal. El sistema se dise\u00f1\u00f3 para proteger a los trabajadores que han sufrido lesiones en el trabajo. Pueden acceder a las prestaciones todos los trabajadores lesionados de Florida, independientemente de la culpa. Esto significa que un empleado puede recibir las prestaciones de la compensaci\u00f3n de los trabajadores independientemente de si fue el causante del accidente que provoc\u00f3 sus lesiones.   <\/p>\n<p>Un <a href=\"https:\/\/miamilawyers360.com\/melbourne\/personal-injury-lawyer\/\">abogado de lesiones personales de Melbourne<\/a> puede ayudarte si te has lesionado en el trabajo. Un abogado especializado en indemnizaci\u00f3n por accidente laboral que conozca las normas de la Junta puede ofrecerte una consulta inicial gratuita. <\/p>\n<h2>\u00bfEst\u00e1s cubierto por el seguro de accidentes de trabajo?<\/h2>\n<p>A los trabajadores puede preocuparles que no ofrezcan <a href=\"https:\/\/www.myfloridacfo.com\/division\/wc\/employee\/\" target=\"_blank\" rel=\"noopener\">cobertura de indemnizaci\u00f3n<\/a> laboral, lo que les deja expuestos en caso de accidente catastr\u00f3fico. Hay un pu\u00f1ado de excepciones, pero la mayor\u00eda de las empresas de Florida est\u00e1n cubiertas por el sistema de indemnizaci\u00f3n por accidente laboral. <\/p>\n<p>La ley dice que si tu empresa se dedica a cualquier otro sector que no sea el de la construcci\u00f3n y tiene al menos cuatro empleados, a tiempo completo o a tiempo parcial, debe tener cobertura de indemnizaci\u00f3n por accidente laboral. Los empresarios del sector de la construcci\u00f3n necesitan un seguro de indemnizaci\u00f3n por accidente laboral. Un abogado de indemnizaci\u00f3n por accidente laboral de Melbourne puede darte m\u00e1s informaci\u00f3n.  <\/p>\n<h2>\u00bfQu\u00e9 debes hacer si te lesionas en el trabajo?<\/h2>\n<p>Hay algunas cosas que debes tener en cuenta cuando te has lesionado en un accidente laboral. Antes de llamar a un abogado de indemnizaci\u00f3n por accidente laboral, aseg\u00farate de informar inmediatamente a tu empresa. Esto significa informar inmediatamente a tu supervisor, o a cualquier otra autoridad de la oficina.  <\/p>\n<p>Puedes informar a tu empresario en persona, por tel\u00e9fono o por escrito. Cuando informes a tu empresario, p\u00eddele que rellene r\u00e1pidamente una notificaci\u00f3n de lesi\u00f3n para asegurarte de que la reclamaci\u00f3n llega a la compa\u00f1\u00eda de seguros de tu empresa. <\/p>\n<p>Si has sufrido una lesi\u00f3n, tambi\u00e9n debes buscar atenci\u00f3n m\u00e9dica. Si tu empresa tiene un m\u00e9dico en plantilla, acude a \u00e9l. Si no, acude a tu propio m\u00e9dico. Debes recibir atenci\u00f3n m\u00e9dica lo antes posible para asegurarte de que tus lesiones quedan registradas y no ser\u00e1n impugnadas en el futuro.   <\/p>\n<p>Y despu\u00e9s de haber notificado tu lesi\u00f3n a tu empresario y haber obtenido atenci\u00f3n m\u00e9dica, debes ponerte en contacto con un abogado especializado en lesiones personales que est\u00e9 familiarizado con la competencia laboral en Florida para que te asesore.<\/p>\n<h2>\u00bfCu\u00e1l es el momento m\u00e1s adecuado para denunciar un accidente laboral?<\/h2>\n<p>Quien se lesione en el trabajo debe notificar el accidente lo antes posible. Sin embargo, no deben transcurrir m\u00e1s de 30 d\u00edas naturales desde el incidente. Tu reclamaci\u00f3n puede ser denegada si no notificas tu lesi\u00f3n en el plazo especificado.  <\/p>\n<h2>\u00bfQu\u00e9 pasa si tu empresario se niega a hacer un parte de lesiones?<\/h2>\n<p>Adem\u00e1s de comunicar el siniestro a tu empresario, \u00e9ste tambi\u00e9n tiene sus propias obligaciones. Para asegurarse de que tu reclamaci\u00f3n se tramita r\u00e1pidamente y recibes tus prestaciones lo antes posible, tu empresario debe notificarlo r\u00e1pidamente a su compa\u00f1\u00eda de seguros. Si tu empresario se niega a notificar el siniestro y t\u00fa no puedes hacerlo, debes ponerte en contacto con la compa\u00f1\u00eda de seguros para notificar el siniestro t\u00fa mismo.  <\/p>\n<p>La informaci\u00f3n sobre la compa\u00f1\u00eda de seguros de indemnizaci\u00f3n por accidente laboral debe estar expuesta en alg\u00fan lugar de la oficina, con los datos de contacto de la compa\u00f1\u00eda de seguros. Si no es as\u00ed, ponte en contacto con la Oficina de Asistencia al Empleado y Defensor del Pueblo de la Divisi\u00f3n de Indemnizaci\u00f3n por Accidentes de Trabajo de Florida, para que te ayuden a localizar esta informaci\u00f3n. Alternativamente, adem\u00e1s, llama a un abogado local de indemnizaci\u00f3n por accidente laboral de Melbourne para que te ayude.  <\/p>\n<h2>\u00bfEs lo mismo una reclamaci\u00f3n de indemnizaci\u00f3n por accidente laboral que una demanda judicial?<\/h2>\n<p>A quienes no hayan tratado antes con reclamaciones de indemnizaci\u00f3n por accidente laboral puede resultarles dif\u00edcil de entender. Aunque pueda parecer que la reclamaci\u00f3n de indemnizaci\u00f3n por accidente laboral es similar a una demanda presentada contra un empresario, la verdad es completamente distinta. Una reclamaci\u00f3n de indemnizaci\u00f3n por accidente laboral no es una demanda presentada contra tu empresario, sino una reclamaci\u00f3n contra la p\u00f3liza de seguro que \u00e9ste contrat\u00f3.  <\/p>\n<p>Para saber m\u00e1s sobre la ley de indemnizaci\u00f3n por accidente de trabajo, un abogado acreditado especializado en indemnizaci\u00f3n por accidente de trabajo puede proporcionarte una buena perspectiva.<\/p>\n<h2>\u00bfPuedo demandar en lugar de presentar una reclamaci\u00f3n de indemnizaci\u00f3n por accidente laboral?<\/h2>\n<p>\u00bfPuedes demandar a tu empresario o a un compa\u00f1ero de trabajo, en vez de presentar una demanda de indemnizaci\u00f3n por accidente laboral? Lamentablemente, no. La indemnizaci\u00f3n por accidente laboral en Florida, as\u00ed como en otros estados, suele denominarse recurso exclusivo. Esto significa que un empleado no puede presentar una demanda individual por lesiones contra su empresario, ni siquiera cuando no se presenta una demanda de indemnizaci\u00f3n por accidente laboral.   <\/p>\n<p>Las \u00fanicas excepciones son las demandas por lesiones en el lugar de trabajo en las que est\u00e9 implicada una parte externa, que a\u00fan pueden presentarse ante el tribunal. Por ejemplo, si un empleado de otra empresa entrara en tu empresa y te lesionara y t\u00fa resultaras herido, podr\u00edas presentar una demanda ante un tribunal civil contra el individuo, pero no contra tu empresa. <\/p>\n<p><a href=\"https:\/\/miamilawyers360.com\/wp-content\/uploads\/2021\/11\/Melbourne-workers-compensation-lawyer.jpg\"><img fetchpriority=\"high\" decoding=\"async\" class=\"alignnone size-full wp-image-2183\" src=\"https:\/\/miamilawyers360.com\/wp-content\/uploads\/2021\/11\/Melbourne-workers-compensation-lawyer.jpg\" alt=\"Abogado de indemnizaci\u00f3n por accidente laboral en Melbourne\" width=\"500\" height=\"333\"><\/a><\/p>\n<h2>\u00bfInfluye la culpa en una reclamaci\u00f3n de indemnizaci\u00f3n por accidente laboral?<\/h2>\n<p>A diferencia de otros casos de lesiones personales y otros asuntos de lesiones personales, el sistema de indemnizaci\u00f3n de los trabajadores es \u00fanico en el sentido de que funciona sin culpa. Eso significa que las prestaciones de indemnizaci\u00f3n por accidente laboral se pagan independientemente de la negligencia del trabajador o del incidente concreto que caus\u00f3 la lesi\u00f3n. Es una buena opci\u00f3n para los trabajadores, ya que elimina la necesidad de atribuir la culpa a tu empresario o compa\u00f1eros de trabajo y agiliza las cosas porque no es necesario investigar qu\u00e9 caus\u00f3 el accidente.  <\/p>\n<p>Esto tambi\u00e9n es bueno para los empleados, que no se preocupan de tener que pagar costosas facturas m\u00e9dicas si son culpables del accidente. La responsabilidad del trabajador s\u00f3lo es relevante si la lesi\u00f3n fue consecuencia de una intoxicaci\u00f3n o de una intenci\u00f3n deliberada de hacerle da\u00f1o. En estos casos, la reclamaci\u00f3n de indemnizaci\u00f3n por accidente laboral puede ser rechazada. Si se deniega la reclamaci\u00f3n, aunque la persona acusada del delito sea inocente, debes ponerte en contacto inmediatamente con un abogado de indemnizaci\u00f3n por accidente laboral de Melbourne, Florida.   <\/p>\n<h2>\u00bfQu\u00e9 prestaciones de indemnizaci\u00f3n por accidente laboral hay en Melbourne, FL?<\/h2>\n<p>Los empresarios est\u00e1n obligados a cubrir los gastos m\u00e9dicos derivados de un accidente laboral. Adem\u00e1s, los trabajadores pueden recibir una indemnizaci\u00f3n por el tiempo de baja laboral debido a estas lesiones. Se paga a raz\u00f3n de 2\/3 de tu salario semanal medio anterior a la lesi\u00f3n.  <\/p>\n<p>Otra cosa buena es que las prestaciones por accidente laboral no est\u00e1n sujetas a impuestos, lo que significa que una mayor parte de lo que ganas se queda en tu bolsillo. De todo esto se puede encargar un abogado. Un buen abogado de indemnizaci\u00f3n por accidente laboral debe conocer todos los aspectos del seguro de indemnizaci\u00f3n.  <\/p>\n<h2>\u00bfDurante cu\u00e1nto tiempo recibir\u00e1s prestaciones por accidente laboral?<\/h2>\n<p>En Florida, los trabajadores pueden seguir percibiendo prestaciones por p\u00e9rdida de salario, independientemente de que est\u00e9n en situaci\u00f3n de no trabajar o tengan establecidas restricciones de trabajo ligero sin que su empresa les ofrezca alternativas de trabajo ligero. En ese caso, pueden recibir un m\u00e1ximo de 104 semanas de prestaciones. <\/p>\n<h2>\u00bfQu\u00e9 ocurre si sigues lesionado despu\u00e9s de 104 semanas?<\/h2>\n<p>Es maravilloso saber que quienes sufren lesiones tienen derecho a percibir 2 a\u00f1os de prestaciones. \u00bfQu\u00e9 ocurre, sin embargo, si sufres lesiones graves y no puedes recuperarte en 2 a\u00f1os? Si esto ocurre, es posible que puedas percibir prestaciones por incapacidad permanente. Estas prestaciones por incapacidad permanente total pueden solicitarse hasta el momento en que la persona cumpla 75 a\u00f1os si las lesiones son lo suficientemente graves.   <\/p>\n<h2>\u00bfPuedes elegir tu propio m\u00e9dico?<\/h2>\n<p>Aunque hay excepciones a este principio general, los casos de indemnizaci\u00f3n por accidente laboral no suelen permitir a los trabajadores elegir a su propio m\u00e9dico. El motivo es que la mayor\u00eda de los casos los resuelve la compa\u00f1\u00eda de seguros. Sin embargo, un trabajador lesionado tiene derecho a presentar una \u00fanica solicitud de cambio de m\u00e9dico.  <\/p>\n<p>Si la compa\u00f1\u00eda de seguros no selecciona otro m\u00e9dico para que te vea en el plazo de cinco d\u00edas desde tu solicitud, tienes derecho a ver al m\u00e9dico que t\u00fa elijas. Para saber m\u00e1s sobre tus opciones, ponte en contacto con un abogado de indemnizaci\u00f3n por accidente laboral de Melbourne. <\/p>\n<h2>\u00bfCu\u00e1l es el plazo para presentar una demanda de indemnizaci\u00f3n por accidente laboral en Florida?<\/h2>\n<p>El plazo m\u00e1ximo para presentar una solicitud de prestaciones es t\u00e9cnicamente de dos a\u00f1os. Pero esto depende de las circunstancias espec\u00edficas de tu caso. Adem\u00e1s, aunque un trabajador disponga de dos a\u00f1os antes de presentar una reclamaci\u00f3n, lo cierto es que el retraso en denunciar el incidente a tu empresario, o en buscar atenci\u00f3n m\u00e9dica, puede dificultar gravemente o reducir tus posibilidades de presentar con \u00e9xito una reclamaci\u00f3n de indemnizaci\u00f3n por accidente laboral para reclamar prestaciones.  <\/p>\n<p>Por lo tanto, es imprescindible ponerse r\u00e1pidamente en contacto con un abogado cualificado de indemnizaci\u00f3n por accidente laboral de Melbourne para iniciar el proceso de reclamaci\u00f3n. Para m\u00e1s detalles, haz clic aqu\u00ed. sobre la prescripci\u00f3n en Florida de las reclamaciones de indemnizaci\u00f3n por accidente laboral.  <\/p>\n<h2>\u00bfLas demandas de indemnizaci\u00f3n por accidente laboral pueden provocar tu despido?<\/h2>\n<p>A los trabajadores lesionados suele preocuparles la posibilidad de que su empresario les despida cuando presentan una demanda de indemnizaci\u00f3n por accidente laboral. Es bueno que no haya motivo para preocuparse por la posibilidad de que te despidan por presentar una demanda de indemnizaci\u00f3n por accidente laboral. Si esto te preocupa, entonces el abogado de accidentes laborales o el empresario deben estar informados sobre la forma en que debe utilizarse el seguro de accidentes laborales.  <\/p>\n<p>Los empresarios de Florida no pueden despedir a empleados que hayan presentado demandas de indemnizaci\u00f3n por accidente laboral ante un abogado. Los empresarios podr\u00edan enfrentarse a una grave responsabilidad civil si despiden a alguien \u00fanicamente para presentar una demanda de indemnizaci\u00f3n por accidente laboral. Si esto ocurre, el empleado podr\u00eda demandar a su empleador por despido improcedente y posiblemente cobrar da\u00f1os y perjuicios como consecuencia de la demanda.  <\/p>\n<h2>Llama a nuestros abogados de indemnizaci\u00f3n por accidente laboral de Melbourne<\/h2>\n<p>Si has sufrido una lesi\u00f3n en el trabajo en Melbourne, despu\u00e9s de avisar al empresario y buscar atenci\u00f3n m\u00e9dica, ponte en contacto con un abogado de indemnizaci\u00f3n por accidente laboral de Melbourne para que te asesore sin coste alguno sobre el siguiente paso a dar para ayudarte con tu baja laboral. Llama a <a href=\"https:\/\/miamilawyers360.com\/\">la Coalici\u00f3n de Abogados de Indemnizaci\u00f3n Laboral de Fort Lauderdale<\/a> a <a href=\"tel:+17866862857\"><i class=\"fa fa-phone-alt\"><\/i>(786) 686-2857<\/a> para una revisi\u00f3n gratuita de tu caso. <\/p>\n","protected":false},"excerpt":{"rendered":"<p>Un abogado de indemnizaci\u00f3n por accidente laboral de Melbourne puede ayudarte a trav\u00e9s del sistema legal. El sistema se dise\u00f1\u00f3 para proteger a los trabajadores que han sufrido lesiones en el trabajo. Pueden acceder a las prestaciones todos los trabajadores lesionados de Florida, independientemente de la culpa. Esto significa que un empleado puede recibir las [&hellip;]<\/p>\n","protected":false},"author":22,"featured_media":0,"parent":4602,"menu_order":0,"comment_status":"closed","ping_status":"closed","template":"","meta":{"_acf_changed":false,"anchor_text":"","footnotes":""},"class_list":["post-5822","page","type-page","status-publish","hentry"],"acf":[],"_links":{"self":[{"href":"https:\/\/miamilawyers360.com\/es\/wp-json\/wp\/v2\/pages\/5822","targetHints":{"allow":["GET"]}}],"collection":[{"href":"https:\/\/miamilawyers360.com\/es\/wp-json\/wp\/v2\/pages"}],"about":[{"href":"https:\/\/miamilawyers360.com\/es\/wp-json\/wp\/v2\/types\/page"}],"author":[{"embeddable":true,"href":"https:\/\/miamilawyers360.com\/es\/wp-json\/wp\/v2\/users\/22"}],"replies":[{"embeddable":true,"href":"https:\/\/miamilawyers360.com\/es\/wp-json\/wp\/v2\/comments?post=5822"}],"version-history":[{"count":0,"href":"https:\/\/miamilawyers360.com\/es\/wp-json\/wp\/v2\/pages\/5822\/revisions"}],"up":[{"embeddable":true,"href":"https:\/\/miamilawyers360.com\/es\/wp-json\/wp\/v2\/pages\/4602"}],"wp:attachment":[{"href":"https:\/\/miamilawyers360.com\/es\/wp-json\/wp\/v2\/media?parent=5822"}],"curies":[{"name":"wp","href":"https:\/\/api.w.org\/{rel}","templated":true}]}}