{"id":5828,"date":"2021-11-11T16:50:38","date_gmt":"2021-11-11T21:50:38","guid":{"rendered":"https:\/\/miamilawyers360.com\/sunrise\/abogado-de-accidentes-de-coche-en-sunrise\/"},"modified":"2021-11-11T16:50:38","modified_gmt":"2021-11-11T21:50:38","slug":"abogado-de-accidentes-de-coche-en-sunrise","status":"publish","type":"page","link":"https:\/\/miamilawyers360.com\/es\/sunrise\/abogado-de-accidentes-de-coche-en-sunrise\/","title":{"rendered":"Abogado de accidentes de coche en Sunrise"},"content":{"rendered":"<p>Si has tenido un accidente de coche o has sufrido lesiones personales en el transcurso del mismo, puede que no seas consciente de la necesidad de contar con un abogado de accidentes de coche en Sunrise. Puede que pienses que est\u00e1s en condiciones de gestionar la situaci\u00f3n por ti mismo. Sin duda es posible, pero tener a un buen abogado de accidentes de coche en Sunrise luchando a tu lado tiene algunas ventajas.  <\/p>\n<p>Por un lado, un abogado de accidentes de tr\u00e1fico de Sunrise, Florida, est\u00e1 bien versado en. Gracias a a\u00f1os de formaci\u00f3n, los abogados pueden aplicar sus conocimientos en situaciones de la vida real, que a menudo implican cientos o incluso miles de casos similares al suyo. Este tipo de experiencia es dif\u00edcil de reproducir para un novato y proporciona enormes ventajas. Son capaces de comprender los entresijos de un proceso complejo que gestionan los abogados especializados en lesiones personales.   <\/p>\n<p>Contratar a un bufete acreditado de lesiones personales y hablar con un buen abogado de accidentes de coche en Sunrise puede ser una enorme ventaja. Sin embargo, es esencial encontrar a un profesional experimentado que te quite parte de la carga de los hombros. Un abogado de accidentes de coche que lo haya experimentado antes podr\u00e1 ayudarte en tu caso sin tener que hacer todas las tareas de recordar plazos, presentar papeles, responder a solicitudes y, quiz\u00e1 lo m\u00e1s importante, tratar con compa\u00f1\u00edas de seguros y peritos.  <\/p>\n<p>Un abogado de lesiones personales de Sunrise te ayudar\u00e1 a organizar todos los componentes del proceso de reclamaci\u00f3n. Esto te permitir\u00e1 concentrarte en curarte de la lesi\u00f3n y seguir viviendo tu vida. <\/p>\n<h2>\u00bfQu\u00e9 debes hacer tras un accidente de tr\u00e1fico?<\/h2>\n<p>Los abogados de lesiones personales se ocupan a diario de los accidentes de coche. Y, como puedes suponer, los accidentes en Florida ocurren con frecuencia. Antes de llamar a un abogado de accidentes de coche en Sunrise, tienes que decidir si quieres recibir atenci\u00f3n m\u00e9dica si te has visto implicado en un accidente de coche en Sunrise.  <\/p>\n<p>Debes buscar ayuda m\u00e9dica inmediatamente si el accidente ha sido grave. Esto es esencial por varias razones. En primer lugar, buscar tratamiento r\u00e1pidamente mejora tus probabilidades de minimizar los da\u00f1os y recuperarte m\u00e1s r\u00e1pidamente. Tambi\u00e9n registra tus lesiones inmediatamente, creando un rastro documental que puede resultar \u00fatil m\u00e1s adelante. Tambi\u00e9n impide que la aseguradora de la otra parte afirme que tus lesiones no fueron causadas por el siniestro.    <\/p>\n<p>Aunque tu accidente no haya sido lo bastante grave como para justificar una visita al m\u00e9dico, hay medidas que puedes tomar para prepararte para una posible reclamaci\u00f3n futura por accidente de coche. En primer lugar, debes ponerte en contacto e intercambiar informaci\u00f3n con el conductor culpable. Es esencial compartir la informaci\u00f3n del seguro y los datos de contacto con el otro conductor. Esto permitir\u00e1 a la compa\u00f1\u00eda de seguros que tengas presentar un parte de lesiones. Esto puede ayudaros a ti y a tu abogado a saber a qui\u00e9n llamar. Tambi\u00e9n es crucial recopilar la informaci\u00f3n de contacto de cualquier persona que pudiera haber estado presente en el momento del incidente. Podr\u00edan ser de ayuda en el futuro si se produjera una disputa sobre lo ocurrido.     <\/p>\n<p>Si es posible, haz fotos de ambos veh\u00edculos y del lugar del accidente. Anota tambi\u00e9n los detalles que se te ocurran en cuanto puedas despu\u00e9s del siniestro. Si el conductor del otro veh\u00edculo estaba distra\u00eddo o utilizando un tel\u00e9fono m\u00f3vil, o si iba a gran velocidad, o si el tiempo no era el ideal, todos estos detalles pueden ser relevantes m\u00e1s adelante, pero es probable que se olviden tras el ajetreo de un accidente. Anotar todos los detalles que puedas poco despu\u00e9s de un accidente ser\u00e1 de enorme ayuda m\u00e1s adelante.   <\/p>\n<p><img fetchpriority=\"high\" decoding=\"async\" class=\"alignnone wp-image-2181 size-full\" src=\"https:\/\/miamilawyers360.com\/wp-content\/uploads\/2021\/11\/sunrise-car-accident-lawyer.jpg\" alt=\"Abogado de accidentes de coche en Sunrise\" width=\"500\" height=\"265\"><\/p>\n<h2>\u00bfSon importantes las fotos para un abogado de accidente de tr\u00e1fico?<\/h2>\n<p>Es cierto cuando se dice que las im\u00e1genes valen m\u00e1s que mil palabras, quiz\u00e1 incluso que dos mil. Si hay una disputa sobre el siniestro o si la parte contraria afirma que no fue tan grave como crees, las fotograf\u00edas pueden ser una poderosa opci\u00f3n para resolver la disputa. Una fotograf\u00eda de un veh\u00edculo aplastado puede proporcionar al juez o al jurado los detalles que necesitan sobre la gravedad del accidente. Las fotograf\u00edas tambi\u00e9n pueden servir para ilustrar la gravedad de las lesiones.    Ayuda a que el p\u00fablico sea consciente inmediatamente de lo mal que lo ha pasado alguien.<\/p>\n<p>Si es posible, haz fotos del incidente para ense\u00f1\u00e1rselas a tu abogado. Rodea el coche con tu c\u00e1mara o smartphone y haz fotos mientras te mueves. Hacer algunas fotos del otro u otros coches implicados en el accidente puede ser \u00fatil, as\u00ed como fotos m\u00e1s generales de la escena del accidente. Sin embargo, recuerda que la seguridad es mucho m\u00e1s importante que conmemorar el accidente de coche. Si es peligroso hacerlo, no salgas del coche ni hagas fotos. Esto podr\u00eda causar da\u00f1os por accidente.     <\/p>\n<h2>\u00bfQu\u00e9 hace un abogado de lesiones personales de Sunrise para probar la responsabilidad del demandado tras un accidente de tr\u00e1fico?<\/h2>\n<p>Es importante que entiendas que Florida trata los casos de accidente de coche de forma diferente a otros estados si te ves implicado en un accidente relacionado con Sunrise. Florida se encuentra entre los 12 estados con seguro sin culpa para los autom\u00f3viles. Estas leyes, que entraron en vigor a finales de los a\u00f1os 70, se dise\u00f1aron para que fuera m\u00e1s r\u00e1pido y sencillo reclamar da\u00f1os y perjuicios tras un accidente de coche.  <\/p>\n<p>La ley de Florida obliga a todos los <a href=\"https:\/\/www.leg.state.fl.us\/statutes\/index.cfm?App_mode=Display_Statute&amp;URL=0600-0699\/0627\/Sections\/0627.7407.html#:~:text=(a)%20That%20beginning%20on%20January,and%20relatives%20residing%20in%20the\" target=\"_blank\" rel=\"noopener\">conductores de Florida a contratar una cobertura por da\u00f1os personales (tambi\u00e9n llamada \u00abPIP\u00bb)<\/a>. Esto cubrir\u00e1 los gastos m\u00e9dicos, la p\u00e9rdida de salarios, los gastos m\u00e9dicos y otros costes asociados, independientemente de qui\u00e9n haya sido el responsable del accidente. Eso significa que tu compa\u00f1\u00eda de seguros debe pagarte tus p\u00e9rdidas, independientemente de la persona que haya causado el accidente.  <\/p>\n<h2>\u00bfQu\u00e9 factores influyen en el valor de un accidente de tr\u00e1fico?<\/h2>\n<p>Es una pregunta que probablemente se haga todo abogado de Sunrise, Florida, especializado en accidentes de tr\u00e1fico. Muchas v\u00edctimas de accidentes de coche est\u00e1n ansiosas por saber cu\u00e1l puede ser el valor de su caso. Es dif\u00edcil responder a esta pregunta de forma global, ya que cada caso es \u00fanico.  <\/p>\n<p>Pero hay ciertos tipos de da\u00f1os que determinan el valor de un caso de accidente de coche. Un abogado puede ayudarte a comprender estas categor\u00edas para darte una mejor idea de lo que puede valer tu caso. Incluyen las facturas m\u00e9dicas del pasado, as\u00ed como los gastos m\u00e9dicos futuros. los salarios perdidos\/tiempo de ausencia del trabajo la p\u00e9rdida de capacidad futura para obtener ingresos, el dolor y el sufrimiento.   <\/p>\n<p>Dentro de las categor\u00edas anteriores, se tendr\u00e1n en cuenta ciertos factores a la hora de determinar el valor final de la indemnizaci\u00f3n que te corresponda. Esto incluye tus lesiones, las circunstancias del accidente (\u00bffue resultado de una negligencia o imprudencia o se debi\u00f3 a una negligencia grave? ), tu grado de responsabilidad en el accidente, tu historial laboral y tu capacidad para seguir gan\u00e1ndote la vida o tu modo de vida, as\u00ed como tus expectativas vitales. Todas estas cosas entran en la compleja mezcla de factores que se tienen en cuenta a la hora de decidir cu\u00e1nto conceder en concepto de indemnizaci\u00f3n a la v\u00edctima de un caso de accidente de coche en Florida. Esta es la raz\u00f3n por la que un reputado abogado de accidentes de coche de Sunrise, Florida, es una fuente inestimable de asesoramiento.   <\/p>\n<h2>\u00bfCu\u00e1nto tardar\u00e1 un abogado de accidentes de tr\u00e1fico de Sunrise en resolver tu caso?<\/h2>\n<p>Esta es otra cuesti\u00f3n imposible de responder sin conocer los pormenores de tu caso. Incluso con detalles concretos como \u00e9stos, un abogado de accidentes de coche en Sunrise no podr\u00e1 estimar con mucha exactitud cu\u00e1nto tardar\u00e1 en resolverse. Puesto que cada caso es \u00fanico y depende de tus acciones, de los peritos del seguro y de la parte contraria. Hay un sinf\u00edn de factores desconocidos que podr\u00edan retrasar tu reclamaci\u00f3n o acelerarla. Por lo general, las reclamaciones por accidente de coche pueden resolverse en tan s\u00f3lo unos meses o cuando van a juicio, lo que podr\u00eda llevar muchos a\u00f1os.    <\/p>\n<h2>\u00bfQu\u00e9 ocurre si el caso de accidente de tr\u00e1fico llega a los tribunales?<\/h2>\n<p>Existe la creencia de que todos los casos de accidente de coche los decidir\u00e1 una audiencia o un jurado. Es un hecho que preocupa a mucha gente y que quiere evitar. La buena noticia sobre los casos de accidente de coche en Sunrise es que se resuelven casi por completo antes del juicio. La negociaci\u00f3n suele resolver las demandas, lo que puede ayudar a ambas partes a ahorrar tiempo y dinero.   <\/p>\n<p>Un peque\u00f1o porcentaje de casos tendr\u00e1 que ir alguna vez ante el juez. Dicho esto, no sabes de antemano las reclamaciones concretas que habr\u00e1 que argumentar ante un tribunal, por eso es tan importante que el abogado de accidentes de coche en Sunrise que contrates se sienta c\u00f3modo sea cual sea la v\u00eda que decidas seguir con el caso, ya sea negociando un acuerdo o presentando el caso ante un juez. <\/p>\n<h2>\u00bfCu\u00e1nto tiempo tienes para presentar una Demanda por Accidente de Coche?<\/h2>\n<p>Es una desafortunada realidad que las v\u00edctimas de accidentes de autom\u00f3vil no disponen de tiempo ilimitado para recuperarse y curarse antes de decidir qu\u00e9 les gustar\u00eda hacer con su caso. Esto se debe a que las reclamaciones derivadas de accidentes de coche dependen de una ley estatal espec\u00edfica que restringe el tiempo de que dispone una persona antes de que pueda presentar una reclamaci\u00f3n por da\u00f1os y perjuicios. Es lo que se conoce como ley de prescripci\u00f3n y tiene por objeto acortar el tiempo que hay que esperar antes de presentar una demanda tras sufrir una lesi\u00f3n.  <\/p>\n<p>No existe un plazo de prescripci\u00f3n universal. Difiere seg\u00fan el lugar donde vivas y el tipo de lesi\u00f3n que sufras. En Florida, las demandas por lesiones personales contra la parte responsable deben presentarse en un plazo de cuatro a\u00f1os a partir de la fecha de la lesi\u00f3n. Los particulares disponen de cuatro a\u00f1os tras la fecha de la lesi\u00f3n para presentar reclamaciones contra su propia compa\u00f1\u00eda de seguros. Para m\u00e1s detalles sobre este asunto, ponte en contacto hoy mismo con un abogado especializado en accidentes de tr\u00e1fico en Sunrise.    <\/p>\n<h3>Contacta hoy con un abogado para accidentes de coche en Sunrise, Florida<\/h3>\n<p>Si has sufrido lesiones en un accidente, debes ponerte en contacto con un abogado experto en accidentes de tr\u00e1fico en Sunrise para que revise y lleve tu caso. Hay muchas decisiones cruciales que debes tomar en un futuro pr\u00f3ximo para ponerte en contacto con un abogado experimentado de <a href=\"\/\">Miami 360<\/a>. <\/p>\n","protected":false},"excerpt":{"rendered":"<p>Si has tenido un accidente de coche o has sufrido lesiones personales en el transcurso del mismo, puede que no seas consciente de la necesidad de contar con un abogado de accidentes de coche en Sunrise. Puede que pienses que est\u00e1s en condiciones de gestionar la situaci\u00f3n por ti mismo. Sin duda es posible, pero [&hellip;]<\/p>\n","protected":false},"author":22,"featured_media":0,"parent":5758,"menu_order":0,"comment_status":"closed","ping_status":"closed","template":"","meta":{"_acf_changed":false,"anchor_text":"","footnotes":""},"class_list":["post-5828","page","type-page","status-publish","hentry"],"acf":[],"_links":{"self":[{"href":"https:\/\/miamilawyers360.com\/es\/wp-json\/wp\/v2\/pages\/5828","targetHints":{"allow":["GET"]}}],"collection":[{"href":"https:\/\/miamilawyers360.com\/es\/wp-json\/wp\/v2\/pages"}],"about":[{"href":"https:\/\/miamilawyers360.com\/es\/wp-json\/wp\/v2\/types\/page"}],"author":[{"embeddable":true,"href":"https:\/\/miamilawyers360.com\/es\/wp-json\/wp\/v2\/users\/22"}],"replies":[{"embeddable":true,"href":"https:\/\/miamilawyers360.com\/es\/wp-json\/wp\/v2\/comments?post=5828"}],"version-history":[{"count":0,"href":"https:\/\/miamilawyers360.com\/es\/wp-json\/wp\/v2\/pages\/5828\/revisions"}],"up":[{"embeddable":true,"href":"https:\/\/miamilawyers360.com\/es\/wp-json\/wp\/v2\/pages\/5758"}],"wp:attachment":[{"href":"https:\/\/miamilawyers360.com\/es\/wp-json\/wp\/v2\/media?parent=5828"}],"curies":[{"name":"wp","href":"https:\/\/api.w.org\/{rel}","templated":true}]}}