{"id":5830,"date":"2021-11-11T15:37:05","date_gmt":"2021-11-11T20:37:05","guid":{"rendered":"https:\/\/miamilawyers360.com\/sunrise\/abogado-de-lesiones-personales-en-sunrise\/"},"modified":"2021-11-11T15:37:05","modified_gmt":"2021-11-11T20:37:05","slug":"abogado-de-lesiones-personales-en-sunrise","status":"publish","type":"page","link":"https:\/\/miamilawyers360.com\/es\/sunrise\/abogado-de-lesiones-personales-en-sunrise\/","title":{"rendered":"Abogado de lesiones personales en Sunrise"},"content":{"rendered":"<p>Nuestros <a href=\"https:\/\/miamilawyers360.com\/es\/sunrise\/\">abogados de lesiones personales de Sunrise<\/a> pueden ayudar a las v\u00edctimas a presentar demandas de indemnizaci\u00f3n tras una lesi\u00f3n o accidente causado por negligencia. Estos casos pueden presentarse ante un tribunal civil o extrajudicialmente, seg\u00fan los t\u00e9rminos de un acuerdo. Los casos de lesiones personales pueden variar en todos los sentidos, ya que es posible sufrir lesiones. Los casos de lesiones personales pueden incluir casos de accidentes\/lesiones de autom\u00f3vil, negligencia m\u00e9dica, responsabilidad de las instalaciones (resbalones y ca\u00eddas), as\u00ed como responsabilidad por productos defectuosos y lesiones laborales.   <\/p>\n<p>En Miami Abogados 360, nuestro equipo tiene experiencia en casos de accidentes de tr\u00e1fico, lesiones personales y accidentes laborales. Si has sufrido lesiones por la negligencia de otra persona, llama a nuestro bufete de abogados de lesiones personales de Miami para programar una consulta inicial gratuita. <\/p>\n<h2>\u00bfCu\u00e1ndo debes ponerte en contacto con un abogado de lesiones personales de Miami?<\/h2>\n<p>La respuesta sencilla es actuar con prontitud. Es esencial que, si te has lesionado en una situaci\u00f3n de lesiones personales en Florida, act\u00faes con rapidez. Hay muchas razones para ello. En primer lugar, cuanto antes hables con un abogado experto en lesiones personales, antes podr\u00e1 empezar a reunir las pruebas necesarias para emprender una acci\u00f3n.   <\/p>\n<p>Lleva tiempo reunir historiales m\u00e9dicos, conseguir declaraciones de testigos y llevar a cabo una investigaci\u00f3n sobre las circunstancias de un accidente. Cuanto m\u00e1s tiempo necesite tu abogado para completar esta tarea y reunir pruebas, m\u00e1s eficaz ser\u00e1. Tambi\u00e9n es importante actuar con rapidez, ya que las pruebas pueden desaparecer f\u00e1cilmente. Los abogados deben empezar a buscar lo antes posible para asegurarse de que cualquier testigo, foto o v\u00eddeo pueda ser identificado y conservado. Es menos probable cuanto m\u00e1s lo pospongas.    <\/p>\n<p>La prescripci\u00f3n es algo que no debe preocuparte si no es tu intenci\u00f3n reaccionar con la suficiente rapidez. El abogado estar\u00e1 al tanto de la situaci\u00f3n y de los plazos importantes, y se asegurar\u00e1 de que se cumplan con tiempo de sobra. Es como tener una carga menos sobre tus hombros.  <\/p>\n<p><img fetchpriority=\"high\" decoding=\"async\" class=\"alignnone wp-image-2175 size-full\" src=\"https:\/\/miamilawyers360.com\/wp-content\/uploads\/2021\/11\/sunrise-personal-injury-lawyers.jpg\" alt=\"Abogados de lesiones personales en Sunrise\" width=\"500\" height=\"334\"><\/p>\n<h2>\u00bfCu\u00e1l es la responsabilidad en un caso de lesiones personales?<\/h2>\n<p>Tu abogado de lesiones personales de Miami tiene que demostrar <a href=\"https:\/\/www.law.cornell.edu\/wex\/negligence\" target=\"_blank\" rel=\"noopener\">cuatro elementos de negligencia<\/a> para hacer que la parte responsable rinda cuentas y pedir una indemnizaci\u00f3n.<\/p>\n<ul>\n<li>Deber de diligencia: Es cuando la persona culpable ten\u00eda la responsabilidad de protegerte de las lesiones. Por ejemplo, los conductores est\u00e1n obligados a respetar las leyes de tr\u00e1fico. <\/li>\n<li>Incumplimiento del deber: La parte responsable incumpli\u00f3 el deber de diligencia.<\/li>\n<li>Causa: Tu lesi\u00f3n fue causada por tu comportamiento descuidado.<\/li>\n<li>Da\u00f1os y perjuicios: Sufriste da\u00f1os y perjuicios, incluidas p\u00e9rdidas econ\u00f3micas y sufrimiento.<\/li>\n<li>\u00bfPuedo interponer una demanda si soy parcialmente culpable de la lesi\u00f3n que he sufrido?<\/li>\n<\/ul>\n<p>Los casos de lesiones personales pueden ser complicados. En algunos casos, una parte es 100% responsable y la otra parte es 100% responsable. Sin embargo, no siempre es as\u00ed.  <\/p>\n<p>En algunos estados, esto puede causar graves problemas a quienes sufren lesiones personales, con la desestimaci\u00f3n judicial de las reclamaciones de indemnizaci\u00f3n. En Carolina del Norte, por ejemplo, cuando se descubre que incluso el 1% de la culpa es del demandante, se desestima toda la demanda. <\/p>\n<p>Afortunadamente, \u00e9ste no es el caso de Florida. Florida es uno de los 13 estados que han adoptado una ley que se basa en la negligencia relativa. Esto significa que cualquiera puede presentar una demanda contra otro individuo aunque sea responsable, al menos parcialmente, del incidente.  <\/p>\n<p>Esto se ilustra claramente con un ejemplo en el que un accidente de tr\u00e1fico fue consecuencia de una conducci\u00f3n temeraria . Se descubri\u00f3 que el conductor circulaba por delante sin que funcionara el intermitente. El jurado podr\u00eda decidir que la v\u00edctima es responsable del 10% del siniestro y delegar el 90% en el otro conductor. Si el jurado decide que el caso vale 100.000 d\u00f3lares, el demandante recibir\u00e1 90.000 d\u00f3lares. Sin embargo, su parte se reducir\u00e1 de la indemnizaci\u00f3n final por da\u00f1os y perjuicios.    <\/p>\n<h3>Negligencia Comparativa Pura<\/h3>\n<p>No s\u00f3lo es cierto que Florida permite a una persona parcialmente responsable de causar lesiones presentar una demanda por da\u00f1os y perjuicios, sino que el estado va un paso m\u00e1s all\u00e1 y permite demandar incluso si la persona es m\u00e1s responsable que la otra parte. Florida utiliza un sistema de negligencia comparativa pura, lo que significa que una persona puede reclamar da\u00f1os y perjuicios aunque sea culpable en un 99%. <\/p>\n<p>Es crucial tener en cuenta que, en estos casos, la cantidad que la persona puede recuperar se reducir\u00e1 en funci\u00f3n del grado de culpa. Por eso es mejor contratar a un abogado experto en lesiones personales que conozca la mejor forma de llevar tu caso. <\/p>\n<h2>\u00bfCu\u00e1nto valdr\u00e1 mi caso de lesiones personales?<\/h2>\n<p>Aunque es una pregunta cuya respuesta muchas personas desean conocer, lo cierto es que es imposible responderla antes de conocer los detalles de tu caso. Esto se debe a que no existe una f\u00f3rmula precisa para determinar lo que vale un caso de lesiones personales. Hay muchas variables que influyen en la cantidad que recibir\u00e1s, por lo que lo mejor es que hables con un abogado profesional especializado en lesiones personales para analizar tu caso concreto.  <\/p>\n<h2>\u00bfQu\u00e9 da\u00f1os puedo reclamar en una demanda por lesiones personales?<\/h2>\n<p>Hay tres tipos de da\u00f1os y perjuicios que pueden concederse a las v\u00edctimas en funci\u00f3n de las particularidades de la situaci\u00f3n.<\/p>\n<h3>Da\u00f1os econ\u00f3micos<\/h3>\n<p>Son cosas que se pueden restar o sumar de forma que se creen da\u00f1os tangibles claros. Incluyen facturas m\u00e9dicas, facturas del m\u00e9dico y gastos de rehabilitaci\u00f3n. Tambi\u00e9n incluyen los da\u00f1os materiales, el tiempo de baja laboral y otros da\u00f1os.  <\/p>\n<h3>P\u00e9rdidas no econ\u00f3micas<\/h3>\n<p>Sin embargo, los da\u00f1os no econ\u00f3micos no pueden medirse econ\u00f3micamente. Comprenden el dolor y el sufrimiento, as\u00ed como la disminuci\u00f3n del potencial de ingresos. Es dif\u00edcil establecer su valor y, por ello, es mucho m\u00e1s frecuente que los implicados en una demanda por lesiones personales debatan sobre su valor.  <\/p>\n<h3>Da\u00f1os punitivos<\/h3>\n<p>A diferencia de los dos tipos de da\u00f1os anteriores, los da\u00f1os punitivos no est\u00e1n destinados a pagar a la v\u00edctima. S\u00f3lo se utilizan en determinadas situaciones para penalizar a la parte responsable por imprudencia grave o conducta intencionada. <\/p>\n<h2>\u00bfDebes aceptar la oferta de conciliaci\u00f3n?<\/h2>\n<p>Muchas demandas no llegan a un juez. Los Abogados de Lesiones Personales de Miami tienen experiencia para trabajar con las compa\u00f1\u00edas de seguros y llegar a acuerdos justos. Esto ahorra tiempo y dinero.  <\/p>\n<p>Aunque cada caso es \u00fanico, en general es mala idea aceptar la primera oferta de acuerdo de cualquiera. La mayor\u00eda de las ofertas de acuerdo se crean con la expectativa de que la otra parte podr\u00e1 rebatirlas, y casi siempre son bajas por ello, lo que deja margen para negociar al alza. Otro problema de precipitarse a aceptar una oferta demasiado pronto es que podr\u00edas resolver un litigio antes de conocer la gravedad de tus lesiones. Una forma en que esto puede ser muy peligroso es cuando llegas a un acuerdo s\u00f3lo para descubrir que en el futuro necesitar\u00e1s tratamiento m\u00e9dico para tratar tus lesiones, como una intervenci\u00f3n quir\u00fargica.   <\/p>\n<p>Ser\u00e1s responsable del coste del acuerdo si ya se ha llegado a \u00e9l. Es esencial que busques un abogado experto en lesiones personales de Florida que revise tu caso y discuta cualquier oferta de acuerdo. Nuestros abogados de lesiones personales de Miami tienen los conocimientos y la experiencia necesarios para evaluar si el acuerdo es justo. Tambi\u00e9n pueden ayudarte a decidir si tiene sentido aceptar la oferta.   <\/p>\n<h2>\u00bfCu\u00e1l es el Plazo para presentar una Demanda por Lesiones Personales en Florida?<\/h2>\n<p>Cuando se trata de reclamaciones por lesiones personales en Florida es vital. La prescripci\u00f3n permite a los demandantes disponer de cierto tiempo para iniciar demandas y reclamaciones, por lo que es esencial. En Florida, a quienes sufren lesiones personales se les conceden cuatro a\u00f1os desde la fecha de la lesi\u00f3n para presentar una demanda contra la parte que caus\u00f3 la lesi\u00f3n. Puede variar en funci\u00f3n de la naturaleza y las circunstancias de la lesi\u00f3n. En los casos de homicidio culposo, las familias de la v\u00edctima s\u00f3lo tendr\u00e1n dos a\u00f1os para presentar una demanda. M\u00e1s informaci\u00f3n sobre la prescripci\u00f3n.     <\/p>\n<h2>\u00bfQu\u00e9 ocurrir\u00e1 si prescribe el delito?<\/h2>\n<p>Los estatutos de prescripci\u00f3n son importantes porque impiden que la gente presente demandas durante a\u00f1os o d\u00e9cadas despu\u00e9s del incidente. Si retrasas la presentaci\u00f3n de una demanda hasta que haya expirado el plazo de prescripci\u00f3n, tu demanda quedar\u00e1 excluida de los tribunales, por muy s\u00f3lidos que sean tus argumentos. La buena noticia es que la ley no exige que presentes la demanda en el plazo especificado.  <\/p>\n<h2>Ponte en contacto con nuestro bufete de abogados de lesiones personales de Miami.<\/h2>\n<p>El equipo de <a href=\"\/\">Miami Lawyers 360<\/a> puede ayudar a cualquier persona que haya resultado herida por la imprudencia o negligencia de otra persona. Nos dedicamos a ofrecer resultados excepcionales, atenci\u00f3n personal e integridad inequ\u00edvoca. Ponte en contacto con nosotros en cualquier momento, 24 horas al d\u00eda, 7 d\u00edas a la semana. Para una revisi\u00f3n gratuita de tu caso, \u00a1contacta con nosotros!   <\/p>\n","protected":false},"excerpt":{"rendered":"<p>Nuestros abogados de lesiones personales de Sunrise pueden ayudar a las v\u00edctimas a presentar demandas de indemnizaci\u00f3n tras una lesi\u00f3n o accidente causado por negligencia. Estos casos pueden presentarse ante un tribunal civil o extrajudicialmente, seg\u00fan los t\u00e9rminos de un acuerdo. Los casos de lesiones personales pueden variar en todos los sentidos, ya que es [&hellip;]<\/p>\n","protected":false},"author":22,"featured_media":0,"parent":5758,"menu_order":0,"comment_status":"closed","ping_status":"closed","template":"","meta":{"_acf_changed":false,"anchor_text":"","footnotes":""},"class_list":["post-5830","page","type-page","status-publish","hentry"],"acf":[],"_links":{"self":[{"href":"https:\/\/miamilawyers360.com\/es\/wp-json\/wp\/v2\/pages\/5830","targetHints":{"allow":["GET"]}}],"collection":[{"href":"https:\/\/miamilawyers360.com\/es\/wp-json\/wp\/v2\/pages"}],"about":[{"href":"https:\/\/miamilawyers360.com\/es\/wp-json\/wp\/v2\/types\/page"}],"author":[{"embeddable":true,"href":"https:\/\/miamilawyers360.com\/es\/wp-json\/wp\/v2\/users\/22"}],"replies":[{"embeddable":true,"href":"https:\/\/miamilawyers360.com\/es\/wp-json\/wp\/v2\/comments?post=5830"}],"version-history":[{"count":0,"href":"https:\/\/miamilawyers360.com\/es\/wp-json\/wp\/v2\/pages\/5830\/revisions"}],"up":[{"embeddable":true,"href":"https:\/\/miamilawyers360.com\/es\/wp-json\/wp\/v2\/pages\/5758"}],"wp:attachment":[{"href":"https:\/\/miamilawyers360.com\/es\/wp-json\/wp\/v2\/media?parent=5830"}],"curies":[{"name":"wp","href":"https:\/\/api.w.org\/{rel}","templated":true}]}}