{"id":5832,"date":"2021-11-11T16:52:45","date_gmt":"2021-11-11T21:52:45","guid":{"rendered":"https:\/\/miamilawyers360.com\/sunrise\/abogado-de-indemnizacion-laboral-sunrise\/"},"modified":"2021-11-11T16:52:45","modified_gmt":"2021-11-11T21:52:45","slug":"abogado-de-indemnizacion-laboral-sunrise","status":"publish","type":"page","link":"https:\/\/miamilawyers360.com\/es\/sunrise\/abogado-de-indemnizacion-laboral-sunrise\/","title":{"rendered":"Abogado de Indemnizaci\u00f3n Laboral Sunrise"},"content":{"rendered":"<p>Un <a href=\"https:\/\/miamilawyers360.com\/es\/sunrise\/\">abogado de indemnizaci\u00f3n por accidente de trabajo de Sunrise<\/a> puede ayudarte a navegar por el sistema legal de indemnizaci\u00f3n por accidente de trabajo. El sistema se dise\u00f1\u00f3 para proteger a los trabajadores que sufren lesiones en el trabajo. En Florida, estas prestaciones se ofrecen a los trabajadores lesionados independientemente de la causa, lo que significa que un empleado puede cobrar la indemnizaci\u00f3n por accidente laboral aunque sea responsable del accidente que provoc\u00f3 sus lesiones.  <\/p>\n<p>Un abogado de indemnizaci\u00f3n por accidente laboral de Sunrise podr\u00eda ayudarte si has sufrido una lesi\u00f3n en el trabajo. Solicita una consulta gratuita con un abogado de indemnizaci\u00f3n laboral que est\u00e9 familiarizado con la junta de indemnizaci\u00f3n laboral. <\/p>\n<h2>\u00bfEst\u00e1s cubierto por el seguro de accidentes laborales?<\/h2>\n<p>A muchos trabajadores les preocupa que su empresa no ofrezca cobertura de indemnizaci\u00f3n por accidente laboral, lo que podr\u00eda dejarles en desventaja en caso de accidente grave. Afortunadamente, salvo algunas excepciones, la mayor\u00eda de los empresarios de Florida est\u00e1n cubiertos por el sistema de indemnizaci\u00f3n por accidente laboral. <\/p>\n<p>Los empresarios de otros sectores distintos al de la construcci\u00f3n deben tener cobertura de indemnizaci\u00f3n por accidente laboral. Los empresarios del sector de la construcci\u00f3n deben tener un seguro que cubra a todos los trabajadores que necesiten indemnizaci\u00f3n laboral cuando tengan m\u00e1s de un empleado. Un abogado especializado en indemnizaci\u00f3n por accidente laboral de Sunrise puede darte m\u00e1s detalles.  <\/p>\n<h2>\u00bfQu\u00e9 haces si te lesionas en el trabajo?<\/h2>\n<p>Hay algunas cosas que debes hacer si te lesionas en un accidente laboral. Al principio, antes de llamar a un abogado de accidentes laborales, debes avisar a tu empresa lo antes posible. Eso significa que debes informar al supervisor inmediato o a otra persona que est\u00e9 en posici\u00f3n de autoridad en la oficina.  <\/p>\n<p>Esta notificaci\u00f3n puede hacerse en persona, por tel\u00e9fono y por escrito. Es importante que lo notifiques inmediatamente a tu empresario y le pidas que cumplimente la notificaci\u00f3n de lesiones. As\u00ed te asegurar\u00e1s de que tu reclamaci\u00f3n sea aceptada por la compa\u00f1\u00eda de seguros de tu empresa.  <\/p>\n<p>Debes buscar atenci\u00f3n m\u00e9dica en caso de que te hayas lesionado. Si tu empresa tiene un m\u00e9dico in situ, acude all\u00ed. Si no, puedes acudir a tu propio m\u00e9dico. Es crucial que busques tratamiento m\u00e9dico siempre que puedas, para que se documente todo el alcance de tus lesiones y no te enfrentes a ellas m\u00e1s tarde. Si has informado a tu empresario y has buscado atenci\u00f3n m\u00e9dica, debes consultar a un abogado con experiencia en casos de lesiones personales con competencia en el lugar de trabajo en Florida para que te oriente.    <\/p>\n<p><img fetchpriority=\"high\" decoding=\"async\" class=\"alignnone size-full wp-image-2186\" src=\"https:\/\/miamilawyers360.com\/wp-content\/uploads\/2021\/11\/sunrise-workers-compensation-lawyer.jpg\" alt=\"Abogado de Indemnizaci\u00f3n Laboral Sunrise\" width=\"500\" height=\"186\"><\/p>\n<h2>\u00bfCu\u00e1ndo debo comunicar mi lesi\u00f3n en el trabajo?<\/h2>\n<p>Los trabajadores que hayan sufrido lesiones deben informar al centro de trabajo del incidente tan pronto como puedan; sin embargo, deben notificar el accidente al menos 30 d\u00edas despu\u00e9s de que se haya producido. Si no informas de tu lesi\u00f3n <a href=\"https:\/\/www.nolo.com\/legal-encyclopedia\/workers-compensation-time-limits.html\" target=\"_blank\" rel=\"noopener\">en el plazo de 30 d\u00edas desde que se produjo<\/a>, tu reclamaci\u00f3n podr\u00eda correr el riesgo de ser denegada. <\/p>\n<h2>\u00bfCu\u00e1l es el resultado si tu empresario se niega a informar de tu lesi\u00f3n?<\/h2>\n<p>Adem\u00e1s de tener que notificar el siniestro a tu empresario, \u00e9ste tiene sus propias responsabilidades. Tu empleador debe notificarlo inmediatamente a su compa\u00f1\u00eda de seguros para que la reclamaci\u00f3n se tramite r\u00e1pidamente y puedas empezar a recibir tus prestaciones sin demora. Tambi\u00e9n puedes ponerte en contacto con la compa\u00f1\u00eda de seguros con la que tienes contratado el seguro para notificar el incidente si no lo aceptan.  <\/p>\n<p>La informaci\u00f3n sobre el seguro de indemnizaci\u00f3n por accidente laboral debe estar expuesta en la oficina, con los datos de contacto de la compa\u00f1\u00eda de seguros. Si no es as\u00ed, ponte en contacto con la Oficina de Asistencia al Empleado y Defensor del Trabajador de Sunrise, Florida, para que te ayuden a encontrar esta informaci\u00f3n. O puedes ponerte en contacto con un abogado local de indemnizaci\u00f3n por accidente laboral de Sunrise para que te ayude.  <\/p>\n<h2>\u00bfLas reclamaciones de indemnizaci\u00f3n por accidente laboral son similares a las demandas judiciales?<\/h2>\n<p>Esto puede resultar confuso para los trabajadores que nunca antes han tenido que enfrentarse a reclamaciones de indemnizaci\u00f3n por accidente laboral. Aunque pudiera parecer que la reclamaci\u00f3n de indemnizaci\u00f3n por accidente laboral es id\u00e9ntica a la demanda contra tu empresario, la verdad es muy distinta. Una reclamaci\u00f3n de indemnizaci\u00f3n por accidente laboral no es una demanda contra tu empresario, sino una reclamaci\u00f3n contra la p\u00f3liza de seguro que \u00e9ste contrat\u00f3. Para saber m\u00e1s sobre la ley de indemnizaci\u00f3n por accidente de trabajo, un abogado experto en indemnizaci\u00f3n por accidente de trabajo puede proporcionarte informaci\u00f3n valiosa.   <\/p>\n<h2>\u00bfPuedes demandar en lugar de presentar una demanda de indemnizaci\u00f3n por accidente laboral?<\/h2>\n<p>Si prefieres demandar a tu empresario, o a tu compa\u00f1ero de trabajo, en vez de presentar la demanda de indemnizaci\u00f3n por accidente laboral, \u00bfte parece bien? Desgraciadamente, no. En Florida, as\u00ed como en otros estados, el sistema de indemnizaci\u00f3n por accidente laboral se denomina recurso exclusivo. Esto significa que un empleado no puede presentar una demanda por da\u00f1os personales contra su empresario, ni siquiera cuando no se presenta ninguna demanda de indemnizaci\u00f3n por accidente laboral. La \u00fanica excepci\u00f3n a esto son las reclamaciones por lesiones laborales relacionadas con un tercero ajeno a la empresa, que a\u00fan pueden presentarse ante los tribunales. Si, por ejemplo, un empleado de otra empresa entrara en tu lugar de trabajo y te causara lesiones, podr\u00edas presentar una demanda civil contra esa persona, pero no contra la empresa para la que trabajas.     <\/p>\n<h3>El proceso de determinaci\u00f3n de la culpa en el curso de una Demanda de Indemnizaci\u00f3n por Accidentes de Trabajo<\/h3>\n<p>Como muchos otros asuntos relacionados con lesiones personales, el sistema de indemnizaci\u00f3n por accidente laboral es \u00fanico en el sentido de que funciona sin culpa. Las prestaciones de indemnizaci\u00f3n por accidente laboral pueden pagarse independientemente de qui\u00e9n haya sido la persona responsable de la lesi\u00f3n. Esto puede ser algo maravilloso para los trabajadores, ya que elimina cualquier necesidad de atribuir la culpa al jefe o a los compa\u00f1eros y acelera el proceso hasta el final, ya que la investigaci\u00f3n sobre la causa del accidente no ralentizar\u00e1 las cosas.  <\/p>\n<p>Esto tambi\u00e9n es bueno, ya que los trabajadores no tienen que preocuparse de tener que hacer frente a costosas facturas m\u00e9dicas si son culpables del incidente. La negligencia de un trabajador s\u00f3lo es relevante si el accidente fue causado por el alcohol o con la intenci\u00f3n de hacer da\u00f1o a la persona. Esto puede dar lugar a que se denieguen las solicitudes de indemnizaci\u00f3n por accidente laboral. Sin embargo, si te deniegan la reclamaci\u00f3n, y acusan a la persona de cometer fraude, ponte en contacto sin duda con un abogado especialista en indemnizaci\u00f3n por accidente laboral de Sunrise lo antes posible.   <\/p>\n<h2>\u00bfQu\u00e9 ventajas ofrece un abogado de indemnizaci\u00f3n por accidente laboral en Sunrise?<\/h2>\n<p>Los empresarios est\u00e1n obligados a pagar los gastos m\u00e9dicos derivados de un accidente laboral. Los trabajadores tambi\u00e9n pueden ser indemnizados por el tiempo que no puedan trabajar debido a las lesiones. Esta indemnizaci\u00f3n se pagar\u00e1 a raz\u00f3n de 2\/3 de tu salario medio semanal antes del accidente. Otra ventaja es que las prestaciones de la indemnizaci\u00f3n por accidente laboral no est\u00e1n sujetas a impuestos, lo que significa que una mayor parte de lo que recibes se queda en tus bolsillos. De todo esto se encarga un abogado de indemnizaci\u00f3n por accidente laboral. Los buenos abogados de indemnizaci\u00f3n por accidente laboral deben conocer los distintos aspectos del seguro de indemnizaci\u00f3n.     <\/p>\n<h2>\u00bfDurante cu\u00e1nto tiempo podr\u00e1s cobrar las prestaciones compensatorias de los trabajadores?<\/h2>\n<p>En Florida, los trabajadores pueden seguir percibiendo las prestaciones por p\u00e9rdida de salario cuando se encuentran en situaci\u00f3n de baja laboral o tienen limitaciones para el trabajo ligero sin que su empresa les ofrezca opciones de trabajo ligero. En este caso, tienen derecho a un m\u00e1ximo de 104 semanas de prestaciones. <\/p>\n<h2>\u00bfQu\u00e9 ocurre si sigues lesionado despu\u00e9s de 104 semanas?<\/h2>\n<p>Es maravilloso saber que quienes sufren lesiones tienen derecho a dos a\u00f1os de indemnizaci\u00f3n. \u00bfQu\u00e9 ocurre si sufres lesiones graves y no te recuperas en dos a\u00f1os? En este caso, podr\u00edas tener derecho a prestaciones por incapacidad permanente. Las prestaciones son permanentes y totales. Est\u00e1n disponibles hasta que la persona cumpla 75 a\u00f1os si sus lesiones son lo suficientemente graves.    <\/p>\n<h2>\u00bfPuedes elegir tu propio m\u00e9dico?<\/h2>\n<p>Hay algunas excepciones a la regla general, pero, en t\u00e9rminos generales, una persona no tiene la opci\u00f3n de elegir a su propio m\u00e9dico en un caso de indemnizaci\u00f3n por accidente laboral. La raz\u00f3n es que la mayor\u00eda de los casos ser\u00e1n resueltos por la compa\u00f1\u00eda de seguros. Pero el trabajador lesionado tiene derecho a exigir que se cambie de m\u00e9dico. Si la aseguradora no te elige un nuevo m\u00e9dico en el plazo de cinco d\u00edas h\u00e1biles, tienes derecho a seguir el tratamiento con el m\u00e9dico que prefieras. Considera la posibilidad de consultar a un abogado especialista en indemnizaci\u00f3n por accidente laboral de Sunrise para que te recomiende las mejores opciones para ti.    <\/p>\n<h2>\u00bfCu\u00e1l es el plazo para presentar una reclamaci\u00f3n?<\/h2>\n<p>T\u00e9cnicamente hablando, el plazo para presentar una solicitud de prestaciones conforme a la ley es de 2 a\u00f1os. Esto puede variar en funci\u00f3n de tu situaci\u00f3n concreta. Adem\u00e1s, aunque el trabajador disponga de dos a\u00f1os antes de presentar una reclamaci\u00f3n, lo cierto es que cualquier retraso en la notificaci\u00f3n del accidente a tu empresa o en la b\u00fasqueda de tratamiento m\u00e9dico puede perjudicar gravemente o incluso imposibilitar la presentaci\u00f3n de una reclamaci\u00f3n efectiva de indemnizaci\u00f3n por accidente laboral para recibir prestaciones. Por eso es imprescindible actuar con rapidez y ponerse en contacto con un abogado experto en indemnizaci\u00f3n por accidente laboral de Sunrise para iniciar el proceso de reclamaci\u00f3n. Para m\u00e1s detalles, haz clic aqu\u00ed. sobre la prescripci\u00f3n en Florida de las reclamaciones de indemnizaci\u00f3n por accidente laboral.     <\/p>\n<h2>\u00bfTe pueden despedir como consecuencia de una demanda de indemnizaci\u00f3n por accidente laboral?<\/h2>\n<p>Es una preocupaci\u00f3n frecuente entre los trabajadores lesionados que, en caso de presentar una reclamaci\u00f3n de indemnizaci\u00f3n, podr\u00edan ser castigados o incluso despedidos por su empresario. No hay absolutamente ning\u00fan motivo para que los trabajadores teman ser despedidos por presentar una demanda de indemnizaci\u00f3n. Esto deber\u00eda ser motivo de preocupaci\u00f3n. Los abogados especializados en indemnizaci\u00f3n por accidente laboral y los empresarios tienen que ser conscientes de c\u00f3mo funciona el seguro de indemnizaci\u00f3n por accidente laboral.   <\/p>\n<p>Los empresarios de Florida no pueden despedir a los empleados que hayan presentado una reclamaci\u00f3n de indemnizaci\u00f3n por accidente laboral a trav\u00e9s de un abogado personal. Los empresarios podr\u00edan incurrir en responsabilidad civil si despiden a alguien por haber presentado una reclamaci\u00f3n de indemnizaci\u00f3n por accidente laboral. Si eso ocurriera, el empleado podr\u00eda demandar a su empresario por despido improcedente y podr\u00eda cobrar da\u00f1os y perjuicios como consecuencia de la demanda.  <\/p>\n<p>As\u00ed que si has sufrido una lesi\u00f3n en el trabajo en Sunrise, despu\u00e9s de avisar al empresario y solicitar atenci\u00f3n m\u00e9dica, ponte en contacto con un abogado de indemnizaci\u00f3n por accidente de trabajo de Sunrise en <a href=\"\/\">Miami 360<\/a> para concertar una consulta gratuita y determinar el siguiente paso con el fin de ayudarte a recuperar el tiempo de trabajo perdido.<\/p>\n","protected":false},"excerpt":{"rendered":"<p>Un abogado de indemnizaci\u00f3n por accidente de trabajo de Sunrise puede ayudarte a navegar por el sistema legal de indemnizaci\u00f3n por accidente de trabajo. El sistema se dise\u00f1\u00f3 para proteger a los trabajadores que sufren lesiones en el trabajo. En Florida, estas prestaciones se ofrecen a los trabajadores lesionados independientemente de la causa, lo que [&hellip;]<\/p>\n","protected":false},"author":22,"featured_media":0,"parent":5758,"menu_order":0,"comment_status":"closed","ping_status":"closed","template":"","meta":{"_acf_changed":false,"anchor_text":"","footnotes":""},"class_list":["post-5832","page","type-page","status-publish","hentry"],"acf":[],"_links":{"self":[{"href":"https:\/\/miamilawyers360.com\/es\/wp-json\/wp\/v2\/pages\/5832","targetHints":{"allow":["GET"]}}],"collection":[{"href":"https:\/\/miamilawyers360.com\/es\/wp-json\/wp\/v2\/pages"}],"about":[{"href":"https:\/\/miamilawyers360.com\/es\/wp-json\/wp\/v2\/types\/page"}],"author":[{"embeddable":true,"href":"https:\/\/miamilawyers360.com\/es\/wp-json\/wp\/v2\/users\/22"}],"replies":[{"embeddable":true,"href":"https:\/\/miamilawyers360.com\/es\/wp-json\/wp\/v2\/comments?post=5832"}],"version-history":[{"count":0,"href":"https:\/\/miamilawyers360.com\/es\/wp-json\/wp\/v2\/pages\/5832\/revisions"}],"up":[{"embeddable":true,"href":"https:\/\/miamilawyers360.com\/es\/wp-json\/wp\/v2\/pages\/5758"}],"wp:attachment":[{"href":"https:\/\/miamilawyers360.com\/es\/wp-json\/wp\/v2\/media?parent=5832"}],"curies":[{"name":"wp","href":"https:\/\/api.w.org\/{rel}","templated":true}]}}