{"id":5838,"date":"2021-11-11T18:35:42","date_gmt":"2021-11-11T23:35:42","guid":{"rendered":"https:\/\/miamilawyers360.com\/palm-city\/abogado-de-accidentes-de-trafico-en-palm-city\/"},"modified":"2021-11-11T18:35:42","modified_gmt":"2021-11-11T23:35:42","slug":"abogado-de-accidentes-de-trafico-en-palm-city","status":"publish","type":"page","link":"https:\/\/miamilawyers360.com\/es\/palm-city\/abogado-de-accidentes-de-trafico-en-palm-city\/","title":{"rendered":"Abogado de accidentes de tr\u00e1fico en Palm City"},"content":{"rendered":"<p>Es posible que no pienses que necesitas un abogado de accidentes de coche o un abogado de lesiones personales en Palm <a href=\"https:\/\/miamilawyers360.com\/es\/palm-city\/\">City<\/a> si te has visto implicado en un accidente de coche o en los alrededores de Palm City, Florida. Tal vez te sientas confiado en tu capacidad para llevar el caso por ti mismo. Aunque es posible llevar el caso por ti mismo, te perder\u00e1s algunas grandes ventajas si cuentas con un abogado de Palm City que se ocupe de los accidentes de coche por ti.  <\/p>\n<p>Un abogado de accidentes de autom\u00f3vil de Florida es un experto en esta materia. Tras a\u00f1os de formaci\u00f3n, los abogados son capaces de aplicar sus conocimientos en situaciones de la vida real que a menudo implican cientos o miles de casos similares. Ese tipo de experiencia es imposible de duplicar para cualquiera que no tenga experiencia y conlleva enormes ventajas. Son capaces de comprender los entresijos de un proceso complejo que gestionan los abogados especializados en lesiones personales.   <\/p>\n<p>Un bufete de abogados de lesiones personales de renombre podr\u00e1 ayudarte, as\u00ed como encontrar un abogado de accidentes de coche en Palm City. Pero comprende que debes asegurarte de contratar a un experto que pueda ayudarte a quitarte algunas de las cargas de encima. Un abogado experto en accidentes de coche te ayudar\u00e1 sin que tengas que recordar plazos, presentar documentos, responder a solicitudes y tratar con peritos y compa\u00f1\u00edas de seguros.  <\/p>\n<p>Contratar a un abogado de accidentes de coche en Palm City significa que otra persona se encarga de organizar todos los aspectos del proceso de reclamaci\u00f3n, liber\u00e1ndote para que puedas curarte de tu lesi\u00f3n y seguir con tu vida.<\/p>\n<h2>\u00bfQu\u00e9 debes hacer tras un accidente de tr\u00e1fico?<\/h2>\n<p>Los bufetes de abogados especializados en lesiones personales se ocupan a diario de accidentes de autom\u00f3vil. Como puedes ver, en Florida ocurren accidentes todos los d\u00edas. Antes de llamar a un abogado de accidentes de coche en Palm City, tienes que decidir si debes buscar atenci\u00f3n m\u00e9dica si has sufrido un accidente de coche en Palm City.  <\/p>\n<p>Si el accidente ha sido grave y tienes la m\u00e1s m\u00ednima posibilidad de sufrir alg\u00fan tipo de lesi\u00f3n, debes buscar inmediatamente atenci\u00f3n m\u00e9dica. Esto es de vital importancia por varias razones. En primer lugar, buscar tratamiento r\u00e1pidamente puede aumentar tus posibilidades de evitar lesiones y recuperarte m\u00e1s r\u00e1pidamente. Tambi\u00e9n registra tus lesiones inmediatamente dejando un rastro de papel que podr\u00eda ser \u00fatil en el futuro. Por \u00faltimo, impide que la otra parte de la compa\u00f1\u00eda de seguros alegue que tus lesiones se produjeron m\u00e1s tarde o que fueron causadas por algo distinto del accidente de tr\u00e1fico.    <\/p>\n<p>Si tu accidente no fue suficiente para justificar una visita a urgencias, a\u00fan hay otras formas de prepararte para una posible reclamaci\u00f3n futura por accidente de coche. El primer paso es intercambiar informaci\u00f3n y datos de contacto con el conductor culpable. Es importante intercambiar informaci\u00f3n de contacto y del seguro con el otro conductor.  Esto permitir\u00e1 a tu compa\u00f1\u00eda de seguros disponer de un parte de lesiones. Esto puede ayudaros tanto a ti como a tu abogado a determinar a qui\u00e9n llamar. Tambi\u00e9n es esencial obtener los datos de contacto de cualquier persona que pudiera haber estado presente en el lugar del accidente. Si alguna vez hay una disputa sobre lo ocurrido, estas personas pueden ayudar.   <\/p>\n<p>Si puedes, haz fotos tanto de los coches como del lugar del accidente. Tambi\u00e9n debes tomar nota de cualquier detalle que puedas recordar en cuanto se produzca el accidente. Si el conductor del otro veh\u00edculo estaba distra\u00eddo o con el m\u00f3vil, si iba a gran velocidad, o si el tiempo no era el ideal, todos estos detalles pueden ser importantes m\u00e1s adelante, pero se pasan por alto f\u00e1cilmente tras el caos de un accidente. Es buena idea anotar toda la informaci\u00f3n que puedas tras un accidente.   <\/p>\n<p><img fetchpriority=\"high\" decoding=\"async\" class=\"alignnone size-full wp-image-2193\" src=\"https:\/\/miamilawyers360.com\/wp-content\/uploads\/2021\/11\/palm-city-car-accident-lawyer.jpg\" alt=\"Abogado de accidentes de tr\u00e1fico en Palm City\" width=\"500\" height=\"334\"><\/p>\n<h2>\u00bfSon importantes las fotograf\u00edas para un abogado de accidentes de tr\u00e1fico?<\/h2>\n<p>Mucha gente cree que las im\u00e1genes valen m\u00e1s que 1000 palabras o m\u00e1s. Si se discute el accidente, quiz\u00e1 la otra parte afirme que no fue tan grave como t\u00fa afirmas, las fotograf\u00edas pueden ser una gran opci\u00f3n para resolver la disputa. Mostrar pruebas fotogr\u00e1ficas de un veh\u00edculo aplastado dice a jurados y jueces todo lo que tienen que saber sobre la gravedad del accidente. Las fotograf\u00edas tambi\u00e9n pueden utilizarse para ilustrar el alcance de las lesiones. Esto permite que la gente comprenda inmediatamente lo mal que se ha hecho da\u00f1o alguien.    <\/p>\n<p>Si puedes, intenta hacer algunas fotograf\u00edas del accidente y d\u00e1selas a tu abogado en el futuro. Fotograf\u00eda tu coche con tu smartphone o c\u00e1mara y captura fotos a medida que avanzas. Hacer algunas fotos del otro u otros coches implicados en el accidente tambi\u00e9n puede ser \u00fatil, as\u00ed como fotos m\u00e1s generales de la zona del accidente. Sin embargo, recuerda que la seguridad es mucho m\u00e1s importante que recordar el accidente. No salgas de tu veh\u00edculo para hacer fotos si no es seguro hacerlo, ya que podr\u00eda provocar un accidente mucho m\u00e1s grave.    <\/p>\n<h2>\u00bfC\u00f3mo puede un abogado de accidentes de coche en Palm City determinar la culpa de un conductor en un accidente de coche?<\/h2>\n<p>Es esencial que sepas que, si te ves implicado en un accidente en Palm City, Florida trata los casos de accidente de coche de forma diferente a la mayor\u00eda de los dem\u00e1s estados. De hecho, Florida es uno de los 12 estados que tienen leyes de seguro de autom\u00f3vil sin culpa. Estas leyes, implantadas a principios de la d\u00e9cada de 1970, se dise\u00f1aron para agilizar y hacer m\u00e1s eficaz el cobro de da\u00f1os y perjuicios tras un accidente de coche.  <\/p>\n<p>La ley obliga <a href=\"https:\/\/www.floir.com\/sections\/pandc\/productreview\/pipinfo.aspx\" target=\"_blank\" rel=\"noopener\">a todos los conductores de Florida a contratar la Protecci\u00f3n por Lesiones Personales (tambi\u00e9n llamada \u00abPIP\u00bb)<\/a>, que cubre los gastos m\u00e9dicos, la p\u00e9rdida de salarios, los gastos funerarios y otros costes asociados, independientemente de qui\u00e9n haya sido el responsable del accidente. Esto significa que tu compa\u00f1\u00eda de seguros tiene que indemnizarte por tus p\u00e9rdidas, independientemente de qui\u00e9n tuviera la culpa. <\/p>\n<h2>\u00bfCu\u00e1les son los factores que influyen en el valor de un accidente de tr\u00e1fico?<\/h2>\n<p>Para cada abogado de lesiones por accidente de coche de Palm City \u00e9sta es una pregunta frecuente y, en realidad, a todos los abogados que llevan casos de accidentes de coche, en general, se les har\u00e1 esta pregunta. Mucha gente que ha sufrido lesiones en accidentes de coche quiere saber qu\u00e9 valor puede tener su caso. Es dif\u00edcil responder a esta pregunta de forma general, ya que cada caso ser\u00e1 diferente.  <\/p>\n<p>Sin embargo, hay algunas categor\u00edas de da\u00f1os que deciden el valor final de un caso de accidente de coche y, comprender los detalles de estas categor\u00edas permitir\u00e1 a un abogado darte una mejor estimaci\u00f3n de lo que puede valer tu caso. Entre ellas figuran las facturas m\u00e9dicas, los gastos m\u00e9dicos futuros y la p\u00e9rdida de salarios\/tiempo de baja laboral, la p\u00e9rdida de capacidad para obtener ingresos en el futuro, y el sufrimiento y el dolor. <\/p>\n<p>Para determinar la cuant\u00eda de la indemnizaci\u00f3n a la que puedas tener derecho, hay ciertos elementos que deben tenerse en cuenta. Tendr\u00e1n en cuenta tus lesiones, as\u00ed como las circunstancias del accidente (\u00bffue consecuencia de un descuido o imprudencia o se debi\u00f3 a una negligencia grave? Tu nivel de responsabilidad, as\u00ed como tu historial laboral y la capacidad que tienes para ganarte la vida, y tu estilo y expectativas de vida. \u00c9stos son s\u00f3lo algunos de los factores que entran en el complicado conjunto de elementos que se tienen en cuenta al decidir la cuant\u00eda de la indemnizaci\u00f3n a conceder en un caso de accidente de coche en Florida. Un abogado de accidentes de coche en Palm City puede ser muy valioso.    <\/p>\n<h2>\u00bfCu\u00e1l es el tiempo est\u00e1ndar que tarda un abogado de accidentes de coche en Palm City en resolver tu caso?<\/h2>\n<p>\u00c9sta es otra cuesti\u00f3n dif\u00edcil de responder sin conocer los pormenores de tu caso. Un abogado de accidentes de coche en Palm City puede no saber cu\u00e1nto tiempo llevar\u00e1. Porque cada caso es diferente y se basar\u00e1 en tus acciones junto con los peritos del seguro, as\u00ed como en la parte contraria. Hay muchos otros factores no identificados que podr\u00edan causar retrasos en tu reclamaci\u00f3n o acelerarla. La mayor\u00eda de las reclamaciones por accidentes de tr\u00e1fico se completan en unos pocos meses o, en caso de juicio, podr\u00edan durar muchos a\u00f1os.    <\/p>\n<h2>\u00bfQu\u00e9 ocurre si se lleva a juicio un caso de accidente de coche?<\/h2>\n<p>Muchos creen que todos los casos de accidentes de coche los decidir\u00e1 el juez o el jurado. Esto es algo que preocupa a muchas personas y preferir\u00edan que no fuera as\u00ed. Lo bueno de los casos de accidentes de coche en Palm City es que se resuelven casi por completo antes del juicio. Muchos casos se resuelven mediante negociaciones, lo que puede ahorrar tiempo y dinero a ambas partes.   <\/p>\n<p>Esto significa que s\u00f3lo un peque\u00f1o porcentaje de demandas tienen que presentarse alguna vez ante el juez. Sin embargo, es imposible determinar qu\u00e9 demandas se presentar\u00e1n ante el tribunal. Por eso es tan importante encontrar un abogado de accidentes de coche en Palm City en quien conf\u00edes, independientemente de que tu litigio acabe en un acuerdo negociado o ante un abogado.  <\/p>\n<h2>\u00bfCu\u00e1l es el plazo necesario para presentar una Demanda por Accidente de Coche en Palm City?<\/h2>\n<p>Por desgracia, las v\u00edctimas de accidentes de coche no disponen de un tiempo ilimitado de recuperaci\u00f3n y curaci\u00f3n antes de decidir qu\u00e9 camino seguir para reclamar. El motivo es que las reclamaciones por accidentes de coche dependen de una ley estatal espec\u00edfica que limita el tiempo de que dispone una persona antes de no poder reclamar da\u00f1os y perjuicios. La ley se conoce como ley de prescripci\u00f3n y restringe el tiempo que una persona puede esperar para presentar una demanda cuando ha sufrido lesiones.  <\/p>\n<p>No existe un plazo de prescripci\u00f3n universal. Var\u00eda en funci\u00f3n del lugar donde vivas y del tipo de lesi\u00f3n que sufras. En Florida, las demandas por lesiones personales contra la otra parte responsable del accidente deben presentarse en el plazo de cuatro a\u00f1os desde la fecha de la lesi\u00f3n. Los particulares disponen de cuatro a\u00f1os desde la fecha de la lesi\u00f3n para presentar reclamaciones contra su propia compa\u00f1\u00eda de seguros.   <\/p>\n<p>Si necesitas ayuda tras sufrir un accidente de tr\u00e1fico, ponte en contacto con un experto de <a href=\"\/\">Miami 360<\/a>. Hay muchas decisiones cruciales que tomar en un futuro pr\u00f3ximo. <\/p>\n","protected":false},"excerpt":{"rendered":"<p>Es posible que no pienses que necesitas un abogado de accidentes de coche o un abogado de lesiones personales en Palm City si te has visto implicado en un accidente de coche o en los alrededores de Palm City, Florida. Tal vez te sientas confiado en tu capacidad para llevar el caso por ti mismo. [&hellip;]<\/p>\n","protected":false},"author":22,"featured_media":0,"parent":5847,"menu_order":0,"comment_status":"closed","ping_status":"closed","template":"","meta":{"_acf_changed":false,"anchor_text":"","footnotes":""},"class_list":["post-5838","page","type-page","status-publish","hentry"],"acf":[],"_links":{"self":[{"href":"https:\/\/miamilawyers360.com\/es\/wp-json\/wp\/v2\/pages\/5838","targetHints":{"allow":["GET"]}}],"collection":[{"href":"https:\/\/miamilawyers360.com\/es\/wp-json\/wp\/v2\/pages"}],"about":[{"href":"https:\/\/miamilawyers360.com\/es\/wp-json\/wp\/v2\/types\/page"}],"author":[{"embeddable":true,"href":"https:\/\/miamilawyers360.com\/es\/wp-json\/wp\/v2\/users\/22"}],"replies":[{"embeddable":true,"href":"https:\/\/miamilawyers360.com\/es\/wp-json\/wp\/v2\/comments?post=5838"}],"version-history":[{"count":0,"href":"https:\/\/miamilawyers360.com\/es\/wp-json\/wp\/v2\/pages\/5838\/revisions"}],"up":[{"embeddable":true,"href":"https:\/\/miamilawyers360.com\/es\/wp-json\/wp\/v2\/pages\/5847"}],"wp:attachment":[{"href":"https:\/\/miamilawyers360.com\/es\/wp-json\/wp\/v2\/media?parent=5838"}],"curies":[{"name":"wp","href":"https:\/\/api.w.org\/{rel}","templated":true}]}}