{"id":5840,"date":"2021-11-11T17:56:03","date_gmt":"2021-11-11T22:56:03","guid":{"rendered":"https:\/\/miamilawyers360.com\/palm-city\/abogado-de-lesiones-personales-en-palm-city\/"},"modified":"2021-11-11T17:56:03","modified_gmt":"2021-11-11T22:56:03","slug":"abogado-de-lesiones-personales-en-palm-city","status":"publish","type":"page","link":"https:\/\/miamilawyers360.com\/es\/palm-city\/abogado-de-lesiones-personales-en-palm-city\/","title":{"rendered":"Abogado de lesiones personales en Palm City"},"content":{"rendered":"<p>Nuestro abogado de lesiones personales de Palm City ayuda a las v\u00edctimas a emprender acciones legales para obtener una indemnizaci\u00f3n por un accidente o lesi\u00f3n causados por la negligencia de otra persona. El caso puede tramitarse ante un tribunal civil o extrajudicialmente como parte de un acuerdo. Los casos de lesiones personales pueden variar de la misma manera que es posible que alguien resulte herido. Algunos ejemplos de casos de lesiones personales son las demandas por lesiones derivadas de accidentes de coche y de tr\u00e1fico, las demandas por negligencia m\u00e9dica, las demandas por responsabilidad de las instalaciones (como resbalones y ca\u00eddas), los casos de responsabilidad por productos defectuosos y los casos de lesiones en el lugar de trabajo.   <\/p>\n<p>En Miami Lawyers 360, nuestro equipo cuenta con a\u00f1os de experiencia en la gesti\u00f3n de casos de lesiones personales y compensaci\u00f3n laboral. Para programar una consulta gratuita, llama a nuestro bufete de abogados de lesiones personales de Palm City cuando hayas resultado herido por la negligencia de otro. <\/p>\n<h2>\u00bfCu\u00e1ndo debes ponerte en contacto con un abogado de lesiones personales de Palm City?<\/h2>\n<p>La respuesta m\u00e1s directa es que te pongas en contacto con nosotros lo antes posible. Si has resultado lesionado en un pleito por lesiones personales en Florida, es vital que act\u00faes con rapidez. Hay varias razones para ello. En primer lugar, cuanto antes te pongas en contacto con un abogado experto en lesiones personales, antes podr\u00e1 empezar a reunir las pruebas necesarias para emprender acciones.   <\/p>\n<p>Lleva tiempo recopilar historiales m\u00e9dicos, reunir declaraciones de testigos, as\u00ed como llevar a cabo una investigaci\u00f3n sobre las circunstancias del incidente. Cuanto m\u00e1s tiempo necesite tu abogado para completar esta tarea, m\u00e1s tiempo tendr\u00e1s t\u00fa. Adem\u00e1s, es importante actuar con rapidez, ya que las pruebas pueden desaparecer f\u00e1cilmente. Si consigues que tu abogado empiece a buscar, mayores ser\u00e1n las posibilidades de que haya testigos o im\u00e1genes o v\u00eddeos en circulaci\u00f3n y puedan salvarse. Cuanto m\u00e1s esperes, menos probable ser\u00e1.    <\/p>\n<p>Adem\u00e1s, cuanto antes hables con un abogado que lleve casos de lesiones personales, antes podr\u00e1s dejar de lado la cuesti\u00f3n de la prescripci\u00f3n. Tu abogado estar\u00e1 entonces al tanto de la situaci\u00f3n y de los plazos importantes, y se asegurar\u00e1 de que se cumplan con margen suficiente. Es una carga ligera sobre tus hombros.  <\/p>\n<h2>\u00bfCu\u00e1les son las responsabilidades en un caso de lesiones personales?<\/h2>\n<p>Para responsabilizar a la parte responsable y obtener una indemnizaci\u00f3n por tus lesiones, tu abogado de lesiones personales de Palm City tiene que demostrar los siguientes cuatro elementos de <a href=\"https:\/\/www.law.cornell.edu\/wex\/negligence\" target=\"_blank\" rel=\"noopener\">negligencia<\/a>: <\/p>\n<ul>\n<li>La obligaci\u00f3n de cuidado: La persona responsable tiene la obligaci\u00f3n de garantizar tu seguridad. Un ejemplo es que los conductores tienen la obligaci\u00f3n de obedecer las leyes de tr\u00e1fico. <\/li>\n<li>Infracci\u00f3n del deber: La persona responsable no cumpli\u00f3 su deber de diligencia.<\/li>\n<li>Causalidad: El comportamiento negligente caus\u00f3 tu lesi\u00f3n.<\/li>\n<li>Da\u00f1os y perjuicios: Has sufrido da\u00f1os como p\u00e9rdidas econ\u00f3micas y sufrimiento.<\/li>\n<\/ul>\n<p><img fetchpriority=\"high\" decoding=\"async\" class=\"alignnone wp-image-2190 size-full\" src=\"https:\/\/miamilawyers360.com\/wp-content\/uploads\/2021\/11\/palm-city-personal-injury-lawyer.jpg\" alt=\"Abogado de lesiones personales en Palm City\" width=\"500\" height=\"334\"><\/p>\n<h2>\u00bfTengo derecho a presentar una demanda aunque sea parcialmente responsable de la lesi\u00f3n sufrida?<\/h2>\n<p>Cuando se trata de casos de lesiones personales, hay ciertas ocasiones en las que una persona tiene el 100% de la culpa y la otra est\u00e1 totalmente libre de culpa. Pero no siempre es as\u00ed. <\/p>\n<p>En algunos estados, esto podr\u00eda causar graves problemas a las v\u00edctimas de lesiones personales, al ser rechazadas por el tribunal las reclamaciones de indemnizaci\u00f3n. Por ejemplo, en un lugar como Carolina del Norte, si se determina que un demandante s\u00f3lo tiene un uno por ciento de culpa en el accidente que provoc\u00f3 sus lesiones, toda su demanda ser\u00e1 desestimada por el tribunal. <\/p>\n<p>Florida es un estado distinto de los dem\u00e1s. Florida es uno de los 13 estados que han adoptado un sistema basado en el concepto de negligencia comparativa. Esto significa que cualquiera puede reclamar contra una persona aunque sea parcialmente responsable del accidente.  <\/p>\n<p>Esto puede ilustrarse con un ejemplo en el que un accidente de tr\u00e1fico fue causado por una conducci\u00f3n temeraria. Se descubri\u00f3 que el conductor giraba por delante, pero sin el intermitente en funcionamiento. El jurado puede decidir que la persona que result\u00f3 herida es responsable del accidente en un 10% y asignar el 90% al otro conductor. Si el jurado determina que el caso tiene un valor de 100.000 d\u00f3lares, el demandante recibir\u00e1 90.000 d\u00f3lares. Sin embargo, su parte se ver\u00e1 reducida por la indemnizaci\u00f3n final por da\u00f1os y perjuicios.    <\/p>\n<h3>Negligencia Comparativa Pura<\/h3>\n<p>Sin embargo, Florida no s\u00f3lo permite que una persona parcialmente responsable de sus lesiones reclame da\u00f1os y perjuicios, sino que el estado va un paso m\u00e1s all\u00e1 y permite que una persona reclame aunque sea m\u00e1s responsable que el otro participante. Florida tiene un sistema de negligencia comparativa pura, lo que significa que una persona puede reclamar da\u00f1os y perjuicios aunque sea culpable en un 99%. <\/p>\n<p>Ten en cuenta que la cantidad que una persona puede recuperar en estos casos se ver\u00e1 afectada por el alcance de su responsabilidad. Por eso es mejor contratar a un abogado experto en lesiones personales que sepa c\u00f3mo gestionar tu caso. <\/p>\n<h2>\u00bfCu\u00e1nto vale mi caso de lesiones personales?<\/h2>\n<p>Aunque es una pregunta t\u00edpica, no puede responderse sin conocer a fondo tu caso concreto. Esto se debe a que no existe una f\u00f3rmula espec\u00edfica para determinar lo que vale una reclamaci\u00f3n por lesiones. Hay muchas variables que determinan la cantidad que recibir\u00e1s, por lo que lo mejor es que hables con un abogado experto en lesiones personales para analizar tu caso concreto.  <\/p>\n<h2>\u00bfQu\u00e9 da\u00f1os puedo reclamar en una demanda por lesiones personales?<\/h2>\n<p>Hay tres tipos de indemnizaciones que pueden concederse a las v\u00edctimas en funci\u00f3n de las particularidades de la situaci\u00f3n.<\/p>\n<h3>Da\u00f1os econ\u00f3micos<\/h3>\n<p>Son partidas que se pueden sumar y restar y son da\u00f1os claros y tangibles. Incluyen las facturas m\u00e9dicas o los gastos del m\u00e9dico, as\u00ed como los gastos de rehabilitaci\u00f3n. Tambi\u00e9n incluyen el coste de los da\u00f1os materiales, el tiempo de baja laboral y otros da\u00f1os.  <\/p>\n<h3>Da\u00f1os no econ\u00f3micos<\/h3>\n<p>Las p\u00e9rdidas no econ\u00f3micas, por el contrario, no pueden determinarse econ\u00f3micamente. Se trata de da\u00f1os derivados del dolor y el sufrimiento, as\u00ed como de una disminuci\u00f3n del potencial de ingresos. Es dif\u00edcil calcular el valor de estas cosas, por lo que es frecuente que los implicados en un caso de lesiones personales debatan sobre su valor.  <\/p>\n<h3>Da\u00f1os punitivos<\/h3>\n<p>Los da\u00f1os punitivos no est\u00e1n concebidos para indemnizar a las v\u00edctimas, como otros tipos de da\u00f1os. S\u00f3lo pueden utilizarse para penalizar a la persona culpable en casos concretos de negligencia imprudente o mala conducta deliberada. <\/p>\n<h2>\u00bfDebes aceptar la oferta de liquidaci\u00f3n inicial?<\/h2>\n<p>Muchas demandas no llegan a los tribunales. Los abogados de lesiones personales de Palm City tienen experiencia para trabajar con las compa\u00f1\u00edas de seguros y negociar acuerdos aceptables. Esto te ahorrar\u00e1 tiempo y dinero.  <\/p>\n<p>Aunque cada caso es \u00fanico, casi siempre es una decisi\u00f3n imprudente aceptar una oferta de acuerdo. Estos acuerdos suelen crearse con la expectativa de que la otra parte se opondr\u00e1 y las ofertas suelen ser muy bajas, lo que deja margen para negociar al alza. Otro problema de precipitarse a aceptar una oferta demasiado pronto es que puedes llegar a un acuerdo antes de que comprendas el alcance de tus lesiones. Esto podr\u00eda provocar lesiones graves si aceptas un acuerdo pero m\u00e1s tarde descubres que necesitas atenci\u00f3n m\u00e9dica en el futuro.   <\/p>\n<p>Si ya se ha llegado a un acuerdo, no se reabrir\u00e1 para tener en cuenta los nuevos costes, y t\u00fa ser\u00e1s responsable de los mismos. Es crucial consultar a un abogado experto en lesiones personales de Florida para que eval\u00fae el caso y luego discuta las opciones de acuerdo. Nuestros abogados de lesiones personales de Palm City pueden evaluar si la oferta es justa y ayudarte a tomar una decisi\u00f3n informada sobre si aceptarla es lo m\u00e1s sensato para ti.  <\/p>\n<h2>\u00bfCu\u00e1l es el plazo para presentar una demanda por lesiones personales en Florida?<\/h2>\n<p>El tiempo, en relaci\u00f3n con las demandas por lesiones personales en Florida, es vital. Esto se debe a que la ley de prescripci\u00f3n establece el plazo para que los demandantes presenten una demanda. En Florida, las personas que sufren lesiones personales disponen de cuatro a\u00f1os desde la fecha de su lesi\u00f3n para presentar una demanda contra la parte responsable. Este plazo puede variar en funci\u00f3n de las circunstancias del caso y del tipo de lesiones. En los casos de homicidio culposo, la familia de la v\u00edctima s\u00f3lo tiene dos a\u00f1os para presentar demandas. Inf\u00f3rmate sobre el plazo para presentar una demanda.     <\/p>\n<h2>\u00bfQu\u00e9 ocurrir\u00e1 si prescribe el delito?<\/h2>\n<p>Los estatutos de prescripci\u00f3n son importantes e impiden que la gente presente reclamaciones durante a\u00f1os, o incluso a\u00f1os, despu\u00e9s del suceso. Si esperas a que expire el plazo de prescripci\u00f3n, tu demanda quedar\u00e1 excluida de los tribunales, independientemente de la solidez de tu caso. Es bueno saber que la ley no exige que presentes tu caso dentro del plazo establecido.  <\/p>\n<h3>Contacta con nuestro bufete de lesiones personales de Palm City<\/h3>\n<p>El equipo de <a href=\"\/\">Miami Abogados 360<\/a> puede ayudarte si has resultado lesionado por la falta de atenci\u00f3n o imprudencia de otra persona. Nos dedicamos a ofrecer resultados excepcionales, atenci\u00f3n personal y honestidad inequ\u00edvoca. Estamos accesibles 24 horas al d\u00eda, 7 d\u00edas a la semana. Para una evaluaci\u00f3n gratuita de tu caso, \u00a1contacta con nosotros!   <\/p>\n","protected":false},"excerpt":{"rendered":"<p>Nuestro abogado de lesiones personales de Palm City ayuda a las v\u00edctimas a emprender acciones legales para obtener una indemnizaci\u00f3n por un accidente o lesi\u00f3n causados por la negligencia de otra persona. El caso puede tramitarse ante un tribunal civil o extrajudicialmente como parte de un acuerdo. Los casos de lesiones personales pueden variar de [&hellip;]<\/p>\n","protected":false},"author":22,"featured_media":0,"parent":5847,"menu_order":0,"comment_status":"closed","ping_status":"closed","template":"","meta":{"_acf_changed":false,"anchor_text":"","footnotes":""},"class_list":["post-5840","page","type-page","status-publish","hentry"],"acf":[],"_links":{"self":[{"href":"https:\/\/miamilawyers360.com\/es\/wp-json\/wp\/v2\/pages\/5840","targetHints":{"allow":["GET"]}}],"collection":[{"href":"https:\/\/miamilawyers360.com\/es\/wp-json\/wp\/v2\/pages"}],"about":[{"href":"https:\/\/miamilawyers360.com\/es\/wp-json\/wp\/v2\/types\/page"}],"author":[{"embeddable":true,"href":"https:\/\/miamilawyers360.com\/es\/wp-json\/wp\/v2\/users\/22"}],"replies":[{"embeddable":true,"href":"https:\/\/miamilawyers360.com\/es\/wp-json\/wp\/v2\/comments?post=5840"}],"version-history":[{"count":0,"href":"https:\/\/miamilawyers360.com\/es\/wp-json\/wp\/v2\/pages\/5840\/revisions"}],"up":[{"embeddable":true,"href":"https:\/\/miamilawyers360.com\/es\/wp-json\/wp\/v2\/pages\/5847"}],"wp:attachment":[{"href":"https:\/\/miamilawyers360.com\/es\/wp-json\/wp\/v2\/media?parent=5840"}],"curies":[{"name":"wp","href":"https:\/\/api.w.org\/{rel}","templated":true}]}}