{"id":5842,"date":"2021-11-11T19:00:45","date_gmt":"2021-11-12T00:00:45","guid":{"rendered":"https:\/\/miamilawyers360.com\/palm-city\/abogado-de-indemnizacion-por-accidente-laboral-en-palm-city\/"},"modified":"2021-11-11T19:00:45","modified_gmt":"2021-11-12T00:00:45","slug":"abogado-de-indemnizacion-por-accidente-laboral-en-palm-city","status":"publish","type":"page","link":"https:\/\/miamilawyers360.com\/es\/palm-city\/abogado-de-indemnizacion-por-accidente-laboral-en-palm-city\/","title":{"rendered":"Abogado de indemnizaci\u00f3n por accidente laboral en Palm City"},"content":{"rendered":"<p>Un abogado de indemnizaci\u00f3n por accidente laboral de Palm City puede ayudarte a navegar por el sistema legal de indemnizaci\u00f3n por accidente laboral. Este sistema se estableci\u00f3 para proteger a los trabajadores que han sufrido lesiones en el trabajo. En Florida, estas prestaciones se conceden a los trabajadores lesionados independientemente de su culpabilidad. Esto significa que los trabajadores pueden optar a la indemnizaci\u00f3n por accidente laboral independientemente de que sea o no responsable del accidente que provoc\u00f3 sus lesiones.   <\/p>\n<p>Si has sufrido un accidente laboral y buscas el consejo de un abogado de indemnizaci\u00f3n por accidente de trabajo <a href=\"https:\/\/miamilawyers360.com\/es\/palm-city\/\">de Palm City<\/a> sobre el seguro de indemnizaci\u00f3n por accidente de trabajo, tenemos un abogado de indemnizaci\u00f3n por accidente de trabajo que podr\u00e1 responder a tus preguntas con m\u00e1s detalle. Un abogado de indemnizaci\u00f3n por accidente laboral que conozca las normas de la Junta puede ofrecerte una consulta gratuita. <\/p>\n<h2>\u00bfEst\u00e1s cubierto por el seguro de accidentes laborales?<\/h2>\n<p>A los trabajadores puede preocuparles que su empresa no tenga cobertura de indemnizaci\u00f3n por accidente laboral, lo que podr\u00eda dejarles en desventaja en caso de accidente grave. Afortunadamente, salvo algunas excepciones concretas, la mayor\u00eda de los empresarios de Florida est\u00e1n cubiertos por el sistema de compensaci\u00f3n de los trabajadores. <\/p>\n<p>Los empresarios que trabajan en \u00e1mbitos distintos al de la construcci\u00f3n deben tener un seguro de indemnizaci\u00f3n por accidentes de trabajo. Los empresarios que trabajan en el \u00e1mbito de la construcci\u00f3n deben estar asegurados para proteger a todos los empleados que requieran indemnizaci\u00f3n laboral si tienen uno o m\u00e1s empleados. Para aclarar la situaci\u00f3n, un abogado especialista en indemnizaci\u00f3n por accidente laboral de Palm City podr\u00e1 ayudarte.  <\/p>\n<h2>\u00bfQu\u00e9 hacer si te lesionas en el trabajo?<\/h2>\n<p>Si te has lesionado en un accidente laboral, hay algunas cosas que debes hacer. Antes de llamar a un abogado de accidentes laborales, es imprescindible que avises inmediatamente a tu empresa. Se trata de dec\u00edrselo al supervisor inmediato o a alguna otra persona que est\u00e9 en posici\u00f3n de autoridad en la oficina.  <\/p>\n<p>Puedes avisar a tu empresario por tel\u00e9fono, en persona o por escrito. Debes notific\u00e1rselo a tu empresario inmediatamente y pedirle que rellene el parte de lesiones. Esto garantizar\u00e1 que tu aseguradora se haga cargo de tu reclamaci\u00f3n.  <\/p>\n<p>Si has sufrido una lesi\u00f3n, tambi\u00e9n debes buscar atenci\u00f3n m\u00e9dica. Acude al m\u00e9dico de la empresa en caso de que \u00e9sta disponga de uno. Si no, puedes acudir a tu propio m\u00e9dico. Lo importante es buscar atenci\u00f3n m\u00e9dica inmediatamente para que quede constancia del alcance total de tus lesiones y no puedan ser confrontadas posteriormente. Despu\u00e9s de que tu empresa te haya avisado y hayas recibido atenci\u00f3n m\u00e9dica, puedes consultar a un abogado especializado en lesiones personales que conozca bien los concursos laborales de Florida para que te ayude.    <\/p>\n<p><img fetchpriority=\"high\" decoding=\"async\" class=\"alignnone size-full wp-image-2196\" src=\"https:\/\/miamilawyers360.com\/wp-content\/uploads\/2021\/11\/palm-city-workers-compensation-lawyer.jpg\" alt=\"Abogado de Compensaci\u00f3n Laboral en Palm City\" width=\"500\" height=\"333\"><\/p>\n<h2>\u00bfCu\u00e1l es el mejor momento para informar de una lesi\u00f3n?<\/h2>\n<p>Los trabajadores que hayan sufrido lesiones deben notificar al empresario la lesi\u00f3n relacionada con el lugar de trabajo tan pronto como puedan; sin embargo, deben denunciar el accidente en un plazo de 30 d\u00edas a partir de la fecha en que se produjo. La reclamaci\u00f3n puede ser denegada si no se presenta en el plazo establecido. <\/p>\n<h2>\u00bfQu\u00e9 significa que el empresario se niegue a hacer un parte de lesiones?<\/h2>\n<p>Tu empresario tambi\u00e9n es responsable de informarles del accidente. Los empresarios deben poder declarar la lesi\u00f3n a su aseguradora r\u00e1pidamente para garantizar que tu reclamaci\u00f3n se tramita a tiempo y puedes empezar a recibir prestaciones r\u00e1pidamente. Si se niegan a declarar el siniestro, puedes ponerte en contacto con la aseguradora y denunciar el accidente por tu cuenta.  <\/p>\n<p>La informaci\u00f3n sobre el seguro de accidentes de trabajo debe estar expuesta en la oficina. Debe incluir los datos de contacto de la compa\u00f1\u00eda de seguros. Para obtener ayuda, marca Compensaci\u00f3n Laboral Florida y la Asistencia al Empleado, as\u00ed como la Oficina del Defensor del Pueblo.  <\/p>\n<h2>\u00bfEs lo mismo una reclamaci\u00f3n de indemnizaci\u00f3n por accidente laboral que una demanda judicial?<\/h2>\n<p>Cualquiera que no se haya enfrentado nunca a problemas de indemnizaci\u00f3n por accidente laboral puede sentirse confuso. Aunque pueda parecer que una reclamaci\u00f3n de indemnizaci\u00f3n por accidente laboral es lo mismo que una demanda contra tu empresario, la realidad es completamente distinta. Una reclamaci\u00f3n de indemnizaci\u00f3n de un trabajador no es un pleito contra tu empresario. Es una demanda contra la p\u00f3liza de seguros que contrat\u00f3 tu empresario. Para saber m\u00e1s sobre las leyes de indemnizaci\u00f3n por accidente de trabajo, un abogado experto en indemnizaci\u00f3n por accidente de trabajo puede informarte bien.    <\/p>\n<h2>\u00bfPuedes demandar en lugar de reclamar una indemnizaci\u00f3n por accidente laboral?<\/h2>\n<p>\u00bfTienes la opci\u00f3n de demandar a tu compa\u00f1ero de trabajo o a tu empresario en lugar de presentar una demanda de indemnizaci\u00f3n por accidente laboral? Lamentablemente, no. La indemnizaci\u00f3n por accidente laboral en Florida y en los dem\u00e1s estados se considera un recurso exclusivo. Los trabajadores no pueden presentar una demanda por da\u00f1os personales contra su empresario aunque haya presentado una reclamaci\u00f3n de indemnizaci\u00f3n por accidente laboral. La \u00fanica excepci\u00f3n son las demandas por lesiones laborales relacionadas con las acciones de un tercero. \u00c9stas a\u00fan pueden presentarse ante los tribunales. Si un visitante de otra empresa visita tu lugar de trabajo y lesiona a tus empleados, podr\u00edas presentar una demanda civil contra \u00e9l, pero no contra tu empresario.      <\/p>\n<h2>Reclamaci\u00f3n de indemnizaci\u00f3n por accidente laboral: \u00bfc\u00f3mo determinar si el siniestro es culpable?<\/h2>\n<p>A diferencia de muchos otros asuntos de lesiones personales, por ejemplo, el <a href=\"https:\/\/www.leg.state.fl.us\/Statutes\/index.cfm?App_mode=Display_Statute&amp;URL=0400-0499\/0440\/0440ContentsIndex.html\" target=\"_blank\" rel=\"noopener\">sistema de indemnizaci\u00f3n a los trabajadores<\/a> es algo extra\u00f1o, ya que se basa en el principio de no culpa. Las prestaciones de indemnizaci\u00f3n por accidente laboral pueden pagarse independientemente de qui\u00e9n sea el responsable del accidente. Esto puede ser una caracter\u00edstica maravillosa para los trabajadores, ya que elimina la necesidad de culpar a tu jefe o a tus compa\u00f1eros de trabajo y acelera el proceso, ya que la investigaci\u00f3n sobre qu\u00e9 caus\u00f3 el accidente no ralentizar\u00e1 el proceso.  <\/p>\n<p>Esto tambi\u00e9n es bueno, porque los empleados no tienen que preocuparse de que se les cargue con una gran factura m\u00e9dica cuando son culpables del incidente. La ley establece que la culpa de un empleado s\u00f3lo es relevante si el accidente de un empleado fue causado por cualquier forma de intoxicaci\u00f3n en el trabajo o por la intenci\u00f3n deliberada de hacerse da\u00f1o a s\u00ed mismo. Esto puede dar lugar a la denegaci\u00f3n de la indemnizaci\u00f3n por accidente laboral. Si, por el contrario, se deniega la reclamaci\u00f3n, y se acusa a la persona de cometer fraude, no dudes en consultar inmediatamente a un abogado especialista en indemnizaci\u00f3n por accidente laboral de Palm City.   <\/p>\n<h2>\u00bfQu\u00e9 ventajas ofrece un abogado de indemnizaci\u00f3n por accidente laboral en Palm City?<\/h2>\n<p>Lo primero y m\u00e1s importante es que los empresarios est\u00e1n obligados a cubrir los gastos m\u00e9dicos derivados de tu accidente laboral. Adem\u00e1s, los trabajadores pueden recibir una indemnizaci\u00f3n por el tiempo que pierdan por estas lesiones. Esto se pagar\u00e1 a raz\u00f3n de 2\/3 de tus ingresos semanales anteriores a la lesi\u00f3n. La buena noticia es que las indemnizaciones por accidente laboral no son deducibles de impuestos. Esto significa que una parte mayor de la que recibir\u00e1s se queda en tu bolsillo. Un abogado para la indemnizaci\u00f3n por accidente laboral puede ayudarte con todo esto, ya que los buenos abogados para la indemnizaci\u00f3n por accidente laboral deben estar muy familiarizados con TODOS los aspectos del seguro.     <\/p>\n<h2>\u00bfDurante cu\u00e1nto tiempo recibir\u00e1s prestaciones por accidente laboral?<\/h2>\n<p>En Florida, los trabajadores pueden seguir percibiendo prestaciones por p\u00e9rdida de salario, independientemente de que est\u00e9n en situaci\u00f3n de no trabajar o tengan restringidas las horas de trabajo para trabajos ligeros sin que su empresario les ofrezca alternativas de trabajo ligero. Los trabajadores tienen derecho a prestaciones de hasta 104 semanas. <\/p>\n<h2>\u00bfQu\u00e9 ocurre si te sigue doliendo despu\u00e9s de 104 d\u00edas?<\/h2>\n<p>Es maravilloso saber que los trabajadores lesionados tienen derecho a 2 a\u00f1os de prestaciones. \u00bfQu\u00e9 ocurre, sin embargo, si te lesionas gravemente y no te recuperas en 2 a\u00f1os? En ese caso, podr\u00edas tener derecho a prestaciones por incapacidad permanente. Estas prestaciones por incapacidad permanente total pueden reclamarse hasta los 75 a\u00f1os si las lesiones son lo bastante graves.   <\/p>\n<h2>\u00bfPuedes elegir tu propio m\u00e9dico?<\/h2>\n<p>Hay algunas excepciones a la regla general, pero por lo general, la persona no tiene la opci\u00f3n de elegir a su propio m\u00e9dico en el caso de indemnizaci\u00f3n por accidente laboral. El motivo es que la mayor\u00eda de los casos se resuelven a trav\u00e9s de la aseguradora. Dicho esto, la persona lesionada tiene derecho a presentar una \u00fanica solicitud de cambio de m\u00e9dico. Si tu compa\u00f1\u00eda de seguros no puede encontrar un m\u00e9dico adecuado en el plazo de cinco d\u00edas, entonces puedes ocuparte t\u00fa mismo con el m\u00e9dico que elijas. Considera la posibilidad de consultar a un abogado especialista en indemnizaci\u00f3n por accidente laboral de Palm City para que te sugiera qu\u00e9 opciones tienes.    <\/p>\n<h2>\u00bfCu\u00e1l es el tiempo m\u00e1ximo que puedo reclamar una indemnizaci\u00f3n por accidente laboral en Palm City?<\/h2>\n<p>El plazo legal para solicitar prestaciones conforme a la ley es de dos a\u00f1os. Esto puede variar en funci\u00f3n de tu situaci\u00f3n concreta. Aunque los trabajadores disponen de dos a\u00f1os para presentar reclamaciones, cualquier retraso en la notificaci\u00f3n del accidente a su empresa o en la b\u00fasqueda de tratamiento podr\u00eda dificultar seriamente o incluso disminuir tus posibilidades de reclamar prestaciones. Por tanto, es importante que act\u00faes con rapidez y te pongas en contacto con un abogado experto en indemnizaci\u00f3n por accidente laboral de Palm City para iniciar el proceso de reclamaci\u00f3n. M\u00e1s informaci\u00f3n sobre la prescripci\u00f3n en Florida de las reclamaciones de indemnizaci\u00f3n por accidente laboral.    <\/p>\n<h2>\u00bfTe pueden despedir como consecuencia de una demanda de indemnizaci\u00f3n por accidente laboral?<\/h2>\n<p>Esta es una preocupaci\u00f3n com\u00fan entre los trabajadores lesionados, a quienes les preocupa que si presentan una demanda de indemnizaci\u00f3n por accidente laboral puedan ser castigados o incluso despedidos por su empresa. Es bueno que no haya motivos para preocuparse por perder el trabajo por presentar una demanda de indemnizaci\u00f3n por accidente laboral. Si esto es un problema, entonces el abogado de accidentes laborales o el empresario tienen que estar informados sobre el funcionamiento del seguro de accidentes laborales.  <\/p>\n<p>Los empresarios de Florida no pueden despedir a empleados que hayan presentado una reclamaci\u00f3n de indemnizaci\u00f3n por accidente laboral con un abogado propio. Los empresarios se enfrentar\u00edan a una grave responsabilidad civil si despidieran a alguien \u00fanicamente por haber presentado una reclamaci\u00f3n de indemnizaci\u00f3n por accidente laboral. Si eso ocurre, el empleado podr\u00eda demandar al empresario por despido improcedente y podr\u00eda cobrar da\u00f1os y perjuicios por la demanda.  <\/p>\n<p>Si te has lesionado en el trabajo en Palm City y has avisado a tu empresario, y luego has buscado atenci\u00f3n m\u00e9dica, ponte en contacto con un <a href=\"\/\">Miami 360<\/a> para concertar una consulta gratuita sobre el siguiente paso que te permitir\u00e1 recuperar tu baja laboral.<\/p>\n","protected":false},"excerpt":{"rendered":"<p>Un abogado de indemnizaci\u00f3n por accidente laboral de Palm City puede ayudarte a navegar por el sistema legal de indemnizaci\u00f3n por accidente laboral. Este sistema se estableci\u00f3 para proteger a los trabajadores que han sufrido lesiones en el trabajo. En Florida, estas prestaciones se conceden a los trabajadores lesionados independientemente de su culpabilidad. Esto significa [&hellip;]<\/p>\n","protected":false},"author":22,"featured_media":0,"parent":5847,"menu_order":0,"comment_status":"closed","ping_status":"closed","template":"","meta":{"_acf_changed":false,"anchor_text":"","footnotes":""},"class_list":["post-5842","page","type-page","status-publish","hentry"],"acf":[],"_links":{"self":[{"href":"https:\/\/miamilawyers360.com\/es\/wp-json\/wp\/v2\/pages\/5842","targetHints":{"allow":["GET"]}}],"collection":[{"href":"https:\/\/miamilawyers360.com\/es\/wp-json\/wp\/v2\/pages"}],"about":[{"href":"https:\/\/miamilawyers360.com\/es\/wp-json\/wp\/v2\/types\/page"}],"author":[{"embeddable":true,"href":"https:\/\/miamilawyers360.com\/es\/wp-json\/wp\/v2\/users\/22"}],"replies":[{"embeddable":true,"href":"https:\/\/miamilawyers360.com\/es\/wp-json\/wp\/v2\/comments?post=5842"}],"version-history":[{"count":0,"href":"https:\/\/miamilawyers360.com\/es\/wp-json\/wp\/v2\/pages\/5842\/revisions"}],"up":[{"embeddable":true,"href":"https:\/\/miamilawyers360.com\/es\/wp-json\/wp\/v2\/pages\/5847"}],"wp:attachment":[{"href":"https:\/\/miamilawyers360.com\/es\/wp-json\/wp\/v2\/media?parent=5842"}],"curies":[{"name":"wp","href":"https:\/\/api.w.org\/{rel}","templated":true}]}}