{"id":5847,"date":"2021-11-08T20:11:43","date_gmt":"2021-11-09T01:11:43","guid":{"rendered":"https:\/\/miamilawyers360.com\/palm-city-2\/"},"modified":"2026-03-19T15:59:48","modified_gmt":"2026-03-19T19:59:48","slug":"palm-city","status":"publish","type":"page","link":"https:\/\/miamilawyers360.com\/es\/palm-city\/","title":{"rendered":"Palm City"},"content":{"rendered":"<p>Si has sufrido lesiones por la negligencia de otra persona en Palm City, la red de abogados de lesiones personales de Miami Lawyers 360 est\u00e1 aqu\u00ed para apoyarte en cada paso del camino. Nuestro equipo se compromete a ayudarte a recuperarte plenamente -f\u00edsica, econ\u00f3mica y emocionalmente- proporcion\u00e1ndote orientaci\u00f3n experimentada y representaci\u00f3n personalizada. Estamos disponibles 24 horas al d\u00eda, 7 d\u00edas a la semana, para responder a tus preguntas, evaluar tu caso y explicarte claramente tus opciones legales, para que entiendas lo que puede valer tu reclamaci\u00f3n.<\/p>\n<p>Lo que hace diferente a Miami Lawyers 360 es nuestro enfoque en los resultados y la comodidad. Sabemos que una lesi\u00f3n puede alterar tu vida cotidiana, por lo que estaremos encantados de reunirnos contigo donde te resulte m\u00e1s c\u00f3modo. Nuestros abogados han recuperado con \u00e9xito millones de d\u00f3lares para clientes y aportan esa misma dedicaci\u00f3n, estrategia y persistencia a cada caso. Ya sea negociando con las compa\u00f1\u00edas de seguros o prepar\u00e1ndonos para el juicio, trabajamos sin descanso para conseguir la m\u00e1xima indemnizaci\u00f3n que te mereces.<\/p>\n<p>Con nuestra estructura de honorarios condicionales, no hay costes por adelantado: no pagas nada a menos que ganemos tu caso. Eso significa que recibir\u00e1s una representaci\u00f3n cualificada y orientada a los resultados sin ning\u00fan riesgo econ\u00f3mico. Elegir a Miami Lawyers 360 significa elegir a un equipo de probada eficacia, accesible y plenamente comprometido a ayudarte a seguir adelante con confianza tras tu lesi\u00f3n.<\/p>\n","protected":false},"excerpt":{"rendered":"<p>Si has sufrido lesiones por la negligencia de otra persona en Palm City, la red de abogados de lesiones personales de Miami Lawyers 360 est\u00e1 aqu\u00ed para apoyarte en cada paso del camino. Nuestro equipo se compromete a ayudarte a recuperarte plenamente -f\u00edsica, econ\u00f3mica y emocionalmente- proporcion\u00e1ndote orientaci\u00f3n experimentada y representaci\u00f3n personalizada. Estamos disponibles 24 [&hellip;]<\/p>\n","protected":false},"author":22,"featured_media":5837,"parent":0,"menu_order":0,"comment_status":"closed","ping_status":"closed","template":"","meta":{"_acf_changed":false,"anchor_text":"","footnotes":""},"class_list":["post-5847","page","type-page","status-publish","has-post-thumbnail","hentry"],"acf":[],"_links":{"self":[{"href":"https:\/\/miamilawyers360.com\/es\/wp-json\/wp\/v2\/pages\/5847","targetHints":{"allow":["GET"]}}],"collection":[{"href":"https:\/\/miamilawyers360.com\/es\/wp-json\/wp\/v2\/pages"}],"about":[{"href":"https:\/\/miamilawyers360.com\/es\/wp-json\/wp\/v2\/types\/page"}],"author":[{"embeddable":true,"href":"https:\/\/miamilawyers360.com\/es\/wp-json\/wp\/v2\/users\/22"}],"replies":[{"embeddable":true,"href":"https:\/\/miamilawyers360.com\/es\/wp-json\/wp\/v2\/comments?post=5847"}],"version-history":[{"count":2,"href":"https:\/\/miamilawyers360.com\/es\/wp-json\/wp\/v2\/pages\/5847\/revisions"}],"predecessor-version":[{"id":5849,"href":"https:\/\/miamilawyers360.com\/es\/wp-json\/wp\/v2\/pages\/5847\/revisions\/5849"}],"wp:featuredmedia":[{"embeddable":true,"href":"https:\/\/miamilawyers360.com\/es\/wp-json\/wp\/v2\/media\/5837"}],"wp:attachment":[{"href":"https:\/\/miamilawyers360.com\/es\/wp-json\/wp\/v2\/media?parent=5847"}],"curies":[{"name":"wp","href":"https:\/\/api.w.org\/{rel}","templated":true}]}}